{"id":2076,"date":"2025-04-21T11:00:06","date_gmt":"2025-04-21T09:00:06","guid":{"rendered":"https:\/\/audioguide-paris.com\/?page_id=2076"},"modified":"2025-04-21T11:15:12","modified_gmt":"2025-04-21T09:15:12","slug":"conditions-generales-de-vente-2","status":"publish","type":"page","link":"https:\/\/audioguide-paris.com\/index.php\/conditions-generales-de-vente-2\/","title":{"rendered":"CONDITIONS G\u00c9N\u00c9RALES DE VENTE"},"content":{"rendered":"<div data-colibri-id=\"2076-c1\" class=\"style-1050 style-local-2076-c1 position-relative\">\n  <!---->\n  <div data-colibri-component=\"section\" data-colibri-id=\"2076-c2\" id=\"custom\" class=\"h-section h-section-global-spacing d-flex align-items-lg-center align-items-md-center align-items-center style-1051 style-local-2076-c2 position-relative\">\n    <!---->\n    <!---->\n    <div class=\"h-section-grid-container h-section-boxed-container\">\n      <!---->\n      <div data-colibri-id=\"2076-c6\" class=\"h-row-container gutters-row-lg-2 gutters-row-md-2 gutters-row-0 gutters-row-v-lg-2 gutters-row-v-md-2 gutters-row-v-2 style-1052 style-local-2076-c6 position-relative\">\n        <!---->\n        <div class=\"h-row justify-content-lg-center justify-content-md-center justify-content-center align-items-lg-stretch align-items-md-stretch align-items-stretch gutters-col-lg-2 gutters-col-md-2 gutters-col-0 gutters-col-v-lg-2 gutters-col-v-md-2 gutters-col-v-2\">\n          <!---->\n          <div class=\"h-column h-column-container d-flex h-col-lg-auto h-col-md-auto h-col-auto style-1053-outer style-local-2076-c7-outer\">\n            <div data-colibri-id=\"2076-c7\" class=\"d-flex h-flex-basis h-column__inner h-px-lg-2 h-px-md-2 h-px-2 v-inner-lg-2 v-inner-md-2 v-inner-2 style-1053 style-local-2076-c7 position-relative\">\n              <!---->\n              <!---->\n              <div class=\"w-100 h-y-container h-column__content h-column__v-align flex-basis-100 align-self-lg-start align-self-md-start align-self-start\">\n                <!---->\n                <div data-colibri-id=\"2076-c8\" class=\"h-text h-text-component style-1054 style-local-2076-c8 position-relative h-element\">\n                  <!---->\n                  <!---->\n                  <div class=\"\">\n                    <h2>Conditions G\u00e9n\u00e9rales de Vente (CGV)<\/h2>\n                    <h3>1. Identit\u00e9 du vendeur<\/h3>\n                    <p>Les pr\u00e9sentes conditions sont conclues entre le client et la soci\u00e9t\u00e9 :\n                      <br> AUDIO\u2019WAY, SAS au capital social de 1000\u20ac, immatricul\u00e9e au RCS de Nanterre sous le n\u00b0 943 021 386, dont le si\u00e8ge social est situ\u00e9 65 rue d&rsquo;Aguesseau, 92100 Boulogne Billancourt.\n                      <br> Email de contact : app.audioguide.paris@gmail.com<\/p>\n                    <h3>2. Produits propos\u00e9s<\/h3>\n                    <p>Le site et l\u2019application AudioGuide Paris proposent \u00e0 la vente des contenus audio num\u00e9riques t\u00e9l\u00e9chargeables ou accessibles en streaming, permettant aux utilisateurs de d\u00e9couvrir les monuments et lieux touristiques de Paris.<\/p>\n                    <h3>3. Prix<\/h3>\n                    <p>Les prix sont indiqu\u00e9s en euros TTC. AUDIO\u2019WAY se r\u00e9serve le droit de modifier ses prix \u00e0 tout moment, mais le contenu sera factur\u00e9 sur la base du tarif en vigueur au moment de l\u2019achat.<\/p>\n                    <h3>4. Commande<\/h3>\n                    <p>L\u2019achat d\u2019un produit s\u2019effectue directement via l\u2019application mobile ou le site internet.\n                      <br> Le paiement est imm\u00e9diat. Toute commande vaut acceptation des pr\u00e9sentes CGV.<\/p>\n                    <h3>5. Paiement<\/h3>\n                    <p>Le paiement est s\u00e9curis\u00e9. Il peut \u00eatre effectu\u00e9 par carte bancaire ou via des plateformes de paiement partenaires (Google Pay, Apple Pay).<\/p>\n                    <h3>6. Acc\u00e8s au contenu<\/h3>\n                    <p>L\u2019acc\u00e8s au contenu est imm\u00e9diat apr\u00e8s paiement. Aucun support physique n\u2019est livr\u00e9.<\/p>\n                    <h3>7. Droit de r\u00e9tractation<\/h3>\n                    <p>Conform\u00e9ment \u00e0 l\u2019article L221-28 du Code de la consommation, le droit de r\u00e9tractation ne s\u2019applique pas aux contenus num\u00e9riques fournis imm\u00e9diatement apr\u00e8s le paiement, avec l\u2019accord expr\u00e8s du client.<\/p>\n                    <p>En validant la commande, l\u2019utilisateur renonce express\u00e9ment \u00e0 son droit de r\u00e9tractation.<\/p>\n                    <h3>8. Responsabilit\u00e9<\/h3>\n                    <p>AUDIO\u2019WAY ne saurait \u00eatre tenue responsable en cas d\u2019interruption de service li\u00e9e \u00e0 des probl\u00e8mes techniques ind\u00e9pendants de sa volont\u00e9 (probl\u00e8me r\u00e9seau, serveur, etc.).<\/p>\n                    <h3>9. Propri\u00e9t\u00e9 intellectuelle<\/h3>\n                    <p>Les contenus audios, textes et images sont prot\u00e9g\u00e9s par le droit d\u2019auteur. Toute reproduction, diffusion ou exploitation non autoris\u00e9e est strictement interdite.<\/p>\n                    <h3>10. Droit applicable<\/h3>\n                    <p>Les pr\u00e9sentes CGV sont soumises au droit fran\u00e7ais. En cas de litige, les parties s\u2019efforceront de trouver une solution amiable. \u00c0 d\u00e9faut, les tribunaux comp\u00e9tents seront ceux du ressort du si\u00e8ge social d\u2019AUDIO\u2019WAY.<\/p>\n                  <\/div>\n                <\/div>\n              <\/div>\n            <\/div>\n          <\/div>\n        <\/div>\n      <\/div>\n    <\/div>\n  <\/div>\n<\/div>","protected":false},"excerpt":{"rendered":"<p>Conditions G\u00e9n\u00e9rales de Vente (CGV) 1. Identit\u00e9 du vendeur Les pr\u00e9sentes conditions sont conclues entre le client et la soci\u00e9t\u00e9 : AUDIO\u2019WAY, SAS au capital social de 1000\u20ac, immatricul\u00e9e au RCS de Nanterre sous le n\u00b0 943 021 386, dont le si\u00e8ge social est situ\u00e9 65 rue d&rsquo;Aguesseau, 92100 Boulogne Billancourt. Email de contact : [&hellip;]<\/p>\n","protected":false},"author":1,"featured_media":0,"parent":0,"menu_order":0,"comment_status":"closed","ping_status":"closed","template":"page-templates\/full-width-page.php","meta":{"footnotes":""},"class_list":["post-2076","page","type-page","status-publish","hentry"],"yoast_head":"<!-- This site is optimized with the Yoast SEO plugin v26.6 - https:\/\/yoast.com\/wordpress\/plugins\/seo\/ -->\n<title>CONDITIONS G\u00c9N\u00c9RALES DE VENTE - Audio Guide Paris<\/title>\n<meta name=\"robots\" content=\"index, follow, max-snippet:-1, max-image-preview:large, max-video-preview:-1\" \/>\n<link rel=\"canonical\" href=\"https:\/\/audioguide-paris.com\/index.php\/conditions-generales-de-vente-2\/\" \/>\n<meta property=\"og:locale\" content=\"fr_FR\" \/>\n<meta property=\"og:type\" content=\"article\" \/>\n<meta property=\"og:title\" content=\"CONDITIONS G\u00c9N\u00c9RALES DE VENTE - Audio Guide Paris\" \/>\n<meta property=\"og:description\" content=\"Conditions G\u00e9n\u00e9rales de Vente (CGV) 1. Identit\u00e9 du vendeur Les pr\u00e9sentes conditions sont conclues entre le client et la soci\u00e9t\u00e9 : AUDIO\u2019WAY, SAS au capital social de 1000\u20ac, immatricul\u00e9e au RCS de Nanterre sous le n\u00b0 943 021 386, dont le si\u00e8ge social est situ\u00e9 65 rue d&rsquo;Aguesseau, 92100 Boulogne Billancourt. Email de contact : [&hellip;]\" \/>\n<meta property=\"og:url\" content=\"https:\/\/audioguide-paris.com\/index.php\/conditions-generales-de-vente-2\/\" \/>\n<meta property=\"og:site_name\" content=\"Audio Guide Paris\" \/>\n<meta property=\"article:publisher\" content=\"https:\/\/www.facebook.com\/profile.php?id=61558434027122\" \/>\n<meta property=\"article:modified_time\" content=\"2025-04-21T09:15:12+00:00\" \/>\n<meta name=\"twitter:card\" content=\"summary_large_image\" \/>\n<meta name=\"twitter:label1\" content=\"Dur\u00e9e de lecture estim\u00e9e\" \/>\n\t<meta name=\"twitter:data1\" content=\"2 minutes\" \/>\n<script type=\"application\/ld+json\" class=\"yoast-schema-graph\">{\"@context\":\"https:\/\/schema.org\",\"@graph\":[{\"@type\":\"WebPage\",\"@id\":\"https:\/\/audioguide-paris.com\/index.php\/conditions-generales-de-vente-2\/\",\"url\":\"https:\/\/audioguide-paris.com\/index.php\/conditions-generales-de-vente-2\/\",\"name\":\"CONDITIONS G\u00c9N\u00c9RALES DE VENTE - Audio Guide Paris\",\"isPartOf\":{\"@id\":\"https:\/\/audioguide-paris.com\/#website\"},\"datePublished\":\"2025-04-21T09:00:06+00:00\",\"dateModified\":\"2025-04-21T09:15:12+00:00\",\"breadcrumb\":{\"@id\":\"https:\/\/audioguide-paris.com\/index.php\/conditions-generales-de-vente-2\/#breadcrumb\"},\"inLanguage\":\"fr-FR\",\"potentialAction\":[{\"@type\":\"ReadAction\",\"target\":[\"https:\/\/audioguide-paris.com\/index.php\/conditions-generales-de-vente-2\/\"]}]},{\"@type\":\"BreadcrumbList\",\"@id\":\"https:\/\/audioguide-paris.com\/index.php\/conditions-generales-de-vente-2\/#breadcrumb\",\"itemListElement\":[{\"@type\":\"ListItem\",\"position\":1,\"name\":\"Accueil\",\"item\":\"https:\/\/audioguide-paris.com\/\"},{\"@type\":\"ListItem\",\"position\":2,\"name\":\"CONDITIONS G\u00c9N\u00c9RALES DE VENTE\"}]},{\"@type\":\"WebSite\",\"@id\":\"https:\/\/audioguide-paris.com\/#website\",\"url\":\"https:\/\/audioguide-paris.com\/\",\"name\":\"Audio Guide Paris\",\"description\":\"D\u00e9couvrez les tr\u00e9sors de Paris en compagnie d\u2019un expert\",\"publisher\":{\"@id\":\"https:\/\/audioguide-paris.com\/#organization\"},\"potentialAction\":[{\"@type\":\"SearchAction\",\"target\":{\"@type\":\"EntryPoint\",\"urlTemplate\":\"https:\/\/audioguide-paris.com\/?s={search_term_string}\"},\"query-input\":{\"@type\":\"PropertyValueSpecification\",\"valueRequired\":true,\"valueName\":\"search_term_string\"}}],\"inLanguage\":\"fr-FR\"},{\"@type\":\"Organization\",\"@id\":\"https:\/\/audioguide-paris.com\/#organization\",\"name\":\"Audio Guide Paris\",\"url\":\"https:\/\/audioguide-paris.com\/\",\"logo\":{\"@type\":\"ImageObject\",\"inLanguage\":\"fr-FR\",\"@id\":\"https:\/\/audioguide-paris.com\/#\/schema\/logo\/image\/\",\"url\":\"https:\/\/audioguide-paris.com\/wp-content\/uploads\/2024\/04\/cropped-cropped-Logo-transparent.png\",\"contentUrl\":\"https:\/\/audioguide-paris.com\/wp-content\/uploads\/2024\/04\/cropped-cropped-Logo-transparent.png\",\"width\":898,\"height\":898,\"caption\":\"Audio Guide Paris\"},\"image\":{\"@id\":\"https:\/\/audioguide-paris.com\/#\/schema\/logo\/image\/\"},\"sameAs\":[\"https:\/\/www.facebook.com\/profile.php?id=61558434027122\",\"https:\/\/www.instagram.com\/audioguideparis\/\"]}]}<\/script>\n<!-- \/ Yoast SEO plugin. -->","yoast_head_json":{"title":"CONDITIONS G\u00c9N\u00c9RALES DE VENTE - Audio Guide Paris","robots":{"index":"index","follow":"follow","max-snippet":"max-snippet:-1","max-image-preview":"max-image-preview:large","max-video-preview":"max-video-preview:-1"},"canonical":"https:\/\/audioguide-paris.com\/index.php\/conditions-generales-de-vente-2\/","og_locale":"fr_FR","og_type":"article","og_title":"CONDITIONS G\u00c9N\u00c9RALES DE VENTE - Audio Guide Paris","og_description":"Conditions G\u00e9n\u00e9rales de Vente (CGV) 1. Identit\u00e9 du vendeur Les pr\u00e9sentes conditions sont conclues entre le client et la soci\u00e9t\u00e9 : AUDIO\u2019WAY, SAS au capital social de 1000\u20ac, immatricul\u00e9e au RCS de Nanterre sous le n\u00b0 943 021 386, dont le si\u00e8ge social est situ\u00e9 65 rue d&rsquo;Aguesseau, 92100 Boulogne Billancourt. Email de contact : [&hellip;]","og_url":"https:\/\/audioguide-paris.com\/index.php\/conditions-generales-de-vente-2\/","og_site_name":"Audio Guide Paris","article_publisher":"https:\/\/www.facebook.com\/profile.php?id=61558434027122","article_modified_time":"2025-04-21T09:15:12+00:00","twitter_card":"summary_large_image","twitter_misc":{"Dur\u00e9e de lecture estim\u00e9e":"2 minutes"},"schema":{"@context":"https:\/\/schema.org","@graph":[{"@type":"WebPage","@id":"https:\/\/audioguide-paris.com\/index.php\/conditions-generales-de-vente-2\/","url":"https:\/\/audioguide-paris.com\/index.php\/conditions-generales-de-vente-2\/","name":"CONDITIONS G\u00c9N\u00c9RALES DE VENTE - Audio Guide Paris","isPartOf":{"@id":"https:\/\/audioguide-paris.com\/#website"},"datePublished":"2025-04-21T09:00:06+00:00","dateModified":"2025-04-21T09:15:12+00:00","breadcrumb":{"@id":"https:\/\/audioguide-paris.com\/index.php\/conditions-generales-de-vente-2\/#breadcrumb"},"inLanguage":"fr-FR","potentialAction":[{"@type":"ReadAction","target":["https:\/\/audioguide-paris.com\/index.php\/conditions-generales-de-vente-2\/"]}]},{"@type":"BreadcrumbList","@id":"https:\/\/audioguide-paris.com\/index.php\/conditions-generales-de-vente-2\/#breadcrumb","itemListElement":[{"@type":"ListItem","position":1,"name":"Accueil","item":"https:\/\/audioguide-paris.com\/"},{"@type":"ListItem","position":2,"name":"CONDITIONS G\u00c9N\u00c9RALES DE VENTE"}]},{"@type":"WebSite","@id":"https:\/\/audioguide-paris.com\/#website","url":"https:\/\/audioguide-paris.com\/","name":"Audio Guide Paris","description":"D\u00e9couvrez les tr\u00e9sors de Paris en compagnie d\u2019un expert","publisher":{"@id":"https:\/\/audioguide-paris.com\/#organization"},"potentialAction":[{"@type":"SearchAction","target":{"@type":"EntryPoint","urlTemplate":"https:\/\/audioguide-paris.com\/?s={search_term_string}"},"query-input":{"@type":"PropertyValueSpecification","valueRequired":true,"valueName":"search_term_string"}}],"inLanguage":"fr-FR"},{"@type":"Organization","@id":"https:\/\/audioguide-paris.com\/#organization","name":"Audio Guide Paris","url":"https:\/\/audioguide-paris.com\/","logo":{"@type":"ImageObject","inLanguage":"fr-FR","@id":"https:\/\/audioguide-paris.com\/#\/schema\/logo\/image\/","url":"https:\/\/audioguide-paris.com\/wp-content\/uploads\/2024\/04\/cropped-cropped-Logo-transparent.png","contentUrl":"https:\/\/audioguide-paris.com\/wp-content\/uploads\/2024\/04\/cropped-cropped-Logo-transparent.png","width":898,"height":898,"caption":"Audio Guide Paris"},"image":{"@id":"https:\/\/audioguide-paris.com\/#\/schema\/logo\/image\/"},"sameAs":["https:\/\/www.facebook.com\/profile.php?id=61558434027122","https:\/\/www.instagram.com\/audioguideparis\/"]}]}},"_links":{"self":[{"href":"https:\/\/audioguide-paris.com\/index.php\/wp-json\/wp\/v2\/pages\/2076","targetHints":{"allow":["GET"]}}],"collection":[{"href":"https:\/\/audioguide-paris.com\/index.php\/wp-json\/wp\/v2\/pages"}],"about":[{"href":"https:\/\/audioguide-paris.com\/index.php\/wp-json\/wp\/v2\/types\/page"}],"author":[{"embeddable":true,"href":"https:\/\/audioguide-paris.com\/index.php\/wp-json\/wp\/v2\/users\/1"}],"replies":[{"embeddable":true,"href":"https:\/\/audioguide-paris.com\/index.php\/wp-json\/wp\/v2\/comments?post=2076"}],"version-history":[{"count":3,"href":"https:\/\/audioguide-paris.com\/index.php\/wp-json\/wp\/v2\/pages\/2076\/revisions"}],"predecessor-version":[{"id":2116,"href":"https:\/\/audioguide-paris.com\/index.php\/wp-json\/wp\/v2\/pages\/2076\/revisions\/2116"}],"wp:attachment":[{"href":"https:\/\/audioguide-paris.com\/index.php\/wp-json\/wp\/v2\/media?parent=2076"}],"curies":[{"name":"wp","href":"https:\/\/api.w.org\/{rel}","templated":true}]}}