{"id":2491,"date":"2025-11-17T16:48:37","date_gmt":"2025-11-17T15:48:37","guid":{"rendered":"https:\/\/audioguide-paris.com\/?page_id=2491"},"modified":"2026-04-03T10:24:22","modified_gmt":"2026-04-03T08:24:22","slug":"quartier-latin","status":"publish","type":"page","link":"https:\/\/audioguide-paris.com\/index.php\/quartier-latin\/","title":{"rendered":"Quartier Latin"},"content":{"rendered":"<div data-colibri-id=\"2491-c1\" class=\"style-1168 style-local-2491-c1 position-relative\">\r\n  <!---->\r\n  <div data-colibri-component=\"section\" data-colibri-id=\"2491-c2\" id=\"overlappable\" class=\"h-section h-section-global-spacing d-flex align-items-lg-center align-items-md-center align-items-center style-1169 style-local-2491-c2 position-relative\">\r\n    <!---->\r\n    <!---->\r\n    <div class=\"h-section-grid-container h-section-boxed-container\">\r\n      <!---->\r\n      <div data-colibri-id=\"2491-c3\" class=\"h-row-container gutters-row-lg-0 gutters-row-md-0 gutters-row-0 gutters-row-v-lg-0 gutters-row-v-md-0 gutters-row-v-0 style-1170 style-local-2491-c3 position-relative\">\r\n        <!---->\r\n        <div class=\"h-row justify-content-lg-center justify-content-md-center justify-content-center align-items-lg-stretch align-items-md-stretch align-items-stretch gutters-col-lg-0 gutters-col-md-0 gutters-col-0 gutters-col-v-lg-0 gutters-col-v-md-0 gutters-col-v-0\">\r\n          <!---->\r\n          <div class=\"h-column h-column-container d-flex h-col-lg-auto h-col-md-auto h-col-auto style-1171-outer style-local-2491-c4-outer\">\r\n            <div data-colibri-id=\"2491-c4\" class=\"d-flex h-flex-basis h-column__inner h-ui-empty-state-container h-px-lg-0 h-px-md-0 h-px-0 v-inner-lg-0 v-inner-md-0 v-inner-0 style-1171 style-local-2491-c4 position-relative\">\r\n              <!---->\r\n              <!---->\r\n              <div class=\"w-100 h-y-container h-column__content h-column__v-align flex-basis-100\">\r\n                <!---->\r\n              <\/div>\r\n            <\/div>\r\n          <\/div>\r\n          <div class=\"h-column h-column-container d-flex h-col-lg-auto h-col-md-auto h-col-auto style-1172-outer style-local-2491-c5-outer\">\r\n            <div data-colibri-id=\"2491-c5\" class=\"d-flex h-flex-basis h-column__inner h-px-lg-2 h-px-md-2 h-px-2 v-inner-lg-2 v-inner-md-2 v-inner-2 style-1172 style-local-2491-c5 position-relative\">\r\n              <!---->\r\n              <!---->\r\n              <div class=\"w-100 h-y-container h-column__content h-column__v-align flex-basis-100 align-self-lg-center align-self-md-center align-self-center\">\r\n                <!---->\r\n                <div data-colibri-id=\"2491-c6\" class=\"h-global-transition-all h-heading style-1173 style-local-2491-c6 position-relative h-element\">\r\n                  <!---->\r\n                  <div class=\"h-heading__outer style-1173 style-local-2491-c6\">\r\n                    <!---->\r\n                    <!---->\r\n                    <h4 class=\"\">Balade \u00ab Quartier Latin : du Jardin du Luxembourg au Panth\u00e9on \u00bb<\/h4>\r\n                  <\/div>\r\n                <\/div>\r\n                <div data-colibri-id=\"2491-c7\" class=\"h-text h-text-component style-1174 style-local-2491-c7 position-relative h-element\">\r\n                  <!---->\r\n                  <!---->\r\n                  <div class=\"\">\r\n                    <p>Et si vous traversiez le c\u0153ur intellectuel de Paris en suivant la piste des \u00e9tudiants, des philosophes et des po\u00e8tes\u2026 plut\u00f4t que celle des simples terrasses \u00e0 touristes ? Du Jardin du Luxembourg au Panth\u00e9on, en passant par la Sorbonne,\r\n                      Saint-\u00c9tienne-du-Mont et le Coll\u00e8ge de France, cette balade vous plonge dans un Quartier Latin de savoir, de contestation et de petites histoires d\u00e9licieusement inattendues.<\/p>\r\n                    <p>Pourquoi ce quartier s\u2019appelle-t-il \u00ab latin \u00bb alors qu\u2019on n\u2019y voit aucun vestige romain spectaculaire ? Que faisaient vraiment les \u00e9tudiants dans l\u2019amphith\u00e9\u00e2tre Richelieu, con\u00e7u expr\u00e8s pour \u00eatre\u2026 inconfortable ? Et comment une simple\r\n                      place devant la Sorbonne est-elle devenue un symbole mondial de la contestation \u00e9tudiante, de Mai 68 aux manifs du XXI\u1d49 si\u00e8cle ? L\u2019audio vous d\u00e9voile les coulisses d\u2019un quartier o\u00f9 le verbe \u00ab d\u00e9battre \u00bb est presque une religion.<\/p>\r\n                  <\/div>\r\n                <\/div>\r\n              <\/div>\r\n            <\/div>\r\n          <\/div>\r\n          <div class=\"h-column h-column-container d-flex h-col-lg-auto h-col-md-auto h-col-auto style-1172-outer style-local-2491-c8-outer\">\r\n            <div data-colibri-id=\"2491-c8\" class=\"d-flex h-flex-basis h-column__inner h-px-lg-2 h-px-md-2 h-px-2 v-inner-lg-2 v-inner-md-2 v-inner-2 style-1172 style-local-2491-c8 position-relative\">\r\n              <!---->\r\n              <!---->\r\n              <div class=\"w-100 h-y-container h-column__content h-column__v-align flex-basis-100 align-self-lg-center align-self-md-center align-self-center\">\r\n                <!---->\r\n                <div data-colibri-id=\"2491-c9\" class=\"h-text h-text-component style-1174 style-local-2491-c9 position-relative h-element\">\r\n                  <!---->\r\n                  <!---->\r\n                  <div class=\"\">\r\n                    <p>Plus loin, vous passez des jardins calmes aux grands destins : Rimbaud qui laisse une plaque discr\u00e8te derri\u00e8re lui, Sartre et Pr\u00e9vert qui vont au cin\u00e9ma du Panth\u00e9on en douce, Louis XV miraculeusement sauv\u00e9 d\u2019une maladie mortelle, ce\r\n                      qui donnera naissance\u2026 au Panth\u00e9on. Vous d\u00e9couvrez comment une \u00e9glise d\u00e9di\u00e9e \u00e0 sainte Genevi\u00e8ve s\u2019est transform\u00e9e en temple la\u00efque aux grands hommes et grandes femmes, et pourquoi la biblioth\u00e8que Sainte-Genevi\u00e8ve aligne sur sa fa\u00e7ade\r\n                      des centaines de noms d\u2019auteurs comme une immense page de titre grav\u00e9e dans la pierre.<\/p>\r\n                    <p>Le parcours vous entra\u00eene ensuite du c\u00f4t\u00e9 des figures tut\u00e9laires : Montaigne dont on caresse le pied pour r\u00e9ussir ses examens, Ronsard, Dante, Claude Bernard\u2026 tous r\u00e9unis autour du Coll\u00e8ge de France, ce lieu unique o\u00f9 les cours sont\r\n                      gratuits, ouverts \u00e0 tous et sans dipl\u00f4me \u00e0 la cl\u00e9. Au square Samuel-Paty, la balade prend une dimension plus contemporaine et vous raconte comment l\u2019histoire de la libert\u00e9 d\u2019expression continue de s\u2019\u00e9crire ici, entre statues humanistes\r\n                      et m\u00e9moire d\u2019un professeur assassin\u00e9. Non loin, une louve romaine en bronze rappelle que Paris et Rome se sont officiellement \u00ab choisies \u00bb comme villes s\u0153urs\u2026 avec une devise qui en dit long.<\/p>\r\n                  <\/div>\r\n                <\/div>\r\n              <\/div>\r\n            <\/div>\r\n          <\/div>\r\n          <div class=\"h-column h-column-container d-flex h-col-lg-auto h-col-md-auto h-col-auto style-1177-outer style-local-2491-c17-outer\">\r\n            <div data-colibri-id=\"2491-c17\" class=\"d-flex h-flex-basis h-column__inner h-ui-empty-state-container h-px-lg-0 h-px-md-0 h-px-0 v-inner-lg-0 v-inner-md-0 v-inner-0 style-1177 style-local-2491-c17 position-relative\">\r\n              <!---->\r\n              <!---->\r\n              <div class=\"w-100 h-y-container h-column__content h-column__v-align flex-basis-100\">\r\n                <!---->\r\n              <\/div>\r\n            <\/div>\r\n          <\/div>\r\n        <\/div>\r\n      <\/div>\r\n      <div data-colibri-id=\"2491-c18\" class=\"h-row-container gutters-row-lg-2 gutters-row-md-2 gutters-row-0 gutters-row-v-lg-2 gutters-row-v-md-2 gutters-row-v-2 style-2264 style-local-2491-c18 position-relative\">\r\n        <!---->\r\n        <div class=\"h-row justify-content-lg-center justify-content-md-center justify-content-center align-items-lg-stretch align-items-md-stretch align-items-stretch gutters-col-lg-2 gutters-col-md-2 gutters-col-0 gutters-col-v-lg-2 gutters-col-v-md-2 gutters-col-v-2\">\r\n          <!---->\r\n          <div class=\"h-column h-column-container d-flex h-col-lg-auto h-col-md-auto h-col-auto style-2265-outer style-local-2491-c19-outer\">\r\n            <div data-colibri-id=\"2491-c19\" class=\"d-flex h-flex-basis h-column__inner h-px-lg-2 h-px-md-2 h-px-2 v-inner-lg-2 v-inner-md-2 v-inner-2 style-2265 style-local-2491-c19 position-relative\">\r\n              <!---->\r\n              <!---->\r\n              <div class=\"w-100 h-y-container h-column__content h-column__v-align flex-basis-100 align-self-lg-start align-self-md-start align-self-start\">\r\n                <!---->\r\n                <div data-colibri-id=\"2491-c20\" class=\"h-global-transition-all h-heading style-2266 style-local-2491-c20 position-relative h-element\">\r\n                  <!---->\r\n                  <div class=\"h-heading__outer style-2266 style-local-2491-c20\">\r\n                    <!---->\r\n                    <!---->\r\n                    <h1 class=\"\">Pendant cette visite vous :<\/h1>\r\n                  <\/div>\r\n                <\/div>\r\n              <\/div>\r\n            <\/div>\r\n          <\/div>\r\n        <\/div>\r\n      <\/div>\r\n      <div data-colibri-id=\"2491-c21\" class=\"h-row-container gutters-row-lg-2 gutters-row-md-2 gutters-row-0 gutters-row-v-lg-2 gutters-row-v-md-2 gutters-row-v-2 style-2267 style-local-2491-c21 position-relative\">\r\n        <!---->\r\n        <div class=\"h-row justify-content-lg-center justify-content-md-center justify-content-center align-items-lg-stretch align-items-md-stretch align-items-stretch gutters-col-lg-2 gutters-col-md-2 gutters-col-0 gutters-col-v-lg-2 gutters-col-v-md-2 gutters-col-v-2\">\r\n          <!---->\r\n          <div class=\"h-column h-column-container d-flex h-col-lg-auto h-col-md-auto h-col-auto style-2268-outer style-local-2491-c22-outer\">\r\n            <div data-colibri-id=\"2491-c22\" class=\"d-flex h-flex-basis h-column__inner h-px-lg-2 h-px-md-2 h-px-2 v-inner-lg-2 v-inner-md-2 v-inner-2 style-2268 style-local-2491-c22 position-relative\">\r\n              <!---->\r\n              <!---->\r\n              <div class=\"w-100 h-y-container h-column__content h-column__v-align flex-basis-100 align-self-lg-start align-self-md-start align-self-start\">\r\n                <!---->\r\n                <div data-colibri-id=\"2491-c23\" class=\"h-text h-text-component style-2269 style-local-2491-c23 position-relative h-element\">\r\n                  <!---->\r\n                  <!---->\r\n                  <div class=\"\">\r\n                    <ul>\r\n                      <li>explorez \u00e0 pied le Quartier Latin, du Jardin du Luxembourg au Panth\u00e9on, en passant par la Sorbonne, Saint-\u00c9tienne-du-Mont et le Coll\u00e8ge de France ;\r\n                        <br>\r\n                      <\/li>\r\n                      <li>d\u00e9couvrez des anecdotes surprenantes : amphith\u00e9\u00e2tre con\u00e7u pour emp\u00eacher les siestes, po\u00e8te trafiquant d\u2019armes, cin\u00e9ma pionnier de la VO, miracle royal \u00e0 l\u2019origine du Panth\u00e9on, traditions \u00e9tudiantes autour de la statue de Montaigne\r\n                        ;\r\n                        <br>\r\n                      <\/li>\r\n                      <li>apprenez \u00e0 rep\u00e9rer les d\u00e9tails qu\u2019on ne voit jamais : noms grav\u00e9s sur la fa\u00e7ade de la biblioth\u00e8que Sainte-Genevi\u00e8ve, plaques litt\u00e9raires, symboles humanistes, statues cach\u00e9es dans les squares ;\r\n                        <br>\r\n                      <\/li>\r\n                      <li>profitez de spots photo typiques : all\u00e9es du Luxembourg, place de la Sorbonne, parvis du Panth\u00e9on, escaliers de la Montagne-Sainte-Genevi\u00e8ve, statues et fa\u00e7ades embl\u00e9matiques du savoir parisien.\r\n                        <br>\r\n                      <\/li>\r\n                    <\/ul>\r\n                    <p>Plus qu\u2019une promenade autour des \u00ab grands monuments \u00bb, c\u2019est une immersion dans le cerveau de Paris : l\u00e0 o\u00f9 se croisent depuis des si\u00e8cles \u00e9tudiants, r\u00e9volt\u00e9s, profs, po\u00e8tes et savants.\r\n                      <br>\r\n                      <br><span style=\"font-weight: 600;\">T\u00e9l\u00e9chargez gratuitement l\u2019application Audio Guide Paris et d\u00e9bloquez la balade compl\u00e8te dans le Quartier Latin \u2014 id\u00e9ale pour vivre ce quartier mythique de l\u2019int\u00e9rieur, avec toutes les histoires que les guides classiques ne prennent pas le temps de raconter.<\/span><\/p>\r\n                  <\/div>\r\n                <\/div>\r\n                <div data-colibri-id=\"2491-c10\" class=\"h-row-container gutters-row-lg-2 gutters-row-md-2 gutters-row-0 gutters-row-v-lg-2 gutters-row-v-md-2 gutters-row-v-2 style-1202 style-local-2491-c10 position-relative\">\r\n                  <!---->\r\n                  <div class=\"h-row justify-content-lg-center justify-content-md-center justify-content-center align-items-lg-stretch align-items-md-stretch align-items-stretch gutters-col-lg-2 gutters-col-md-2 gutters-col-0 gutters-col-v-lg-2 gutters-col-v-md-2 gutters-col-v-2\">\r\n                    <!---->\r\n                    <div class=\"h-column h-column-container d-flex h-col-lg-auto h-col-md-auto h-col-auto style-1203-outer style-local-2491-c11-outer\">\r\n                      <div data-colibri-id=\"2491-c11\" class=\"d-flex h-flex-basis h-column__inner h-px-lg-2 h-px-md-2 h-px-2 v-inner-lg-2 v-inner-md-2 v-inner-2 style-1203 style-local-2491-c11 position-relative\">\r\n                        <!---->\r\n                        <!---->\r\n                        <div class=\"w-100 h-y-container h-column__content h-column__v-align flex-basis-100 align-self-lg-start align-self-md-start align-self-start\">\r\n                          <!---->\r\n                          <div data-colibri-id=\"2491-c12\" class=\"h-x-container style-1197 style-local-2491-c12 position-relative h-element\">\r\n                            <!---->\r\n                            <div class=\"h-x-container-inner style-dynamic-2491-c12-group style-1197-spacing style-local-2491-c12-spacing\"><span class=\"h-button__outer style-1198-outer style-local-2491-c13-outer d-inline-flex h-element\"><a h-use-smooth-scroll=\"true\" href=\"https:\/\/apps.apple.com\/gr\/app\/audio-guide-paris\/id6471984315\" target=\"_blank\"  data-colibri-id=\"2491-c13\" class=\"d-flex w-100 align-items-center h-button justify-content-lg-center justify-content-md-center justify-content-center style-1198 style-local-2491-c13 position-relative\"><!----><!----> <span>APPLE STORE <\/span><\/a>\r\n                              <\/span>\r\n                            <\/div>\r\n                          <\/div>\r\n                        <\/div>\r\n                      <\/div>\r\n                    <\/div>\r\n                    <div class=\"h-column h-column-container d-flex h-col-lg-auto h-col-md-auto h-col-auto style-1204-outer style-local-2491-c14-outer\">\r\n                      <div data-colibri-id=\"2491-c14\" class=\"d-flex h-flex-basis h-column__inner h-px-lg-2 h-px-md-2 h-px-2 v-inner-lg-2 v-inner-md-2 v-inner-2 style-1204 style-local-2491-c14 position-relative\">\r\n                        <!---->\r\n                        <!---->\r\n                        <div class=\"w-100 h-y-container h-column__content h-column__v-align flex-basis-100 align-self-lg-start align-self-md-start align-self-start\">\r\n                          <!---->\r\n                          <div data-colibri-id=\"2491-c15\" class=\"h-x-container style-1195 style-local-2491-c15 position-relative h-element\">\r\n                            <!---->\r\n                            <div class=\"h-x-container-inner style-dynamic-2491-c15-group style-1195-spacing style-local-2491-c15-spacing\"><span class=\"h-button__outer style-1196-outer style-local-2491-c16-outer d-inline-flex h-element\"><a h-use-smooth-scroll=\"true\" href=\"https:\/\/play.google.com\/store\/apps\/details?id=com.audioguides_paris\" target=\"_blank\"  data-colibri-id=\"2491-c16\" class=\"d-flex w-100 align-items-center h-button justify-content-lg-center justify-content-md-center justify-content-center style-1196 style-local-2491-c16 position-relative\"><!----><!----> <span>GOOGLE PLAY<\/span><\/a>\r\n                              <\/span>\r\n                            <\/div>\r\n                          <\/div>\r\n                        <\/div>\r\n                      <\/div>\r\n                    <\/div>\r\n                  <\/div>\r\n                <\/div>\r\n              <\/div>\r\n            <\/div>\r\n          <\/div>\r\n        <\/div>\r\n      <\/div>\r\n    <\/div>\r\n  <\/div>\r\n<\/div>","protected":false},"excerpt":{"rendered":"<p>Balade \u00ab Quartier Latin : du Jardin du Luxembourg au Panth\u00e9on \u00bb Et si vous traversiez le c\u0153ur intellectuel de Paris en suivant la piste des \u00e9tudiants, des philosophes et des po\u00e8tes\u2026 plut\u00f4t que celle des simples terrasses \u00e0 touristes ? Du Jardin du Luxembourg au Panth\u00e9on, en passant par la Sorbonne, Saint-\u00c9tienne-du-Mont et le [&hellip;]<\/p>\n","protected":false},"author":1,"featured_media":0,"parent":0,"menu_order":0,"comment_status":"closed","ping_status":"closed","template":"page-templates\/full-width-page.php","meta":{"footnotes":""},"class_list":["post-2491","page","type-page","status-publish","hentry"],"yoast_head":"<!-- This site is optimized with the Yoast SEO plugin v26.6 - https:\/\/yoast.com\/wordpress\/plugins\/seo\/ -->\n<title>Quartier Latin - Audio Guide Paris<\/title>\n<meta name=\"description\" content=\"D\u00e9couvrez le Quartier latin lors d\u2019une balade audioguid\u00e9e du Jardin du Luxembourg au Panth\u00e9on. Sorbonne, Coll\u00e8ge de France, anecdotes \u00e9tudiantes et histoire intellectuelle au c\u0153ur de Paris.\" \/>\n<meta name=\"robots\" content=\"index, follow, max-snippet:-1, max-image-preview:large, max-video-preview:-1\" \/>\n<link rel=\"canonical\" href=\"https:\/\/audioguide-paris.com\/index.php\/quartier-latin\/\" \/>\n<meta property=\"og:locale\" content=\"fr_FR\" \/>\n<meta property=\"og:type\" content=\"article\" \/>\n<meta property=\"og:title\" content=\"Quartier Latin - Audio Guide Paris\" \/>\n<meta property=\"og:description\" content=\"D\u00e9couvrez le Quartier latin lors d\u2019une balade audioguid\u00e9e du Jardin du Luxembourg au Panth\u00e9on. Sorbonne, Coll\u00e8ge de France, anecdotes \u00e9tudiantes et histoire intellectuelle au c\u0153ur de Paris.\" \/>\n<meta property=\"og:url\" content=\"https:\/\/audioguide-paris.com\/index.php\/quartier-latin\/\" \/>\n<meta property=\"og:site_name\" content=\"Audio Guide Paris\" \/>\n<meta property=\"article:publisher\" content=\"https:\/\/www.facebook.com\/profile.php?id=61558434027122\" \/>\n<meta property=\"article:modified_time\" content=\"2026-04-03T08:24:22+00:00\" \/>\n<meta name=\"twitter:card\" content=\"summary_large_image\" \/>\n<meta name=\"twitter:label1\" content=\"Dur\u00e9e de lecture estim\u00e9e\" \/>\n\t<meta name=\"twitter:data1\" content=\"3 minutes\" \/>\n<script type=\"application\/ld+json\" class=\"yoast-schema-graph\">{\"@context\":\"https:\/\/schema.org\",\"@graph\":[{\"@type\":\"WebPage\",\"@id\":\"https:\/\/audioguide-paris.com\/index.php\/quartier-latin\/\",\"url\":\"https:\/\/audioguide-paris.com\/index.php\/quartier-latin\/\",\"name\":\"Quartier Latin - Audio Guide Paris\",\"isPartOf\":{\"@id\":\"https:\/\/audioguide-paris.com\/#website\"},\"datePublished\":\"2025-11-17T15:48:37+00:00\",\"dateModified\":\"2026-04-03T08:24:22+00:00\",\"description\":\"D\u00e9couvrez le Quartier latin lors d\u2019une balade audioguid\u00e9e du Jardin du Luxembourg au Panth\u00e9on. Sorbonne, Coll\u00e8ge de France, anecdotes \u00e9tudiantes et histoire intellectuelle au c\u0153ur de Paris.\",\"breadcrumb\":{\"@id\":\"https:\/\/audioguide-paris.com\/index.php\/quartier-latin\/#breadcrumb\"},\"inLanguage\":\"fr-FR\",\"potentialAction\":[{\"@type\":\"ReadAction\",\"target\":[\"https:\/\/audioguide-paris.com\/index.php\/quartier-latin\/\"]}]},{\"@type\":\"BreadcrumbList\",\"@id\":\"https:\/\/audioguide-paris.com\/index.php\/quartier-latin\/#breadcrumb\",\"itemListElement\":[{\"@type\":\"ListItem\",\"position\":1,\"name\":\"Accueil\",\"item\":\"https:\/\/audioguide-paris.com\/\"},{\"@type\":\"ListItem\",\"position\":2,\"name\":\"Quartier Latin\"}]},{\"@type\":\"WebSite\",\"@id\":\"https:\/\/audioguide-paris.com\/#website\",\"url\":\"https:\/\/audioguide-paris.com\/\",\"name\":\"Audio Guide Paris\",\"description\":\"D\u00e9couvrez les tr\u00e9sors de Paris en compagnie d\u2019un expert\",\"publisher\":{\"@id\":\"https:\/\/audioguide-paris.com\/#organization\"},\"potentialAction\":[{\"@type\":\"SearchAction\",\"target\":{\"@type\":\"EntryPoint\",\"urlTemplate\":\"https:\/\/audioguide-paris.com\/?s={search_term_string}\"},\"query-input\":{\"@type\":\"PropertyValueSpecification\",\"valueRequired\":true,\"valueName\":\"search_term_string\"}}],\"inLanguage\":\"fr-FR\"},{\"@type\":\"Organization\",\"@id\":\"https:\/\/audioguide-paris.com\/#organization\",\"name\":\"Audio Guide Paris\",\"url\":\"https:\/\/audioguide-paris.com\/\",\"logo\":{\"@type\":\"ImageObject\",\"inLanguage\":\"fr-FR\",\"@id\":\"https:\/\/audioguide-paris.com\/#\/schema\/logo\/image\/\",\"url\":\"https:\/\/audioguide-paris.com\/wp-content\/uploads\/2024\/04\/cropped-cropped-Logo-transparent.png\",\"contentUrl\":\"https:\/\/audioguide-paris.com\/wp-content\/uploads\/2024\/04\/cropped-cropped-Logo-transparent.png\",\"width\":898,\"height\":898,\"caption\":\"Audio Guide Paris\"},\"image\":{\"@id\":\"https:\/\/audioguide-paris.com\/#\/schema\/logo\/image\/\"},\"sameAs\":[\"https:\/\/www.facebook.com\/profile.php?id=61558434027122\",\"https:\/\/www.instagram.com\/audioguideparis\/\"]}]}<\/script>\n<!-- \/ Yoast SEO plugin. -->","yoast_head_json":{"title":"Quartier Latin - Audio Guide Paris","description":"D\u00e9couvrez le Quartier latin lors d\u2019une balade audioguid\u00e9e du Jardin du Luxembourg au Panth\u00e9on. Sorbonne, Coll\u00e8ge de France, anecdotes \u00e9tudiantes et histoire intellectuelle au c\u0153ur de Paris.","robots":{"index":"index","follow":"follow","max-snippet":"max-snippet:-1","max-image-preview":"max-image-preview:large","max-video-preview":"max-video-preview:-1"},"canonical":"https:\/\/audioguide-paris.com\/index.php\/quartier-latin\/","og_locale":"fr_FR","og_type":"article","og_title":"Quartier Latin - Audio Guide Paris","og_description":"D\u00e9couvrez le Quartier latin lors d\u2019une balade audioguid\u00e9e du Jardin du Luxembourg au Panth\u00e9on. Sorbonne, Coll\u00e8ge de France, anecdotes \u00e9tudiantes et histoire intellectuelle au c\u0153ur de Paris.","og_url":"https:\/\/audioguide-paris.com\/index.php\/quartier-latin\/","og_site_name":"Audio Guide Paris","article_publisher":"https:\/\/www.facebook.com\/profile.php?id=61558434027122","article_modified_time":"2026-04-03T08:24:22+00:00","twitter_card":"summary_large_image","twitter_misc":{"Dur\u00e9e de lecture estim\u00e9e":"3 minutes"},"schema":{"@context":"https:\/\/schema.org","@graph":[{"@type":"WebPage","@id":"https:\/\/audioguide-paris.com\/index.php\/quartier-latin\/","url":"https:\/\/audioguide-paris.com\/index.php\/quartier-latin\/","name":"Quartier Latin - Audio Guide Paris","isPartOf":{"@id":"https:\/\/audioguide-paris.com\/#website"},"datePublished":"2025-11-17T15:48:37+00:00","dateModified":"2026-04-03T08:24:22+00:00","description":"D\u00e9couvrez le Quartier latin lors d\u2019une balade audioguid\u00e9e du Jardin du Luxembourg au Panth\u00e9on. Sorbonne, Coll\u00e8ge de France, anecdotes \u00e9tudiantes et histoire intellectuelle au c\u0153ur de Paris.","breadcrumb":{"@id":"https:\/\/audioguide-paris.com\/index.php\/quartier-latin\/#breadcrumb"},"inLanguage":"fr-FR","potentialAction":[{"@type":"ReadAction","target":["https:\/\/audioguide-paris.com\/index.php\/quartier-latin\/"]}]},{"@type":"BreadcrumbList","@id":"https:\/\/audioguide-paris.com\/index.php\/quartier-latin\/#breadcrumb","itemListElement":[{"@type":"ListItem","position":1,"name":"Accueil","item":"https:\/\/audioguide-paris.com\/"},{"@type":"ListItem","position":2,"name":"Quartier Latin"}]},{"@type":"WebSite","@id":"https:\/\/audioguide-paris.com\/#website","url":"https:\/\/audioguide-paris.com\/","name":"Audio Guide Paris","description":"D\u00e9couvrez les tr\u00e9sors de Paris en compagnie d\u2019un expert","publisher":{"@id":"https:\/\/audioguide-paris.com\/#organization"},"potentialAction":[{"@type":"SearchAction","target":{"@type":"EntryPoint","urlTemplate":"https:\/\/audioguide-paris.com\/?s={search_term_string}"},"query-input":{"@type":"PropertyValueSpecification","valueRequired":true,"valueName":"search_term_string"}}],"inLanguage":"fr-FR"},{"@type":"Organization","@id":"https:\/\/audioguide-paris.com\/#organization","name":"Audio Guide Paris","url":"https:\/\/audioguide-paris.com\/","logo":{"@type":"ImageObject","inLanguage":"fr-FR","@id":"https:\/\/audioguide-paris.com\/#\/schema\/logo\/image\/","url":"https:\/\/audioguide-paris.com\/wp-content\/uploads\/2024\/04\/cropped-cropped-Logo-transparent.png","contentUrl":"https:\/\/audioguide-paris.com\/wp-content\/uploads\/2024\/04\/cropped-cropped-Logo-transparent.png","width":898,"height":898,"caption":"Audio Guide Paris"},"image":{"@id":"https:\/\/audioguide-paris.com\/#\/schema\/logo\/image\/"},"sameAs":["https:\/\/www.facebook.com\/profile.php?id=61558434027122","https:\/\/www.instagram.com\/audioguideparis\/"]}]}},"_links":{"self":[{"href":"https:\/\/audioguide-paris.com\/index.php\/wp-json\/wp\/v2\/pages\/2491","targetHints":{"allow":["GET"]}}],"collection":[{"href":"https:\/\/audioguide-paris.com\/index.php\/wp-json\/wp\/v2\/pages"}],"about":[{"href":"https:\/\/audioguide-paris.com\/index.php\/wp-json\/wp\/v2\/types\/page"}],"author":[{"embeddable":true,"href":"https:\/\/audioguide-paris.com\/index.php\/wp-json\/wp\/v2\/users\/1"}],"replies":[{"embeddable":true,"href":"https:\/\/audioguide-paris.com\/index.php\/wp-json\/wp\/v2\/comments?post=2491"}],"version-history":[{"count":11,"href":"https:\/\/audioguide-paris.com\/index.php\/wp-json\/wp\/v2\/pages\/2491\/revisions"}],"predecessor-version":[{"id":4145,"href":"https:\/\/audioguide-paris.com\/index.php\/wp-json\/wp\/v2\/pages\/2491\/revisions\/4145"}],"wp:attachment":[{"href":"https:\/\/audioguide-paris.com\/index.php\/wp-json\/wp\/v2\/media?parent=2491"}],"curies":[{"name":"wp","href":"https:\/\/api.w.org\/{rel}","templated":true}]}}