{"id":2664,"date":"2025-11-24T15:25:48","date_gmt":"2025-11-24T14:25:48","guid":{"rendered":"https:\/\/audioguide-paris.com\/?page_id=2664"},"modified":"2026-04-03T10:27:21","modified_gmt":"2026-04-03T08:27:21","slug":"saint-germain-des-pres","status":"publish","type":"page","link":"https:\/\/audioguide-paris.com\/index.php\/saint-germain-des-pres\/","title":{"rendered":"Saint-Germain-des-Pr\u00e9s"},"content":{"rendered":"<div data-colibri-id=\"2664-c1\" class=\"style-1214 style-local-2664-c1 position-relative\">\r\n  <!---->\r\n  <div data-colibri-component=\"section\" data-colibri-id=\"2664-c2\" id=\"overlappable\" class=\"h-section h-section-global-spacing d-flex align-items-lg-center align-items-md-center align-items-center style-1215 style-local-2664-c2 position-relative\">\r\n    <!---->\r\n    <!---->\r\n    <div class=\"h-section-grid-container h-section-boxed-container\">\r\n      <!---->\r\n      <div data-colibri-id=\"2664-c3\" class=\"h-row-container gutters-row-lg-0 gutters-row-md-0 gutters-row-0 gutters-row-v-lg-0 gutters-row-v-md-0 gutters-row-v-0 style-1216 style-local-2664-c3 position-relative\">\r\n        <!---->\r\n        <div class=\"h-row justify-content-lg-center justify-content-md-center justify-content-center align-items-lg-stretch align-items-md-stretch align-items-stretch gutters-col-lg-0 gutters-col-md-0 gutters-col-0 gutters-col-v-lg-0 gutters-col-v-md-0 gutters-col-v-0\">\r\n          <!---->\r\n          <div class=\"h-column h-column-container d-flex h-col-lg-auto h-col-md-auto h-col-auto style-1217-outer style-local-2664-c4-outer\">\r\n            <div data-colibri-id=\"2664-c4\" class=\"d-flex h-flex-basis h-column__inner h-ui-empty-state-container h-px-lg-0 h-px-md-0 h-px-0 v-inner-lg-0 v-inner-md-0 v-inner-0 style-1217 style-local-2664-c4 position-relative\">\r\n              <!---->\r\n              <!---->\r\n              <div class=\"w-100 h-y-container h-column__content h-column__v-align flex-basis-100\">\r\n                <!---->\r\n              <\/div>\r\n            <\/div>\r\n          <\/div>\r\n          <div class=\"h-column h-column-container d-flex h-col-lg-auto h-col-md-auto h-col-auto style-1218-outer style-local-2664-c5-outer\">\r\n            <div data-colibri-id=\"2664-c5\" class=\"d-flex h-flex-basis h-column__inner h-px-lg-2 h-px-md-2 h-px-2 v-inner-lg-2 v-inner-md-2 v-inner-2 style-1218 style-local-2664-c5 position-relative\">\r\n              <!---->\r\n              <!---->\r\n              <div class=\"w-100 h-y-container h-column__content h-column__v-align flex-basis-100 align-self-lg-center align-self-md-center align-self-center\">\r\n                <!---->\r\n                <div data-colibri-id=\"2664-c6\" class=\"h-global-transition-all h-heading style-1219 style-local-2664-c6 position-relative h-element\">\r\n                  <!---->\r\n                  <div class=\"h-heading__outer style-1219 style-local-2664-c6\">\r\n                    <!---->\r\n                    <!---->\r\n                    <h4 class=\"\">Balade \u00ab Les secrets de Saint-Germain-des-Pr\u00e9s \u00bb<\/h4>\r\n                  <\/div>\r\n                <\/div>\r\n                <div data-colibri-id=\"2664-c7\" class=\"h-text h-text-component style-1220 style-local-2664-c7 position-relative h-element\">\r\n                  <!---->\r\n                  <!---->\r\n                  <div class=\"\">\r\n                    <p>Et si vous quittiez les clich\u00e9s de la rive gauche pour plonger dans le vrai Saint-Germain, celui des complots, des duels, des caf\u00e9s d\u2019\u00e9crivains\u2026 et m\u00eame des premiers essais de la guillotine ? De la fontaine Saint-Michel \u00e0 l\u2019\u00e9glise\r\n                      de Saint-Germain-des-Pr\u00e9s, cette balade \u00e0 pied vous emm\u00e8ne au c\u0153ur d\u2019un quartier o\u00f9 chaque terrasse, chaque cour pav\u00e9e et chaque fa\u00e7ade a quelque chose de (tr\u00e8s) surprenant \u00e0 raconter.<\/p>\r\n                    <p>Savez-vous o\u00f9 se trouvait le tout premier \u00ab zoo \u00bb de Paris au Moyen \u00c2ge ? O\u00f9 l\u2019on a test\u00e9 la guillotine sur des bottes de paille, puis sur des moutons vivants ? Dans quel caf\u00e9 on a servi le tout premier vrai \u00ab caf\u00e9 \u00bb de la capitale,\r\n                      boisson jug\u00e9e presque suspecte\u2026 avant de devenir le carburant officiel des philosophes ? L\u2019audio vous emm\u00e8ne de la cour du Commerce Saint-Andr\u00e9 au Procope en d\u00e9voilant les petites histoires sanglantes, dr\u00f4les ou g\u00e9niales que les\r\n                      fa\u00e7ades laissent deviner sans jamais les expliquer.<\/p>\r\n                  <\/div>\r\n                <\/div>\r\n              <\/div>\r\n            <\/div>\r\n          <\/div>\r\n          <div class=\"h-column h-column-container d-flex h-col-lg-auto h-col-md-auto h-col-auto style-1218-outer style-local-2664-c8-outer\">\r\n            <div data-colibri-id=\"2664-c8\" class=\"d-flex h-flex-basis h-column__inner h-px-lg-2 h-px-md-2 h-px-2 v-inner-lg-2 v-inner-md-2 v-inner-2 style-1218 style-local-2664-c8 position-relative\">\r\n              <!---->\r\n              <!---->\r\n              <div class=\"w-100 h-y-container h-column__content h-column__v-align flex-basis-100 align-self-lg-center align-self-md-center align-self-center\">\r\n                <!---->\r\n                <div data-colibri-id=\"2664-c9\" class=\"h-text h-text-component style-1220 style-local-2664-c9 position-relative h-element\">\r\n                  <!---->\r\n                  <!---->\r\n                  <div class=\"\">\r\n                    <p>Vous passez ensuite c\u00f4t\u00e9 Seine : rues anciennes, H\u00f4tel de la Monnaie, statue de Condorcet, Institut de France, Pont des Arts\u2026 Derri\u00e8re ce d\u00e9cor de carte postale se cachent d\u00e9bats sur l\u2019esclavage, r\u00eaves d\u2019encyclop\u00e9die universelle, cadenas\r\n                      d\u2019amour qui menacent de faire s\u2019effondrer un pont, et Immortels qui d\u00e9cident du sort de la langue fran\u00e7aise. On vous montre o\u00f9 regarder pour rep\u00e9rer les d\u00e9tails que vous n\u2019auriez jamais vus seuls.<\/p>\r\n                    <p>Puis le parcours se fait plus intime : rue des Saints-P\u00e8res, duels au Pr\u00e9-aux-Clercs, h\u00f4tel particulier de Belmondo, Maison Gainsbourg transform\u00e9e en lieu de p\u00e8lerinage, square Taras Chevtchenko et cath\u00e9drale Saint-Volodymyr, o\u00f9 s\u2019ancre\r\n                      l\u2019histoire ukrainienne au c\u0153ur de Paris. Le final vous ram\u00e8ne aux l\u00e9gendaires Deux Magots et Caf\u00e9 de Flore, \u00e0 l\u2019\u00e9glise de Saint-Germain-des-Pr\u00e9s et \u00e0 la statue de Diderot : existentialistes, r\u00e9sistants, philosophes et romanciers\r\n                      se croisent soudain dans le m\u00eame paysage.<\/p>\r\n                  <\/div>\r\n                <\/div>\r\n              <\/div>\r\n            <\/div>\r\n          <\/div>\r\n          <div class=\"h-column h-column-container d-flex h-col-lg-auto h-col-md-auto h-col-auto style-1223-outer style-local-2664-c17-outer\">\r\n            <div data-colibri-id=\"2664-c17\" class=\"d-flex h-flex-basis h-column__inner h-ui-empty-state-container h-px-lg-0 h-px-md-0 h-px-0 v-inner-lg-0 v-inner-md-0 v-inner-0 style-1223 style-local-2664-c17 position-relative\">\r\n              <!---->\r\n              <!---->\r\n              <div class=\"w-100 h-y-container h-column__content h-column__v-align flex-basis-100\">\r\n                <!---->\r\n              <\/div>\r\n            <\/div>\r\n          <\/div>\r\n        <\/div>\r\n      <\/div>\r\n      <div data-colibri-id=\"2664-c18\" class=\"h-row-container gutters-row-lg-2 gutters-row-md-2 gutters-row-0 gutters-row-v-lg-2 gutters-row-v-md-2 gutters-row-v-2 style-1224 style-local-2664-c18 position-relative\">\r\n        <!---->\r\n        <div class=\"h-row justify-content-lg-center justify-content-md-center justify-content-center align-items-lg-stretch align-items-md-stretch align-items-stretch gutters-col-lg-2 gutters-col-md-2 gutters-col-0 gutters-col-v-lg-2 gutters-col-v-md-2 gutters-col-v-2\">\r\n          <!---->\r\n          <div class=\"h-column h-column-container d-flex h-col-lg-auto h-col-md-auto h-col-auto style-1225-outer style-local-2664-c19-outer\">\r\n            <div data-colibri-id=\"2664-c19\" class=\"d-flex h-flex-basis h-column__inner h-px-lg-2 h-px-md-2 h-px-2 v-inner-lg-2 v-inner-md-2 v-inner-2 style-1225 style-local-2664-c19 position-relative\">\r\n              <!---->\r\n              <!---->\r\n              <div class=\"w-100 h-y-container h-column__content h-column__v-align flex-basis-100 align-self-lg-start align-self-md-start align-self-start\">\r\n                <!---->\r\n                <div data-colibri-id=\"2664-c20\" class=\"h-global-transition-all h-heading style-2226 style-local-2664-c20 position-relative h-element\">\r\n                  <!---->\r\n                  <div class=\"h-heading__outer style-2226 style-local-2664-c20\">\r\n                    <!---->\r\n                    <!---->\r\n                    <h1 class=\"\">Pendant cette visite vous :<\/h1>\r\n                  <\/div>\r\n                <\/div>\r\n              <\/div>\r\n            <\/div>\r\n          <\/div>\r\n        <\/div>\r\n      <\/div>\r\n      <div data-colibri-id=\"2664-c21\" class=\"h-row-container gutters-row-lg-2 gutters-row-md-2 gutters-row-0 gutters-row-v-lg-2 gutters-row-v-md-2 gutters-row-v-2 style-2227 style-local-2664-c21 position-relative\">\r\n        <!---->\r\n        <div class=\"h-row justify-content-lg-center justify-content-md-center justify-content-center align-items-lg-stretch align-items-md-stretch align-items-stretch gutters-col-lg-2 gutters-col-md-2 gutters-col-0 gutters-col-v-lg-2 gutters-col-v-md-2 gutters-col-v-2\">\r\n          <!---->\r\n          <div class=\"h-column h-column-container d-flex h-col-lg-auto h-col-md-auto h-col-auto style-2228-outer style-local-2664-c22-outer\">\r\n            <div data-colibri-id=\"2664-c22\" class=\"d-flex h-flex-basis h-column__inner h-px-lg-2 h-px-md-2 h-px-2 v-inner-lg-2 v-inner-md-2 v-inner-2 style-2228 style-local-2664-c22 position-relative\">\r\n              <!---->\r\n              <!---->\r\n              <div class=\"w-100 h-y-container h-column__content h-column__v-align flex-basis-100 align-self-lg-start align-self-md-start align-self-start\">\r\n                <!---->\r\n                <div data-colibri-id=\"2664-c23\" class=\"h-text h-text-component style-2229 style-local-2664-c23 position-relative h-element\">\r\n                  <!---->\r\n                  <!---->\r\n                  <div class=\"\">\r\n                    <ul>\r\n                      <li>explorez \u00e0 pied le quartier Saint-Germain-des-Pr\u00e9s, de la Fontaine Saint-Michel au boulevard Saint-Germain et \u00e0 l\u2019\u00e9glise de Saint-Germain ;\r\n                        <br>\r\n                      <\/li>\r\n                      <li>d\u00e9couvrez des anecdotes inattendues : premiers essais de la guillotine, naissance du caf\u00e9 parisien, duels c\u00e9l\u00e8bres, Immortels de l\u2019Acad\u00e9mie fran\u00e7aise, caf\u00e9s de r\u00e9sistants, Maison Gainsbourg et m\u00e9moire ukrainienne au c\u0153ur de Paris\r\n                        ;\r\n                        <br>\r\n                      <\/li>\r\n                      <li>profitez de spots photo iconiques : Pont des Arts, quais de Seine, cours pav\u00e9es, devantures de caf\u00e9s mythiques, fa\u00e7ade de Saint-Germain-des-Pr\u00e9s ;\r\n                        <br>\r\n                      <\/li>\r\n                      <li>vivez une exp\u00e9rience immersive, vivante et remplie de r\u00e9v\u00e9lations, loin des visites \u00ab catalogue \u00bb qui effleurent juste les lieux.\r\n                        <br>\r\n                      <\/li>\r\n                    <\/ul>\r\n                    <p>Plus qu\u2019une visite, c\u2019est une plong\u00e9e dans l\u2019\u00e2me de la rive gauche : caf\u00e9s, id\u00e9es, r\u00e9volutions et chansons m\u00eal\u00e9es.\r\n                      <br>\r\n                    <\/p>\r\n                    <p><span style=\"font-weight: 600;\">T\u00e9l\u00e9chargez l\u2019application Audio Guide Paris et d\u00e9bloquez la balade compl\u00e8te \u00ab Les secrets de Saint-Germain-des-Pr\u00e9s \u00bb \u2014 le parcours id\u00e9al pour d\u00e9couvrir ce quartier mythique autrement\u2026 et ne plus jamais voir ces caf\u00e9s et ces rues comme avant.<\/span><\/p>\r\n                  <\/div>\r\n                <\/div>\r\n              <\/div>\r\n            <\/div>\r\n          <\/div>\r\n        <\/div>\r\n      <\/div>\r\n      <div data-colibri-id=\"2664-c24\" class=\"h-row-container gutters-row-lg-2 gutters-row-md-2 gutters-row-0 gutters-row-v-lg-2 gutters-row-v-md-2 gutters-row-v-2 style-1296 style-local-2664-c24 position-relative\">\r\n        <!---->\r\n        <div class=\"h-row justify-content-lg-center justify-content-md-center justify-content-center align-items-lg-stretch align-items-md-stretch align-items-stretch gutters-col-lg-2 gutters-col-md-2 gutters-col-0 gutters-col-v-lg-2 gutters-col-v-md-2 gutters-col-v-2\">\r\n          <!---->\r\n          <div class=\"h-column h-column-container d-flex h-col-lg-auto h-col-md-auto h-col-auto style-1297-outer style-local-2664-c25-outer\">\r\n            <div data-colibri-id=\"2664-c25\" class=\"d-flex h-flex-basis h-column__inner h-px-lg-2 h-px-md-2 h-px-2 v-inner-lg-2 v-inner-md-2 v-inner-2 style-1297 style-local-2664-c25 position-relative\">\r\n              <!---->\r\n              <!---->\r\n              <div class=\"w-100 h-y-container h-column__content h-column__v-align flex-basis-100 align-self-lg-start align-self-md-start align-self-start\">\r\n                <!---->\r\n                <div data-colibri-id=\"2664-c26\" class=\"h-x-container style-1299 style-local-2664-c26 position-relative h-element\">\r\n                  <!---->\r\n                  <div class=\"h-x-container-inner style-dynamic-2664-c26-group style-1299-spacing style-local-2664-c26-spacing\"><span class=\"h-button__outer style-1300-outer style-local-2664-c27-outer d-inline-flex h-element\"><a h-use-smooth-scroll=\"true\" href=\"https:\/\/apps.apple.com\/gr\/app\/audio-guide-paris\/id6471984315\" target=\"_blank\"  data-colibri-id=\"2664-c27\" class=\"d-flex w-100 align-items-center h-button justify-content-lg-center justify-content-md-center justify-content-center style-1300 style-local-2664-c27 position-relative\"><!----><!----> <span>APPLE STORE<\/span><\/a>\r\n                    <\/span>\r\n                  <\/div>\r\n                <\/div>\r\n              <\/div>\r\n            <\/div>\r\n          <\/div>\r\n          <div class=\"h-column h-column-container d-flex h-col-lg-auto h-col-md-auto h-col-auto style-1298-outer style-local-2664-c28-outer\">\r\n            <div data-colibri-id=\"2664-c28\" class=\"d-flex h-flex-basis h-column__inner h-px-lg-2 h-px-md-2 h-px-2 v-inner-lg-2 v-inner-md-2 v-inner-2 style-1298 style-local-2664-c28 position-relative\">\r\n              <!---->\r\n              <!---->\r\n              <div class=\"w-100 h-y-container h-column__content h-column__v-align flex-basis-100 align-self-lg-start align-self-md-start align-self-start\">\r\n                <!---->\r\n                <div data-colibri-id=\"2664-c29\" class=\"h-x-container style-1301 style-local-2664-c29 position-relative h-element\">\r\n                  <!---->\r\n                  <div class=\"h-x-container-inner style-dynamic-2664-c29-group style-1301-spacing style-local-2664-c29-spacing\"><span class=\"h-button__outer style-1302-outer style-local-2664-c30-outer d-inline-flex h-element\"><a h-use-smooth-scroll=\"true\" href=\"https:\/\/play.google.com\/store\/apps\/details?id=com.audioguides_paris\" target=\"_blank\"  data-colibri-id=\"2664-c30\" class=\"d-flex w-100 align-items-center h-button justify-content-lg-center justify-content-md-center justify-content-center style-1302 style-local-2664-c30 position-relative\"><!----><!----> <span>Google play <\/span><\/a>\r\n                    <\/span>\r\n                  <\/div>\r\n                <\/div>\r\n              <\/div>\r\n            <\/div>\r\n          <\/div>\r\n        <\/div>\r\n      <\/div>\r\n    <\/div>\r\n  <\/div>\r\n<\/div>","protected":false},"excerpt":{"rendered":"<p>Balade \u00ab Les secrets de Saint-Germain-des-Pr\u00e9s \u00bb Et si vous quittiez les clich\u00e9s de la rive gauche pour plonger dans le vrai Saint-Germain, celui des complots, des duels, des caf\u00e9s d\u2019\u00e9crivains\u2026 et m\u00eame des premiers essais de la guillotine ? De la fontaine Saint-Michel \u00e0 l\u2019\u00e9glise de Saint-Germain-des-Pr\u00e9s, cette balade \u00e0 pied vous emm\u00e8ne au [&hellip;]<\/p>\n","protected":false},"author":1,"featured_media":0,"parent":0,"menu_order":0,"comment_status":"closed","ping_status":"closed","template":"page-templates\/full-width-page.php","meta":{"footnotes":""},"class_list":["post-2664","page","type-page","status-publish","hentry"],"yoast_head":"<!-- This site is optimized with the Yoast SEO plugin v26.6 - https:\/\/yoast.com\/wordpress\/plugins\/seo\/ -->\n<title>Saint-Germain-des-Pr\u00e9s - Audio Guide Paris<\/title>\n<meta name=\"description\" content=\"D\u00e9couvrez les secrets de Saint-Germain-des-Pr\u00e9s lors d\u2019une balade audioguid\u00e9e \u00e0 Paris, de la fontaine Saint-Michel \u00e0 l\u2019\u00e9glise de Saint-Germain. Caf\u00e9s d\u2019\u00e9crivains, duels, Seine et anecdotes surprenantes.\" \/>\n<meta name=\"robots\" content=\"index, follow, max-snippet:-1, max-image-preview:large, max-video-preview:-1\" \/>\n<link rel=\"canonical\" href=\"https:\/\/audioguide-paris.com\/index.php\/saint-germain-des-pres\/\" \/>\n<meta property=\"og:locale\" content=\"fr_FR\" \/>\n<meta property=\"og:type\" content=\"article\" \/>\n<meta property=\"og:title\" content=\"Saint-Germain-des-Pr\u00e9s - Audio Guide Paris\" \/>\n<meta property=\"og:description\" content=\"D\u00e9couvrez les secrets de Saint-Germain-des-Pr\u00e9s lors d\u2019une balade audioguid\u00e9e \u00e0 Paris, de la fontaine Saint-Michel \u00e0 l\u2019\u00e9glise de Saint-Germain. Caf\u00e9s d\u2019\u00e9crivains, duels, Seine et anecdotes surprenantes.\" \/>\n<meta property=\"og:url\" content=\"https:\/\/audioguide-paris.com\/index.php\/saint-germain-des-pres\/\" \/>\n<meta property=\"og:site_name\" content=\"Audio Guide Paris\" \/>\n<meta property=\"article:publisher\" content=\"https:\/\/www.facebook.com\/profile.php?id=61558434027122\" \/>\n<meta property=\"article:modified_time\" content=\"2026-04-03T08:27:21+00:00\" \/>\n<meta name=\"twitter:card\" content=\"summary_large_image\" \/>\n<meta name=\"twitter:label1\" content=\"Dur\u00e9e de lecture estim\u00e9e\" \/>\n\t<meta name=\"twitter:data1\" content=\"3 minutes\" \/>\n<script type=\"application\/ld+json\" class=\"yoast-schema-graph\">{\"@context\":\"https:\/\/schema.org\",\"@graph\":[{\"@type\":\"WebPage\",\"@id\":\"https:\/\/audioguide-paris.com\/index.php\/saint-germain-des-pres\/\",\"url\":\"https:\/\/audioguide-paris.com\/index.php\/saint-germain-des-pres\/\",\"name\":\"Saint-Germain-des-Pr\u00e9s - Audio Guide Paris\",\"isPartOf\":{\"@id\":\"https:\/\/audioguide-paris.com\/#website\"},\"datePublished\":\"2025-11-24T14:25:48+00:00\",\"dateModified\":\"2026-04-03T08:27:21+00:00\",\"description\":\"D\u00e9couvrez les secrets de Saint-Germain-des-Pr\u00e9s lors d\u2019une balade audioguid\u00e9e \u00e0 Paris, de la fontaine Saint-Michel \u00e0 l\u2019\u00e9glise de Saint-Germain. Caf\u00e9s d\u2019\u00e9crivains, duels, Seine et anecdotes surprenantes.\",\"breadcrumb\":{\"@id\":\"https:\/\/audioguide-paris.com\/index.php\/saint-germain-des-pres\/#breadcrumb\"},\"inLanguage\":\"fr-FR\",\"potentialAction\":[{\"@type\":\"ReadAction\",\"target\":[\"https:\/\/audioguide-paris.com\/index.php\/saint-germain-des-pres\/\"]}]},{\"@type\":\"BreadcrumbList\",\"@id\":\"https:\/\/audioguide-paris.com\/index.php\/saint-germain-des-pres\/#breadcrumb\",\"itemListElement\":[{\"@type\":\"ListItem\",\"position\":1,\"name\":\"Accueil\",\"item\":\"https:\/\/audioguide-paris.com\/\"},{\"@type\":\"ListItem\",\"position\":2,\"name\":\"Saint-Germain-des-Pr\u00e9s\"}]},{\"@type\":\"WebSite\",\"@id\":\"https:\/\/audioguide-paris.com\/#website\",\"url\":\"https:\/\/audioguide-paris.com\/\",\"name\":\"Audio Guide Paris\",\"description\":\"D\u00e9couvrez les tr\u00e9sors de Paris en compagnie d\u2019un expert\",\"publisher\":{\"@id\":\"https:\/\/audioguide-paris.com\/#organization\"},\"potentialAction\":[{\"@type\":\"SearchAction\",\"target\":{\"@type\":\"EntryPoint\",\"urlTemplate\":\"https:\/\/audioguide-paris.com\/?s={search_term_string}\"},\"query-input\":{\"@type\":\"PropertyValueSpecification\",\"valueRequired\":true,\"valueName\":\"search_term_string\"}}],\"inLanguage\":\"fr-FR\"},{\"@type\":\"Organization\",\"@id\":\"https:\/\/audioguide-paris.com\/#organization\",\"name\":\"Audio Guide Paris\",\"url\":\"https:\/\/audioguide-paris.com\/\",\"logo\":{\"@type\":\"ImageObject\",\"inLanguage\":\"fr-FR\",\"@id\":\"https:\/\/audioguide-paris.com\/#\/schema\/logo\/image\/\",\"url\":\"https:\/\/audioguide-paris.com\/wp-content\/uploads\/2024\/04\/cropped-cropped-Logo-transparent.png\",\"contentUrl\":\"https:\/\/audioguide-paris.com\/wp-content\/uploads\/2024\/04\/cropped-cropped-Logo-transparent.png\",\"width\":898,\"height\":898,\"caption\":\"Audio Guide Paris\"},\"image\":{\"@id\":\"https:\/\/audioguide-paris.com\/#\/schema\/logo\/image\/\"},\"sameAs\":[\"https:\/\/www.facebook.com\/profile.php?id=61558434027122\",\"https:\/\/www.instagram.com\/audioguideparis\/\"]}]}<\/script>\n<!-- \/ Yoast SEO plugin. -->","yoast_head_json":{"title":"Saint-Germain-des-Pr\u00e9s - Audio Guide Paris","description":"D\u00e9couvrez les secrets de Saint-Germain-des-Pr\u00e9s lors d\u2019une balade audioguid\u00e9e \u00e0 Paris, de la fontaine Saint-Michel \u00e0 l\u2019\u00e9glise de Saint-Germain. Caf\u00e9s d\u2019\u00e9crivains, duels, Seine et anecdotes surprenantes.","robots":{"index":"index","follow":"follow","max-snippet":"max-snippet:-1","max-image-preview":"max-image-preview:large","max-video-preview":"max-video-preview:-1"},"canonical":"https:\/\/audioguide-paris.com\/index.php\/saint-germain-des-pres\/","og_locale":"fr_FR","og_type":"article","og_title":"Saint-Germain-des-Pr\u00e9s - Audio Guide Paris","og_description":"D\u00e9couvrez les secrets de Saint-Germain-des-Pr\u00e9s lors d\u2019une balade audioguid\u00e9e \u00e0 Paris, de la fontaine Saint-Michel \u00e0 l\u2019\u00e9glise de Saint-Germain. Caf\u00e9s d\u2019\u00e9crivains, duels, Seine et anecdotes surprenantes.","og_url":"https:\/\/audioguide-paris.com\/index.php\/saint-germain-des-pres\/","og_site_name":"Audio Guide Paris","article_publisher":"https:\/\/www.facebook.com\/profile.php?id=61558434027122","article_modified_time":"2026-04-03T08:27:21+00:00","twitter_card":"summary_large_image","twitter_misc":{"Dur\u00e9e de lecture estim\u00e9e":"3 minutes"},"schema":{"@context":"https:\/\/schema.org","@graph":[{"@type":"WebPage","@id":"https:\/\/audioguide-paris.com\/index.php\/saint-germain-des-pres\/","url":"https:\/\/audioguide-paris.com\/index.php\/saint-germain-des-pres\/","name":"Saint-Germain-des-Pr\u00e9s - Audio Guide Paris","isPartOf":{"@id":"https:\/\/audioguide-paris.com\/#website"},"datePublished":"2025-11-24T14:25:48+00:00","dateModified":"2026-04-03T08:27:21+00:00","description":"D\u00e9couvrez les secrets de Saint-Germain-des-Pr\u00e9s lors d\u2019une balade audioguid\u00e9e \u00e0 Paris, de la fontaine Saint-Michel \u00e0 l\u2019\u00e9glise de Saint-Germain. Caf\u00e9s d\u2019\u00e9crivains, duels, Seine et anecdotes surprenantes.","breadcrumb":{"@id":"https:\/\/audioguide-paris.com\/index.php\/saint-germain-des-pres\/#breadcrumb"},"inLanguage":"fr-FR","potentialAction":[{"@type":"ReadAction","target":["https:\/\/audioguide-paris.com\/index.php\/saint-germain-des-pres\/"]}]},{"@type":"BreadcrumbList","@id":"https:\/\/audioguide-paris.com\/index.php\/saint-germain-des-pres\/#breadcrumb","itemListElement":[{"@type":"ListItem","position":1,"name":"Accueil","item":"https:\/\/audioguide-paris.com\/"},{"@type":"ListItem","position":2,"name":"Saint-Germain-des-Pr\u00e9s"}]},{"@type":"WebSite","@id":"https:\/\/audioguide-paris.com\/#website","url":"https:\/\/audioguide-paris.com\/","name":"Audio Guide Paris","description":"D\u00e9couvrez les tr\u00e9sors de Paris en compagnie d\u2019un expert","publisher":{"@id":"https:\/\/audioguide-paris.com\/#organization"},"potentialAction":[{"@type":"SearchAction","target":{"@type":"EntryPoint","urlTemplate":"https:\/\/audioguide-paris.com\/?s={search_term_string}"},"query-input":{"@type":"PropertyValueSpecification","valueRequired":true,"valueName":"search_term_string"}}],"inLanguage":"fr-FR"},{"@type":"Organization","@id":"https:\/\/audioguide-paris.com\/#organization","name":"Audio Guide Paris","url":"https:\/\/audioguide-paris.com\/","logo":{"@type":"ImageObject","inLanguage":"fr-FR","@id":"https:\/\/audioguide-paris.com\/#\/schema\/logo\/image\/","url":"https:\/\/audioguide-paris.com\/wp-content\/uploads\/2024\/04\/cropped-cropped-Logo-transparent.png","contentUrl":"https:\/\/audioguide-paris.com\/wp-content\/uploads\/2024\/04\/cropped-cropped-Logo-transparent.png","width":898,"height":898,"caption":"Audio Guide Paris"},"image":{"@id":"https:\/\/audioguide-paris.com\/#\/schema\/logo\/image\/"},"sameAs":["https:\/\/www.facebook.com\/profile.php?id=61558434027122","https:\/\/www.instagram.com\/audioguideparis\/"]}]}},"_links":{"self":[{"href":"https:\/\/audioguide-paris.com\/index.php\/wp-json\/wp\/v2\/pages\/2664","targetHints":{"allow":["GET"]}}],"collection":[{"href":"https:\/\/audioguide-paris.com\/index.php\/wp-json\/wp\/v2\/pages"}],"about":[{"href":"https:\/\/audioguide-paris.com\/index.php\/wp-json\/wp\/v2\/types\/page"}],"author":[{"embeddable":true,"href":"https:\/\/audioguide-paris.com\/index.php\/wp-json\/wp\/v2\/users\/1"}],"replies":[{"embeddable":true,"href":"https:\/\/audioguide-paris.com\/index.php\/wp-json\/wp\/v2\/comments?post=2664"}],"version-history":[{"count":9,"href":"https:\/\/audioguide-paris.com\/index.php\/wp-json\/wp\/v2\/pages\/2664\/revisions"}],"predecessor-version":[{"id":4089,"href":"https:\/\/audioguide-paris.com\/index.php\/wp-json\/wp\/v2\/pages\/2664\/revisions\/4089"}],"wp:attachment":[{"href":"https:\/\/audioguide-paris.com\/index.php\/wp-json\/wp\/v2\/media?parent=2664"}],"curies":[{"name":"wp","href":"https:\/\/api.w.org\/{rel}","templated":true}]}}