{"id":3003,"date":"2025-11-27T18:39:37","date_gmt":"2025-11-27T17:39:37","guid":{"rendered":"https:\/\/audioguide-paris.com\/?page_id=3003"},"modified":"2026-04-03T10:24:01","modified_gmt":"2026-04-03T08:24:01","slug":"quartier-de-leurope","status":"publish","type":"page","link":"https:\/\/audioguide-paris.com\/index.php\/quartier-de-leurope\/","title":{"rendered":"Quartier de l\u2019Europe"},"content":{"rendered":"<div data-colibri-id=\"3003-c1\" class=\"style-1374 style-local-3003-c1 position-relative\">\r\n  <!---->\r\n  <div data-colibri-component=\"section\" data-colibri-id=\"3003-c2\" id=\"overlappable\" class=\"h-section h-section-global-spacing d-flex align-items-lg-center align-items-md-center align-items-center style-1375 style-local-3003-c2 position-relative\">\r\n    <!---->\r\n    <!---->\r\n    <div class=\"h-section-grid-container h-section-boxed-container\">\r\n      <!---->\r\n      <div data-colibri-id=\"3003-c3\" class=\"h-row-container gutters-row-lg-0 gutters-row-md-0 gutters-row-0 gutters-row-v-lg-0 gutters-row-v-md-0 gutters-row-v-0 style-1376 style-local-3003-c3 position-relative\">\r\n        <!---->\r\n        <div class=\"h-row justify-content-lg-center justify-content-md-center justify-content-center align-items-lg-stretch align-items-md-stretch align-items-stretch gutters-col-lg-0 gutters-col-md-0 gutters-col-0 gutters-col-v-lg-0 gutters-col-v-md-0 gutters-col-v-0\">\r\n          <!---->\r\n          <div class=\"h-column h-column-container d-flex h-col-lg-auto h-col-md-auto h-col-auto style-1377-outer style-local-3003-c4-outer\">\r\n            <div data-colibri-id=\"3003-c4\" class=\"d-flex h-flex-basis h-column__inner h-ui-empty-state-container h-px-lg-0 h-px-md-0 h-px-0 v-inner-lg-0 v-inner-md-0 v-inner-0 style-1377 style-local-3003-c4 position-relative\">\r\n              <!---->\r\n              <!---->\r\n              <div class=\"w-100 h-y-container h-column__content h-column__v-align flex-basis-100\">\r\n                <!---->\r\n              <\/div>\r\n            <\/div>\r\n          <\/div>\r\n          <div class=\"h-column h-column-container d-flex h-col-lg-auto h-col-md-auto h-col-auto style-1378-outer style-local-3003-c5-outer\">\r\n            <div data-colibri-id=\"3003-c5\" class=\"d-flex h-flex-basis h-column__inner h-px-lg-2 h-px-md-2 h-px-2 v-inner-lg-2 v-inner-md-2 v-inner-2 style-1378 style-local-3003-c5 position-relative\">\r\n              <!---->\r\n              <!---->\r\n              <div class=\"w-100 h-y-container h-column__content h-column__v-align flex-basis-100 align-self-lg-center align-self-md-center align-self-center\">\r\n                <!---->\r\n                <div data-colibri-id=\"3003-c6\" class=\"h-global-transition-all h-heading style-1379 style-local-3003-c6 position-relative h-element\">\r\n                  <!---->\r\n                  <div class=\"h-heading__outer style-1379 style-local-3003-c6\">\r\n                    <!---->\r\n                    <!---->\r\n                    <h4 class=\"\">Balade \u00ab Europe \u2013 Monceau : scandales, artistes et m\u00e9moires cach\u00e9es \u00bb<\/h4>\r\n                  <\/div>\r\n                <\/div>\r\n                <div data-colibri-id=\"3003-c7\" class=\"h-text h-text-component style-1384 style-local-3003-c7 position-relative h-element\">\r\n                  <!---->\r\n                  <!---->\r\n                  <div class=\"\">\r\n                    <p>Et si derri\u00e8re les fa\u00e7ades sages du 8\u1d49 se cachait l\u2019un des quartiers les plus romanesques de Paris ? Entre la gare Saint-Lazare, la place de l\u2019Europe, la rue de Londres et le parc Monceau, cette balade vous emm\u00e8ne dans un d\u00e9cor haussmannien\r\n                      tr\u00e8s chic\u2026 o\u00f9 l\u2019on croise maisons closes, bidonville oubli\u00e9, r\u00e9sistants, stars de cin\u00e9ma, faits divers sanglants et utopies politiques.<\/p>\r\n                    <p>Vous d\u00e9couvrez d\u2019abord le monde des trains et du cin\u00e9ma : gare Saint-Lazare immortalis\u00e9e par Monet, sculptures de valises et d\u2019horloges g\u00e9antes, d\u00e9cors de La B\u00eate humaine ou d\u2019Un homme et une femme, naissance du Fouquet\u2019s dans un bar\r\n                      discret et brasserie Belle \u00c9poque class\u00e9e monument historique qui servait en douce pendant l\u2019Occupation. Sur la place Trinit\u00e9 \u2013 d\u2019Estienne d\u2019Orves, vous passez des premiers martyrs de la R\u00e9sistance aux guitares de Johnny, Eddy Mitchell\r\n                      et Dutronc, qui tra\u00eenaient l\u00e0 avant d\u2019\u00eatre c\u00e9l\u00e8bres.<\/p>\r\n                  <\/div>\r\n                <\/div>\r\n              <\/div>\r\n            <\/div>\r\n          <\/div>\r\n          <div class=\"h-column h-column-container d-flex h-col-lg-auto h-col-md-auto h-col-auto style-1378-outer style-local-3003-c8-outer\">\r\n            <div data-colibri-id=\"3003-c8\" class=\"d-flex h-flex-basis h-column__inner h-px-lg-2 h-px-md-2 h-px-2 v-inner-lg-2 v-inner-md-2 v-inner-2 style-1378 style-local-3003-c8 position-relative\">\r\n              <!---->\r\n              <!---->\r\n              <div class=\"w-100 h-y-container h-column__content h-column__v-align flex-basis-100 align-self-lg-center align-self-md-center align-self-center\">\r\n                <!---->\r\n                <div data-colibri-id=\"3003-c9\" class=\"h-text h-text-component style-1380 style-local-3003-c9 position-relative h-element\">\r\n                  <!---->\r\n                  <!---->\r\n                  <div class=\"\">\r\n                    <p>Autour de la place de l\u2019Europe \u2013 Simone Veil, vous marchez dans un plan de ville \u00e0 ciel ouvert : rues Londres, Vienne, Constantinople, \u00c9dimbourg\u2026 o\u00f9 ont v\u00e9cu Monet et Debussy. Plus loin, la rue du Rocher vous ram\u00e8ne aux p\u00e8lerins romains,\r\n                      \u00e0 un cimeti\u00e8re de guillotin\u00e9s et \u00e0 la \u00ab Petite Pologne \u00bb, ancien bidonville oubli\u00e9 sous le vernis chic. La rue de la Bienfaisance, elle, fait le grand \u00e9cart entre \u00e9cole r\u00e9volutionnaire pour jeunes filles, rafle de 63 enfants juifs\r\n                      et crime bourgeois dans un h\u00f4tel particulier.<\/p>\r\n                    <p>L\u2019avenue de Messine aligne ensuite scandales et cin\u00e9ma : appartement d\u2019Alain Delon, romance avec Romy Schneider, meurtre jamais \u00e9lucid\u00e9 de Markovic, tournage du Samoura\u00ef, puis ancienne Cin\u00e9math\u00e8que o\u00f9 Truffaut, Godard ou Chabrol ont\r\n                      appris \u00e0 aimer les films. En gagnant la rue de Monceau, vous encha\u00eenez institut antis\u00e9mite sous l\u2019Occupation, immeuble de Louis de Fun\u00e8s et bouleversant mus\u00e9e Nissim-de-Camondo, palais XVIII\u1d49 fig\u00e9 dans le temps par une famille d\u00e9cim\u00e9e\r\n                      par la Shoah.<\/p>\r\n                    <p>La balade se termine au parc Monceau, jardin de contes et de fant\u00f4mes : exp\u00e9riences folles de la noblesse, premier saut en parachute de l\u2019histoire, ex\u00e9cutions de la Commune, avant de devenir l\u2019un des parcs les plus \u00e9l\u00e9gants de Paris.\r\n                      L\u2019audio vous montre o\u00f9 regarder pour rep\u00e9rer pyramide, colonnes en ruine, plaques invisibles\u2026 et toutes les histoires que vous rateriez en simple promenade.<\/p>\r\n                  <\/div>\r\n                <\/div>\r\n              <\/div>\r\n            <\/div>\r\n          <\/div>\r\n          <div class=\"h-column h-column-container d-flex h-col-lg-auto h-col-md-auto h-col-auto style-1383-outer style-local-3003-c17-outer\">\r\n            <div data-colibri-id=\"3003-c17\" class=\"d-flex h-flex-basis h-column__inner h-ui-empty-state-container h-px-lg-0 h-px-md-0 h-px-0 v-inner-lg-0 v-inner-md-0 v-inner-0 style-1383 style-local-3003-c17 position-relative\">\r\n              <!---->\r\n              <!---->\r\n              <div class=\"w-100 h-y-container h-column__content h-column__v-align flex-basis-100\">\r\n                <!---->\r\n              <\/div>\r\n            <\/div>\r\n          <\/div>\r\n        <\/div>\r\n      <\/div>\r\n      <div data-colibri-id=\"3003-c18\" class=\"h-row-container gutters-row-lg-2 gutters-row-md-2 gutters-row-0 gutters-row-v-lg-2 gutters-row-v-md-2 gutters-row-v-2 style-2222 style-local-3003-c18 position-relative\">\r\n        <!---->\r\n        <div class=\"h-row justify-content-lg-center justify-content-md-center justify-content-center align-items-lg-stretch align-items-md-stretch align-items-stretch gutters-col-lg-2 gutters-col-md-2 gutters-col-0 gutters-col-v-lg-2 gutters-col-v-md-2 gutters-col-v-2\">\r\n          <!---->\r\n          <div class=\"h-column h-column-container d-flex h-col-lg-auto h-col-md-auto h-col-auto style-2223-outer style-local-3003-c19-outer\">\r\n            <div data-colibri-id=\"3003-c19\" class=\"d-flex h-flex-basis h-column__inner h-px-lg-2 h-px-md-2 h-px-2 v-inner-lg-2 v-inner-md-2 v-inner-2 style-2223 style-local-3003-c19 position-relative\">\r\n              <!---->\r\n              <!---->\r\n              <div class=\"w-100 h-y-container h-column__content h-column__v-align flex-basis-100 align-self-lg-start align-self-md-start align-self-start\">\r\n                <!---->\r\n                <div data-colibri-id=\"3003-c20\" class=\"h-global-transition-all h-heading style-2224 style-local-3003-c20 position-relative h-element\">\r\n                  <!---->\r\n                  <div class=\"h-heading__outer style-2224 style-local-3003-c20\">\r\n                    <!---->\r\n                    <!---->\r\n                    <h1 class=\"\">Pendant cette visite vous :<\/h1>\r\n                  <\/div>\r\n                <\/div>\r\n                <div data-colibri-id=\"3003-c21\" class=\"h-text h-text-component style-2225 style-local-3003-c21 position-relative h-element\">\r\n                  <!---->\r\n                  <!---->\r\n                  <div class=\"\">\r\n                    <ul>\r\n                      <li>explorez \u00e0 pied le quartier de l\u2019Europe et de Monceau, de Saint-Lazare au parc Monceau, en passant par place de l\u2019Europe, Trinit\u00e9 et avenues chic ;\r\n                        <br>\r\n                      <\/li>\r\n                      <li>d\u00e9couvrez des anecdotes fortes : Casque d\u2019Or et les apaches, y\u00e9y\u00e9s d\u00e9butants, Simone Veil, martyrs de la R\u00e9sistance, rafles, crimes bourgeois, scandale Markovic, famille Camondo, parachute exp\u00e9rimental et Semaine sanglante ;\r\n                        <br>\r\n                      <\/li>\r\n                      <li>profitez de spots photo \u00e9l\u00e9gants et insolites : verri\u00e8res de gare, fa\u00e7ades Art nouveau, carrefour en \u00e9toile, rues en pente, h\u00f4tels particuliers et all\u00e9es romantiques du parc Monceau ;\r\n                        <br>\r\n                      <\/li>\r\n                      <li>vivez une exp\u00e9rience immersive, vivante et riche en \u00e9motions, loin des visites \u00ab catalogue \u00bb.\r\n                        <br>\r\n                      <\/li>\r\n                    <\/ul>\r\n                    <p>Plus qu\u2019une visite, c\u2019est une enqu\u00eate \u00e0 ciel ouvert dans un Paris luxueux en surface, travers\u00e9 par des histoires de courage, de drames et de cr\u00e9ation.\r\n                      <br>\r\n                    <\/p>\r\n                    <p><span style=\"font-weight: 600;\">T\u00e9l\u00e9chargez gratuitement l\u2019application Audio Guide Paris et d\u00e9bloquez la balade compl\u00e8te \u00ab Europe \u2013 Monceau \u00bb \u2014 un Paris raffin\u00e9, secret et irr\u00e9sistiblement intrigant, qui ne se laisse vraiment d\u00e9couvrir qu\u2019avec des \u00e9couteurs\u2026 et un peu de curiosit\u00e9.<\/span><\/p>\r\n                  <\/div>\r\n                <\/div>\r\n                <div data-colibri-id=\"3003-c10\" class=\"h-row-container gutters-row-lg-2 gutters-row-md-2 gutters-row-0 gutters-row-v-lg-2 gutters-row-v-md-2 gutters-row-v-2 style-1385 style-local-3003-c10 position-relative\">\r\n                  <!---->\r\n                  <div class=\"h-row justify-content-lg-center justify-content-md-center justify-content-center align-items-lg-stretch align-items-md-stretch align-items-stretch gutters-col-lg-2 gutters-col-md-2 gutters-col-0 gutters-col-v-lg-2 gutters-col-v-md-2 gutters-col-v-2\">\r\n                    <!---->\r\n                    <div class=\"h-column h-column-container d-flex h-col-lg-auto h-col-md-auto h-col-auto style-1386-outer style-local-3003-c11-outer\">\r\n                      <div data-colibri-id=\"3003-c11\" class=\"d-flex h-flex-basis h-column__inner h-px-lg-2 h-px-md-2 h-px-2 v-inner-lg-2 v-inner-md-2 v-inner-2 style-1386 style-local-3003-c11 position-relative\">\r\n                        <!---->\r\n                        <!---->\r\n                        <div class=\"w-100 h-y-container h-column__content h-column__v-align flex-basis-100 align-self-lg-start align-self-md-start align-self-start\">\r\n                          <!---->\r\n                          <div data-colibri-id=\"3003-c12\" class=\"h-x-container style-1388 style-local-3003-c12 position-relative h-element\">\r\n                            <!---->\r\n                            <div class=\"h-x-container-inner style-dynamic-3003-c12-group style-1388-spacing style-local-3003-c12-spacing\"><span class=\"h-button__outer style-1389-outer style-local-3003-c13-outer d-inline-flex h-element\"><a h-use-smooth-scroll=\"true\" href=\"https:\/\/apps.apple.com\/gr\/app\/audio-guide-paris\/id6471984315\" target=\"_blank\"  data-colibri-id=\"3003-c13\" class=\"d-flex w-100 align-items-center h-button justify-content-lg-center justify-content-md-center justify-content-center style-1389 style-local-3003-c13 position-relative\"><!----><!----> <span>apple store<\/span><\/a>\r\n                              <\/span>\r\n                            <\/div>\r\n                          <\/div>\r\n                        <\/div>\r\n                      <\/div>\r\n                    <\/div>\r\n                    <div class=\"h-column h-column-container d-flex h-col-lg-auto h-col-md-auto h-col-auto style-1387-outer style-local-3003-c14-outer\">\r\n                      <div data-colibri-id=\"3003-c14\" class=\"d-flex h-flex-basis h-column__inner h-px-lg-2 h-px-md-2 h-px-2 v-inner-lg-2 v-inner-md-2 v-inner-2 style-1387 style-local-3003-c14 position-relative\">\r\n                        <!---->\r\n                        <!---->\r\n                        <div class=\"w-100 h-y-container h-column__content h-column__v-align flex-basis-100 align-self-lg-start align-self-md-start align-self-start\">\r\n                          <!---->\r\n                          <div data-colibri-id=\"3003-c15\" class=\"h-x-container style-1390 style-local-3003-c15 position-relative h-element\">\r\n                            <!---->\r\n                            <div class=\"h-x-container-inner style-dynamic-3003-c15-group style-1390-spacing style-local-3003-c15-spacing\"><span class=\"h-button__outer style-1391-outer style-local-3003-c16-outer d-inline-flex h-element\"><a h-use-smooth-scroll=\"true\" href=\"https:\/\/play.google.com\/store\/apps\/details?id=com.audioguides_paris\" target=\"_blank\"  data-colibri-id=\"3003-c16\" class=\"d-flex w-100 align-items-center h-button justify-content-lg-center justify-content-md-center justify-content-center style-1391 style-local-3003-c16 position-relative\"><!----><!----> <span>google play<\/span><\/a>\r\n                              <\/span>\r\n                            <\/div>\r\n                          <\/div>\r\n                        <\/div>\r\n                      <\/div>\r\n                    <\/div>\r\n                  <\/div>\r\n                <\/div>\r\n              <\/div>\r\n            <\/div>\r\n          <\/div>\r\n        <\/div>\r\n      <\/div>\r\n    <\/div>\r\n  <\/div>\r\n<\/div>","protected":false},"excerpt":{"rendered":"<p>Balade \u00ab Europe \u2013 Monceau : scandales, artistes et m\u00e9moires cach\u00e9es \u00bb Et si derri\u00e8re les fa\u00e7ades sages du 8\u1d49 se cachait l\u2019un des quartiers les plus romanesques de Paris ? Entre la gare Saint-Lazare, la place de l\u2019Europe, la rue de Londres et le parc Monceau, cette balade vous emm\u00e8ne dans un d\u00e9cor haussmannien [&hellip;]<\/p>\n","protected":false},"author":1,"featured_media":0,"parent":0,"menu_order":0,"comment_status":"closed","ping_status":"closed","template":"page-templates\/full-width-page.php","meta":{"footnotes":""},"class_list":["post-3003","page","type-page","status-publish","hentry"],"yoast_head":"<!-- This site is optimized with the Yoast SEO plugin v26.6 - https:\/\/yoast.com\/wordpress\/plugins\/seo\/ -->\n<title>Quartier de l\u2019Europe - Audio Guide Paris<\/title>\n<meta name=\"description\" content=\"D\u00e9couvrez le Quartier de l\u2019Europe \u00e0 Paris avec notre audioguide : Saint-Lazare, Pont de l\u2019Europe et rues haussmanniennes. Parcours, carte et anecdotes.\" \/>\n<meta name=\"robots\" content=\"index, follow, max-snippet:-1, max-image-preview:large, max-video-preview:-1\" \/>\n<link rel=\"canonical\" href=\"https:\/\/audioguide-paris.com\/index.php\/quartier-de-leurope\/\" \/>\n<meta property=\"og:locale\" content=\"fr_FR\" \/>\n<meta property=\"og:type\" content=\"article\" \/>\n<meta property=\"og:title\" content=\"Quartier de l\u2019Europe - Audio Guide Paris\" \/>\n<meta property=\"og:description\" content=\"D\u00e9couvrez le Quartier de l\u2019Europe \u00e0 Paris avec notre audioguide : Saint-Lazare, Pont de l\u2019Europe et rues haussmanniennes. Parcours, carte et anecdotes.\" \/>\n<meta property=\"og:url\" content=\"https:\/\/audioguide-paris.com\/index.php\/quartier-de-leurope\/\" \/>\n<meta property=\"og:site_name\" content=\"Audio Guide Paris\" \/>\n<meta property=\"article:publisher\" content=\"https:\/\/www.facebook.com\/profile.php?id=61558434027122\" \/>\n<meta property=\"article:modified_time\" content=\"2026-04-03T08:24:01+00:00\" \/>\n<meta name=\"twitter:card\" content=\"summary_large_image\" \/>\n<meta name=\"twitter:label1\" content=\"Dur\u00e9e de lecture estim\u00e9e\" \/>\n\t<meta name=\"twitter:data1\" content=\"3 minutes\" \/>\n<script type=\"application\/ld+json\" class=\"yoast-schema-graph\">{\"@context\":\"https:\/\/schema.org\",\"@graph\":[{\"@type\":\"WebPage\",\"@id\":\"https:\/\/audioguide-paris.com\/index.php\/quartier-de-leurope\/\",\"url\":\"https:\/\/audioguide-paris.com\/index.php\/quartier-de-leurope\/\",\"name\":\"Quartier de l\u2019Europe - Audio Guide Paris\",\"isPartOf\":{\"@id\":\"https:\/\/audioguide-paris.com\/#website\"},\"datePublished\":\"2025-11-27T17:39:37+00:00\",\"dateModified\":\"2026-04-03T08:24:01+00:00\",\"description\":\"D\u00e9couvrez le Quartier de l\u2019Europe \u00e0 Paris avec notre audioguide : Saint-Lazare, Pont de l\u2019Europe et rues haussmanniennes. Parcours, carte et anecdotes.\",\"breadcrumb\":{\"@id\":\"https:\/\/audioguide-paris.com\/index.php\/quartier-de-leurope\/#breadcrumb\"},\"inLanguage\":\"fr-FR\",\"potentialAction\":[{\"@type\":\"ReadAction\",\"target\":[\"https:\/\/audioguide-paris.com\/index.php\/quartier-de-leurope\/\"]}]},{\"@type\":\"BreadcrumbList\",\"@id\":\"https:\/\/audioguide-paris.com\/index.php\/quartier-de-leurope\/#breadcrumb\",\"itemListElement\":[{\"@type\":\"ListItem\",\"position\":1,\"name\":\"Accueil\",\"item\":\"https:\/\/audioguide-paris.com\/\"},{\"@type\":\"ListItem\",\"position\":2,\"name\":\"europe\"}]},{\"@type\":\"WebSite\",\"@id\":\"https:\/\/audioguide-paris.com\/#website\",\"url\":\"https:\/\/audioguide-paris.com\/\",\"name\":\"Audio Guide Paris\",\"description\":\"D\u00e9couvrez les tr\u00e9sors de Paris en compagnie d\u2019un expert\",\"publisher\":{\"@id\":\"https:\/\/audioguide-paris.com\/#organization\"},\"potentialAction\":[{\"@type\":\"SearchAction\",\"target\":{\"@type\":\"EntryPoint\",\"urlTemplate\":\"https:\/\/audioguide-paris.com\/?s={search_term_string}\"},\"query-input\":{\"@type\":\"PropertyValueSpecification\",\"valueRequired\":true,\"valueName\":\"search_term_string\"}}],\"inLanguage\":\"fr-FR\"},{\"@type\":\"Organization\",\"@id\":\"https:\/\/audioguide-paris.com\/#organization\",\"name\":\"Audio Guide Paris\",\"url\":\"https:\/\/audioguide-paris.com\/\",\"logo\":{\"@type\":\"ImageObject\",\"inLanguage\":\"fr-FR\",\"@id\":\"https:\/\/audioguide-paris.com\/#\/schema\/logo\/image\/\",\"url\":\"https:\/\/audioguide-paris.com\/wp-content\/uploads\/2024\/04\/cropped-cropped-Logo-transparent.png\",\"contentUrl\":\"https:\/\/audioguide-paris.com\/wp-content\/uploads\/2024\/04\/cropped-cropped-Logo-transparent.png\",\"width\":898,\"height\":898,\"caption\":\"Audio Guide Paris\"},\"image\":{\"@id\":\"https:\/\/audioguide-paris.com\/#\/schema\/logo\/image\/\"},\"sameAs\":[\"https:\/\/www.facebook.com\/profile.php?id=61558434027122\",\"https:\/\/www.instagram.com\/audioguideparis\/\"]}]}<\/script>\n<!-- \/ Yoast SEO plugin. -->","yoast_head_json":{"title":"Quartier de l\u2019Europe - Audio Guide Paris","description":"D\u00e9couvrez le Quartier de l\u2019Europe \u00e0 Paris avec notre audioguide : Saint-Lazare, Pont de l\u2019Europe et rues haussmanniennes. Parcours, carte et anecdotes.","robots":{"index":"index","follow":"follow","max-snippet":"max-snippet:-1","max-image-preview":"max-image-preview:large","max-video-preview":"max-video-preview:-1"},"canonical":"https:\/\/audioguide-paris.com\/index.php\/quartier-de-leurope\/","og_locale":"fr_FR","og_type":"article","og_title":"Quartier de l\u2019Europe - Audio Guide Paris","og_description":"D\u00e9couvrez le Quartier de l\u2019Europe \u00e0 Paris avec notre audioguide : Saint-Lazare, Pont de l\u2019Europe et rues haussmanniennes. Parcours, carte et anecdotes.","og_url":"https:\/\/audioguide-paris.com\/index.php\/quartier-de-leurope\/","og_site_name":"Audio Guide Paris","article_publisher":"https:\/\/www.facebook.com\/profile.php?id=61558434027122","article_modified_time":"2026-04-03T08:24:01+00:00","twitter_card":"summary_large_image","twitter_misc":{"Dur\u00e9e de lecture estim\u00e9e":"3 minutes"},"schema":{"@context":"https:\/\/schema.org","@graph":[{"@type":"WebPage","@id":"https:\/\/audioguide-paris.com\/index.php\/quartier-de-leurope\/","url":"https:\/\/audioguide-paris.com\/index.php\/quartier-de-leurope\/","name":"Quartier de l\u2019Europe - Audio Guide Paris","isPartOf":{"@id":"https:\/\/audioguide-paris.com\/#website"},"datePublished":"2025-11-27T17:39:37+00:00","dateModified":"2026-04-03T08:24:01+00:00","description":"D\u00e9couvrez le Quartier de l\u2019Europe \u00e0 Paris avec notre audioguide : Saint-Lazare, Pont de l\u2019Europe et rues haussmanniennes. Parcours, carte et anecdotes.","breadcrumb":{"@id":"https:\/\/audioguide-paris.com\/index.php\/quartier-de-leurope\/#breadcrumb"},"inLanguage":"fr-FR","potentialAction":[{"@type":"ReadAction","target":["https:\/\/audioguide-paris.com\/index.php\/quartier-de-leurope\/"]}]},{"@type":"BreadcrumbList","@id":"https:\/\/audioguide-paris.com\/index.php\/quartier-de-leurope\/#breadcrumb","itemListElement":[{"@type":"ListItem","position":1,"name":"Accueil","item":"https:\/\/audioguide-paris.com\/"},{"@type":"ListItem","position":2,"name":"europe"}]},{"@type":"WebSite","@id":"https:\/\/audioguide-paris.com\/#website","url":"https:\/\/audioguide-paris.com\/","name":"Audio Guide Paris","description":"D\u00e9couvrez les tr\u00e9sors de Paris en compagnie d\u2019un expert","publisher":{"@id":"https:\/\/audioguide-paris.com\/#organization"},"potentialAction":[{"@type":"SearchAction","target":{"@type":"EntryPoint","urlTemplate":"https:\/\/audioguide-paris.com\/?s={search_term_string}"},"query-input":{"@type":"PropertyValueSpecification","valueRequired":true,"valueName":"search_term_string"}}],"inLanguage":"fr-FR"},{"@type":"Organization","@id":"https:\/\/audioguide-paris.com\/#organization","name":"Audio Guide Paris","url":"https:\/\/audioguide-paris.com\/","logo":{"@type":"ImageObject","inLanguage":"fr-FR","@id":"https:\/\/audioguide-paris.com\/#\/schema\/logo\/image\/","url":"https:\/\/audioguide-paris.com\/wp-content\/uploads\/2024\/04\/cropped-cropped-Logo-transparent.png","contentUrl":"https:\/\/audioguide-paris.com\/wp-content\/uploads\/2024\/04\/cropped-cropped-Logo-transparent.png","width":898,"height":898,"caption":"Audio Guide Paris"},"image":{"@id":"https:\/\/audioguide-paris.com\/#\/schema\/logo\/image\/"},"sameAs":["https:\/\/www.facebook.com\/profile.php?id=61558434027122","https:\/\/www.instagram.com\/audioguideparis\/"]}]}},"_links":{"self":[{"href":"https:\/\/audioguide-paris.com\/index.php\/wp-json\/wp\/v2\/pages\/3003","targetHints":{"allow":["GET"]}}],"collection":[{"href":"https:\/\/audioguide-paris.com\/index.php\/wp-json\/wp\/v2\/pages"}],"about":[{"href":"https:\/\/audioguide-paris.com\/index.php\/wp-json\/wp\/v2\/types\/page"}],"author":[{"embeddable":true,"href":"https:\/\/audioguide-paris.com\/index.php\/wp-json\/wp\/v2\/users\/1"}],"replies":[{"embeddable":true,"href":"https:\/\/audioguide-paris.com\/index.php\/wp-json\/wp\/v2\/comments?post=3003"}],"version-history":[{"count":6,"href":"https:\/\/audioguide-paris.com\/index.php\/wp-json\/wp\/v2\/pages\/3003\/revisions"}],"predecessor-version":[{"id":4082,"href":"https:\/\/audioguide-paris.com\/index.php\/wp-json\/wp\/v2\/pages\/3003\/revisions\/4082"}],"wp:attachment":[{"href":"https:\/\/audioguide-paris.com\/index.php\/wp-json\/wp\/v2\/media?parent=3003"}],"curies":[{"name":"wp","href":"https:\/\/api.w.org\/{rel}","templated":true}]}}