{"id":3025,"date":"2025-11-27T19:11:54","date_gmt":"2025-11-27T18:11:54","guid":{"rendered":"https:\/\/audioguide-paris.com\/?page_id=3025"},"modified":"2026-03-18T11:17:55","modified_gmt":"2026-03-18T10:17:55","slug":"ile-de-la-cite","status":"publish","type":"page","link":"https:\/\/audioguide-paris.com\/index.php\/ile-de-la-cite\/","title":{"rendered":"\u00cele de la Cit\u00e9"},"content":{"rendered":"<div data-colibri-id=\"3025-c1\" class=\"style-1393 style-local-3025-c1 position-relative\">\r\n  <!---->\r\n  <div data-colibri-component=\"section\" data-colibri-id=\"3025-c2\" id=\"overlappable\" class=\"h-section h-section-global-spacing d-flex align-items-lg-center align-items-md-center align-items-center style-1394 style-local-3025-c2 position-relative\">\r\n    <!---->\r\n    <!---->\r\n    <div class=\"h-section-grid-container h-section-boxed-container\">\r\n      <!---->\r\n      <div data-colibri-id=\"3025-c3\" class=\"h-row-container gutters-row-lg-0 gutters-row-md-0 gutters-row-0 gutters-row-v-lg-0 gutters-row-v-md-0 gutters-row-v-0 style-1395 style-local-3025-c3 position-relative\">\r\n        <!---->\r\n        <div class=\"h-row justify-content-lg-center justify-content-md-center justify-content-center align-items-lg-stretch align-items-md-stretch align-items-stretch gutters-col-lg-0 gutters-col-md-0 gutters-col-0 gutters-col-v-lg-0 gutters-col-v-md-0 gutters-col-v-0\">\r\n          <!---->\r\n          <div class=\"h-column h-column-container d-flex h-col-lg-auto h-col-md-auto h-col-auto style-1396-outer style-local-3025-c4-outer\">\r\n            <div data-colibri-id=\"3025-c4\" class=\"d-flex h-flex-basis h-column__inner h-ui-empty-state-container h-px-lg-0 h-px-md-0 h-px-0 v-inner-lg-0 v-inner-md-0 v-inner-0 style-1396 style-local-3025-c4 position-relative\">\r\n              <!---->\r\n              <!---->\r\n              <div class=\"w-100 h-y-container h-column__content h-column__v-align flex-basis-100\">\r\n                <!---->\r\n              <\/div>\r\n            <\/div>\r\n          <\/div>\r\n          <div class=\"h-column h-column-container d-flex h-col-lg-auto h-col-md-auto h-col-auto style-1397-outer style-local-3025-c5-outer\">\r\n            <div data-colibri-id=\"3025-c5\" class=\"d-flex h-flex-basis h-column__inner h-px-lg-2 h-px-md-2 h-px-2 v-inner-lg-2 v-inner-md-2 v-inner-2 style-1397 style-local-3025-c5 position-relative\">\r\n              <!---->\r\n              <!---->\r\n              <div class=\"w-100 h-y-container h-column__content h-column__v-align flex-basis-100 align-self-lg-center align-self-md-center align-self-center\">\r\n                <!---->\r\n                <div data-colibri-id=\"3025-c6\" class=\"h-global-transition-all h-heading style-1398 style-local-3025-c6 position-relative h-element\">\r\n                  <!---->\r\n                  <div class=\"h-heading__outer style-1398 style-local-3025-c6\">\r\n                    <!---->\r\n                    <!---->\r\n                    <h4 class=\"\">Balade \u00ab Crimes, miracles et l\u00e9gendes de l\u2019\u00eele de la Cit\u00e9 \u00bb<\/h4>\r\n                  <\/div>\r\n                <\/div>\r\n                <div data-colibri-id=\"3025-c7\" class=\"h-text h-text-component style-1399 style-local-3025-c7 position-relative h-element\">\r\n                  <!---->\r\n                  <!---->\r\n                  <div class=\"\">\r\n                    <p>Et si vous d\u00e9couvriez le centre secret de Paris l\u00e0 o\u00f9 tout a commenc\u00e9 : palais des rois, justice implacable, h\u00f4pital m\u00e9di\u00e9val, ruelles disparues\u2026 mais aussi crimes sordides, miracles de colombes amoureuses et fant\u00f4mes litt\u00e9raires ?\r\n                      De Notre-Dame au Palais de Justice, en passant par la rue Chanoinesse, l\u2019H\u00f4tel-Dieu et le march\u00e9 aux fleurs, cette balade \u00e0 pied vous entra\u00eene dans les coulisses de l\u2019\u00eele de la Cit\u00e9, bien loin des simples cartes postales.<\/p>\r\n                    <p>Vous partez au pied de Notre-Dame et d\u00e9couvrez ce qu\u2019on ne voit jamais depuis le parvis : l\u2019ancien clo\u00eetre interdit aux femmes, les maisons des chanoines, les ruelles m\u00e9di\u00e9vales aujourd\u2019hui englouties, le fun\u00e9rarium discret o\u00f9 a transit\u00e9\r\n                      le corps de Jim Morrison\u2026 On vous raconte comment la cath\u00e9drale a failli changer de visage, pourquoi certains d\u00e9tails de la fa\u00e7ade sont de faux \u00ab Moyen \u00c2ge \u00bb et ce que la r\u00e9ouverture de 2024 a r\u00e9ellement r\u00e9v\u00e9l\u00e9.<\/p>\r\n                    <p>En quelques m\u00e8tres, vous passez des grandes orgues aux grandes plumes : Du Bellay, Racine, Bichat, mais aussi des journalistes et \u00e9crivains modernes qui ont v\u00e9cu dans ces maisons de pierre. Vous d\u00e9couvrez o\u00f9 Racine \u00e9crivait ses trag\u00e9dies,\r\n                      quel m\u00e9decin visionnaire a donn\u00e9 son nom \u00e0 un \u00ab tissu \u00bb de notre corps\u2026 et comment une sombre histoire de barbier et de p\u00e2tissier, accus\u00e9s d\u2019avoir servi des p\u00e2t\u00e9s humains \u00e0 tout Paris, a inspir\u00e9 plus tard la l\u00e9gende de Sweeney Todd.<\/p>\r\n                  <\/div>\r\n                <\/div>\r\n              <\/div>\r\n            <\/div>\r\n          <\/div>\r\n          <div class=\"h-column h-column-container d-flex h-col-lg-auto h-col-md-auto h-col-auto style-1397-outer style-local-3025-c8-outer\">\r\n            <div data-colibri-id=\"3025-c8\" class=\"d-flex h-flex-basis h-column__inner h-px-lg-2 h-px-md-2 h-px-2 v-inner-lg-2 v-inner-md-2 v-inner-2 style-1397 style-local-3025-c8 position-relative\">\r\n              <!---->\r\n              <!---->\r\n              <div class=\"w-100 h-y-container h-column__content h-column__v-align flex-basis-100 align-self-lg-center align-self-md-center align-self-center\">\r\n                <!---->\r\n                <div data-colibri-id=\"3025-c9\" class=\"h-text h-text-component style-1403 style-local-3025-c9 position-relative h-element\">\r\n                  <!---->\r\n                  <!---->\r\n                  <div class=\"\">\r\n                    <p>La balade vous entra\u00eene ensuite vers l\u2019H\u00f4tel-Dieu et les quais : plus ancien h\u00f4pital de Paris, passages vo\u00fbt\u00e9s o\u00f9 l\u2019on vole la nuit des cadavres pour les dissections, brigands tapis dans les \u00ab cagnards \u00bb, bateliers qui rep\u00eachent un\r\n                      jour\u2026 une t\u00eate coup\u00e9e. Sur les quais de la Corse, vous suivez l\u2019enqu\u00eate macabre d\u2019un crime familial qui fait froid dans le dos. Juste \u00e0 c\u00f4t\u00e9, le march\u00e9 aux fleurs \u2013 Reine Elizabeth II m\u00eale parfums de plantes, souvenirs napol\u00e9oniens\r\n                      et visite royale qui a chang\u00e9 son nom.<\/p>\r\n                    <p>Au fil de la promenade, vous d\u00e9couvrez aussi comment deux pr\u00e9fets de police, Louis L\u00e9pine et C\u00e9lestin Hennion, ont invent\u00e9 la police moderne depuis cette \u00eele : brigades du Tigre, premiers secours, passages pi\u00e9tons, chiens sauveteurs\u2026\r\n                      L\u2019all\u00e9e qui porte son nom devient le d\u00e9cor d\u2019histoires de braquages, de grandes affaires criminelles et de d\u00e9buts de la police scientifique.<\/p>\r\n                    <p>Le final se joue devant le Palais de Justice : ancien palais des rois, R\u00e9volution fran\u00e7aise, Tribunal r\u00e9volutionnaire, Conciergerie, Sainte-Chapelle\u2026 Vous apprenez comment ce lieu est pass\u00e9 de r\u00e9sidence royale \u00e0 machine judiciaire,\r\n                      pourquoi certaines portes \u00e9taient synonymes de condamnation, et ce qu\u2019il reste vraiment du palais m\u00e9di\u00e9val derri\u00e8re les fa\u00e7ades n\u00e9o-classiques.<\/p>\r\n                  <\/div>\r\n                <\/div>\r\n              <\/div>\r\n            <\/div>\r\n          <\/div>\r\n          <div class=\"h-column h-column-container d-flex h-col-lg-auto h-col-md-auto h-col-auto style-1402-outer style-local-3025-c17-outer\">\r\n            <div data-colibri-id=\"3025-c17\" class=\"d-flex h-flex-basis h-column__inner h-ui-empty-state-container h-px-lg-0 h-px-md-0 h-px-0 v-inner-lg-0 v-inner-md-0 v-inner-0 style-1402 style-local-3025-c17 position-relative\">\r\n              <!---->\r\n              <!---->\r\n              <div class=\"w-100 h-y-container h-column__content h-column__v-align flex-basis-100\">\r\n                <!---->\r\n              <\/div>\r\n            <\/div>\r\n          <\/div>\r\n        <\/div>\r\n      <\/div>\r\n      <div data-colibri-id=\"3025-c18\" class=\"h-row-container gutters-row-lg-2 gutters-row-md-2 gutters-row-0 gutters-row-v-lg-2 gutters-row-v-md-2 gutters-row-v-2 style-2218 style-local-3025-c18 position-relative\">\r\n        <!---->\r\n        <div class=\"h-row justify-content-lg-center justify-content-md-center justify-content-center align-items-lg-stretch align-items-md-stretch align-items-stretch gutters-col-lg-2 gutters-col-md-2 gutters-col-0 gutters-col-v-lg-2 gutters-col-v-md-2 gutters-col-v-2\">\r\n          <!---->\r\n          <div class=\"h-column h-column-container d-flex h-col-lg-auto h-col-md-auto h-col-auto style-2219-outer style-local-3025-c19-outer\">\r\n            <div data-colibri-id=\"3025-c19\" class=\"d-flex h-flex-basis h-column__inner h-px-lg-2 h-px-md-2 h-px-2 v-inner-lg-2 v-inner-md-2 v-inner-2 style-2219 style-local-3025-c19 position-relative\">\r\n              <!---->\r\n              <!---->\r\n              <div class=\"w-100 h-y-container h-column__content h-column__v-align flex-basis-100 align-self-lg-start align-self-md-start align-self-start\">\r\n                <!---->\r\n                <div data-colibri-id=\"3025-c20\" class=\"h-global-transition-all h-heading style-2220 style-local-3025-c20 position-relative h-element\">\r\n                  <!---->\r\n                  <div class=\"h-heading__outer style-2220 style-local-3025-c20\">\r\n                    <!---->\r\n                    <!---->\r\n                    <h1 class=\"\">Pendant cette visite vous :<\/h1>\r\n                  <\/div>\r\n                <\/div>\r\n                <div data-colibri-id=\"3025-c21\" class=\"h-text h-text-component style-2221 style-local-3025-c21 position-relative h-element\">\r\n                  <!---->\r\n                  <!---->\r\n                  <div class=\"\">\r\n                    <ul>\r\n                      <li>explorez \u00e0 pied l\u2019\u00eele de la Cit\u00e9, c\u0153ur historique de Paris, entre Notre-Dame, H\u00f4tel-Dieu, quais, march\u00e9 aux fleurs et Palais de Justice ;\r\n                        <br>\r\n                      <\/li>\r\n                      <li>d\u00e9couvrez des histoires incroyables : affaire du barbier et du p\u00e2tissier, vol de cadavres, crimes familiaux, miracles de colombes, naissance de la police moderne ;\r\n                        <br>\r\n                      <\/li>\r\n                      <li>apprenez \u00e0 lire les d\u00e9tails cach\u00e9s : traces des anciens remparts, rues disparues, maisons d\u2019\u00e9crivains, plaques presque invisibles qui changent le sens des lieux ;\r\n                        <br>\r\n                      <\/li>\r\n                      <li>profitez de spots photo uniques : parvis de Notre-Dame, ruelles pav\u00e9es, march\u00e9 aux fleurs, quais de la Seine et silhouettes des tours du Palais de Justice.\r\n                        <br>\r\n                      <\/li>\r\n                    <\/ul>\r\n                    <p>Plus qu\u2019une visite, c\u2019est un vrai polar historique \u00e0 ciel ouvert, \u00e0 vivre casque sur les oreilles au milieu de la Seine.\r\n                      <br>\r\n                      <br><span style=\"font-weight: 600;\">T\u00e9l\u00e9chargez gratuitement l\u2019application Audio Guide Paris et d\u00e9bloquez la balade compl\u00e8te \u00ab Crimes, miracles et l\u00e9gendes de l\u2019\u00eele de la Cit\u00e9 \u00bb \u2014 un Paris m\u00e9di\u00e9val, macabre et romantique \u00e0 la fois, dont les histoires les plus incroyables ne se r\u00e9v\u00e8lent qu\u2019\u00e0 ceux qui les \u00e9coutent.<\/span><\/p>\r\n                  <\/div>\r\n                <\/div>\r\n              <\/div>\r\n            <\/div>\r\n          <\/div>\r\n        <\/div>\r\n      <\/div>\r\n      <div data-colibri-id=\"3025-c22\" class=\"h-row-container gutters-row-lg-2 gutters-row-md-2 gutters-row-0 gutters-row-v-lg-2 gutters-row-v-md-2 gutters-row-v-2 style-1404 style-local-3025-c22 position-relative\">\r\n        <!---->\r\n        <div class=\"h-row justify-content-lg-center justify-content-md-center justify-content-center align-items-lg-stretch align-items-md-stretch align-items-stretch gutters-col-lg-2 gutters-col-md-2 gutters-col-0 gutters-col-v-lg-2 gutters-col-v-md-2 gutters-col-v-2\">\r\n          <!---->\r\n          <div class=\"h-column h-column-container d-flex h-col-lg-auto h-col-md-auto h-col-auto style-1405-outer style-local-3025-c23-outer\">\r\n            <div data-colibri-id=\"3025-c23\" class=\"d-flex h-flex-basis h-column__inner h-px-lg-2 h-px-md-2 h-px-2 v-inner-lg-2 v-inner-md-2 v-inner-2 style-1405 style-local-3025-c23 position-relative\">\r\n              <!---->\r\n              <!---->\r\n              <div class=\"w-100 h-y-container h-column__content h-column__v-align flex-basis-100 align-self-lg-start align-self-md-start align-self-start\">\r\n                <!---->\r\n                <div data-colibri-id=\"3025-c24\" class=\"h-x-container style-1407 style-local-3025-c24 position-relative h-element\">\r\n                  <!---->\r\n                  <div class=\"h-x-container-inner style-dynamic-3025-c24-group style-1407-spacing style-local-3025-c24-spacing\"><span class=\"h-button__outer style-1408-outer style-local-3025-c25-outer d-inline-flex h-element\"><a h-use-smooth-scroll=\"true\" href=\"https:\/\/apps.apple.com\/gr\/app\/audio-guide-paris\/id6471984315\" target=\"_blank\"  data-colibri-id=\"3025-c25\" class=\"d-flex w-100 align-items-center h-button justify-content-lg-center justify-content-md-center justify-content-center style-1408 style-local-3025-c25 position-relative\"><!----><!----> <span>apple store <\/span><\/a>\r\n                    <\/span>\r\n                  <\/div>\r\n                <\/div>\r\n              <\/div>\r\n            <\/div>\r\n          <\/div>\r\n          <div class=\"h-column h-column-container d-flex h-col-lg-auto h-col-md-auto h-col-auto style-1406-outer style-local-3025-c26-outer\">\r\n            <div data-colibri-id=\"3025-c26\" class=\"d-flex h-flex-basis h-column__inner h-px-lg-2 h-px-md-2 h-px-2 v-inner-lg-2 v-inner-md-2 v-inner-2 style-1406 style-local-3025-c26 position-relative\">\r\n              <!---->\r\n              <!---->\r\n              <div class=\"w-100 h-y-container h-column__content h-column__v-align flex-basis-100 align-self-lg-start align-self-md-start align-self-start\">\r\n                <!---->\r\n                <div data-colibri-id=\"3025-c27\" class=\"h-x-container style-1409 style-local-3025-c27 position-relative h-element\">\r\n                  <!---->\r\n                  <div class=\"h-x-container-inner style-dynamic-3025-c27-group style-1409-spacing style-local-3025-c27-spacing\"><span class=\"h-button__outer style-1410-outer style-local-3025-c28-outer d-inline-flex h-element\"><a h-use-smooth-scroll=\"true\" href=\"https:\/\/play.google.com\/store\/apps\/details?id=com.audioguides_paris\" target=\"_blank\"  data-colibri-id=\"3025-c28\" class=\"d-flex w-100 align-items-center h-button justify-content-lg-center justify-content-md-center justify-content-center style-1410 style-local-3025-c28 position-relative\"><!----><!----> <span>google play<\/span><\/a>\r\n                    <\/span>\r\n                  <\/div>\r\n                <\/div>\r\n              <\/div>\r\n            <\/div>\r\n          <\/div>\r\n        <\/div>\r\n      <\/div>\r\n    <\/div>\r\n  <\/div>\r\n<\/div>","protected":false},"excerpt":{"rendered":"<p>Balade \u00ab Crimes, miracles et l\u00e9gendes de l\u2019\u00eele de la Cit\u00e9 \u00bb Et si vous d\u00e9couvriez le centre secret de Paris l\u00e0 o\u00f9 tout a commenc\u00e9 : palais des rois, justice implacable, h\u00f4pital m\u00e9di\u00e9val, ruelles disparues\u2026 mais aussi crimes sordides, miracles de colombes amoureuses et fant\u00f4mes litt\u00e9raires ? De Notre-Dame au Palais de Justice, en [&hellip;]<\/p>\n","protected":false},"author":1,"featured_media":0,"parent":0,"menu_order":0,"comment_status":"closed","ping_status":"closed","template":"page-templates\/full-width-page.php","meta":{"footnotes":""},"class_list":["post-3025","page","type-page","status-publish","hentry"],"yoast_head":"<!-- This site is optimized with the Yoast SEO plugin v26.6 - https:\/\/yoast.com\/wordpress\/plugins\/seo\/ -->\n<title>\u00cele de la Cit\u00e9 - Audio Guide Paris<\/title>\n<meta name=\"description\" content=\"D\u00e9couvrez l\u2019\u00cele de la Cit\u00e9 avec un audioguide. Profitez d\u2019une visite autoguid\u00e9e pour explorer Notre-Dame, la Sainte-Chapelle et le c\u0153ur historique de Paris.\" \/>\n<meta name=\"robots\" content=\"index, follow, max-snippet:-1, max-image-preview:large, max-video-preview:-1\" \/>\n<link rel=\"canonical\" href=\"https:\/\/audioguide-paris.com\/index.php\/ile-de-la-cite\/\" \/>\n<meta property=\"og:locale\" content=\"fr_FR\" \/>\n<meta property=\"og:type\" content=\"article\" \/>\n<meta property=\"og:title\" content=\"\u00cele de la Cit\u00e9 - Audio Guide Paris\" \/>\n<meta property=\"og:description\" content=\"D\u00e9couvrez l\u2019\u00cele de la Cit\u00e9 avec un audioguide. Profitez d\u2019une visite autoguid\u00e9e pour explorer Notre-Dame, la Sainte-Chapelle et le c\u0153ur historique de Paris.\" \/>\n<meta property=\"og:url\" content=\"https:\/\/audioguide-paris.com\/index.php\/ile-de-la-cite\/\" \/>\n<meta property=\"og:site_name\" content=\"Audio Guide Paris\" \/>\n<meta property=\"article:publisher\" content=\"https:\/\/www.facebook.com\/profile.php?id=61558434027122\" \/>\n<meta property=\"article:modified_time\" content=\"2026-03-18T10:17:55+00:00\" \/>\n<meta name=\"twitter:card\" content=\"summary_large_image\" \/>\n<meta name=\"twitter:label1\" content=\"Dur\u00e9e de lecture estim\u00e9e\" \/>\n\t<meta name=\"twitter:data1\" content=\"4 minutes\" \/>\n<script type=\"application\/ld+json\" class=\"yoast-schema-graph\">{\"@context\":\"https:\/\/schema.org\",\"@graph\":[{\"@type\":\"WebPage\",\"@id\":\"https:\/\/audioguide-paris.com\/index.php\/ile-de-la-cite\/\",\"url\":\"https:\/\/audioguide-paris.com\/index.php\/ile-de-la-cite\/\",\"name\":\"\u00cele de la Cit\u00e9 - Audio Guide Paris\",\"isPartOf\":{\"@id\":\"https:\/\/audioguide-paris.com\/#website\"},\"datePublished\":\"2025-11-27T18:11:54+00:00\",\"dateModified\":\"2026-03-18T10:17:55+00:00\",\"description\":\"D\u00e9couvrez l\u2019\u00cele de la Cit\u00e9 avec un audioguide. Profitez d\u2019une visite autoguid\u00e9e pour explorer Notre-Dame, la Sainte-Chapelle et le c\u0153ur historique de Paris.\",\"breadcrumb\":{\"@id\":\"https:\/\/audioguide-paris.com\/index.php\/ile-de-la-cite\/#breadcrumb\"},\"inLanguage\":\"fr-FR\",\"potentialAction\":[{\"@type\":\"ReadAction\",\"target\":[\"https:\/\/audioguide-paris.com\/index.php\/ile-de-la-cite\/\"]}]},{\"@type\":\"BreadcrumbList\",\"@id\":\"https:\/\/audioguide-paris.com\/index.php\/ile-de-la-cite\/#breadcrumb\",\"itemListElement\":[{\"@type\":\"ListItem\",\"position\":1,\"name\":\"Accueil\",\"item\":\"https:\/\/audioguide-paris.com\/\"},{\"@type\":\"ListItem\",\"position\":2,\"name\":\"\u00cele de la Cit\u00e9\"}]},{\"@type\":\"WebSite\",\"@id\":\"https:\/\/audioguide-paris.com\/#website\",\"url\":\"https:\/\/audioguide-paris.com\/\",\"name\":\"Audio Guide Paris\",\"description\":\"D\u00e9couvrez les tr\u00e9sors de Paris en compagnie d\u2019un expert\",\"publisher\":{\"@id\":\"https:\/\/audioguide-paris.com\/#organization\"},\"potentialAction\":[{\"@type\":\"SearchAction\",\"target\":{\"@type\":\"EntryPoint\",\"urlTemplate\":\"https:\/\/audioguide-paris.com\/?s={search_term_string}\"},\"query-input\":{\"@type\":\"PropertyValueSpecification\",\"valueRequired\":true,\"valueName\":\"search_term_string\"}}],\"inLanguage\":\"fr-FR\"},{\"@type\":\"Organization\",\"@id\":\"https:\/\/audioguide-paris.com\/#organization\",\"name\":\"Audio Guide Paris\",\"url\":\"https:\/\/audioguide-paris.com\/\",\"logo\":{\"@type\":\"ImageObject\",\"inLanguage\":\"fr-FR\",\"@id\":\"https:\/\/audioguide-paris.com\/#\/schema\/logo\/image\/\",\"url\":\"https:\/\/audioguide-paris.com\/wp-content\/uploads\/2024\/04\/cropped-cropped-Logo-transparent.png\",\"contentUrl\":\"https:\/\/audioguide-paris.com\/wp-content\/uploads\/2024\/04\/cropped-cropped-Logo-transparent.png\",\"width\":898,\"height\":898,\"caption\":\"Audio Guide Paris\"},\"image\":{\"@id\":\"https:\/\/audioguide-paris.com\/#\/schema\/logo\/image\/\"},\"sameAs\":[\"https:\/\/www.facebook.com\/profile.php?id=61558434027122\",\"https:\/\/www.instagram.com\/audioguideparis\/\"]}]}<\/script>\n<!-- \/ Yoast SEO plugin. -->","yoast_head_json":{"title":"\u00cele de la Cit\u00e9 - Audio Guide Paris","description":"D\u00e9couvrez l\u2019\u00cele de la Cit\u00e9 avec un audioguide. Profitez d\u2019une visite autoguid\u00e9e pour explorer Notre-Dame, la Sainte-Chapelle et le c\u0153ur historique de Paris.","robots":{"index":"index","follow":"follow","max-snippet":"max-snippet:-1","max-image-preview":"max-image-preview:large","max-video-preview":"max-video-preview:-1"},"canonical":"https:\/\/audioguide-paris.com\/index.php\/ile-de-la-cite\/","og_locale":"fr_FR","og_type":"article","og_title":"\u00cele de la Cit\u00e9 - Audio Guide Paris","og_description":"D\u00e9couvrez l\u2019\u00cele de la Cit\u00e9 avec un audioguide. Profitez d\u2019une visite autoguid\u00e9e pour explorer Notre-Dame, la Sainte-Chapelle et le c\u0153ur historique de Paris.","og_url":"https:\/\/audioguide-paris.com\/index.php\/ile-de-la-cite\/","og_site_name":"Audio Guide Paris","article_publisher":"https:\/\/www.facebook.com\/profile.php?id=61558434027122","article_modified_time":"2026-03-18T10:17:55+00:00","twitter_card":"summary_large_image","twitter_misc":{"Dur\u00e9e de lecture estim\u00e9e":"4 minutes"},"schema":{"@context":"https:\/\/schema.org","@graph":[{"@type":"WebPage","@id":"https:\/\/audioguide-paris.com\/index.php\/ile-de-la-cite\/","url":"https:\/\/audioguide-paris.com\/index.php\/ile-de-la-cite\/","name":"\u00cele de la Cit\u00e9 - Audio Guide Paris","isPartOf":{"@id":"https:\/\/audioguide-paris.com\/#website"},"datePublished":"2025-11-27T18:11:54+00:00","dateModified":"2026-03-18T10:17:55+00:00","description":"D\u00e9couvrez l\u2019\u00cele de la Cit\u00e9 avec un audioguide. Profitez d\u2019une visite autoguid\u00e9e pour explorer Notre-Dame, la Sainte-Chapelle et le c\u0153ur historique de Paris.","breadcrumb":{"@id":"https:\/\/audioguide-paris.com\/index.php\/ile-de-la-cite\/#breadcrumb"},"inLanguage":"fr-FR","potentialAction":[{"@type":"ReadAction","target":["https:\/\/audioguide-paris.com\/index.php\/ile-de-la-cite\/"]}]},{"@type":"BreadcrumbList","@id":"https:\/\/audioguide-paris.com\/index.php\/ile-de-la-cite\/#breadcrumb","itemListElement":[{"@type":"ListItem","position":1,"name":"Accueil","item":"https:\/\/audioguide-paris.com\/"},{"@type":"ListItem","position":2,"name":"\u00cele de la Cit\u00e9"}]},{"@type":"WebSite","@id":"https:\/\/audioguide-paris.com\/#website","url":"https:\/\/audioguide-paris.com\/","name":"Audio Guide Paris","description":"D\u00e9couvrez les tr\u00e9sors de Paris en compagnie d\u2019un expert","publisher":{"@id":"https:\/\/audioguide-paris.com\/#organization"},"potentialAction":[{"@type":"SearchAction","target":{"@type":"EntryPoint","urlTemplate":"https:\/\/audioguide-paris.com\/?s={search_term_string}"},"query-input":{"@type":"PropertyValueSpecification","valueRequired":true,"valueName":"search_term_string"}}],"inLanguage":"fr-FR"},{"@type":"Organization","@id":"https:\/\/audioguide-paris.com\/#organization","name":"Audio Guide Paris","url":"https:\/\/audioguide-paris.com\/","logo":{"@type":"ImageObject","inLanguage":"fr-FR","@id":"https:\/\/audioguide-paris.com\/#\/schema\/logo\/image\/","url":"https:\/\/audioguide-paris.com\/wp-content\/uploads\/2024\/04\/cropped-cropped-Logo-transparent.png","contentUrl":"https:\/\/audioguide-paris.com\/wp-content\/uploads\/2024\/04\/cropped-cropped-Logo-transparent.png","width":898,"height":898,"caption":"Audio Guide Paris"},"image":{"@id":"https:\/\/audioguide-paris.com\/#\/schema\/logo\/image\/"},"sameAs":["https:\/\/www.facebook.com\/profile.php?id=61558434027122","https:\/\/www.instagram.com\/audioguideparis\/"]}]}},"_links":{"self":[{"href":"https:\/\/audioguide-paris.com\/index.php\/wp-json\/wp\/v2\/pages\/3025","targetHints":{"allow":["GET"]}}],"collection":[{"href":"https:\/\/audioguide-paris.com\/index.php\/wp-json\/wp\/v2\/pages"}],"about":[{"href":"https:\/\/audioguide-paris.com\/index.php\/wp-json\/wp\/v2\/types\/page"}],"author":[{"embeddable":true,"href":"https:\/\/audioguide-paris.com\/index.php\/wp-json\/wp\/v2\/users\/1"}],"replies":[{"embeddable":true,"href":"https:\/\/audioguide-paris.com\/index.php\/wp-json\/wp\/v2\/comments?post=3025"}],"version-history":[{"count":3,"href":"https:\/\/audioguide-paris.com\/index.php\/wp-json\/wp\/v2\/pages\/3025\/revisions"}],"predecessor-version":[{"id":4068,"href":"https:\/\/audioguide-paris.com\/index.php\/wp-json\/wp\/v2\/pages\/3025\/revisions\/4068"}],"wp:attachment":[{"href":"https:\/\/audioguide-paris.com\/index.php\/wp-json\/wp\/v2\/media?parent=3025"}],"curies":[{"name":"wp","href":"https:\/\/api.w.org\/{rel}","templated":true}]}}