{"id":3048,"date":"2025-11-27T19:28:50","date_gmt":"2025-11-27T18:28:50","guid":{"rendered":"https:\/\/audioguide-paris.com\/?page_id=3048"},"modified":"2026-03-18T11:55:47","modified_gmt":"2026-03-18T10:55:47","slug":"invalides","status":"publish","type":"page","link":"https:\/\/audioguide-paris.com\/index.php\/invalides\/","title":{"rendered":"Invalides"},"content":{"rendered":"<div data-colibri-id=\"3048-c1\" class=\"style-1412 style-local-3048-c1 position-relative\">\r\n  <!---->\r\n  <div data-colibri-component=\"section\" data-colibri-id=\"3048-c2\" id=\"overlappable\" class=\"h-section h-section-global-spacing d-flex align-items-lg-center align-items-md-center align-items-center style-1413 style-local-3048-c2 position-relative\">\r\n    <!---->\r\n    <!---->\r\n    <div class=\"h-section-grid-container h-section-boxed-container\">\r\n      <!---->\r\n      <div data-colibri-id=\"3048-c3\" class=\"h-row-container gutters-row-lg-0 gutters-row-md-0 gutters-row-0 gutters-row-v-lg-0 gutters-row-v-md-0 gutters-row-v-0 style-1414 style-local-3048-c3 position-relative\">\r\n        <!---->\r\n        <div class=\"h-row justify-content-lg-center justify-content-md-center justify-content-center align-items-lg-stretch align-items-md-stretch align-items-stretch gutters-col-lg-0 gutters-col-md-0 gutters-col-0 gutters-col-v-lg-0 gutters-col-v-md-0 gutters-col-v-0\">\r\n          <!---->\r\n          <div class=\"h-column h-column-container d-flex h-col-lg-auto h-col-md-auto h-col-auto style-1415-outer style-local-3048-c4-outer\">\r\n            <div data-colibri-id=\"3048-c4\" class=\"d-flex h-flex-basis h-column__inner h-ui-empty-state-container h-px-lg-0 h-px-md-0 h-px-0 v-inner-lg-0 v-inner-md-0 v-inner-0 style-1415 style-local-3048-c4 position-relative\">\r\n              <!---->\r\n              <!---->\r\n              <div class=\"w-100 h-y-container h-column__content h-column__v-align flex-basis-100\">\r\n                <!---->\r\n              <\/div>\r\n            <\/div>\r\n          <\/div>\r\n          <div class=\"h-column h-column-container d-flex h-col-lg-auto h-col-md-auto h-col-auto style-1416-outer style-local-3048-c5-outer\">\r\n            <div data-colibri-id=\"3048-c5\" class=\"d-flex h-flex-basis h-column__inner h-px-lg-2 h-px-md-2 h-px-2 v-inner-lg-2 v-inner-md-2 v-inner-2 style-1416 style-local-3048-c5 position-relative\">\r\n              <!---->\r\n              <!---->\r\n              <div class=\"w-100 h-y-container h-column__content h-column__v-align flex-basis-100 align-self-lg-center align-self-md-center align-self-center\">\r\n                <!---->\r\n                <div data-colibri-id=\"3048-c6\" class=\"h-global-transition-all h-heading style-1417 style-local-3048-c6 position-relative h-element\">\r\n                  <!---->\r\n                  <div class=\"h-heading__outer style-1417 style-local-3048-c6\">\r\n                    <!---->\r\n                    <!---->\r\n                    <h4 class=\"\">Balade \u00ab Les secrets des Invalides &amp; de la Tour Eiffel \u00bb<\/h4>\r\n                  <\/div>\r\n                <\/div>\r\n                <div data-colibri-id=\"3048-c7\" class=\"h-text h-text-component style-1418 style-local-3048-c7 position-relative h-element\">\r\n                  <!---->\r\n                  <!---->\r\n                  <div class=\"\">\r\n                    <p>Et si vous d\u00e9couvriez le quartier des Invalides autrement qu\u2019en encha\u00eenant les photos de la Tour Eiffel ? De la Dame de fer au d\u00f4me dor\u00e9 des Invalides, en passant par le Champ-de-Mars, la rue Cler et la rue de Grenelle, cette balade\r\n                      \u00e0 pied vous emm\u00e8ne au c\u0153ur d\u2019un Paris de cartes postales\u2026 mais rempli d\u2019histoires compl\u00e8tement dingues que personne ne vous raconte.<\/p>\r\n                    <p>Pourquoi la Tour Eiffel a-t-elle failli \u00eatre d\u00e9mont\u00e9e \u2013 et m\u00eame vendue \u00e0 un ferrailleur ? Qui a vraiment tent\u00e9 de s\u2019en servir pour tester un parachute \u00ab r\u00e9volutionnaire \u00bb\u2026 en sautant dans le vide ? Comment un jardin paisible comme\r\n                      le Champ-de-Mars a pu \u00eatre le th\u00e9\u00e2tre de fusillades, de f\u00eates g\u00e9antes, d\u2019exp\u00e9riences olympiques et de d\u00e9fil\u00e9s militaires ? L\u2019audio vous replonge dans les pol\u00e9miques, les drames et les coups de g\u00e9nie qui se cachent derri\u00e8re ce d\u00e9cor\r\n                      ultra connu.<\/p>\r\n                  <\/div>\r\n                <\/div>\r\n              <\/div>\r\n            <\/div>\r\n          <\/div>\r\n          <div class=\"h-column h-column-container d-flex h-col-lg-auto h-col-md-auto h-col-auto style-1416-outer style-local-3048-c8-outer\">\r\n            <div data-colibri-id=\"3048-c8\" class=\"d-flex h-flex-basis h-column__inner h-px-lg-2 h-px-md-2 h-px-2 v-inner-lg-2 v-inner-md-2 v-inner-2 style-1416 style-local-3048-c8 position-relative\">\r\n              <!---->\r\n              <!---->\r\n              <div class=\"w-100 h-y-container h-column__content h-column__v-align flex-basis-100 align-self-lg-center align-self-md-center align-self-center\">\r\n                <!---->\r\n                <div data-colibri-id=\"3048-c9\" class=\"h-text h-text-component style-1418 style-local-3048-c9 position-relative h-element\">\r\n                  <!---->\r\n                  <!---->\r\n                  <div class=\"\">\r\n                    <p>Au fil de la promenade, vous d\u00e9couvrez un monument aux droits de l\u2019homme qui cache symboles ma\u00e7onniques, clins d\u2019\u0153il r\u00e9volutionnaires et d\u00e9tails myst\u00e9rieux \u00e0 d\u00e9crypter ; un Grand Palais \u00e9ph\u00e9m\u00e8re visible depuis l\u2019espace, rep\u00e9r\u00e9 par\r\n                      Thomas Pesquet ; une \u00c9cole militaire qui devait faire oublier les Invalides\u2026 et qui a failli rester \u00e0 l\u2019abandon ; une place d\u00e9di\u00e9e \u00e0 un g\u00e9n\u00e9ral surnomm\u00e9 \u00ab Papa \u00bb par ses soldats, sans qui Paris aurait peut-\u00eatre \u00e9t\u00e9 prise en 1914.<\/p>\r\n                    <p>Puis le quartier se fait plus intime : une rue Cler pleine de commerces de bouche o\u00f9 ont habit\u00e9 des responsables politiques bien connus, une rue de Grenelle o\u00f9 l\u2019on croise le p\u00e8re de la Coupe du Monde de football et une fa\u00e7ade Art\r\n                      nouveau compl\u00e8tement folle sign\u00e9e Jules Lavirotte, une petite \u00e9glise luth\u00e9rienne cach\u00e9e dans la verdure\u2026 autant de lieux qu\u2019on traverse sans les voir, jusqu\u2019\u00e0 ce que quelqu\u2019un vous en raconte l\u2019envers du d\u00e9cor.<\/p>\r\n                    <p>La balade s\u2019ach\u00e8ve en apoth\u00e9ose \u00e0 l\u2019H\u00f4tel des Invalides : vous d\u00e9couvrez pourquoi Louis XIV a d\u00e9cid\u00e9 de construire ce palais pour ses soldats estropi\u00e9s, comment le d\u00f4me a \u00e9t\u00e9 recouvert de centaines de milliers de feuilles d\u2019or, pourquoi\r\n                      plus de 120 personnalit\u00e9s \u2013 et m\u00eame des c\u0153urs conserv\u00e9s s\u00e9par\u00e9ment \u2013 reposent ici, et ce que la tombe de Napol\u00e9on raconte vraiment du culte qu\u2019on a construit autour de lui.<\/p>\r\n                  <\/div>\r\n                <\/div>\r\n              <\/div>\r\n            <\/div>\r\n          <\/div>\r\n          <div class=\"h-column h-column-container d-flex h-col-lg-auto h-col-md-auto h-col-auto style-1421-outer style-local-3048-c10-outer\">\r\n            <div data-colibri-id=\"3048-c10\" class=\"d-flex h-flex-basis h-column__inner h-ui-empty-state-container h-px-lg-0 h-px-md-0 h-px-0 v-inner-lg-0 v-inner-md-0 v-inner-0 style-1421 style-local-3048-c10 position-relative\">\r\n              <!---->\r\n              <!---->\r\n              <div class=\"w-100 h-y-container h-column__content h-column__v-align flex-basis-100\">\r\n                <!---->\r\n              <\/div>\r\n            <\/div>\r\n          <\/div>\r\n        <\/div>\r\n      <\/div>\r\n      <div data-colibri-id=\"3048-c11\" class=\"h-row-container gutters-row-lg-2 gutters-row-md-2 gutters-row-0 gutters-row-v-lg-2 gutters-row-v-md-2 gutters-row-v-2 style-2212 style-local-3048-c11 position-relative\">\r\n        <!---->\r\n        <div class=\"h-row justify-content-lg-center justify-content-md-center justify-content-center align-items-lg-stretch align-items-md-stretch align-items-stretch gutters-col-lg-2 gutters-col-md-2 gutters-col-0 gutters-col-v-lg-2 gutters-col-v-md-2 gutters-col-v-2\">\r\n          <!---->\r\n          <div class=\"h-column h-column-container d-flex h-col-lg-auto h-col-md-auto h-col-auto style-2213-outer style-local-3048-c12-outer\">\r\n            <div data-colibri-id=\"3048-c12\" class=\"d-flex h-flex-basis h-column__inner h-px-lg-2 h-px-md-2 h-px-2 v-inner-lg-2 v-inner-md-2 v-inner-2 style-2213 style-local-3048-c12 position-relative\">\r\n              <!---->\r\n              <!---->\r\n              <div class=\"w-100 h-y-container h-column__content h-column__v-align flex-basis-100 align-self-lg-start align-self-md-start align-self-start\">\r\n                <!---->\r\n                <div data-colibri-id=\"3048-c13\" class=\"h-global-transition-all h-heading style-2214 style-local-3048-c13 position-relative h-element\">\r\n                  <!---->\r\n                  <div class=\"h-heading__outer style-2214 style-local-3048-c13\">\r\n                    <!---->\r\n                    <!---->\r\n                    <h1 class=\"\">Pendant cette visite vous :<\/h1>\r\n                  <\/div>\r\n                <\/div>\r\n              <\/div>\r\n            <\/div>\r\n          <\/div>\r\n        <\/div>\r\n      <\/div>\r\n      <div data-colibri-id=\"3048-c14\" class=\"h-row-container gutters-row-lg-2 gutters-row-md-2 gutters-row-0 gutters-row-v-lg-2 gutters-row-v-md-2 gutters-row-v-2 style-2215 style-local-3048-c14 position-relative\">\r\n        <!---->\r\n        <div class=\"h-row justify-content-lg-center justify-content-md-center justify-content-center align-items-lg-stretch align-items-md-stretch align-items-stretch gutters-col-lg-2 gutters-col-md-2 gutters-col-0 gutters-col-v-lg-2 gutters-col-v-md-2 gutters-col-v-2\">\r\n          <!---->\r\n          <div class=\"h-column h-column-container d-flex h-col-lg-auto h-col-md-auto h-col-auto style-2216-outer style-local-3048-c15-outer\">\r\n            <div data-colibri-id=\"3048-c15\" class=\"d-flex h-flex-basis h-column__inner h-px-lg-2 h-px-md-2 h-px-2 v-inner-lg-2 v-inner-md-2 v-inner-2 style-2216 style-local-3048-c15 position-relative\">\r\n              <!---->\r\n              <!---->\r\n              <div class=\"w-100 h-y-container h-column__content h-column__v-align flex-basis-100 align-self-lg-start align-self-md-start align-self-start\">\r\n                <!---->\r\n                <div data-colibri-id=\"3048-c16\" class=\"h-text h-text-component style-2217 style-local-3048-c16 position-relative h-element\">\r\n                  <!---->\r\n                  <!---->\r\n                  <div class=\"\">\r\n                    <ul>\r\n                      <li>explorez \u00e0 pied le quartier des Invalides, de la Tour Eiffel au d\u00f4me dor\u00e9, en passant par le Champ-de-Mars, la rue Cler et la rue de Grenelle ;\r\n                        <br>\r\n                      <\/li>\r\n                      <li>d\u00e9couvrez des histoires incroyables : escroquerie \u00e0 la vente de la Tour Eiffel, saut en parachute fatal, fusillade r\u00e9volutionnaire, monument ma\u00e7onnique, b\u00e2timent visible depuis l\u2019ISS, carditaphe g\u00e9ant aux Invalides ;\r\n                        <br>\r\n                      <\/li>\r\n                      <li>profitez de spots photo iconiques et vari\u00e9s : Tour Eiffel, perspectives du Champ-de-Mars, fa\u00e7ade Art nouveau, ruelles commer\u00e7antes, cour des Invalides et coupole dor\u00e9e ;\r\n                        <br>\r\n                      <\/li>\r\n                      <li>vivez une exp\u00e9rience immersive, vivante et \u00e9motionnelle, loin des visites \u00ab catalogue \u00bb o\u00f9 l\u2019on r\u00e9cite les dates sans raconter les histoires.\r\n                        <br>\r\n                      <\/li>\r\n                    <\/ul>\r\n                    <p>Plus qu\u2019une visite, c\u2019est une plong\u00e9e dans les coulisses d\u2019un des quartiers les plus symboliques de Paris : derri\u00e8re chaque vue de carte postale, une anecdote qui surprend, fait sourire ou donne des frissons.\r\n                      <br>\r\n                    <\/p>\r\n                    <p><span style=\"font-weight: 600;\">T\u00e9l\u00e9chargez gratuitement l\u2019application Audio Guide Paris et d\u00e9bloquez cette balade compl\u00e8te dans le quartier des Invalides \u2014 un Paris monumental, historique et bourr\u00e9 de secrets, qui ne demande qu\u2019\u00e0 se r\u00e9v\u00e9ler pas \u00e0 pas.<\/span><\/p>\r\n                  <\/div>\r\n                <\/div>\r\n              <\/div>\r\n            <\/div>\r\n          <\/div>\r\n        <\/div>\r\n      <\/div>\r\n      <div data-colibri-id=\"3048-c17\" class=\"h-row-container gutters-row-lg-2 gutters-row-md-2 gutters-row-0 gutters-row-v-lg-2 gutters-row-v-md-2 gutters-row-v-2 style-1422 style-local-3048-c17 position-relative\">\r\n        <!---->\r\n        <div class=\"h-row justify-content-lg-center justify-content-md-center justify-content-center align-items-lg-stretch align-items-md-stretch align-items-stretch gutters-col-lg-2 gutters-col-md-2 gutters-col-0 gutters-col-v-lg-2 gutters-col-v-md-2 gutters-col-v-2\">\r\n          <!---->\r\n          <div class=\"h-column h-column-container d-flex h-col-lg-auto h-col-md-auto h-col-auto style-1423-outer style-local-3048-c18-outer\">\r\n            <div data-colibri-id=\"3048-c18\" class=\"d-flex h-flex-basis h-column__inner h-px-lg-2 h-px-md-2 h-px-2 v-inner-lg-2 v-inner-md-2 v-inner-2 style-1423 style-local-3048-c18 position-relative\">\r\n              <!---->\r\n              <!---->\r\n              <div class=\"w-100 h-y-container h-column__content h-column__v-align flex-basis-100 align-self-lg-start align-self-md-start align-self-start\">\r\n                <!---->\r\n                <div data-colibri-id=\"3048-c19\" class=\"h-x-container style-1425 style-local-3048-c19 position-relative h-element\">\r\n                  <!---->\r\n                  <div class=\"h-x-container-inner style-dynamic-3048-c19-group style-1425-spacing style-local-3048-c19-spacing\"><span class=\"h-button__outer style-1426-outer style-local-3048-c20-outer d-inline-flex h-element\"><a h-use-smooth-scroll=\"true\" href=\"https:\/\/apps.apple.com\/gr\/app\/audio-guide-paris\/id6471984315\" target=\"_blank\"  data-colibri-id=\"3048-c20\" class=\"d-flex w-100 align-items-center h-button justify-content-lg-center justify-content-md-center justify-content-center style-1426 style-local-3048-c20 position-relative\"><!----><!----> <span>apple store <\/span><\/a>\r\n                    <\/span>\r\n                  <\/div>\r\n                <\/div>\r\n              <\/div>\r\n            <\/div>\r\n          <\/div>\r\n          <div class=\"h-column h-column-container d-flex h-col-lg-auto h-col-md-auto h-col-auto style-1424-outer style-local-3048-c21-outer\">\r\n            <div data-colibri-id=\"3048-c21\" class=\"d-flex h-flex-basis h-column__inner h-px-lg-2 h-px-md-2 h-px-2 v-inner-lg-2 v-inner-md-2 v-inner-2 style-1424 style-local-3048-c21 position-relative\">\r\n              <!---->\r\n              <!---->\r\n              <div class=\"w-100 h-y-container h-column__content h-column__v-align flex-basis-100 align-self-lg-start align-self-md-start align-self-start\">\r\n                <!---->\r\n                <div data-colibri-id=\"3048-c22\" class=\"h-x-container style-1427 style-local-3048-c22 position-relative h-element\">\r\n                  <!---->\r\n                  <div class=\"h-x-container-inner style-dynamic-3048-c22-group style-1427-spacing style-local-3048-c22-spacing\"><span class=\"h-button__outer style-1428-outer style-local-3048-c23-outer d-inline-flex h-element\"><a h-use-smooth-scroll=\"true\" href=\"https:\/\/play.google.com\/store\/apps\/details?id=com.audioguides_paris\" target=\"_blank\"  data-colibri-id=\"3048-c23\" class=\"d-flex w-100 align-items-center h-button justify-content-lg-center justify-content-md-center justify-content-center style-1428 style-local-3048-c23 position-relative\"><!----><!----> <span>google play<\/span><\/a>\r\n                    <\/span>\r\n                  <\/div>\r\n                <\/div>\r\n              <\/div>\r\n            <\/div>\r\n          <\/div>\r\n        <\/div>\r\n      <\/div>\r\n    <\/div>\r\n  <\/div>\r\n<\/div>","protected":false},"excerpt":{"rendered":"<p>Balade \u00ab Les secrets des Invalides &amp; de la Tour Eiffel \u00bb Et si vous d\u00e9couvriez le quartier des Invalides autrement qu\u2019en encha\u00eenant les photos de la Tour Eiffel ? De la Dame de fer au d\u00f4me dor\u00e9 des Invalides, en passant par le Champ-de-Mars, la rue Cler et la rue de Grenelle, cette balade [&hellip;]<\/p>\n","protected":false},"author":1,"featured_media":0,"parent":0,"menu_order":0,"comment_status":"closed","ping_status":"closed","template":"page-templates\/full-width-page.php","meta":{"footnotes":""},"class_list":["post-3048","page","type-page","status-publish","hentry"],"yoast_head":"<!-- This site is optimized with the Yoast SEO plugin v26.6 - https:\/\/yoast.com\/wordpress\/plugins\/seo\/ -->\n<title>Invalides - Audio Guide Paris<\/title>\n<meta name=\"description\" content=\"D\u00e9couvrez les Invalides avec un audioguide. Profitez d\u2019une visite autoguid\u00e9e pour explorer le tombeau de Napol\u00e9on, le D\u00f4me des Invalides et l\u2019un des sites historiques majeurs de Paris.\" \/>\n<meta name=\"robots\" content=\"index, follow, max-snippet:-1, max-image-preview:large, max-video-preview:-1\" \/>\n<link rel=\"canonical\" href=\"https:\/\/audioguide-paris.com\/index.php\/invalides\/\" \/>\n<meta property=\"og:locale\" content=\"fr_FR\" \/>\n<meta property=\"og:type\" content=\"article\" \/>\n<meta property=\"og:title\" content=\"Invalides - Audio Guide Paris\" \/>\n<meta property=\"og:description\" content=\"D\u00e9couvrez les Invalides avec un audioguide. Profitez d\u2019une visite autoguid\u00e9e pour explorer le tombeau de Napol\u00e9on, le D\u00f4me des Invalides et l\u2019un des sites historiques majeurs de Paris.\" \/>\n<meta property=\"og:url\" content=\"https:\/\/audioguide-paris.com\/index.php\/invalides\/\" \/>\n<meta property=\"og:site_name\" content=\"Audio Guide Paris\" \/>\n<meta property=\"article:publisher\" content=\"https:\/\/www.facebook.com\/profile.php?id=61558434027122\" \/>\n<meta property=\"article:modified_time\" content=\"2026-03-18T10:55:47+00:00\" \/>\n<meta name=\"twitter:card\" content=\"summary_large_image\" \/>\n<meta name=\"twitter:label1\" content=\"Dur\u00e9e de lecture estim\u00e9e\" \/>\n\t<meta name=\"twitter:data1\" content=\"3 minutes\" \/>\n<script type=\"application\/ld+json\" class=\"yoast-schema-graph\">{\"@context\":\"https:\/\/schema.org\",\"@graph\":[{\"@type\":\"WebPage\",\"@id\":\"https:\/\/audioguide-paris.com\/index.php\/invalides\/\",\"url\":\"https:\/\/audioguide-paris.com\/index.php\/invalides\/\",\"name\":\"Invalides - Audio Guide Paris\",\"isPartOf\":{\"@id\":\"https:\/\/audioguide-paris.com\/#website\"},\"datePublished\":\"2025-11-27T18:28:50+00:00\",\"dateModified\":\"2026-03-18T10:55:47+00:00\",\"description\":\"D\u00e9couvrez les Invalides avec un audioguide. Profitez d\u2019une visite autoguid\u00e9e pour explorer le tombeau de Napol\u00e9on, le D\u00f4me des Invalides et l\u2019un des sites historiques majeurs de Paris.\",\"breadcrumb\":{\"@id\":\"https:\/\/audioguide-paris.com\/index.php\/invalides\/#breadcrumb\"},\"inLanguage\":\"fr-FR\",\"potentialAction\":[{\"@type\":\"ReadAction\",\"target\":[\"https:\/\/audioguide-paris.com\/index.php\/invalides\/\"]}]},{\"@type\":\"BreadcrumbList\",\"@id\":\"https:\/\/audioguide-paris.com\/index.php\/invalides\/#breadcrumb\",\"itemListElement\":[{\"@type\":\"ListItem\",\"position\":1,\"name\":\"Accueil\",\"item\":\"https:\/\/audioguide-paris.com\/\"},{\"@type\":\"ListItem\",\"position\":2,\"name\":\"Invalides\"}]},{\"@type\":\"WebSite\",\"@id\":\"https:\/\/audioguide-paris.com\/#website\",\"url\":\"https:\/\/audioguide-paris.com\/\",\"name\":\"Audio Guide Paris\",\"description\":\"D\u00e9couvrez les tr\u00e9sors de Paris en compagnie d\u2019un expert\",\"publisher\":{\"@id\":\"https:\/\/audioguide-paris.com\/#organization\"},\"potentialAction\":[{\"@type\":\"SearchAction\",\"target\":{\"@type\":\"EntryPoint\",\"urlTemplate\":\"https:\/\/audioguide-paris.com\/?s={search_term_string}\"},\"query-input\":{\"@type\":\"PropertyValueSpecification\",\"valueRequired\":true,\"valueName\":\"search_term_string\"}}],\"inLanguage\":\"fr-FR\"},{\"@type\":\"Organization\",\"@id\":\"https:\/\/audioguide-paris.com\/#organization\",\"name\":\"Audio Guide Paris\",\"url\":\"https:\/\/audioguide-paris.com\/\",\"logo\":{\"@type\":\"ImageObject\",\"inLanguage\":\"fr-FR\",\"@id\":\"https:\/\/audioguide-paris.com\/#\/schema\/logo\/image\/\",\"url\":\"https:\/\/audioguide-paris.com\/wp-content\/uploads\/2024\/04\/cropped-cropped-Logo-transparent.png\",\"contentUrl\":\"https:\/\/audioguide-paris.com\/wp-content\/uploads\/2024\/04\/cropped-cropped-Logo-transparent.png\",\"width\":898,\"height\":898,\"caption\":\"Audio Guide Paris\"},\"image\":{\"@id\":\"https:\/\/audioguide-paris.com\/#\/schema\/logo\/image\/\"},\"sameAs\":[\"https:\/\/www.facebook.com\/profile.php?id=61558434027122\",\"https:\/\/www.instagram.com\/audioguideparis\/\"]}]}<\/script>\n<!-- \/ Yoast SEO plugin. -->","yoast_head_json":{"title":"Invalides - Audio Guide Paris","description":"D\u00e9couvrez les Invalides avec un audioguide. Profitez d\u2019une visite autoguid\u00e9e pour explorer le tombeau de Napol\u00e9on, le D\u00f4me des Invalides et l\u2019un des sites historiques majeurs de Paris.","robots":{"index":"index","follow":"follow","max-snippet":"max-snippet:-1","max-image-preview":"max-image-preview:large","max-video-preview":"max-video-preview:-1"},"canonical":"https:\/\/audioguide-paris.com\/index.php\/invalides\/","og_locale":"fr_FR","og_type":"article","og_title":"Invalides - Audio Guide Paris","og_description":"D\u00e9couvrez les Invalides avec un audioguide. Profitez d\u2019une visite autoguid\u00e9e pour explorer le tombeau de Napol\u00e9on, le D\u00f4me des Invalides et l\u2019un des sites historiques majeurs de Paris.","og_url":"https:\/\/audioguide-paris.com\/index.php\/invalides\/","og_site_name":"Audio Guide Paris","article_publisher":"https:\/\/www.facebook.com\/profile.php?id=61558434027122","article_modified_time":"2026-03-18T10:55:47+00:00","twitter_card":"summary_large_image","twitter_misc":{"Dur\u00e9e de lecture estim\u00e9e":"3 minutes"},"schema":{"@context":"https:\/\/schema.org","@graph":[{"@type":"WebPage","@id":"https:\/\/audioguide-paris.com\/index.php\/invalides\/","url":"https:\/\/audioguide-paris.com\/index.php\/invalides\/","name":"Invalides - Audio Guide Paris","isPartOf":{"@id":"https:\/\/audioguide-paris.com\/#website"},"datePublished":"2025-11-27T18:28:50+00:00","dateModified":"2026-03-18T10:55:47+00:00","description":"D\u00e9couvrez les Invalides avec un audioguide. Profitez d\u2019une visite autoguid\u00e9e pour explorer le tombeau de Napol\u00e9on, le D\u00f4me des Invalides et l\u2019un des sites historiques majeurs de Paris.","breadcrumb":{"@id":"https:\/\/audioguide-paris.com\/index.php\/invalides\/#breadcrumb"},"inLanguage":"fr-FR","potentialAction":[{"@type":"ReadAction","target":["https:\/\/audioguide-paris.com\/index.php\/invalides\/"]}]},{"@type":"BreadcrumbList","@id":"https:\/\/audioguide-paris.com\/index.php\/invalides\/#breadcrumb","itemListElement":[{"@type":"ListItem","position":1,"name":"Accueil","item":"https:\/\/audioguide-paris.com\/"},{"@type":"ListItem","position":2,"name":"Invalides"}]},{"@type":"WebSite","@id":"https:\/\/audioguide-paris.com\/#website","url":"https:\/\/audioguide-paris.com\/","name":"Audio Guide Paris","description":"D\u00e9couvrez les tr\u00e9sors de Paris en compagnie d\u2019un expert","publisher":{"@id":"https:\/\/audioguide-paris.com\/#organization"},"potentialAction":[{"@type":"SearchAction","target":{"@type":"EntryPoint","urlTemplate":"https:\/\/audioguide-paris.com\/?s={search_term_string}"},"query-input":{"@type":"PropertyValueSpecification","valueRequired":true,"valueName":"search_term_string"}}],"inLanguage":"fr-FR"},{"@type":"Organization","@id":"https:\/\/audioguide-paris.com\/#organization","name":"Audio Guide Paris","url":"https:\/\/audioguide-paris.com\/","logo":{"@type":"ImageObject","inLanguage":"fr-FR","@id":"https:\/\/audioguide-paris.com\/#\/schema\/logo\/image\/","url":"https:\/\/audioguide-paris.com\/wp-content\/uploads\/2024\/04\/cropped-cropped-Logo-transparent.png","contentUrl":"https:\/\/audioguide-paris.com\/wp-content\/uploads\/2024\/04\/cropped-cropped-Logo-transparent.png","width":898,"height":898,"caption":"Audio Guide Paris"},"image":{"@id":"https:\/\/audioguide-paris.com\/#\/schema\/logo\/image\/"},"sameAs":["https:\/\/www.facebook.com\/profile.php?id=61558434027122","https:\/\/www.instagram.com\/audioguideparis\/"]}]}},"_links":{"self":[{"href":"https:\/\/audioguide-paris.com\/index.php\/wp-json\/wp\/v2\/pages\/3048","targetHints":{"allow":["GET"]}}],"collection":[{"href":"https:\/\/audioguide-paris.com\/index.php\/wp-json\/wp\/v2\/pages"}],"about":[{"href":"https:\/\/audioguide-paris.com\/index.php\/wp-json\/wp\/v2\/types\/page"}],"author":[{"embeddable":true,"href":"https:\/\/audioguide-paris.com\/index.php\/wp-json\/wp\/v2\/users\/1"}],"replies":[{"embeddable":true,"href":"https:\/\/audioguide-paris.com\/index.php\/wp-json\/wp\/v2\/comments?post=3048"}],"version-history":[{"count":4,"href":"https:\/\/audioguide-paris.com\/index.php\/wp-json\/wp\/v2\/pages\/3048\/revisions"}],"predecessor-version":[{"id":4060,"href":"https:\/\/audioguide-paris.com\/index.php\/wp-json\/wp\/v2\/pages\/3048\/revisions\/4060"}],"wp:attachment":[{"href":"https:\/\/audioguide-paris.com\/index.php\/wp-json\/wp\/v2\/media?parent=3048"}],"curies":[{"name":"wp","href":"https:\/\/api.w.org\/{rel}","templated":true}]}}