{"id":3138,"date":"2025-12-01T16:26:43","date_gmt":"2025-12-01T15:26:43","guid":{"rendered":"https:\/\/audioguide-paris.com\/?page_id=3138"},"modified":"2026-04-03T10:29:07","modified_gmt":"2026-04-03T08:29:07","slug":"street-art","status":"publish","type":"page","link":"https:\/\/audioguide-paris.com\/index.php\/street-art\/","title":{"rendered":"Street Art"},"content":{"rendered":"<div data-colibri-id=\"3138-c1\" class=\"style-1430 style-local-3138-c1 position-relative\">\r\n  <!---->\r\n  <div data-colibri-component=\"section\" data-colibri-id=\"3138-c2\" id=\"overlappable\" class=\"h-section h-section-global-spacing d-flex align-items-lg-center align-items-md-center align-items-center style-1431 style-local-3138-c2 position-relative\">\r\n    <!---->\r\n    <!---->\r\n    <div class=\"h-section-grid-container h-section-boxed-container\">\r\n      <!---->\r\n      <div data-colibri-id=\"3138-c3\" class=\"h-row-container gutters-row-lg-0 gutters-row-md-0 gutters-row-0 gutters-row-v-lg-0 gutters-row-v-md-0 gutters-row-v-0 style-1432 style-local-3138-c3 position-relative\">\r\n        <!---->\r\n        <div class=\"h-row justify-content-lg-center justify-content-md-center justify-content-center align-items-lg-stretch align-items-md-stretch align-items-stretch gutters-col-lg-0 gutters-col-md-0 gutters-col-0 gutters-col-v-lg-0 gutters-col-v-md-0 gutters-col-v-0\">\r\n          <!---->\r\n          <div class=\"h-column h-column-container d-flex h-col-lg-auto h-col-md-auto h-col-auto style-1433-outer style-local-3138-c4-outer\">\r\n            <div data-colibri-id=\"3138-c4\" class=\"d-flex h-flex-basis h-column__inner h-ui-empty-state-container h-px-lg-0 h-px-md-0 h-px-0 v-inner-lg-0 v-inner-md-0 v-inner-0 style-1433 style-local-3138-c4 position-relative\">\r\n              <!---->\r\n              <!---->\r\n              <div class=\"w-100 h-y-container h-column__content h-column__v-align flex-basis-100\">\r\n                <!---->\r\n              <\/div>\r\n            <\/div>\r\n          <\/div>\r\n          <div class=\"h-column h-column-container d-flex h-col-lg-auto h-col-md-auto h-col-auto style-1434-outer style-local-3138-c5-outer\">\r\n            <div data-colibri-id=\"3138-c5\" class=\"d-flex h-flex-basis h-column__inner h-px-lg-2 h-px-md-2 h-px-2 v-inner-lg-2 v-inner-md-2 v-inner-2 style-1434 style-local-3138-c5 position-relative\">\r\n              <!---->\r\n              <!---->\r\n              <div class=\"w-100 h-y-container h-column__content h-column__v-align flex-basis-100 align-self-lg-center align-self-md-center align-self-center\">\r\n                <!---->\r\n                <div data-colibri-id=\"3138-c6\" class=\"h-global-transition-all h-heading style-1435 style-local-3138-c6 position-relative h-element\">\r\n                  <!---->\r\n                  <div class=\"h-heading__outer style-1435 style-local-3138-c6\">\r\n                    <!---->\r\n                    <!---->\r\n                    <h4 class=\"\">Balade \u00ab Paris &amp; le Street Art : les g\u00e9ants du 13\u1d49 \u00bb<\/h4>\r\n                  <\/div>\r\n                <\/div>\r\n                <div data-colibri-id=\"3138-c7\" class=\"h-text h-text-component style-1436 style-local-3138-c7 position-relative h-element\">\r\n                  <!---->\r\n                  <!---->\r\n                  <div class=\"\">\r\n                    <p>Et si vous transformiez le 13\u1d49 arrondissement en mus\u00e9e \u00e0 ciel ouvert, rien qu\u2019en levant les yeux ? Entre boulevard Vincent-Auriol et rue Jeanne-d\u2019Arc, cette balade street art vous emm\u00e8ne au milieu de fresques monumentales, de personnages\r\n                      myst\u00e9rieux et de messages cach\u00e9s que l\u2019on traverse tous les jours\u2026 sans les voir.<\/p>\r\n                    <p>Quel est le lien entre un chat de six \u00e9tages, une pin-up fa\u00e7on comics, une geisha fractur\u00e9e de couleurs et une Marianne engag\u00e9e n\u00e9e apr\u00e8s les attentats du Bataclan ? Vous commencez par les grandes signatures internationales \u2013 Shepard\r\n                      Fairey (Obey), C215, D*Face, Bom K \u2013 et l\u2019audio vous r\u00e9v\u00e8le pourquoi certaines fresques sont devenues de v\u00e9ritables symboles politiques, offertes \u00e0 des pr\u00e9sidents ou devenues des ic\u00f4nes des r\u00e9seaux sociaux.<\/p>\r\n                  <\/div>\r\n                <\/div>\r\n              <\/div>\r\n            <\/div>\r\n          <\/div>\r\n          <div class=\"h-column h-column-container d-flex h-col-lg-auto h-col-md-auto h-col-auto style-1434-outer style-local-3138-c8-outer\">\r\n            <div data-colibri-id=\"3138-c8\" class=\"d-flex h-flex-basis h-column__inner h-px-lg-2 h-px-md-2 h-px-2 v-inner-lg-2 v-inner-md-2 v-inner-2 style-1434 style-local-3138-c8 position-relative\">\r\n              <!---->\r\n              <!---->\r\n              <div class=\"w-100 h-y-container h-column__content h-column__v-align flex-basis-100 align-self-lg-center align-self-md-center align-self-center\">\r\n                <!---->\r\n                <div data-colibri-id=\"3138-c9\" class=\"h-text h-text-component style-1436 style-local-3138-c9 position-relative h-element\">\r\n                  <!---->\r\n                  <!---->\r\n                  <div class=\"\">\r\n                    <p>Plus loin, la balade vous plonge dans un autre registre : danseuse en apesanteur, geisha aux cheveux-m\u00e9t\u00e9ores, enfant face \u00e0 un vortex impossible\u2026 Vous d\u00e9couvrez comment Seth a cr\u00e9\u00e9 une anamorphose qui ne se d\u00e9voile que depuis un seul\r\n                      point de vue, ce que ce petit gar\u00e7on regarde \u00ab de l\u2019autre c\u00f4t\u00e9 \u00bb, et comment Faile ou Hush glissent po\u00e9sie, f\u00e9minit\u00e9 et culture pop dans la grisaille des fa\u00e7ades.<\/p>\r\n                    <p>Au fil du parcours, vous croisez aussi une fresque-hommage \u00e0 Tignous, dessinateur de Charlie Hebdo, un cheval de dix \u00e9tages lanc\u00e9 au galop, des silhouettes \u00e9tranges en noir et blanc sign\u00e9es David de la Mano, des architectures r\u00eav\u00e9es\r\n                      de Jana &amp; Js ou encore des sc\u00e8nes familiales vibrantes de Tinho. Chaque mur devient une \u00e9nigme : qui est l\u2019artiste, que racontent ces personnages, et quel d\u00e9tail vous auriez rat\u00e9 sans qu\u2019on vous le montre ?<\/p>\r\n                    <p>Le final vous conduit devant des fresques puissantes comme \u00ab La Madre Secular \u00bb d\u2019INTI ou les \u0153uvres de Pant\u00f3nio et Conor Harrington : madone au collier de cr\u00e2nes tenant une pomme marqu\u00e9e d\u2019un myst\u00e9rieux \u00ab G \u00bb, corps baroques fig\u00e9s\r\n                      dans une accolade troublante, animaux fluides qui semblent sortir du mur\u2026 L\u2019audio vous aide \u00e0 d\u00e9chiffrer ces images, \u00e0 comprendre pourquoi elles parlent de spiritualit\u00e9, de r\u00e9volte, de m\u00e9moire\u2026 et de nous.<\/p>\r\n                  <\/div>\r\n                <\/div>\r\n              <\/div>\r\n            <\/div>\r\n          <\/div>\r\n          <div class=\"h-column h-column-container d-flex h-col-lg-auto h-col-md-auto h-col-auto style-1439-outer style-local-3138-c17-outer\">\r\n            <div data-colibri-id=\"3138-c17\" class=\"d-flex h-flex-basis h-column__inner h-ui-empty-state-container h-px-lg-0 h-px-md-0 h-px-0 v-inner-lg-0 v-inner-md-0 v-inner-0 style-1439 style-local-3138-c17 position-relative\">\r\n              <!---->\r\n              <!---->\r\n              <div class=\"w-100 h-y-container h-column__content h-column__v-align flex-basis-100\">\r\n                <!---->\r\n              <\/div>\r\n            <\/div>\r\n          <\/div>\r\n        <\/div>\r\n      <\/div>\r\n      <div data-colibri-id=\"3138-c18\" class=\"h-row-container gutters-row-lg-2 gutters-row-md-2 gutters-row-0 gutters-row-v-lg-2 gutters-row-v-md-2 gutters-row-v-2 style-2208 style-local-3138-c18 position-relative\">\r\n        <!---->\r\n        <div class=\"h-row justify-content-lg-center justify-content-md-center justify-content-center align-items-lg-stretch align-items-md-stretch align-items-stretch gutters-col-lg-2 gutters-col-md-2 gutters-col-0 gutters-col-v-lg-2 gutters-col-v-md-2 gutters-col-v-2\">\r\n          <!---->\r\n          <div class=\"h-column h-column-container d-flex h-col-lg-auto h-col-md-auto h-col-auto style-2209-outer style-local-3138-c19-outer\">\r\n            <div data-colibri-id=\"3138-c19\" class=\"d-flex h-flex-basis h-column__inner h-px-lg-2 h-px-md-2 h-px-2 v-inner-lg-2 v-inner-md-2 v-inner-2 style-2209 style-local-3138-c19 position-relative\">\r\n              <!---->\r\n              <!---->\r\n              <div class=\"w-100 h-y-container h-column__content h-column__v-align flex-basis-100 align-self-lg-start align-self-md-start align-self-start\">\r\n                <!---->\r\n                <div data-colibri-id=\"3138-c20\" class=\"h-global-transition-all h-heading style-2210 style-local-3138-c20 position-relative h-element\">\r\n                  <!---->\r\n                  <div class=\"h-heading__outer style-2210 style-local-3138-c20\">\r\n                    <!---->\r\n                    <!---->\r\n                    <h1 class=\"\">Pendant cette visite vous :<\/h1>\r\n                  <\/div>\r\n                <\/div>\r\n                <div data-colibri-id=\"3138-c21\" class=\"h-text h-text-component style-2211 style-local-3138-c21 position-relative h-element\">\r\n                  <!---->\r\n                  <!---->\r\n                  <div class=\"\">\r\n                    <ul>\r\n                      <li>explorez \u00e0 pied le 13\u1d49 arrondissement, de boulevard Vincent-Auriol \u00e0 la rue Jeanne-d\u2019Arc, au milieu des plus belles fresques de Paris ;\r\n                        <br>\r\n                      <\/li>\r\n                      <li>d\u00e9couvrez les histoires cach\u00e9es derri\u00e8re les \u0153uvres : message de paix apr\u00e8s le Bataclan, hommages, engagements politiques, jeux de perspectives et clins d\u2019\u0153il \u00e0 la pop culture ;\r\n                        <br>\r\n                      <\/li>\r\n                      <li>apprenez \u00e0 \u00ab lire \u00bb une fresque monumentale : signature d\u2019artiste, composition, symboles, techniques (pochoir, collage, anamorphose\u2026) ;\r\n                        <br>\r\n                      <\/li>\r\n                      <li>profitez de spots photo spectaculaires pour un vrai parcours street art instagrammable, loin des visites \u00ab catalogue \u00bb.\r\n                        <br>\r\n                      <\/li>\r\n                    <\/ul>\r\n                    <p>Plus qu\u2019une visite, c\u2019est une chasse aux indices grandeur nature dans le plus grand quartier street art de Paris : une immersion au milieu des g\u00e9ants de l\u2019art urbain, \u00e0 votre rythme, casque sur les oreilles.\r\n                      <br>\r\n                    <\/p>\r\n                    <p><span style=\"font-weight: 600;\">T\u00e9l\u00e9chargez gratuitement l\u2019application Audio Guide Paris et d\u00e9bloquez cette balade compl\u00e8te dans le 13\u1d49 arrondissement \u2014 un Paris color\u00e9, engag\u00e9 et terriblement photog\u00e9nique qui ne demande qu\u2019\u00e0 se r\u00e9v\u00e9ler mur apr\u00e8s mur.<\/span><\/p>\r\n                  <\/div>\r\n                <\/div>\r\n                <div data-colibri-id=\"3138-c10\" class=\"h-row-container gutters-row-lg-2 gutters-row-md-2 gutters-row-0 gutters-row-v-lg-2 gutters-row-v-md-2 gutters-row-v-2 style-1440 style-local-3138-c10 position-relative\">\r\n                  <!---->\r\n                  <div class=\"h-row justify-content-lg-center justify-content-md-center justify-content-center align-items-lg-stretch align-items-md-stretch align-items-stretch gutters-col-lg-2 gutters-col-md-2 gutters-col-0 gutters-col-v-lg-2 gutters-col-v-md-2 gutters-col-v-2\">\r\n                    <!---->\r\n                    <div class=\"h-column h-column-container d-flex h-col-lg-auto h-col-md-auto h-col-auto style-1441-outer style-local-3138-c11-outer\">\r\n                      <div data-colibri-id=\"3138-c11\" class=\"d-flex h-flex-basis h-column__inner h-px-lg-2 h-px-md-2 h-px-2 v-inner-lg-2 v-inner-md-2 v-inner-2 style-1441 style-local-3138-c11 position-relative\">\r\n                        <!---->\r\n                        <!---->\r\n                        <div class=\"w-100 h-y-container h-column__content h-column__v-align flex-basis-100 align-self-lg-start align-self-md-start align-self-start\">\r\n                          <!---->\r\n                          <div data-colibri-id=\"3138-c12\" class=\"h-x-container style-1443 style-local-3138-c12 position-relative h-element\">\r\n                            <!---->\r\n                            <div class=\"h-x-container-inner style-dynamic-3138-c12-group style-1443-spacing style-local-3138-c12-spacing\"><span class=\"h-button__outer style-1444-outer style-local-3138-c13-outer d-inline-flex h-element\"><a h-use-smooth-scroll=\"true\" href=\"https:\/\/apps.apple.com\/gr\/app\/audio-guide-paris\/id6471984315\" target=\"_blank\"  data-colibri-id=\"3138-c13\" class=\"d-flex w-100 align-items-center h-button justify-content-lg-center justify-content-md-center justify-content-center style-1444 style-local-3138-c13 position-relative\"><!----><!----> <span>apple store <\/span><\/a>\r\n                              <\/span>\r\n                            <\/div>\r\n                          <\/div>\r\n                        <\/div>\r\n                      <\/div>\r\n                    <\/div>\r\n                    <div class=\"h-column h-column-container d-flex h-col-lg-auto h-col-md-auto h-col-auto style-1442-outer style-local-3138-c14-outer\">\r\n                      <div data-colibri-id=\"3138-c14\" class=\"d-flex h-flex-basis h-column__inner h-px-lg-2 h-px-md-2 h-px-2 v-inner-lg-2 v-inner-md-2 v-inner-2 style-1442 style-local-3138-c14 position-relative\">\r\n                        <!---->\r\n                        <!---->\r\n                        <div class=\"w-100 h-y-container h-column__content h-column__v-align flex-basis-100 align-self-lg-start align-self-md-start align-self-start\">\r\n                          <!---->\r\n                          <div data-colibri-id=\"3138-c15\" class=\"h-x-container style-1445 style-local-3138-c15 position-relative h-element\">\r\n                            <!---->\r\n                            <div class=\"h-x-container-inner style-dynamic-3138-c15-group style-1445-spacing style-local-3138-c15-spacing\"><span class=\"h-button__outer style-1446-outer style-local-3138-c16-outer d-inline-flex h-element\"><a h-use-smooth-scroll=\"true\" href=\"https:\/\/play.google.com\/store\/apps\/details?id=com.audioguides_paris\" target=\"_blank\"  data-colibri-id=\"3138-c16\" class=\"d-flex w-100 align-items-center h-button justify-content-lg-center justify-content-md-center justify-content-center style-1446 style-local-3138-c16 position-relative\"><!----><!----> <span>google play<\/span><\/a>\r\n                              <\/span>\r\n                            <\/div>\r\n                          <\/div>\r\n                        <\/div>\r\n                      <\/div>\r\n                    <\/div>\r\n                  <\/div>\r\n                <\/div>\r\n              <\/div>\r\n            <\/div>\r\n          <\/div>\r\n        <\/div>\r\n      <\/div>\r\n    <\/div>\r\n  <\/div>\r\n<\/div>","protected":false},"excerpt":{"rendered":"<p>Balade \u00ab Paris &amp; le Street Art : les g\u00e9ants du 13\u1d49 \u00bb Et si vous transformiez le 13\u1d49 arrondissement en mus\u00e9e \u00e0 ciel ouvert, rien qu\u2019en levant les yeux ? Entre boulevard Vincent-Auriol et rue Jeanne-d\u2019Arc, cette balade street art vous emm\u00e8ne au milieu de fresques monumentales, de personnages myst\u00e9rieux et de messages cach\u00e9s [&hellip;]<\/p>\n","protected":false},"author":1,"featured_media":0,"parent":0,"menu_order":0,"comment_status":"closed","ping_status":"closed","template":"page-templates\/full-width-page.php","meta":{"footnotes":""},"class_list":["post-3138","page","type-page","status-publish","hentry"],"yoast_head":"<!-- This site is optimized with the Yoast SEO plugin v26.6 - https:\/\/yoast.com\/wordpress\/plugins\/seo\/ -->\n<title>Street Art - Audio Guide Paris<\/title>\n<meta name=\"description\" content=\"D\u00e9couvrez les g\u00e9ants du street art dans le 13e arrondissement de Paris lors d\u2019une balade audioguid\u00e9e entre boulevard Vincent-Auriol et rue Jeanne-d\u2019Arc. Fresques monumentales, messages cach\u00e9s et spots photo.\" \/>\n<meta name=\"robots\" content=\"index, follow, max-snippet:-1, max-image-preview:large, max-video-preview:-1\" \/>\n<link rel=\"canonical\" href=\"https:\/\/audioguide-paris.com\/index.php\/street-art\/\" \/>\n<meta property=\"og:locale\" content=\"fr_FR\" \/>\n<meta property=\"og:type\" content=\"article\" \/>\n<meta property=\"og:title\" content=\"Street Art - Audio Guide Paris\" \/>\n<meta property=\"og:description\" content=\"D\u00e9couvrez les g\u00e9ants du street art dans le 13e arrondissement de Paris lors d\u2019une balade audioguid\u00e9e entre boulevard Vincent-Auriol et rue Jeanne-d\u2019Arc. Fresques monumentales, messages cach\u00e9s et spots photo.\" \/>\n<meta property=\"og:url\" content=\"https:\/\/audioguide-paris.com\/index.php\/street-art\/\" \/>\n<meta property=\"og:site_name\" content=\"Audio Guide Paris\" \/>\n<meta property=\"article:publisher\" content=\"https:\/\/www.facebook.com\/profile.php?id=61558434027122\" \/>\n<meta property=\"article:modified_time\" content=\"2026-04-03T08:29:07+00:00\" \/>\n<meta name=\"twitter:card\" content=\"summary_large_image\" \/>\n<meta name=\"twitter:label1\" content=\"Dur\u00e9e de lecture estim\u00e9e\" \/>\n\t<meta name=\"twitter:data1\" content=\"3 minutes\" \/>\n<script type=\"application\/ld+json\" class=\"yoast-schema-graph\">{\"@context\":\"https:\/\/schema.org\",\"@graph\":[{\"@type\":\"WebPage\",\"@id\":\"https:\/\/audioguide-paris.com\/index.php\/street-art\/\",\"url\":\"https:\/\/audioguide-paris.com\/index.php\/street-art\/\",\"name\":\"Street Art - Audio Guide Paris\",\"isPartOf\":{\"@id\":\"https:\/\/audioguide-paris.com\/#website\"},\"datePublished\":\"2025-12-01T15:26:43+00:00\",\"dateModified\":\"2026-04-03T08:29:07+00:00\",\"description\":\"D\u00e9couvrez les g\u00e9ants du street art dans le 13e arrondissement de Paris lors d\u2019une balade audioguid\u00e9e entre boulevard Vincent-Auriol et rue Jeanne-d\u2019Arc. Fresques monumentales, messages cach\u00e9s et spots photo.\",\"breadcrumb\":{\"@id\":\"https:\/\/audioguide-paris.com\/index.php\/street-art\/#breadcrumb\"},\"inLanguage\":\"fr-FR\",\"potentialAction\":[{\"@type\":\"ReadAction\",\"target\":[\"https:\/\/audioguide-paris.com\/index.php\/street-art\/\"]}]},{\"@type\":\"BreadcrumbList\",\"@id\":\"https:\/\/audioguide-paris.com\/index.php\/street-art\/#breadcrumb\",\"itemListElement\":[{\"@type\":\"ListItem\",\"position\":1,\"name\":\"Accueil\",\"item\":\"https:\/\/audioguide-paris.com\/\"},{\"@type\":\"ListItem\",\"position\":2,\"name\":\"Street Art\"}]},{\"@type\":\"WebSite\",\"@id\":\"https:\/\/audioguide-paris.com\/#website\",\"url\":\"https:\/\/audioguide-paris.com\/\",\"name\":\"Audio Guide Paris\",\"description\":\"D\u00e9couvrez les tr\u00e9sors de Paris en compagnie d\u2019un expert\",\"publisher\":{\"@id\":\"https:\/\/audioguide-paris.com\/#organization\"},\"potentialAction\":[{\"@type\":\"SearchAction\",\"target\":{\"@type\":\"EntryPoint\",\"urlTemplate\":\"https:\/\/audioguide-paris.com\/?s={search_term_string}\"},\"query-input\":{\"@type\":\"PropertyValueSpecification\",\"valueRequired\":true,\"valueName\":\"search_term_string\"}}],\"inLanguage\":\"fr-FR\"},{\"@type\":\"Organization\",\"@id\":\"https:\/\/audioguide-paris.com\/#organization\",\"name\":\"Audio Guide Paris\",\"url\":\"https:\/\/audioguide-paris.com\/\",\"logo\":{\"@type\":\"ImageObject\",\"inLanguage\":\"fr-FR\",\"@id\":\"https:\/\/audioguide-paris.com\/#\/schema\/logo\/image\/\",\"url\":\"https:\/\/audioguide-paris.com\/wp-content\/uploads\/2024\/04\/cropped-cropped-Logo-transparent.png\",\"contentUrl\":\"https:\/\/audioguide-paris.com\/wp-content\/uploads\/2024\/04\/cropped-cropped-Logo-transparent.png\",\"width\":898,\"height\":898,\"caption\":\"Audio Guide Paris\"},\"image\":{\"@id\":\"https:\/\/audioguide-paris.com\/#\/schema\/logo\/image\/\"},\"sameAs\":[\"https:\/\/www.facebook.com\/profile.php?id=61558434027122\",\"https:\/\/www.instagram.com\/audioguideparis\/\"]}]}<\/script>\n<!-- \/ Yoast SEO plugin. -->","yoast_head_json":{"title":"Street Art - Audio Guide Paris","description":"D\u00e9couvrez les g\u00e9ants du street art dans le 13e arrondissement de Paris lors d\u2019une balade audioguid\u00e9e entre boulevard Vincent-Auriol et rue Jeanne-d\u2019Arc. Fresques monumentales, messages cach\u00e9s et spots photo.","robots":{"index":"index","follow":"follow","max-snippet":"max-snippet:-1","max-image-preview":"max-image-preview:large","max-video-preview":"max-video-preview:-1"},"canonical":"https:\/\/audioguide-paris.com\/index.php\/street-art\/","og_locale":"fr_FR","og_type":"article","og_title":"Street Art - Audio Guide Paris","og_description":"D\u00e9couvrez les g\u00e9ants du street art dans le 13e arrondissement de Paris lors d\u2019une balade audioguid\u00e9e entre boulevard Vincent-Auriol et rue Jeanne-d\u2019Arc. Fresques monumentales, messages cach\u00e9s et spots photo.","og_url":"https:\/\/audioguide-paris.com\/index.php\/street-art\/","og_site_name":"Audio Guide Paris","article_publisher":"https:\/\/www.facebook.com\/profile.php?id=61558434027122","article_modified_time":"2026-04-03T08:29:07+00:00","twitter_card":"summary_large_image","twitter_misc":{"Dur\u00e9e de lecture estim\u00e9e":"3 minutes"},"schema":{"@context":"https:\/\/schema.org","@graph":[{"@type":"WebPage","@id":"https:\/\/audioguide-paris.com\/index.php\/street-art\/","url":"https:\/\/audioguide-paris.com\/index.php\/street-art\/","name":"Street Art - Audio Guide Paris","isPartOf":{"@id":"https:\/\/audioguide-paris.com\/#website"},"datePublished":"2025-12-01T15:26:43+00:00","dateModified":"2026-04-03T08:29:07+00:00","description":"D\u00e9couvrez les g\u00e9ants du street art dans le 13e arrondissement de Paris lors d\u2019une balade audioguid\u00e9e entre boulevard Vincent-Auriol et rue Jeanne-d\u2019Arc. Fresques monumentales, messages cach\u00e9s et spots photo.","breadcrumb":{"@id":"https:\/\/audioguide-paris.com\/index.php\/street-art\/#breadcrumb"},"inLanguage":"fr-FR","potentialAction":[{"@type":"ReadAction","target":["https:\/\/audioguide-paris.com\/index.php\/street-art\/"]}]},{"@type":"BreadcrumbList","@id":"https:\/\/audioguide-paris.com\/index.php\/street-art\/#breadcrumb","itemListElement":[{"@type":"ListItem","position":1,"name":"Accueil","item":"https:\/\/audioguide-paris.com\/"},{"@type":"ListItem","position":2,"name":"Street Art"}]},{"@type":"WebSite","@id":"https:\/\/audioguide-paris.com\/#website","url":"https:\/\/audioguide-paris.com\/","name":"Audio Guide Paris","description":"D\u00e9couvrez les tr\u00e9sors de Paris en compagnie d\u2019un expert","publisher":{"@id":"https:\/\/audioguide-paris.com\/#organization"},"potentialAction":[{"@type":"SearchAction","target":{"@type":"EntryPoint","urlTemplate":"https:\/\/audioguide-paris.com\/?s={search_term_string}"},"query-input":{"@type":"PropertyValueSpecification","valueRequired":true,"valueName":"search_term_string"}}],"inLanguage":"fr-FR"},{"@type":"Organization","@id":"https:\/\/audioguide-paris.com\/#organization","name":"Audio Guide Paris","url":"https:\/\/audioguide-paris.com\/","logo":{"@type":"ImageObject","inLanguage":"fr-FR","@id":"https:\/\/audioguide-paris.com\/#\/schema\/logo\/image\/","url":"https:\/\/audioguide-paris.com\/wp-content\/uploads\/2024\/04\/cropped-cropped-Logo-transparent.png","contentUrl":"https:\/\/audioguide-paris.com\/wp-content\/uploads\/2024\/04\/cropped-cropped-Logo-transparent.png","width":898,"height":898,"caption":"Audio Guide Paris"},"image":{"@id":"https:\/\/audioguide-paris.com\/#\/schema\/logo\/image\/"},"sameAs":["https:\/\/www.facebook.com\/profile.php?id=61558434027122","https:\/\/www.instagram.com\/audioguideparis\/"]}]}},"_links":{"self":[{"href":"https:\/\/audioguide-paris.com\/index.php\/wp-json\/wp\/v2\/pages\/3138","targetHints":{"allow":["GET"]}}],"collection":[{"href":"https:\/\/audioguide-paris.com\/index.php\/wp-json\/wp\/v2\/pages"}],"about":[{"href":"https:\/\/audioguide-paris.com\/index.php\/wp-json\/wp\/v2\/types\/page"}],"author":[{"embeddable":true,"href":"https:\/\/audioguide-paris.com\/index.php\/wp-json\/wp\/v2\/users\/1"}],"replies":[{"embeddable":true,"href":"https:\/\/audioguide-paris.com\/index.php\/wp-json\/wp\/v2\/comments?post=3138"}],"version-history":[{"count":3,"href":"https:\/\/audioguide-paris.com\/index.php\/wp-json\/wp\/v2\/pages\/3138\/revisions"}],"predecessor-version":[{"id":4046,"href":"https:\/\/audioguide-paris.com\/index.php\/wp-json\/wp\/v2\/pages\/3138\/revisions\/4046"}],"wp:attachment":[{"href":"https:\/\/audioguide-paris.com\/index.php\/wp-json\/wp\/v2\/media?parent=3138"}],"curies":[{"name":"wp","href":"https:\/\/api.w.org\/{rel}","templated":true}]}}