{"id":3160,"date":"2025-12-01T16:44:07","date_gmt":"2025-12-01T15:44:07","guid":{"rendered":"https:\/\/audioguide-paris.com\/?page_id=3160"},"modified":"2026-04-03T10:23:24","modified_gmt":"2026-04-03T08:23:24","slug":"plaine-monceau","status":"publish","type":"page","link":"https:\/\/audioguide-paris.com\/index.php\/plaine-monceau\/","title":{"rendered":"Plaine-Monceau"},"content":{"rendered":"<div data-colibri-id=\"3160-c1\" class=\"style-1449 style-local-3160-c1 position-relative\">\r\n  <!---->\r\n  <div data-colibri-component=\"section\" data-colibri-id=\"3160-c2\" id=\"overlappable\" class=\"h-section h-section-global-spacing d-flex align-items-lg-center align-items-md-center align-items-center style-1450 style-local-3160-c2 position-relative\">\r\n    <!---->\r\n    <!---->\r\n    <div class=\"h-section-grid-container h-section-boxed-container\">\r\n      <!---->\r\n      <div data-colibri-id=\"3160-c3\" class=\"h-row-container gutters-row-lg-0 gutters-row-md-0 gutters-row-0 gutters-row-v-lg-0 gutters-row-v-md-0 gutters-row-v-0 style-1451 style-local-3160-c3 position-relative\">\r\n        <!---->\r\n        <div class=\"h-row justify-content-lg-center justify-content-md-center justify-content-center align-items-lg-stretch align-items-md-stretch align-items-stretch gutters-col-lg-0 gutters-col-md-0 gutters-col-0 gutters-col-v-lg-0 gutters-col-v-md-0 gutters-col-v-0\">\r\n          <!---->\r\n          <div class=\"h-column h-column-container d-flex h-col-lg-auto h-col-md-auto h-col-auto style-1452-outer style-local-3160-c4-outer\">\r\n            <div data-colibri-id=\"3160-c4\" class=\"d-flex h-flex-basis h-column__inner h-ui-empty-state-container h-px-lg-0 h-px-md-0 h-px-0 v-inner-lg-0 v-inner-md-0 v-inner-0 style-1452 style-local-3160-c4 position-relative\">\r\n              <!---->\r\n              <!---->\r\n              <div class=\"w-100 h-y-container h-column__content h-column__v-align flex-basis-100\">\r\n                <!---->\r\n              <\/div>\r\n            <\/div>\r\n          <\/div>\r\n          <div class=\"h-column h-column-container d-flex h-col-lg-auto h-col-md-auto h-col-auto style-1453-outer style-local-3160-c5-outer\">\r\n            <div data-colibri-id=\"3160-c5\" class=\"d-flex h-flex-basis h-column__inner h-px-lg-2 h-px-md-2 h-px-2 v-inner-lg-2 v-inner-md-2 v-inner-2 style-1453 style-local-3160-c5 position-relative\">\r\n              <!---->\r\n              <!---->\r\n              <div class=\"w-100 h-y-container h-column__content h-column__v-align flex-basis-100 align-self-lg-center align-self-md-center align-self-center\">\r\n                <!---->\r\n                <div data-colibri-id=\"3160-c6\" class=\"h-global-transition-all h-heading style-1454 style-local-3160-c6 position-relative h-element\">\r\n                  <!---->\r\n                  <div class=\"h-heading__outer style-1454 style-local-3160-c6\">\r\n                    <!---->\r\n                    <!---->\r\n                    <h4 class=\"\">Balade \u00ab Les secrets de la Plaine-Monceau \u00bb<\/h4>\r\n                  <\/div>\r\n                <\/div>\r\n                <div data-colibri-id=\"3160-c7\" class=\"h-text h-text-component style-1455 style-local-3160-c7 position-relative h-element\">\r\n                  <!---->\r\n                  <!---->\r\n                  <div class=\"\">\r\n                    <p>Et si vous quittiez les grands classiques parisiens pour explorer un quartier chic\u2026 o\u00f9 se m\u00ealent fortunes de la Belle \u00c9poque, r\u00e9sistants, h\u00e9ro\u00efnes oubli\u00e9es, passages secrets de banque et chocolats du XVIII\u1d49 si\u00e8cle ? Entre la Plaine-Monceau\r\n                      et les Batignolles, dans le 17\u1d49 arrondissement, cette balade vous fait traverser un Paris \u00e9l\u00e9gant en surface, mais travers\u00e9 par des histoires de guerre, d\u2019esclavage, de science et de litt\u00e9rature.<\/p>\r\n                    <p>Au fil de la promenade, vous d\u00e9couvrez pourquoi une place a \u00e9t\u00e9 baptis\u00e9e \u00ab Isra\u00ebl \u00bb un si\u00e8cle apr\u00e8s sa cr\u00e9ation, comment un immeuble aux allures de paquebot cache la m\u00e9moire de la Seconde Guerre mondiale, et dans quel h\u00f4tel particulier\r\n                      un simple rendez-vous entre Paul Reynaud et un certain Charles de Gaulle a, litt\u00e9ralement, chang\u00e9 le destin du pays.<\/p>\r\n                    <p>Plus loin, une \u00e9glise aux allures tranquilles raconte la naissance express d\u2019un quartier bourgeois et les r\u00eaves d\u2019un saint qui voulait rendre la foi accessible \u00e0 tous. Sur une avenue bord\u00e9e d\u2019h\u00f4tels particuliers, vous apprenez ce qui\r\n                      relie un scientifique obs\u00e9d\u00e9 par l\u2019eau de mer, un peintre fascin\u00e9 par les rousses, un compositeur de g\u00e9nie, et un consulat qui porte toute une histoire carib\u00e9enne.<\/p>\r\n                  <\/div>\r\n                <\/div>\r\n              <\/div>\r\n            <\/div>\r\n          <\/div>\r\n          <div class=\"h-column h-column-container d-flex h-col-lg-auto h-col-md-auto h-col-auto style-1453-outer style-local-3160-c8-outer\">\r\n            <div data-colibri-id=\"3160-c8\" class=\"d-flex h-flex-basis h-column__inner h-px-lg-2 h-px-md-2 h-px-2 v-inner-lg-2 v-inner-md-2 v-inner-2 style-1453 style-local-3160-c8 position-relative\">\r\n              <!---->\r\n              <!---->\r\n              <div class=\"w-100 h-y-container h-column__content h-column__v-align flex-basis-100 align-self-lg-center align-self-md-center align-self-center\">\r\n                <!---->\r\n                <div data-colibri-id=\"3160-c9\" class=\"h-text h-text-component style-1455 style-local-3160-c9 position-relative h-element\">\r\n                  <!---->\r\n                  <!---->\r\n                  <div class=\"\">\r\n                    <p>Au c\u0153ur de la place du G\u00e9n\u00e9ral-Catroux, un \u00e9tonnant trio de monuments rend hommage \u00e0 trois Dumas : le g\u00e9n\u00e9ral n\u00e9 esclave devenu h\u00e9ros de la R\u00e9volution, l\u2019\u00e9crivain des Trois Mousquetaires, et son fils, auteur de La Dame aux cam\u00e9lias.\r\n                      Juste \u00e0 c\u00f4t\u00e9, un jardin r\u00e9cent consacr\u00e9 \u00e0 Solitude, r\u00e9sistante guadeloup\u00e9enne ex\u00e9cut\u00e9e apr\u00e8s avoir accouch\u00e9, renverse l\u2019image sage du quartier et y inscrit la m\u00e9moire de l\u2019esclavage et des luttes anticoloniales.<\/p>\r\n                    <p>La balade vous entra\u00eene ensuite vers un boulevard haussmannien impeccable, o\u00f9 une statue de Sarah Bernhardt rappelle l\u2019actrice qui pleurait \u00ab \u00e0 volont\u00e9 \u00bb pour la science, puis vers un ancien palais bancaire transform\u00e9 en Cit\u00e9 de l\u2019\u00c9conomie\u2026\r\n                      dans lequel on a d\u00e9couvert un vrai passage secret menant \u00e0 la salle des coffres. En fin de parcours, vous plongez dans une ambiance de village autour de la place et de la rue de L\u00e9vis : march\u00e9 anim\u00e9, fa\u00e7ades anciennes, et une boutique\r\n                      de chocolats et de confiseries ouverte depuis le XVIII\u1d49 si\u00e8cle, o\u00f9 l\u2019on vendait d\u00e9j\u00e0 des douceurs \u00e0 l\u2019\u00e9poque de Louis XV.<\/p>\r\n                  <\/div>\r\n                <\/div>\r\n              <\/div>\r\n            <\/div>\r\n          <\/div>\r\n          <div class=\"h-column h-column-container d-flex h-col-lg-auto h-col-md-auto h-col-auto style-1458-outer style-local-3160-c17-outer\">\r\n            <div data-colibri-id=\"3160-c17\" class=\"d-flex h-flex-basis h-column__inner h-ui-empty-state-container h-px-lg-0 h-px-md-0 h-px-0 v-inner-lg-0 v-inner-md-0 v-inner-0 style-1458 style-local-3160-c17 position-relative\">\r\n              <!---->\r\n              <!---->\r\n              <div class=\"w-100 h-y-container h-column__content h-column__v-align flex-basis-100\">\r\n                <!---->\r\n              <\/div>\r\n            <\/div>\r\n          <\/div>\r\n        <\/div>\r\n      <\/div>\r\n      <div data-colibri-id=\"3160-c18\" class=\"h-row-container gutters-row-lg-2 gutters-row-md-2 gutters-row-0 gutters-row-v-lg-2 gutters-row-v-md-2 gutters-row-v-2 style-2202 style-local-3160-c18 position-relative\">\r\n        <!---->\r\n        <div class=\"h-row justify-content-lg-center justify-content-md-center justify-content-center align-items-lg-stretch align-items-md-stretch align-items-stretch gutters-col-lg-2 gutters-col-md-2 gutters-col-0 gutters-col-v-lg-2 gutters-col-v-md-2 gutters-col-v-2\">\r\n          <!---->\r\n          <div class=\"h-column h-column-container d-flex h-col-lg-auto h-col-md-auto h-col-auto style-2203-outer style-local-3160-c19-outer\">\r\n            <div data-colibri-id=\"3160-c19\" class=\"d-flex h-flex-basis h-column__inner h-px-lg-2 h-px-md-2 h-px-2 v-inner-lg-2 v-inner-md-2 v-inner-2 style-2203 style-local-3160-c19 position-relative\">\r\n              <!---->\r\n              <!---->\r\n              <div class=\"w-100 h-y-container h-column__content h-column__v-align flex-basis-100 align-self-lg-start align-self-md-start align-self-start\">\r\n                <!---->\r\n                <div data-colibri-id=\"3160-c20\" class=\"h-global-transition-all h-heading style-2204 style-local-3160-c20 position-relative h-element\">\r\n                  <!---->\r\n                  <div class=\"h-heading__outer style-2204 style-local-3160-c20\">\r\n                    <!---->\r\n                    <!---->\r\n                    <h1 class=\"\">Pendant cette visite vous :<\/h1>\r\n                  <\/div>\r\n                <\/div>\r\n              <\/div>\r\n            <\/div>\r\n          <\/div>\r\n        <\/div>\r\n      <\/div>\r\n      <div data-colibri-id=\"3160-c21\" class=\"h-row-container gutters-row-lg-2 gutters-row-md-2 gutters-row-0 gutters-row-v-lg-2 gutters-row-v-md-2 gutters-row-v-2 style-2205 style-local-3160-c21 position-relative\">\r\n        <!---->\r\n        <div class=\"h-row justify-content-lg-center justify-content-md-center justify-content-center align-items-lg-stretch align-items-md-stretch align-items-stretch gutters-col-lg-2 gutters-col-md-2 gutters-col-0 gutters-col-v-lg-2 gutters-col-v-md-2 gutters-col-v-2\">\r\n          <!---->\r\n          <div class=\"h-column h-column-container d-flex h-col-lg-auto h-col-md-auto h-col-auto style-2206-outer style-local-3160-c22-outer\">\r\n            <div data-colibri-id=\"3160-c22\" class=\"d-flex h-flex-basis h-column__inner h-px-lg-2 h-px-md-2 h-px-2 v-inner-lg-2 v-inner-md-2 v-inner-2 style-2206 style-local-3160-c22 position-relative\">\r\n              <!---->\r\n              <!---->\r\n              <div class=\"w-100 h-y-container h-column__content h-column__v-align flex-basis-100 align-self-lg-start align-self-md-start align-self-start\">\r\n                <!---->\r\n                <div data-colibri-id=\"3160-c23\" class=\"h-text h-text-component style-2207 style-local-3160-c23 position-relative h-element\">\r\n                  <!---->\r\n                  <!---->\r\n                  <div class=\"\">\r\n                    <ul>\r\n                      <li>explorez \u00e0 pied le quartier de la Plaine-Monceau, entre place d\u2019Isra\u00ebl, avenue de Villiers, place du G\u00e9n\u00e9ral-Catroux et rues commer\u00e7antes des Batignolles ;\r\n                        <br>\r\n                      <\/li>\r\n                      <li>d\u00e9couvrez des histoires m\u00e9connues : rendez-vous politique d\u00e9cisif, g\u00e9n\u00e9ral noir surnomm\u00e9 le \u00ab Diable noir \u00bb, h\u00e9ro\u00efne de la lutte contre l\u2019esclavage, actrice l\u00e9gendaire, scientifique visionnaire et peintre \u00ab des rousses \u00bb ;\r\n                        <br>\r\n                      <\/li>\r\n                      <li>profitez de spots photo \u00e9l\u00e9gants : immeubles \u00ab paquebot \u00bb, h\u00f4tels particuliers, statues monumentales, jardin Solitude, fa\u00e7ade de l\u2019ancienne banque et atmosph\u00e8re de march\u00e9 de la rue de L\u00e9vis ;\r\n                        <br>\r\n                      <\/li>\r\n                      <li>vivez une exp\u00e9rience immersive, sensible et surprenante, loin des visites \u00ab catalogue \u00bb.\r\n                        <br>\r\n                      <\/li>\r\n                    <\/ul>\r\n                    <p>Plus qu\u2019une visite, c\u2019est une plong\u00e9e dans un Paris bourgeois en apparence, mais travers\u00e9 par des histoires de r\u00e9volte, de courage et de gourmandise.\r\n                      <br><span style=\"font-weight: 600;\"> T\u00e9l\u00e9chargez gratuitement l\u2019application Audio Guide Paris et d\u00e9bloquez cette balade compl\u00e8te dans le quartier de la Plaine-Monceau \u2014 un Paris raffin\u00e9, secret et profond\u00e9ment vivant qui ne demande qu\u2019\u00e0 se r\u00e9v\u00e9ler.<\/span><\/p>\r\n                  <\/div>\r\n                <\/div>\r\n                <div data-colibri-id=\"3160-c10\" class=\"h-row-container gutters-row-lg-2 gutters-row-md-2 gutters-row-0 gutters-row-v-lg-2 gutters-row-v-md-2 gutters-row-v-2 style-1459 style-local-3160-c10 position-relative\">\r\n                  <!---->\r\n                  <div class=\"h-row justify-content-lg-center justify-content-md-center justify-content-center align-items-lg-stretch align-items-md-stretch align-items-stretch gutters-col-lg-2 gutters-col-md-2 gutters-col-0 gutters-col-v-lg-2 gutters-col-v-md-2 gutters-col-v-2\">\r\n                    <!---->\r\n                    <div class=\"h-column h-column-container d-flex h-col-lg-auto h-col-md-auto h-col-auto style-1460-outer style-local-3160-c11-outer\">\r\n                      <div data-colibri-id=\"3160-c11\" class=\"d-flex h-flex-basis h-column__inner h-px-lg-2 h-px-md-2 h-px-2 v-inner-lg-2 v-inner-md-2 v-inner-2 style-1460 style-local-3160-c11 position-relative\">\r\n                        <!---->\r\n                        <!---->\r\n                        <div class=\"w-100 h-y-container h-column__content h-column__v-align flex-basis-100 align-self-lg-start align-self-md-start align-self-start\">\r\n                          <!---->\r\n                          <div data-colibri-id=\"3160-c12\" class=\"h-x-container style-1462 style-local-3160-c12 position-relative h-element\">\r\n                            <!---->\r\n                            <div class=\"h-x-container-inner style-dynamic-3160-c12-group style-1462-spacing style-local-3160-c12-spacing\"><span class=\"h-button__outer style-1463-outer style-local-3160-c13-outer d-inline-flex h-element\"><a h-use-smooth-scroll=\"true\" href=\"https:\/\/apps.apple.com\/gr\/app\/audio-guide-paris\/id6471984315\" target=\"_blank\"  data-colibri-id=\"3160-c13\" class=\"d-flex w-100 align-items-center h-button justify-content-lg-center justify-content-md-center justify-content-center style-1463 style-local-3160-c13 position-relative\"><!----><!----> <span>apple store<\/span><\/a>\r\n                              <\/span>\r\n                            <\/div>\r\n                          <\/div>\r\n                        <\/div>\r\n                      <\/div>\r\n                    <\/div>\r\n                    <div class=\"h-column h-column-container d-flex h-col-lg-auto h-col-md-auto h-col-auto style-1461-outer style-local-3160-c14-outer\">\r\n                      <div data-colibri-id=\"3160-c14\" class=\"d-flex h-flex-basis h-column__inner h-px-lg-2 h-px-md-2 h-px-2 v-inner-lg-2 v-inner-md-2 v-inner-2 style-1461 style-local-3160-c14 position-relative\">\r\n                        <!---->\r\n                        <!---->\r\n                        <div class=\"w-100 h-y-container h-column__content h-column__v-align flex-basis-100 align-self-lg-start align-self-md-start align-self-start\">\r\n                          <!---->\r\n                          <div data-colibri-id=\"3160-c15\" class=\"h-x-container style-1464 style-local-3160-c15 position-relative h-element\">\r\n                            <!---->\r\n                            <div class=\"h-x-container-inner style-dynamic-3160-c15-group style-1464-spacing style-local-3160-c15-spacing\"><span class=\"h-button__outer style-1465-outer style-local-3160-c16-outer d-inline-flex h-element\"><a h-use-smooth-scroll=\"true\" href=\"https:\/\/play.google.com\/store\/apps\/details?id=com.audioguides_paris\" target=\"_blank\"  data-colibri-id=\"3160-c16\" class=\"d-flex w-100 align-items-center h-button justify-content-lg-center justify-content-md-center justify-content-center style-1465 style-local-3160-c16 position-relative\"><!----><!----> <span>google play <\/span><\/a>\r\n                              <\/span>\r\n                            <\/div>\r\n                          <\/div>\r\n                        <\/div>\r\n                      <\/div>\r\n                    <\/div>\r\n                  <\/div>\r\n                <\/div>\r\n              <\/div>\r\n            <\/div>\r\n          <\/div>\r\n        <\/div>\r\n      <\/div>\r\n    <\/div>\r\n  <\/div>\r\n<\/div>","protected":false},"excerpt":{"rendered":"<p>Balade \u00ab Les secrets de la Plaine-Monceau \u00bb Et si vous quittiez les grands classiques parisiens pour explorer un quartier chic\u2026 o\u00f9 se m\u00ealent fortunes de la Belle \u00c9poque, r\u00e9sistants, h\u00e9ro\u00efnes oubli\u00e9es, passages secrets de banque et chocolats du XVIII\u1d49 si\u00e8cle ? Entre la Plaine-Monceau et les Batignolles, dans le 17\u1d49 arrondissement, cette balade vous [&hellip;]<\/p>\n","protected":false},"author":1,"featured_media":0,"parent":0,"menu_order":0,"comment_status":"closed","ping_status":"closed","template":"page-templates\/full-width-page.php","meta":{"footnotes":""},"class_list":["post-3160","page","type-page","status-publish","hentry"],"yoast_head":"<!-- This site is optimized with the Yoast SEO plugin v26.6 - https:\/\/yoast.com\/wordpress\/plugins\/seo\/ -->\n<title>Plaine-Monceau - Audio Guide Paris<\/title>\n<meta name=\"description\" content=\"D\u00e9couvrez les secrets de la Plaine-Monceau lors d\u2019une balade audioguid\u00e9e \u00e0 Paris. H\u00f4tels particuliers, Dumas, Sarah Bernhardt, passage secret, esclavage, m\u00e9moire et rue de L\u00e9vis.\" \/>\n<meta name=\"robots\" content=\"index, follow, max-snippet:-1, max-image-preview:large, max-video-preview:-1\" \/>\n<link rel=\"canonical\" href=\"https:\/\/audioguide-paris.com\/index.php\/plaine-monceau\/\" \/>\n<meta property=\"og:locale\" content=\"fr_FR\" \/>\n<meta property=\"og:type\" content=\"article\" \/>\n<meta property=\"og:title\" content=\"Plaine-Monceau - Audio Guide Paris\" \/>\n<meta property=\"og:description\" content=\"D\u00e9couvrez les secrets de la Plaine-Monceau lors d\u2019une balade audioguid\u00e9e \u00e0 Paris. H\u00f4tels particuliers, Dumas, Sarah Bernhardt, passage secret, esclavage, m\u00e9moire et rue de L\u00e9vis.\" \/>\n<meta property=\"og:url\" content=\"https:\/\/audioguide-paris.com\/index.php\/plaine-monceau\/\" \/>\n<meta property=\"og:site_name\" content=\"Audio Guide Paris\" \/>\n<meta property=\"article:publisher\" content=\"https:\/\/www.facebook.com\/profile.php?id=61558434027122\" \/>\n<meta property=\"article:modified_time\" content=\"2026-04-03T08:23:24+00:00\" \/>\n<meta name=\"twitter:card\" content=\"summary_large_image\" \/>\n<meta name=\"twitter:label1\" content=\"Dur\u00e9e de lecture estim\u00e9e\" \/>\n\t<meta name=\"twitter:data1\" content=\"3 minutes\" \/>\n<script type=\"application\/ld+json\" class=\"yoast-schema-graph\">{\"@context\":\"https:\/\/schema.org\",\"@graph\":[{\"@type\":\"WebPage\",\"@id\":\"https:\/\/audioguide-paris.com\/index.php\/plaine-monceau\/\",\"url\":\"https:\/\/audioguide-paris.com\/index.php\/plaine-monceau\/\",\"name\":\"Plaine-Monceau - Audio Guide Paris\",\"isPartOf\":{\"@id\":\"https:\/\/audioguide-paris.com\/#website\"},\"datePublished\":\"2025-12-01T15:44:07+00:00\",\"dateModified\":\"2026-04-03T08:23:24+00:00\",\"description\":\"D\u00e9couvrez les secrets de la Plaine-Monceau lors d\u2019une balade audioguid\u00e9e \u00e0 Paris. H\u00f4tels particuliers, Dumas, Sarah Bernhardt, passage secret, esclavage, m\u00e9moire et rue de L\u00e9vis.\",\"breadcrumb\":{\"@id\":\"https:\/\/audioguide-paris.com\/index.php\/plaine-monceau\/#breadcrumb\"},\"inLanguage\":\"fr-FR\",\"potentialAction\":[{\"@type\":\"ReadAction\",\"target\":[\"https:\/\/audioguide-paris.com\/index.php\/plaine-monceau\/\"]}]},{\"@type\":\"BreadcrumbList\",\"@id\":\"https:\/\/audioguide-paris.com\/index.php\/plaine-monceau\/#breadcrumb\",\"itemListElement\":[{\"@type\":\"ListItem\",\"position\":1,\"name\":\"Accueil\",\"item\":\"https:\/\/audioguide-paris.com\/\"},{\"@type\":\"ListItem\",\"position\":2,\"name\":\"Plaine-Monceau\"}]},{\"@type\":\"WebSite\",\"@id\":\"https:\/\/audioguide-paris.com\/#website\",\"url\":\"https:\/\/audioguide-paris.com\/\",\"name\":\"Audio Guide Paris\",\"description\":\"D\u00e9couvrez les tr\u00e9sors de Paris en compagnie d\u2019un expert\",\"publisher\":{\"@id\":\"https:\/\/audioguide-paris.com\/#organization\"},\"potentialAction\":[{\"@type\":\"SearchAction\",\"target\":{\"@type\":\"EntryPoint\",\"urlTemplate\":\"https:\/\/audioguide-paris.com\/?s={search_term_string}\"},\"query-input\":{\"@type\":\"PropertyValueSpecification\",\"valueRequired\":true,\"valueName\":\"search_term_string\"}}],\"inLanguage\":\"fr-FR\"},{\"@type\":\"Organization\",\"@id\":\"https:\/\/audioguide-paris.com\/#organization\",\"name\":\"Audio Guide Paris\",\"url\":\"https:\/\/audioguide-paris.com\/\",\"logo\":{\"@type\":\"ImageObject\",\"inLanguage\":\"fr-FR\",\"@id\":\"https:\/\/audioguide-paris.com\/#\/schema\/logo\/image\/\",\"url\":\"https:\/\/audioguide-paris.com\/wp-content\/uploads\/2024\/04\/cropped-cropped-Logo-transparent.png\",\"contentUrl\":\"https:\/\/audioguide-paris.com\/wp-content\/uploads\/2024\/04\/cropped-cropped-Logo-transparent.png\",\"width\":898,\"height\":898,\"caption\":\"Audio Guide Paris\"},\"image\":{\"@id\":\"https:\/\/audioguide-paris.com\/#\/schema\/logo\/image\/\"},\"sameAs\":[\"https:\/\/www.facebook.com\/profile.php?id=61558434027122\",\"https:\/\/www.instagram.com\/audioguideparis\/\"]}]}<\/script>\n<!-- \/ Yoast SEO plugin. -->","yoast_head_json":{"title":"Plaine-Monceau - Audio Guide Paris","description":"D\u00e9couvrez les secrets de la Plaine-Monceau lors d\u2019une balade audioguid\u00e9e \u00e0 Paris. H\u00f4tels particuliers, Dumas, Sarah Bernhardt, passage secret, esclavage, m\u00e9moire et rue de L\u00e9vis.","robots":{"index":"index","follow":"follow","max-snippet":"max-snippet:-1","max-image-preview":"max-image-preview:large","max-video-preview":"max-video-preview:-1"},"canonical":"https:\/\/audioguide-paris.com\/index.php\/plaine-monceau\/","og_locale":"fr_FR","og_type":"article","og_title":"Plaine-Monceau - Audio Guide Paris","og_description":"D\u00e9couvrez les secrets de la Plaine-Monceau lors d\u2019une balade audioguid\u00e9e \u00e0 Paris. H\u00f4tels particuliers, Dumas, Sarah Bernhardt, passage secret, esclavage, m\u00e9moire et rue de L\u00e9vis.","og_url":"https:\/\/audioguide-paris.com\/index.php\/plaine-monceau\/","og_site_name":"Audio Guide Paris","article_publisher":"https:\/\/www.facebook.com\/profile.php?id=61558434027122","article_modified_time":"2026-04-03T08:23:24+00:00","twitter_card":"summary_large_image","twitter_misc":{"Dur\u00e9e de lecture estim\u00e9e":"3 minutes"},"schema":{"@context":"https:\/\/schema.org","@graph":[{"@type":"WebPage","@id":"https:\/\/audioguide-paris.com\/index.php\/plaine-monceau\/","url":"https:\/\/audioguide-paris.com\/index.php\/plaine-monceau\/","name":"Plaine-Monceau - Audio Guide Paris","isPartOf":{"@id":"https:\/\/audioguide-paris.com\/#website"},"datePublished":"2025-12-01T15:44:07+00:00","dateModified":"2026-04-03T08:23:24+00:00","description":"D\u00e9couvrez les secrets de la Plaine-Monceau lors d\u2019une balade audioguid\u00e9e \u00e0 Paris. H\u00f4tels particuliers, Dumas, Sarah Bernhardt, passage secret, esclavage, m\u00e9moire et rue de L\u00e9vis.","breadcrumb":{"@id":"https:\/\/audioguide-paris.com\/index.php\/plaine-monceau\/#breadcrumb"},"inLanguage":"fr-FR","potentialAction":[{"@type":"ReadAction","target":["https:\/\/audioguide-paris.com\/index.php\/plaine-monceau\/"]}]},{"@type":"BreadcrumbList","@id":"https:\/\/audioguide-paris.com\/index.php\/plaine-monceau\/#breadcrumb","itemListElement":[{"@type":"ListItem","position":1,"name":"Accueil","item":"https:\/\/audioguide-paris.com\/"},{"@type":"ListItem","position":2,"name":"Plaine-Monceau"}]},{"@type":"WebSite","@id":"https:\/\/audioguide-paris.com\/#website","url":"https:\/\/audioguide-paris.com\/","name":"Audio Guide Paris","description":"D\u00e9couvrez les tr\u00e9sors de Paris en compagnie d\u2019un expert","publisher":{"@id":"https:\/\/audioguide-paris.com\/#organization"},"potentialAction":[{"@type":"SearchAction","target":{"@type":"EntryPoint","urlTemplate":"https:\/\/audioguide-paris.com\/?s={search_term_string}"},"query-input":{"@type":"PropertyValueSpecification","valueRequired":true,"valueName":"search_term_string"}}],"inLanguage":"fr-FR"},{"@type":"Organization","@id":"https:\/\/audioguide-paris.com\/#organization","name":"Audio Guide Paris","url":"https:\/\/audioguide-paris.com\/","logo":{"@type":"ImageObject","inLanguage":"fr-FR","@id":"https:\/\/audioguide-paris.com\/#\/schema\/logo\/image\/","url":"https:\/\/audioguide-paris.com\/wp-content\/uploads\/2024\/04\/cropped-cropped-Logo-transparent.png","contentUrl":"https:\/\/audioguide-paris.com\/wp-content\/uploads\/2024\/04\/cropped-cropped-Logo-transparent.png","width":898,"height":898,"caption":"Audio Guide Paris"},"image":{"@id":"https:\/\/audioguide-paris.com\/#\/schema\/logo\/image\/"},"sameAs":["https:\/\/www.facebook.com\/profile.php?id=61558434027122","https:\/\/www.instagram.com\/audioguideparis\/"]}]}},"_links":{"self":[{"href":"https:\/\/audioguide-paris.com\/index.php\/wp-json\/wp\/v2\/pages\/3160","targetHints":{"allow":["GET"]}}],"collection":[{"href":"https:\/\/audioguide-paris.com\/index.php\/wp-json\/wp\/v2\/pages"}],"about":[{"href":"https:\/\/audioguide-paris.com\/index.php\/wp-json\/wp\/v2\/types\/page"}],"author":[{"embeddable":true,"href":"https:\/\/audioguide-paris.com\/index.php\/wp-json\/wp\/v2\/users\/1"}],"replies":[{"embeddable":true,"href":"https:\/\/audioguide-paris.com\/index.php\/wp-json\/wp\/v2\/comments?post=3160"}],"version-history":[{"count":3,"href":"https:\/\/audioguide-paris.com\/index.php\/wp-json\/wp\/v2\/pages\/3160\/revisions"}],"predecessor-version":[{"id":4039,"href":"https:\/\/audioguide-paris.com\/index.php\/wp-json\/wp\/v2\/pages\/3160\/revisions\/4039"}],"wp:attachment":[{"href":"https:\/\/audioguide-paris.com\/index.php\/wp-json\/wp\/v2\/media?parent=3160"}],"curies":[{"name":"wp","href":"https:\/\/api.w.org\/{rel}","templated":true}]}}