{"id":3184,"date":"2025-12-01T16:57:09","date_gmt":"2025-12-01T15:57:09","guid":{"rendered":"https:\/\/audioguide-paris.com\/?page_id=3184"},"modified":"2026-04-03T10:33:18","modified_gmt":"2026-04-03T08:33:18","slug":"vivienne","status":"publish","type":"page","link":"https:\/\/audioguide-paris.com\/index.php\/vivienne\/","title":{"rendered":"Vivienne"},"content":{"rendered":"<div data-colibri-id=\"3184-c1\" class=\"style-1467 style-local-3184-c1 position-relative\">\r\n  <!---->\r\n  <div data-colibri-component=\"section\" data-colibri-id=\"3184-c2\" id=\"overlappable\" class=\"h-section h-section-global-spacing d-flex align-items-lg-center align-items-md-center align-items-center style-1468 style-local-3184-c2 position-relative\">\r\n    <!---->\r\n    <!---->\r\n    <div class=\"h-section-grid-container h-section-boxed-container\">\r\n      <!---->\r\n      <div data-colibri-id=\"3184-c3\" class=\"h-row-container gutters-row-lg-0 gutters-row-md-0 gutters-row-0 gutters-row-v-lg-0 gutters-row-v-md-0 gutters-row-v-0 style-1469 style-local-3184-c3 position-relative\">\r\n        <!---->\r\n        <div class=\"h-row justify-content-lg-center justify-content-md-center justify-content-center align-items-lg-stretch align-items-md-stretch align-items-stretch gutters-col-lg-0 gutters-col-md-0 gutters-col-0 gutters-col-v-lg-0 gutters-col-v-md-0 gutters-col-v-0\">\r\n          <!---->\r\n          <div class=\"h-column h-column-container d-flex h-col-lg-auto h-col-md-auto h-col-auto style-1470-outer style-local-3184-c4-outer\">\r\n            <div data-colibri-id=\"3184-c4\" class=\"d-flex h-flex-basis h-column__inner h-ui-empty-state-container h-px-lg-0 h-px-md-0 h-px-0 v-inner-lg-0 v-inner-md-0 v-inner-0 style-1470 style-local-3184-c4 position-relative\">\r\n              <!---->\r\n              <!---->\r\n              <div class=\"w-100 h-y-container h-column__content h-column__v-align flex-basis-100\">\r\n                <!---->\r\n              <\/div>\r\n            <\/div>\r\n          <\/div>\r\n          <div class=\"h-column h-column-container d-flex h-col-lg-auto h-col-md-auto h-col-auto style-1471-outer style-local-3184-c5-outer\">\r\n            <div data-colibri-id=\"3184-c5\" class=\"d-flex h-flex-basis h-column__inner h-px-lg-2 h-px-md-2 h-px-2 v-inner-lg-2 v-inner-md-2 v-inner-2 style-1471 style-local-3184-c5 position-relative\">\r\n              <!---->\r\n              <!---->\r\n              <div class=\"w-100 h-y-container h-column__content h-column__v-align flex-basis-100 align-self-lg-center align-self-md-center align-self-center\">\r\n                <!---->\r\n                <div data-colibri-id=\"3184-c6\" class=\"h-global-transition-all h-heading style-1472 style-local-3184-c6 position-relative h-element\">\r\n                  <!---->\r\n                  <div class=\"h-heading__outer style-1472 style-local-3184-c6\">\r\n                    <!---->\r\n                    <!---->\r\n                    <h4 class=\"\">Balade \u201cLes secrets du quartier Vivienne\u201d<\/h4>\r\n                  <\/div>\r\n                <\/div>\r\n                <div data-colibri-id=\"3184-c7\" class=\"h-text h-text-component style-1473 style-local-3184-c7 position-relative h-element\">\r\n                  <!---->\r\n                  <!---->\r\n                  <div class=\"\">\r\n                    <p>Et si, en quelques rues seulement, vous basculiez dans un Paris cach\u00e9, celui des passages couverts, des salons litt\u00e9raires, des fortunes \u00e9clatantes\u2026 et des \u00e9checs retentissants ? Du murmure des \u00e9glises aux cris de la Bourse, cette\r\n                      balade vous entra\u00eene au c\u0153ur du 2\u1d49 arrondissement, l\u00e0 o\u00f9 se croisent luxe, intrigues politiques, \u00e9crivains tourment\u00e9s et petits scandales oubli\u00e9s.<\/p>\r\n                    <p>Derri\u00e8re les fa\u00e7ades sages de la place des Victoires, vous d\u00e9couvrez comment un projet royal est devenu terrain de jeu pour la mode et les ambitieux. Une \u00e9glise tapiss\u00e9e de milliers de remerciements, des rues aux noms de voleurs, un\r\n                      compositeur de g\u00e9nie qui vient prier en secret\u2026 On vous r\u00e9v\u00e8le pourquoi ce coin de Paris attire depuis des si\u00e8cles ceux qui ont quelque chose \u00e0 demander \u2013 ou \u00e0 se faire pardonner.<\/p>\r\n                  <\/div>\r\n                <\/div>\r\n              <\/div>\r\n            <\/div>\r\n          <\/div>\r\n          <div class=\"h-column h-column-container d-flex h-col-lg-auto h-col-md-auto h-col-auto style-1471-outer style-local-3184-c8-outer\">\r\n            <div data-colibri-id=\"3184-c8\" class=\"d-flex h-flex-basis h-column__inner h-px-lg-2 h-px-md-2 h-px-2 v-inner-lg-2 v-inner-md-2 v-inner-2 style-1471 style-local-3184-c8 position-relative\">\r\n              <!---->\r\n              <!---->\r\n              <div class=\"w-100 h-y-container h-column__content h-column__v-align flex-basis-100 align-self-lg-center align-self-md-center align-self-center\">\r\n                <!---->\r\n                <div data-colibri-id=\"3184-c9\" class=\"h-text h-text-component style-1473 style-local-3184-c9 position-relative h-element\">\r\n                  <!---->\r\n                  <!---->\r\n                  <div class=\"\">\r\n                    <p>Puis viennent les passages couverts : verri\u00e8res, mosa\u00efques, boutiques pr\u00e9cieuses\u2026 mais aussi rumeurs de faillites, sp\u00e9culateurs exalt\u00e9s, rendez-vous discrets et querelles d\u2019\u00e9crivains. Que se passait-il vraiment derri\u00e8re ces vitrines\r\n                      ? Pourquoi certains restaurants sont devenus des l\u00e9gendes, et comment un simple couloir couvert a pu changer la mani\u00e8re de fl\u00e2ner \u00e0 Paris ?<\/p>\r\n                    <p>Plus loin, les jardins, les anciennes salles d\u2019op\u00e9ra et les fa\u00e7ades monumentales vous racontent une autre histoire : celle des attentats manqu\u00e9s, des ducs assassin\u00e9s, des banquiers tout-puissants et des femmes qu\u2019on a longtemps tenues\r\n                      \u00e0 l\u2019\u00e9cart des coulisses de la Bourse. Entre deux dorures de th\u00e9\u00e2tre, vous d\u00e9couvrez aussi ce qu\u2019un certain Stendhal observait depuis sa fen\u00eatre pour \u00e9crire Le Rouge et le Noir.<\/p>\r\n                  <\/div>\r\n                <\/div>\r\n              <\/div>\r\n            <\/div>\r\n          <\/div>\r\n          <div class=\"h-column h-column-container d-flex h-col-lg-auto h-col-md-auto h-col-auto style-1476-outer style-local-3184-c17-outer\">\r\n            <div data-colibri-id=\"3184-c17\" class=\"d-flex h-flex-basis h-column__inner h-ui-empty-state-container h-px-lg-0 h-px-md-0 h-px-0 v-inner-lg-0 v-inner-md-0 v-inner-0 style-1476 style-local-3184-c17 position-relative\">\r\n              <!---->\r\n              <!---->\r\n              <div class=\"w-100 h-y-container h-column__content h-column__v-align flex-basis-100\">\r\n                <!---->\r\n              <\/div>\r\n            <\/div>\r\n          <\/div>\r\n        <\/div>\r\n      <\/div>\r\n      <div data-colibri-id=\"3184-c18\" class=\"h-row-container gutters-row-lg-2 gutters-row-md-2 gutters-row-0 gutters-row-v-lg-2 gutters-row-v-md-2 gutters-row-v-2 style-2196 style-local-3184-c18 position-relative\">\r\n        <!---->\r\n        <div class=\"h-row justify-content-lg-center justify-content-md-center justify-content-center align-items-lg-stretch align-items-md-stretch align-items-stretch gutters-col-lg-2 gutters-col-md-2 gutters-col-0 gutters-col-v-lg-2 gutters-col-v-md-2 gutters-col-v-2\">\r\n          <!---->\r\n          <div class=\"h-column h-column-container d-flex h-col-lg-auto h-col-md-auto h-col-auto style-2197-outer style-local-3184-c19-outer\">\r\n            <div data-colibri-id=\"3184-c19\" class=\"d-flex h-flex-basis h-column__inner h-px-lg-2 h-px-md-2 h-px-2 v-inner-lg-2 v-inner-md-2 v-inner-2 style-2197 style-local-3184-c19 position-relative\">\r\n              <!---->\r\n              <!---->\r\n              <div class=\"w-100 h-y-container h-column__content h-column__v-align flex-basis-100 align-self-lg-start align-self-md-start align-self-start\">\r\n                <!---->\r\n                <div data-colibri-id=\"3184-c20\" class=\"h-global-transition-all h-heading style-2198 style-local-3184-c20 position-relative h-element\">\r\n                  <!---->\r\n                  <div class=\"h-heading__outer style-2198 style-local-3184-c20\">\r\n                    <!---->\r\n                    <!---->\r\n                    <h1 class=\"\">Pendant cette visite vous :<\/h1>\r\n                  <\/div>\r\n                <\/div>\r\n              <\/div>\r\n            <\/div>\r\n          <\/div>\r\n        <\/div>\r\n      <\/div>\r\n      <div data-colibri-id=\"3184-c21\" class=\"h-row-container gutters-row-lg-2 gutters-row-md-2 gutters-row-0 gutters-row-v-lg-2 gutters-row-v-md-2 gutters-row-v-2 style-2199 style-local-3184-c21 position-relative\">\r\n        <!---->\r\n        <div class=\"h-row justify-content-lg-center justify-content-md-center justify-content-center align-items-lg-stretch align-items-md-stretch align-items-stretch gutters-col-lg-2 gutters-col-md-2 gutters-col-0 gutters-col-v-lg-2 gutters-col-v-md-2 gutters-col-v-2\">\r\n          <!---->\r\n          <div class=\"h-column h-column-container d-flex h-col-lg-auto h-col-md-auto h-col-auto style-2200-outer style-local-3184-c22-outer\">\r\n            <div data-colibri-id=\"3184-c22\" class=\"d-flex h-flex-basis h-column__inner h-px-lg-2 h-px-md-2 h-px-2 v-inner-lg-2 v-inner-md-2 v-inner-2 style-2200 style-local-3184-c22 position-relative\">\r\n              <!---->\r\n              <!---->\r\n              <div class=\"w-100 h-y-container h-column__content h-column__v-align flex-basis-100 align-self-lg-start align-self-md-start align-self-start\">\r\n                <!---->\r\n                <div data-colibri-id=\"3184-c23\" class=\"h-text h-text-component style-2201 style-local-3184-c23 position-relative h-element\">\r\n                  <!---->\r\n                  <!---->\r\n                  <div class=\"\">\r\n                    <ul>\r\n                      <li>explorez \u00e0 pied le quartier Vivienne entre place royale, passages couverts, anciens h\u00f4tels particuliers, Bourse et Op\u00e9ra-Comique ;\r\n                        <br>\r\n                      <\/li>\r\n                      <li>d\u00e9couvrez des anecdotes \u00e9tonnantes : pluie d\u2019ex-voto, grands navigateurs, \u00e9crivains en qu\u00eate d\u2019inspiration, attentats manqu\u00e9s et secrets bien gard\u00e9s des coulisses financi\u00e8res ;\r\n                        <br>\r\n                      <\/li>\r\n                      <li>profitez de spots photo superbes : place des Victoires, galerie Vivienne, galerie Colbert, square cach\u00e9s et silhouette du Palais Brongniart ;\r\n                        <br>\r\n                      <\/li>\r\n                      <li>vivez une exp\u00e9rience immersive, vivante et fluide, loin des visites \u00ab catalogue \u00bb.\r\n                        <br>\r\n                      <\/li>\r\n                    <\/ul>\r\n                    <p>Plus qu\u2019une visite, c\u2019est un concentr\u00e9 de Paris raffin\u00e9, historique et confidentiel, o\u00f9 chaque pas ouvre une porte d\u00e9rob\u00e9e sur une autre histoire.\r\n                      <br>\r\n                    <\/p>\r\n                    <p><span style=\"font-weight: 600;\">T\u00e9l\u00e9chargez gratuitement l\u2019application Audio Guide Paris et d\u00e9bloquez cette balade compl\u00e8te dans le quartier Vivienne \u2014 un Paris de passages, de livres et de belles pierres qui ne demande qu\u2019\u00e0 se r\u00e9v\u00e9ler.<\/span><\/p>\r\n                  <\/div>\r\n                <\/div>\r\n              <\/div>\r\n            <\/div>\r\n          <\/div>\r\n        <\/div>\r\n      <\/div>\r\n      <div data-colibri-id=\"3184-c24\" class=\"h-row-container gutters-row-lg-2 gutters-row-md-2 gutters-row-0 gutters-row-v-lg-2 gutters-row-v-md-2 gutters-row-v-2 style-1477 style-local-3184-c24 position-relative\">\r\n        <!---->\r\n        <div class=\"h-row justify-content-lg-center justify-content-md-center justify-content-center align-items-lg-stretch align-items-md-stretch align-items-stretch gutters-col-lg-2 gutters-col-md-2 gutters-col-0 gutters-col-v-lg-2 gutters-col-v-md-2 gutters-col-v-2\">\r\n          <!---->\r\n          <div class=\"h-column h-column-container d-flex h-col-lg-auto h-col-md-auto h-col-auto style-1478-outer style-local-3184-c25-outer\">\r\n            <div data-colibri-id=\"3184-c25\" class=\"d-flex h-flex-basis h-column__inner h-px-lg-2 h-px-md-2 h-px-2 v-inner-lg-2 v-inner-md-2 v-inner-2 style-1478 style-local-3184-c25 position-relative\">\r\n              <!---->\r\n              <!---->\r\n              <div class=\"w-100 h-y-container h-column__content h-column__v-align flex-basis-100 align-self-lg-start align-self-md-start align-self-start\">\r\n                <!---->\r\n                <div data-colibri-id=\"3184-c26\" class=\"h-x-container style-1480 style-local-3184-c26 position-relative h-element\">\r\n                  <!---->\r\n                  <div class=\"h-x-container-inner style-dynamic-3184-c26-group style-1480-spacing style-local-3184-c26-spacing\"><span class=\"h-button__outer style-1481-outer style-local-3184-c27-outer d-inline-flex h-element\"><a h-use-smooth-scroll=\"true\" href=\"https:\/\/apps.apple.com\/gr\/app\/audio-guide-paris\/id6471984315\" target=\"_blank\"  data-colibri-id=\"3184-c27\" class=\"d-flex w-100 align-items-center h-button justify-content-lg-center justify-content-md-center justify-content-center style-1481 style-local-3184-c27 position-relative\"><!----><!----> <span>apple store <\/span><\/a>\r\n                    <\/span>\r\n                  <\/div>\r\n                <\/div>\r\n              <\/div>\r\n            <\/div>\r\n          <\/div>\r\n          <div class=\"h-column h-column-container d-flex h-col-lg-auto h-col-md-auto h-col-auto style-1479-outer style-local-3184-c28-outer\">\r\n            <div data-colibri-id=\"3184-c28\" class=\"d-flex h-flex-basis h-column__inner h-px-lg-2 h-px-md-2 h-px-2 v-inner-lg-2 v-inner-md-2 v-inner-2 style-1479 style-local-3184-c28 position-relative\">\r\n              <!---->\r\n              <!---->\r\n              <div class=\"w-100 h-y-container h-column__content h-column__v-align flex-basis-100 align-self-lg-start align-self-md-start align-self-start\">\r\n                <!---->\r\n                <div data-colibri-id=\"3184-c29\" class=\"h-x-container style-1482 style-local-3184-c29 position-relative h-element\">\r\n                  <!---->\r\n                  <div class=\"h-x-container-inner style-dynamic-3184-c29-group style-1482-spacing style-local-3184-c29-spacing\"><span class=\"h-button__outer style-1483-outer style-local-3184-c30-outer d-inline-flex h-element\"><a h-use-smooth-scroll=\"true\" href=\"https:\/\/play.google.com\/store\/apps\/details?id=com.audioguides_paris\" target=\"_blank\"  data-colibri-id=\"3184-c30\" class=\"d-flex w-100 align-items-center h-button justify-content-lg-center justify-content-md-center justify-content-center style-1483 style-local-3184-c30 position-relative\"><!----><!----> <span>google play<\/span><\/a>\r\n                    <\/span>\r\n                  <\/div>\r\n                <\/div>\r\n              <\/div>\r\n            <\/div>\r\n          <\/div>\r\n        <\/div>\r\n      <\/div>\r\n    <\/div>\r\n  <\/div>\r\n<\/div>","protected":false},"excerpt":{"rendered":"<p>Balade \u201cLes secrets du quartier Vivienne\u201d Et si, en quelques rues seulement, vous basculiez dans un Paris cach\u00e9, celui des passages couverts, des salons litt\u00e9raires, des fortunes \u00e9clatantes\u2026 et des \u00e9checs retentissants ? Du murmure des \u00e9glises aux cris de la Bourse, cette balade vous entra\u00eene au c\u0153ur du 2\u1d49 arrondissement, l\u00e0 o\u00f9 se croisent [&hellip;]<\/p>\n","protected":false},"author":1,"featured_media":0,"parent":0,"menu_order":0,"comment_status":"closed","ping_status":"closed","template":"page-templates\/full-width-page.php","meta":{"footnotes":""},"class_list":["post-3184","page","type-page","status-publish","hentry"],"yoast_head":"<!-- This site is optimized with the Yoast SEO plugin v26.6 - https:\/\/yoast.com\/wordpress\/plugins\/seo\/ -->\n<title>Vivienne - Audio Guide Paris<\/title>\n<meta name=\"description\" content=\"D\u00e9couvrez les secrets du quartier Vivienne avec une balade audioguid\u00e9e \u00e0 Paris. Passages couverts, galerie Vivienne, galerie Colbert, Bourse, Op\u00e9ra-Comique et anecdotes cach\u00e9es au c\u0153ur du 2e arrondissement.\" \/>\n<meta name=\"robots\" content=\"index, follow, max-snippet:-1, max-image-preview:large, max-video-preview:-1\" \/>\n<link rel=\"canonical\" href=\"https:\/\/audioguide-paris.com\/index.php\/vivienne\/\" \/>\n<meta property=\"og:locale\" content=\"fr_FR\" \/>\n<meta property=\"og:type\" content=\"article\" \/>\n<meta property=\"og:title\" content=\"Vivienne - Audio Guide Paris\" \/>\n<meta property=\"og:description\" content=\"D\u00e9couvrez les secrets du quartier Vivienne avec une balade audioguid\u00e9e \u00e0 Paris. Passages couverts, galerie Vivienne, galerie Colbert, Bourse, Op\u00e9ra-Comique et anecdotes cach\u00e9es au c\u0153ur du 2e arrondissement.\" \/>\n<meta property=\"og:url\" content=\"https:\/\/audioguide-paris.com\/index.php\/vivienne\/\" \/>\n<meta property=\"og:site_name\" content=\"Audio Guide Paris\" \/>\n<meta property=\"article:publisher\" content=\"https:\/\/www.facebook.com\/profile.php?id=61558434027122\" \/>\n<meta property=\"article:modified_time\" content=\"2026-04-03T08:33:18+00:00\" \/>\n<meta name=\"twitter:card\" content=\"summary_large_image\" \/>\n<meta name=\"twitter:label1\" content=\"Dur\u00e9e de lecture estim\u00e9e\" \/>\n\t<meta name=\"twitter:data1\" content=\"2 minutes\" \/>\n<script type=\"application\/ld+json\" class=\"yoast-schema-graph\">{\"@context\":\"https:\/\/schema.org\",\"@graph\":[{\"@type\":\"WebPage\",\"@id\":\"https:\/\/audioguide-paris.com\/index.php\/vivienne\/\",\"url\":\"https:\/\/audioguide-paris.com\/index.php\/vivienne\/\",\"name\":\"Vivienne - Audio Guide Paris\",\"isPartOf\":{\"@id\":\"https:\/\/audioguide-paris.com\/#website\"},\"datePublished\":\"2025-12-01T15:57:09+00:00\",\"dateModified\":\"2026-04-03T08:33:18+00:00\",\"description\":\"D\u00e9couvrez les secrets du quartier Vivienne avec une balade audioguid\u00e9e \u00e0 Paris. Passages couverts, galerie Vivienne, galerie Colbert, Bourse, Op\u00e9ra-Comique et anecdotes cach\u00e9es au c\u0153ur du 2e arrondissement.\",\"breadcrumb\":{\"@id\":\"https:\/\/audioguide-paris.com\/index.php\/vivienne\/#breadcrumb\"},\"inLanguage\":\"fr-FR\",\"potentialAction\":[{\"@type\":\"ReadAction\",\"target\":[\"https:\/\/audioguide-paris.com\/index.php\/vivienne\/\"]}]},{\"@type\":\"BreadcrumbList\",\"@id\":\"https:\/\/audioguide-paris.com\/index.php\/vivienne\/#breadcrumb\",\"itemListElement\":[{\"@type\":\"ListItem\",\"position\":1,\"name\":\"Accueil\",\"item\":\"https:\/\/audioguide-paris.com\/\"},{\"@type\":\"ListItem\",\"position\":2,\"name\":\"Vivienne\"}]},{\"@type\":\"WebSite\",\"@id\":\"https:\/\/audioguide-paris.com\/#website\",\"url\":\"https:\/\/audioguide-paris.com\/\",\"name\":\"Audio Guide Paris\",\"description\":\"D\u00e9couvrez les tr\u00e9sors de Paris en compagnie d\u2019un expert\",\"publisher\":{\"@id\":\"https:\/\/audioguide-paris.com\/#organization\"},\"potentialAction\":[{\"@type\":\"SearchAction\",\"target\":{\"@type\":\"EntryPoint\",\"urlTemplate\":\"https:\/\/audioguide-paris.com\/?s={search_term_string}\"},\"query-input\":{\"@type\":\"PropertyValueSpecification\",\"valueRequired\":true,\"valueName\":\"search_term_string\"}}],\"inLanguage\":\"fr-FR\"},{\"@type\":\"Organization\",\"@id\":\"https:\/\/audioguide-paris.com\/#organization\",\"name\":\"Audio Guide Paris\",\"url\":\"https:\/\/audioguide-paris.com\/\",\"logo\":{\"@type\":\"ImageObject\",\"inLanguage\":\"fr-FR\",\"@id\":\"https:\/\/audioguide-paris.com\/#\/schema\/logo\/image\/\",\"url\":\"https:\/\/audioguide-paris.com\/wp-content\/uploads\/2024\/04\/cropped-cropped-Logo-transparent.png\",\"contentUrl\":\"https:\/\/audioguide-paris.com\/wp-content\/uploads\/2024\/04\/cropped-cropped-Logo-transparent.png\",\"width\":898,\"height\":898,\"caption\":\"Audio Guide Paris\"},\"image\":{\"@id\":\"https:\/\/audioguide-paris.com\/#\/schema\/logo\/image\/\"},\"sameAs\":[\"https:\/\/www.facebook.com\/profile.php?id=61558434027122\",\"https:\/\/www.instagram.com\/audioguideparis\/\"]}]}<\/script>\n<!-- \/ Yoast SEO plugin. -->","yoast_head_json":{"title":"Vivienne - Audio Guide Paris","description":"D\u00e9couvrez les secrets du quartier Vivienne avec une balade audioguid\u00e9e \u00e0 Paris. Passages couverts, galerie Vivienne, galerie Colbert, Bourse, Op\u00e9ra-Comique et anecdotes cach\u00e9es au c\u0153ur du 2e arrondissement.","robots":{"index":"index","follow":"follow","max-snippet":"max-snippet:-1","max-image-preview":"max-image-preview:large","max-video-preview":"max-video-preview:-1"},"canonical":"https:\/\/audioguide-paris.com\/index.php\/vivienne\/","og_locale":"fr_FR","og_type":"article","og_title":"Vivienne - Audio Guide Paris","og_description":"D\u00e9couvrez les secrets du quartier Vivienne avec une balade audioguid\u00e9e \u00e0 Paris. Passages couverts, galerie Vivienne, galerie Colbert, Bourse, Op\u00e9ra-Comique et anecdotes cach\u00e9es au c\u0153ur du 2e arrondissement.","og_url":"https:\/\/audioguide-paris.com\/index.php\/vivienne\/","og_site_name":"Audio Guide Paris","article_publisher":"https:\/\/www.facebook.com\/profile.php?id=61558434027122","article_modified_time":"2026-04-03T08:33:18+00:00","twitter_card":"summary_large_image","twitter_misc":{"Dur\u00e9e de lecture estim\u00e9e":"2 minutes"},"schema":{"@context":"https:\/\/schema.org","@graph":[{"@type":"WebPage","@id":"https:\/\/audioguide-paris.com\/index.php\/vivienne\/","url":"https:\/\/audioguide-paris.com\/index.php\/vivienne\/","name":"Vivienne - Audio Guide Paris","isPartOf":{"@id":"https:\/\/audioguide-paris.com\/#website"},"datePublished":"2025-12-01T15:57:09+00:00","dateModified":"2026-04-03T08:33:18+00:00","description":"D\u00e9couvrez les secrets du quartier Vivienne avec une balade audioguid\u00e9e \u00e0 Paris. Passages couverts, galerie Vivienne, galerie Colbert, Bourse, Op\u00e9ra-Comique et anecdotes cach\u00e9es au c\u0153ur du 2e arrondissement.","breadcrumb":{"@id":"https:\/\/audioguide-paris.com\/index.php\/vivienne\/#breadcrumb"},"inLanguage":"fr-FR","potentialAction":[{"@type":"ReadAction","target":["https:\/\/audioguide-paris.com\/index.php\/vivienne\/"]}]},{"@type":"BreadcrumbList","@id":"https:\/\/audioguide-paris.com\/index.php\/vivienne\/#breadcrumb","itemListElement":[{"@type":"ListItem","position":1,"name":"Accueil","item":"https:\/\/audioguide-paris.com\/"},{"@type":"ListItem","position":2,"name":"Vivienne"}]},{"@type":"WebSite","@id":"https:\/\/audioguide-paris.com\/#website","url":"https:\/\/audioguide-paris.com\/","name":"Audio Guide Paris","description":"D\u00e9couvrez les tr\u00e9sors de Paris en compagnie d\u2019un expert","publisher":{"@id":"https:\/\/audioguide-paris.com\/#organization"},"potentialAction":[{"@type":"SearchAction","target":{"@type":"EntryPoint","urlTemplate":"https:\/\/audioguide-paris.com\/?s={search_term_string}"},"query-input":{"@type":"PropertyValueSpecification","valueRequired":true,"valueName":"search_term_string"}}],"inLanguage":"fr-FR"},{"@type":"Organization","@id":"https:\/\/audioguide-paris.com\/#organization","name":"Audio Guide Paris","url":"https:\/\/audioguide-paris.com\/","logo":{"@type":"ImageObject","inLanguage":"fr-FR","@id":"https:\/\/audioguide-paris.com\/#\/schema\/logo\/image\/","url":"https:\/\/audioguide-paris.com\/wp-content\/uploads\/2024\/04\/cropped-cropped-Logo-transparent.png","contentUrl":"https:\/\/audioguide-paris.com\/wp-content\/uploads\/2024\/04\/cropped-cropped-Logo-transparent.png","width":898,"height":898,"caption":"Audio Guide Paris"},"image":{"@id":"https:\/\/audioguide-paris.com\/#\/schema\/logo\/image\/"},"sameAs":["https:\/\/www.facebook.com\/profile.php?id=61558434027122","https:\/\/www.instagram.com\/audioguideparis\/"]}]}},"_links":{"self":[{"href":"https:\/\/audioguide-paris.com\/index.php\/wp-json\/wp\/v2\/pages\/3184","targetHints":{"allow":["GET"]}}],"collection":[{"href":"https:\/\/audioguide-paris.com\/index.php\/wp-json\/wp\/v2\/pages"}],"about":[{"href":"https:\/\/audioguide-paris.com\/index.php\/wp-json\/wp\/v2\/types\/page"}],"author":[{"embeddable":true,"href":"https:\/\/audioguide-paris.com\/index.php\/wp-json\/wp\/v2\/users\/1"}],"replies":[{"embeddable":true,"href":"https:\/\/audioguide-paris.com\/index.php\/wp-json\/wp\/v2\/comments?post=3184"}],"version-history":[{"count":3,"href":"https:\/\/audioguide-paris.com\/index.php\/wp-json\/wp\/v2\/pages\/3184\/revisions"}],"predecessor-version":[{"id":4032,"href":"https:\/\/audioguide-paris.com\/index.php\/wp-json\/wp\/v2\/pages\/3184\/revisions\/4032"}],"wp:attachment":[{"href":"https:\/\/audioguide-paris.com\/index.php\/wp-json\/wp\/v2\/media?parent=3184"}],"curies":[{"name":"wp","href":"https:\/\/api.w.org\/{rel}","templated":true}]}}