{"id":3206,"date":"2025-12-01T17:14:30","date_gmt":"2025-12-01T16:14:30","guid":{"rendered":"https:\/\/audioguide-paris.com\/?page_id=3206"},"modified":"2026-02-27T16:19:49","modified_gmt":"2026-02-27T15:19:49","slug":"20eme-arrondissement-de-paris","status":"publish","type":"page","link":"https:\/\/audioguide-paris.com\/index.php\/20eme-arrondissement-de-paris\/","title":{"rendered":"20e"},"content":{"rendered":"<div data-colibri-id=\"3206-c1\" class=\"style-1485 style-local-3206-c1 position-relative\">\r\n  <!---->\r\n  <div data-colibri-component=\"section\" data-colibri-id=\"3206-c2\" id=\"overlappable\" class=\"h-section h-section-global-spacing d-flex align-items-lg-center align-items-md-center align-items-center style-1486 style-local-3206-c2 position-relative\">\r\n    <!---->\r\n    <!---->\r\n    <div class=\"h-section-grid-container h-section-boxed-container\">\r\n      <!---->\r\n      <div data-colibri-id=\"3206-c3\" class=\"h-row-container gutters-row-lg-0 gutters-row-md-0 gutters-row-0 gutters-row-v-lg-0 gutters-row-v-md-0 gutters-row-v-0 style-1487 style-local-3206-c3 position-relative\">\r\n        <!---->\r\n        <div class=\"h-row justify-content-lg-center justify-content-md-center justify-content-center align-items-lg-stretch align-items-md-stretch align-items-stretch gutters-col-lg-0 gutters-col-md-0 gutters-col-0 gutters-col-v-lg-0 gutters-col-v-md-0 gutters-col-v-0\">\r\n          <!---->\r\n          <div class=\"h-column h-column-container d-flex h-col-lg-auto h-col-md-auto h-col-auto style-1488-outer style-local-3206-c4-outer\">\r\n            <div data-colibri-id=\"3206-c4\" class=\"d-flex h-flex-basis h-column__inner h-ui-empty-state-container h-px-lg-0 h-px-md-0 h-px-0 v-inner-lg-0 v-inner-md-0 v-inner-0 style-1488 style-local-3206-c4 position-relative\">\r\n              <!---->\r\n              <!---->\r\n              <div class=\"w-100 h-y-container h-column__content h-column__v-align flex-basis-100\">\r\n                <!---->\r\n              <\/div>\r\n            <\/div>\r\n          <\/div>\r\n          <div class=\"h-column h-column-container d-flex h-col-lg-auto h-col-md-auto h-col-auto style-1489-outer style-local-3206-c5-outer\">\r\n            <div data-colibri-id=\"3206-c5\" class=\"d-flex h-flex-basis h-column__inner h-px-lg-2 h-px-md-2 h-px-2 v-inner-lg-2 v-inner-md-2 v-inner-2 style-1489 style-local-3206-c5 position-relative\">\r\n              <!---->\r\n              <!---->\r\n              <div class=\"w-100 h-y-container h-column__content h-column__v-align flex-basis-100 align-self-lg-center align-self-md-center align-self-center\">\r\n                <!---->\r\n                <div data-colibri-id=\"3206-c6\" class=\"h-global-transition-all h-heading style-1490 style-local-3206-c6 position-relative h-element\">\r\n                  <!---->\r\n                  <div class=\"h-heading__outer style-1490 style-local-3206-c6\">\r\n                    <!---->\r\n                    <!---->\r\n                    <h4 class=\"\">Balade dans le 20\u1d49 arrondissement<\/h4>\r\n                  <\/div>\r\n                <\/div>\r\n                <div data-colibri-id=\"3206-c7\" class=\"h-text h-text-component style-1491 style-local-3206-c7 position-relative h-element\">\r\n                  <!---->\r\n                  <!---->\r\n                  <div class=\"\">\r\n                    <p>Et si vous quittiez les cartes postales du centre pour d\u00e9couvrir un Paris de collines, de vignes disparues, de chansons et de m\u00e9moire\u2026 l\u00e0 o\u00f9 chaque coin de rue cache une histoire \u00e9tonnante ? Du square \u00c9douard-Vaillant aux hauteurs\r\n                      de M\u00e9nilmontant, de la place Gambetta au cimeti\u00e8re du P\u00e8re-Lachaise, cette balade \u00e0 pied vous fait traverser l\u2019histoire m\u00e9connue du 20\u1d49 arrondissement, entre villages absorb\u00e9s par Paris, luttes sociales, art de rue et destins romanesques.\r\n                      Vous y d\u00e9couvrez, entre autres, ce que Paris a failli devenir sans ce quartier populaire.<\/p>\r\n                    <p>Votre promenade commence au square \u00c9douard-Vaillant, oasis de verdure avec kiosque \u00e0 musique, statue de Gambetta et serre monumentale, \u00e0 deux pas de l\u2019h\u00f4pital Tenon o\u00f9 naquit \u00c9dith Piaf. Savez-vous ce que la \u00ab M\u00f4me \u00bb doit vraiment\r\n                      \u00e0 ce morceau de colline ? Vous croisez aussi la figure d\u2019\u00c9douard Vaillant, communard et d\u00e9fenseur de l\u2019\u00e9cole pour tous, et un \u00e9mouvant hommage aux enfants juifs du 20\u1d49 arrondissement d\u00e9port\u00e9s pendant la Seconde Guerre mondiale \u2013\r\n                      l\u2019un de ces lieux que l\u2019on traverse sans le voir, jusqu\u2019\u00e0 ce qu\u2019on vous en raconte l\u2019histoire.<\/p>\r\n                  <\/div>\r\n                <\/div>\r\n              <\/div>\r\n            <\/div>\r\n          <\/div>\r\n          <div class=\"h-column h-column-container d-flex h-col-lg-auto h-col-md-auto h-col-auto style-1489-outer style-local-3206-c8-outer\">\r\n            <div data-colibri-id=\"3206-c8\" class=\"d-flex h-flex-basis h-column__inner h-px-lg-2 h-px-md-2 h-px-2 v-inner-lg-2 v-inner-md-2 v-inner-2 style-1489 style-local-3206-c8 position-relative\">\r\n              <!---->\r\n              <!---->\r\n              <div class=\"w-100 h-y-container h-column__content h-column__v-align flex-basis-100 align-self-lg-center align-self-md-center align-self-center\">\r\n                <!---->\r\n                <div data-colibri-id=\"3206-c9\" class=\"h-text h-text-component style-1491 style-local-3206-c9 position-relative h-element\">\r\n                  <!---->\r\n                  <!---->\r\n                  <div class=\"\">\r\n                    <p>Puis vous remontez l\u2019avenue Gambetta jusqu\u2019\u00e0 la place du m\u00eame nom : fontaine contemporaine en verre, mairie monumentale du 20\u1d49, et r\u00e9cit du c\u00e9l\u00e8bre ballon mont\u00e9 qui permit \u00e0 Gambetta de fuir Paris assi\u00e9g\u00e9 en 1870. Vous d\u00e9couvrez comment\r\n                      un vol en ballon a pu changer le cours de l\u2019Histoire, et pourquoi cette place apparemment tranquille est en r\u00e9alit\u00e9 un concentr\u00e9 de politique, de guerre\u2026 et de panache. Vous empruntez ensuite la rue des Pyr\u00e9n\u00e9es, l\u2019une des plus longues\r\n                      rues de la capitale, n\u00e9e du percement entre Belleville et Charonne et rebaptis\u00e9e apr\u00e8s avoir c\u00e9l\u00e9br\u00e9 la bataille de Puebla : vous comprendrez ce que cette victoire mexicaine vient faire sur les plaques de rues parisiennes.<\/p>\r\n                    <p>Sur votre chemin, un d\u00e9tour m\u00e8ne au passage des Soupirs, escalier secret aux airs de campagne, autrefois rendez-vous des amoureux, o\u00f9 une l\u00e9gende raconte que le temps s\u2019arr\u00eate. L\u2019audio vous r\u00e9v\u00e8le d\u2019o\u00f9 vient ce nom et ce qui s\u2019y murmurait\r\n                      autrefois \u00e0 la nuit tomb\u00e9e. Un peu plus loin, la poste du 250 rue des Pyr\u00e9n\u00e9es cache deux immenses panneaux en c\u00e9ramique d\u2019Ossip Zadkine, all\u00e9gorie de la Poste terrestre et a\u00e9rienne sign\u00e9e par l\u2019un des grands noms de la sculpture\r\n                      du XX\u1d49 si\u00e8cle : un tr\u00e9sor d\u2019art public que beaucoup de voisins n\u2019ont jamais remarqu\u00e9.<\/p>\r\n                  <\/div>\r\n                <\/div>\r\n              <\/div>\r\n            <\/div>\r\n          <\/div>\r\n          <div class=\"h-column h-column-container d-flex h-col-lg-auto h-col-md-auto h-col-auto style-1494-outer style-local-3206-c17-outer\">\r\n            <div data-colibri-id=\"3206-c17\" class=\"d-flex h-flex-basis h-column__inner h-ui-empty-state-container h-px-lg-0 h-px-md-0 h-px-0 v-inner-lg-0 v-inner-md-0 v-inner-0 style-1494 style-local-3206-c17 position-relative\">\r\n              <!---->\r\n              <!---->\r\n              <div class=\"w-100 h-y-container h-column__content h-column__v-align flex-basis-100\">\r\n                <!---->\r\n              <\/div>\r\n            <\/div>\r\n          <\/div>\r\n        <\/div>\r\n      <\/div>\r\n      <div data-colibri-id=\"3206-c18\" class=\"h-row-container gutters-row-lg-2 gutters-row-md-2 gutters-row-0 gutters-row-v-lg-2 gutters-row-v-md-2 gutters-row-v-2 style-1645 style-local-3206-c18 position-relative\">\r\n        <!---->\r\n        <div class=\"h-row justify-content-lg-center justify-content-md-center justify-content-center align-items-lg-stretch align-items-md-stretch align-items-stretch gutters-col-lg-2 gutters-col-md-2 gutters-col-0 gutters-col-v-lg-2 gutters-col-v-md-2 gutters-col-v-2\">\r\n          <!---->\r\n          <div class=\"h-column h-column-container d-flex h-col-lg-auto h-col-md-auto h-col-auto style-1646-outer style-local-3206-c19-outer\">\r\n            <div data-colibri-id=\"3206-c19\" class=\"d-flex h-flex-basis h-column__inner h-px-lg-2 h-px-md-2 h-px-2 v-inner-lg-2 v-inner-md-2 v-inner-2 style-1646 style-local-3206-c19 position-relative\">\r\n              <!---->\r\n              <!---->\r\n              <div class=\"w-100 h-y-container h-column__content h-column__v-align flex-basis-100 align-self-lg-start align-self-md-start align-self-start\">\r\n                <!---->\r\n                <div data-colibri-id=\"3206-c20\" class=\"h-text h-text-component style-1647 style-local-3206-c20 position-relative h-element\">\r\n                  <!---->\r\n                  <!---->\r\n                  <div class=\"\">\r\n                    <p>La balade se poursuit par le Pavillon Carr\u00e9 de Baudouin, ancienne folie de campagne devenue centre d\u2019art gratuit, puis la rue du Retrait, h\u00e9riti\u00e8re des anciens vignobles. Entre fresques, animaux color\u00e9s du collectif Mosko, clin d\u2019\u0153il\r\n                      \u00e0 l\u2019artiste Jaber El Mahjoub, maison natale de Maurice Chevalier et th\u00e9\u00e2tre de M\u00e9nilmontant, le quartier affiche son \u00e2me populaire et artistique. Vous d\u00e9couvrez comment ces murs ont vu na\u00eetre chansons, luttes, f\u00eates de quartier\u2026\r\n                      et quelques nuits un peu trop agit\u00e9es.<\/p>\r\n                    <p>En gagnant la rue Villiers-de-l\u2019Isle-Adam, vous passez devant une ancienne imprimerie clandestine de la R\u00e9sistance et sur les traces de Villiers de l\u2019Isle-Adam, \u00e9crivain visionnaire qui imagina d\u00e8s 1886 une cr\u00e9ature artificielle amoureuse.\r\n                      Vous verrez comment ce coin de Paris relie romans fantastiques, combats contre l\u2019occupant et utopies d\u2019un autre monde. La place Martin Nadaud d\u00e9voile ensuite sa fameuse \u00ab maison branch\u00e9e \u00bb, fa\u00e7ade enti\u00e8rement sculpt\u00e9e de faux bois\r\n                      en ciment, qui abrite aujourd\u2019hui une cr\u00e8che dans un d\u00e9cor de conte : l\u2019histoire de cette maison un peu folle surprend toujours les passants.<\/p>\r\n                    <p>Par la rue Sorbier et la rue des Rondeaux, vous rejoignez enfin le cimeti\u00e8re du P\u00e8re-Lachaise, vaste parc paysager du XIX\u1d49 inscrit dans la m\u00e9moire collective. Dans ce mus\u00e9e \u00e0 ciel ouvert, vous croisez le cr\u00e9matorium n\u00e9o-byzantin, la\r\n                      plaque de Maria Callas, la tombe de Marcel Proust, le menhir de Guillaume Apollinaire, le monument d\u2019Oscar Wilde et la s\u00e9pulture d\u2019\u00c9dith Piaf, parmi des milliers d\u2019histoires grav\u00e9es dans la pierre. Vous y apprenez, entre autres,\r\n                      pourquoi certains tombes sont couvertes de baisers, d\u2019autres de cailloux, et comment ce cimeti\u00e8re est devenu l\u2019un des lieux les plus visit\u00e9s au monde.<\/p>\r\n                  <\/div>\r\n                <\/div>\r\n                <div data-colibri-id=\"3206-c21\" class=\"h-global-transition-all h-heading style-1648 style-local-3206-c21 position-relative h-element\">\r\n                  <!---->\r\n                  <div class=\"h-heading__outer style-1648 style-local-3206-c21\">\r\n                    <!---->\r\n                    <!---->\r\n                    <h1 class=\"\">Pendant cette visite vous :<\/h1>\r\n                  <\/div>\r\n                <\/div>\r\n                <div data-colibri-id=\"3206-c22\" class=\"h-text h-text-component style-1649 style-local-3206-c22 position-relative h-element\">\r\n                  <!---->\r\n                  <!---->\r\n                  <div class=\"\">\r\n                    <p>&#8211; explorez \u00e0 pied le 20\u1d49 arrondissement, de Gambetta \u00e0 M\u00e9nilmontant jusqu\u2019au cimeti\u00e8re du P\u00e8re-Lachaise ;\r\n                      <br>&#8211; d\u00e9couvrez des anecdotes surprenantes (ballon de Gambetta, passage des Soupirs, postiers de Zadkine, imprimerie clandestine, destins d\u2019artistes et d\u2019\u00e9crivains\u2026 et quelques histoires qu\u2019on ne lit pas dans les guides) ;\r\n                      <br>&#8211; profitez de spots photo uniques : square \u00c9douard-Vaillant, rues en pente, Pavillon Carr\u00e9 de Baudouin, maison \u00ab v\u00e9g\u00e9tale \u00bb de Martin Nadaud, all\u00e9es arbor\u00e9es de P\u00e8re-Lachaise ;\r\n                      <br>&#8211; vivez une exp\u00e9rience immersive, vivante et \u00e9motionnelle, loin des visites \u00ab catalogue \u00bb.<\/p>\r\n                    <p>Plus qu\u2019une visite, c\u2019est une plong\u00e9e dans un Paris populaire, po\u00e9tique et profond\u00e9ment vivant, o\u00f9 l\u2019on repart avec des images\u2026 et des histoires \u00e0 raconter.\r\n                      <br>\r\n                    <\/p>\r\n                    <p><span style=\"font-weight: 600;\">T\u00e9l\u00e9chargez gratuitement l\u2019application Audio Guide Paris et d\u00e9bloquez cette balade compl\u00e8te dans le 20\u1d49 arrondissement \u2014 un Paris authentique, artistique et charg\u00e9 de m\u00e9moire qui ne demande qu\u2019\u00e0 se r\u00e9v\u00e9ler.<\/span><\/p>\r\n                  <\/div>\r\n                <\/div>\r\n                <div data-colibri-id=\"3206-c10\" class=\"h-row-container gutters-row-lg-2 gutters-row-md-2 gutters-row-0 gutters-row-v-lg-2 gutters-row-v-md-2 gutters-row-v-2 style-1495 style-local-3206-c10 position-relative\">\r\n                  <!---->\r\n                  <div class=\"h-row justify-content-lg-center justify-content-md-center justify-content-center align-items-lg-stretch align-items-md-stretch align-items-stretch gutters-col-lg-2 gutters-col-md-2 gutters-col-0 gutters-col-v-lg-2 gutters-col-v-md-2 gutters-col-v-2\">\r\n                    <!---->\r\n                    <div class=\"h-column h-column-container d-flex h-col-lg-auto h-col-md-auto h-col-auto style-1496-outer style-local-3206-c11-outer\">\r\n                      <div data-colibri-id=\"3206-c11\" class=\"d-flex h-flex-basis h-column__inner h-px-lg-2 h-px-md-2 h-px-2 v-inner-lg-2 v-inner-md-2 v-inner-2 style-1496 style-local-3206-c11 position-relative\">\r\n                        <!---->\r\n                        <!---->\r\n                        <div class=\"w-100 h-y-container h-column__content h-column__v-align flex-basis-100 align-self-lg-start align-self-md-start align-self-start\">\r\n                          <!---->\r\n                          <div data-colibri-id=\"3206-c12\" class=\"h-x-container style-1498 style-local-3206-c12 position-relative h-element\">\r\n                            <!---->\r\n                            <div class=\"h-x-container-inner style-dynamic-3206-c12-group style-1498-spacing style-local-3206-c12-spacing\"><span class=\"h-button__outer style-1499-outer style-local-3206-c13-outer d-inline-flex h-element\"><a h-use-smooth-scroll=\"true\" href=\"https:\/\/apps.apple.com\/gr\/app\/audio-guide-paris\/id6471984315\" target=\"_blank\"  data-colibri-id=\"3206-c13\" class=\"d-flex w-100 align-items-center h-button justify-content-lg-center justify-content-md-center justify-content-center style-1499 style-local-3206-c13 position-relative\"><!----><!----> <span>apple store <\/span><\/a>\r\n                              <\/span>\r\n                            <\/div>\r\n                          <\/div>\r\n                        <\/div>\r\n                      <\/div>\r\n                    <\/div>\r\n                    <div class=\"h-column h-column-container d-flex h-col-lg-auto h-col-md-auto h-col-auto style-1497-outer style-local-3206-c14-outer\">\r\n                      <div data-colibri-id=\"3206-c14\" class=\"d-flex h-flex-basis h-column__inner h-px-lg-2 h-px-md-2 h-px-2 v-inner-lg-2 v-inner-md-2 v-inner-2 style-1497 style-local-3206-c14 position-relative\">\r\n                        <!---->\r\n                        <!---->\r\n                        <div class=\"w-100 h-y-container h-column__content h-column__v-align flex-basis-100 align-self-lg-start align-self-md-start align-self-start\">\r\n                          <!---->\r\n                          <div data-colibri-id=\"3206-c15\" class=\"h-x-container style-1500 style-local-3206-c15 position-relative h-element\">\r\n                            <!---->\r\n                            <div class=\"h-x-container-inner style-dynamic-3206-c15-group style-1500-spacing style-local-3206-c15-spacing\"><span class=\"h-button__outer style-1501-outer style-local-3206-c16-outer d-inline-flex h-element\"><a h-use-smooth-scroll=\"true\" href=\"https:\/\/play.google.com\/store\/apps\/details?id=com.audioguides_paris\" target=\"_blank\"  data-colibri-id=\"3206-c16\" class=\"d-flex w-100 align-items-center h-button justify-content-lg-center justify-content-md-center justify-content-center style-1501 style-local-3206-c16 position-relative\"><!----><!----> <span>google play<\/span><\/a>\r\n                              <\/span>\r\n                            <\/div>\r\n                          <\/div>\r\n                        <\/div>\r\n                      <\/div>\r\n                    <\/div>\r\n                  <\/div>\r\n                <\/div>\r\n              <\/div>\r\n            <\/div>\r\n          <\/div>\r\n        <\/div>\r\n      <\/div>\r\n    <\/div>\r\n  <\/div>\r\n<\/div>","protected":false},"excerpt":{"rendered":"<p>Balade dans le 20\u1d49 arrondissement Et si vous quittiez les cartes postales du centre pour d\u00e9couvrir un Paris de collines, de vignes disparues, de chansons et de m\u00e9moire\u2026 l\u00e0 o\u00f9 chaque coin de rue cache une histoire \u00e9tonnante ? Du square \u00c9douard-Vaillant aux hauteurs de M\u00e9nilmontant, de la place Gambetta au cimeti\u00e8re du P\u00e8re-Lachaise, cette [&hellip;]<\/p>\n","protected":false},"author":1,"featured_media":0,"parent":0,"menu_order":0,"comment_status":"closed","ping_status":"closed","template":"page-templates\/full-width-page.php","meta":{"footnotes":""},"class_list":["post-3206","page","type-page","status-publish","hentry"],"yoast_head":"<!-- This site is optimized with the Yoast SEO plugin v26.6 - https:\/\/yoast.com\/wordpress\/plugins\/seo\/ -->\n<title>20e - Audio Guide Paris<\/title>\n<meta name=\"description\" content=\"Explorez le 20e arrondissement de Paris avec notre audioguide : P\u00e8re-Lachaise, Belleville, M\u00e9nilmontant. Parcours, cartes, anecdotes. \u00c9coutez en ligne.\" \/>\n<meta name=\"robots\" content=\"index, follow, max-snippet:-1, max-image-preview:large, max-video-preview:-1\" \/>\n<link rel=\"canonical\" href=\"https:\/\/audioguide-paris.com\/index.php\/20e\/\" \/>\n<meta property=\"og:locale\" content=\"fr_FR\" \/>\n<meta property=\"og:type\" content=\"article\" \/>\n<meta property=\"og:title\" content=\"20e - Audio Guide Paris\" \/>\n<meta property=\"og:description\" content=\"Explorez le 20e arrondissement de Paris avec notre audioguide : P\u00e8re-Lachaise, Belleville, M\u00e9nilmontant. Parcours, cartes, anecdotes. \u00c9coutez en ligne.\" \/>\n<meta property=\"og:url\" content=\"https:\/\/audioguide-paris.com\/index.php\/20e\/\" \/>\n<meta property=\"og:site_name\" content=\"Audio Guide Paris\" \/>\n<meta property=\"article:publisher\" content=\"https:\/\/www.facebook.com\/profile.php?id=61558434027122\" \/>\n<meta property=\"article:modified_time\" content=\"2026-02-27T15:19:49+00:00\" \/>\n<meta name=\"twitter:card\" content=\"summary_large_image\" \/>\n<meta name=\"twitter:label1\" content=\"Dur\u00e9e de lecture estim\u00e9e\" \/>\n\t<meta name=\"twitter:data1\" content=\"5 minutes\" \/>\n<script type=\"application\/ld+json\" class=\"yoast-schema-graph\">{\"@context\":\"https:\/\/schema.org\",\"@graph\":[{\"@type\":\"WebPage\",\"@id\":\"https:\/\/audioguide-paris.com\/index.php\/20eme-arrondissement-de-paris\/\",\"url\":\"https:\/\/audioguide-paris.com\/index.php\/20e\/\",\"name\":\"20e - Audio Guide Paris\",\"isPartOf\":{\"@id\":\"https:\/\/audioguide-paris.com\/#website\"},\"datePublished\":\"2025-12-01T16:14:30+00:00\",\"dateModified\":\"2026-02-27T15:19:49+00:00\",\"description\":\"Explorez le 20e arrondissement de Paris avec notre audioguide : P\u00e8re-Lachaise, Belleville, M\u00e9nilmontant. Parcours, cartes, anecdotes. \u00c9coutez en ligne.\",\"breadcrumb\":{\"@id\":\"https:\/\/audioguide-paris.com\/index.php\/20e\/#breadcrumb\"},\"inLanguage\":\"fr-FR\",\"potentialAction\":[{\"@type\":\"ReadAction\",\"target\":[\"https:\/\/audioguide-paris.com\/index.php\/20e\/\"]}]},{\"@type\":\"BreadcrumbList\",\"@id\":\"https:\/\/audioguide-paris.com\/index.php\/20e\/#breadcrumb\",\"itemListElement\":[{\"@type\":\"ListItem\",\"position\":1,\"name\":\"Accueil\",\"item\":\"https:\/\/audioguide-paris.com\/\"},{\"@type\":\"ListItem\",\"position\":2,\"name\":\"20e arrondissement\"}]},{\"@type\":\"WebSite\",\"@id\":\"https:\/\/audioguide-paris.com\/#website\",\"url\":\"https:\/\/audioguide-paris.com\/\",\"name\":\"Audio Guide Paris\",\"description\":\"D\u00e9couvrez les tr\u00e9sors de Paris en compagnie d\u2019un expert\",\"publisher\":{\"@id\":\"https:\/\/audioguide-paris.com\/#organization\"},\"potentialAction\":[{\"@type\":\"SearchAction\",\"target\":{\"@type\":\"EntryPoint\",\"urlTemplate\":\"https:\/\/audioguide-paris.com\/?s={search_term_string}\"},\"query-input\":{\"@type\":\"PropertyValueSpecification\",\"valueRequired\":true,\"valueName\":\"search_term_string\"}}],\"inLanguage\":\"fr-FR\"},{\"@type\":\"Organization\",\"@id\":\"https:\/\/audioguide-paris.com\/#organization\",\"name\":\"Audio Guide Paris\",\"url\":\"https:\/\/audioguide-paris.com\/\",\"logo\":{\"@type\":\"ImageObject\",\"inLanguage\":\"fr-FR\",\"@id\":\"https:\/\/audioguide-paris.com\/#\/schema\/logo\/image\/\",\"url\":\"https:\/\/audioguide-paris.com\/wp-content\/uploads\/2024\/04\/cropped-cropped-Logo-transparent.png\",\"contentUrl\":\"https:\/\/audioguide-paris.com\/wp-content\/uploads\/2024\/04\/cropped-cropped-Logo-transparent.png\",\"width\":898,\"height\":898,\"caption\":\"Audio Guide Paris\"},\"image\":{\"@id\":\"https:\/\/audioguide-paris.com\/#\/schema\/logo\/image\/\"},\"sameAs\":[\"https:\/\/www.facebook.com\/profile.php?id=61558434027122\",\"https:\/\/www.instagram.com\/audioguideparis\/\"]}]}<\/script>\n<!-- \/ Yoast SEO plugin. -->","yoast_head_json":{"title":"20e - Audio Guide Paris","description":"Explorez le 20e arrondissement de Paris avec notre audioguide : P\u00e8re-Lachaise, Belleville, M\u00e9nilmontant. Parcours, cartes, anecdotes. \u00c9coutez en ligne.","robots":{"index":"index","follow":"follow","max-snippet":"max-snippet:-1","max-image-preview":"max-image-preview:large","max-video-preview":"max-video-preview:-1"},"canonical":"https:\/\/audioguide-paris.com\/index.php\/20e\/","og_locale":"fr_FR","og_type":"article","og_title":"20e - Audio Guide Paris","og_description":"Explorez le 20e arrondissement de Paris avec notre audioguide : P\u00e8re-Lachaise, Belleville, M\u00e9nilmontant. Parcours, cartes, anecdotes. \u00c9coutez en ligne.","og_url":"https:\/\/audioguide-paris.com\/index.php\/20e\/","og_site_name":"Audio Guide Paris","article_publisher":"https:\/\/www.facebook.com\/profile.php?id=61558434027122","article_modified_time":"2026-02-27T15:19:49+00:00","twitter_card":"summary_large_image","twitter_misc":{"Dur\u00e9e de lecture estim\u00e9e":"5 minutes"},"schema":{"@context":"https:\/\/schema.org","@graph":[{"@type":"WebPage","@id":"https:\/\/audioguide-paris.com\/index.php\/20eme-arrondissement-de-paris\/","url":"https:\/\/audioguide-paris.com\/index.php\/20e\/","name":"20e - Audio Guide Paris","isPartOf":{"@id":"https:\/\/audioguide-paris.com\/#website"},"datePublished":"2025-12-01T16:14:30+00:00","dateModified":"2026-02-27T15:19:49+00:00","description":"Explorez le 20e arrondissement de Paris avec notre audioguide : P\u00e8re-Lachaise, Belleville, M\u00e9nilmontant. Parcours, cartes, anecdotes. \u00c9coutez en ligne.","breadcrumb":{"@id":"https:\/\/audioguide-paris.com\/index.php\/20e\/#breadcrumb"},"inLanguage":"fr-FR","potentialAction":[{"@type":"ReadAction","target":["https:\/\/audioguide-paris.com\/index.php\/20e\/"]}]},{"@type":"BreadcrumbList","@id":"https:\/\/audioguide-paris.com\/index.php\/20e\/#breadcrumb","itemListElement":[{"@type":"ListItem","position":1,"name":"Accueil","item":"https:\/\/audioguide-paris.com\/"},{"@type":"ListItem","position":2,"name":"20e arrondissement"}]},{"@type":"WebSite","@id":"https:\/\/audioguide-paris.com\/#website","url":"https:\/\/audioguide-paris.com\/","name":"Audio Guide Paris","description":"D\u00e9couvrez les tr\u00e9sors de Paris en compagnie d\u2019un expert","publisher":{"@id":"https:\/\/audioguide-paris.com\/#organization"},"potentialAction":[{"@type":"SearchAction","target":{"@type":"EntryPoint","urlTemplate":"https:\/\/audioguide-paris.com\/?s={search_term_string}"},"query-input":{"@type":"PropertyValueSpecification","valueRequired":true,"valueName":"search_term_string"}}],"inLanguage":"fr-FR"},{"@type":"Organization","@id":"https:\/\/audioguide-paris.com\/#organization","name":"Audio Guide Paris","url":"https:\/\/audioguide-paris.com\/","logo":{"@type":"ImageObject","inLanguage":"fr-FR","@id":"https:\/\/audioguide-paris.com\/#\/schema\/logo\/image\/","url":"https:\/\/audioguide-paris.com\/wp-content\/uploads\/2024\/04\/cropped-cropped-Logo-transparent.png","contentUrl":"https:\/\/audioguide-paris.com\/wp-content\/uploads\/2024\/04\/cropped-cropped-Logo-transparent.png","width":898,"height":898,"caption":"Audio Guide Paris"},"image":{"@id":"https:\/\/audioguide-paris.com\/#\/schema\/logo\/image\/"},"sameAs":["https:\/\/www.facebook.com\/profile.php?id=61558434027122","https:\/\/www.instagram.com\/audioguideparis\/"]}]}},"_links":{"self":[{"href":"https:\/\/audioguide-paris.com\/index.php\/wp-json\/wp\/v2\/pages\/3206","targetHints":{"allow":["GET"]}}],"collection":[{"href":"https:\/\/audioguide-paris.com\/index.php\/wp-json\/wp\/v2\/pages"}],"about":[{"href":"https:\/\/audioguide-paris.com\/index.php\/wp-json\/wp\/v2\/types\/page"}],"author":[{"embeddable":true,"href":"https:\/\/audioguide-paris.com\/index.php\/wp-json\/wp\/v2\/users\/1"}],"replies":[{"embeddable":true,"href":"https:\/\/audioguide-paris.com\/index.php\/wp-json\/wp\/v2\/comments?post=3206"}],"version-history":[{"count":3,"href":"https:\/\/audioguide-paris.com\/index.php\/wp-json\/wp\/v2\/pages\/3206\/revisions"}],"predecessor-version":[{"id":3583,"href":"https:\/\/audioguide-paris.com\/index.php\/wp-json\/wp\/v2\/pages\/3206\/revisions\/3583"}],"wp:attachment":[{"href":"https:\/\/audioguide-paris.com\/index.php\/wp-json\/wp\/v2\/media?parent=3206"}],"curies":[{"name":"wp","href":"https:\/\/api.w.org\/{rel}","templated":true}]}}