{"id":3249,"date":"2025-12-02T13:28:35","date_gmt":"2025-12-02T12:28:35","guid":{"rendered":"https:\/\/audioguide-paris.com\/?page_id=3249"},"modified":"2026-02-27T16:31:47","modified_gmt":"2026-02-27T15:31:47","slug":"beaubourg","status":"publish","type":"page","link":"https:\/\/audioguide-paris.com\/index.php\/beaubourg\/","title":{"rendered":"Beaubourg"},"content":{"rendered":"<div data-colibri-id=\"3249-c1\" class=\"style-1510 style-local-3249-c1 position-relative\">\r\n  <!---->\r\n  <div data-colibri-component=\"section\" data-colibri-id=\"3249-c2\" id=\"overlappable\" class=\"h-section h-section-global-spacing d-flex align-items-lg-center align-items-md-center align-items-center style-1511 style-local-3249-c2 position-relative\">\r\n    <!---->\r\n    <!---->\r\n    <div class=\"h-section-grid-container h-section-boxed-container\">\r\n      <!---->\r\n      <div data-colibri-id=\"3249-c3\" class=\"h-row-container gutters-row-lg-0 gutters-row-md-0 gutters-row-0 gutters-row-v-lg-0 gutters-row-v-md-0 gutters-row-v-0 style-1512 style-local-3249-c3 position-relative\">\r\n        <!---->\r\n        <div class=\"h-row justify-content-lg-center justify-content-md-center justify-content-center align-items-lg-stretch align-items-md-stretch align-items-stretch gutters-col-lg-0 gutters-col-md-0 gutters-col-0 gutters-col-v-lg-0 gutters-col-v-md-0 gutters-col-v-0\">\r\n          <!---->\r\n          <div class=\"h-column h-column-container d-flex h-col-lg-auto h-col-md-auto h-col-auto style-1513-outer style-local-3249-c4-outer\">\r\n            <div data-colibri-id=\"3249-c4\" class=\"d-flex h-flex-basis h-column__inner h-ui-empty-state-container h-px-lg-0 h-px-md-0 h-px-0 v-inner-lg-0 v-inner-md-0 v-inner-0 style-1513 style-local-3249-c4 position-relative\">\r\n              <!---->\r\n              <!---->\r\n              <div class=\"w-100 h-y-container h-column__content h-column__v-align flex-basis-100\">\r\n                <!---->\r\n              <\/div>\r\n            <\/div>\r\n          <\/div>\r\n          <div class=\"h-column h-column-container d-flex h-col-lg-auto h-col-md-auto h-col-auto style-1514-outer style-local-3249-c5-outer\">\r\n            <div data-colibri-id=\"3249-c5\" class=\"d-flex h-flex-basis h-column__inner h-px-lg-2 h-px-md-2 h-px-2 v-inner-lg-2 v-inner-md-2 v-inner-2 style-1514 style-local-3249-c5 position-relative\">\r\n              <!---->\r\n              <!---->\r\n              <div class=\"w-100 h-y-container h-column__content h-column__v-align flex-basis-100 align-self-lg-center align-self-md-center align-self-center\">\r\n                <!---->\r\n                <div data-colibri-id=\"3249-c6\" class=\"h-global-transition-all h-heading style-1515 style-local-3249-c6 position-relative h-element\">\r\n                  <!---->\r\n                  <div class=\"h-heading__outer style-1515 style-local-3249-c6\">\r\n                    <!---->\r\n                    <!---->\r\n                    <h4 class=\"\">Balade \u00ab Entre m\u00e9dieval et moderne : quartier de Beaubourg \u00bb<\/h4>\r\n                  <\/div>\r\n                <\/div>\r\n                <div data-colibri-id=\"3249-c7\" class=\"h-text h-text-component style-1516 style-local-3249-c7 position-relative h-element\">\r\n                  <!---->\r\n                  <!---->\r\n                  <div class=\"\">\r\n                    <p>Et si vous exploriez le c\u0153ur historique de Paris entre Beaubourg et le Marais, l\u00e0 o\u00f9 se croisent architecture m\u00e9di\u00e9vale, art contemporain, th\u00e9\u00e2tre, m\u00e9moire juive et jardins cach\u00e9s ? De la tour Jean Sans Peur au jardin Anne-Frank, en\r\n                      passant par le Centre Pompidou, la rue de la Verrerie, le BHV et la rue du Temple, cette balade \u00e0 pied vous fait traverser huit si\u00e8cles d\u2019histoire en quelques rues seulement.<\/p>\r\n                    <p>Votre promenade commence tour Jean Sans Peur, derni\u00e8re grande tour f\u00e9odale de Paris, construite pour le duc de Bourgogne en pleine guerre de Cent Ans. Escalier \u00e0 vis spectaculaire, reste de l\u2019enceinte de Philippe Auguste, plus anciennes\r\n                      toilettes de Paris\u2026 ce d\u00e9cor m\u00e9di\u00e9val raconte complots, peur des assassinats et lutte pour le pouvoir au c\u0153ur de la capitale.<\/p>\r\n                    <p>Vous descendez ensuite la rue Saint-Denis jusqu\u2019au Mus\u00e9e de l\u2019Illusion, o\u00f9 hologrammes, trompe-l\u2019\u0153il et exp\u00e9riences ludiques bousculent vos rep\u00e8res. Un clin d\u2019\u0153il amusant dans cette rue autrefois voie triomphale des entr\u00e9es royales,\r\n                      th\u00e9\u00e2tre de r\u00e9volutions, de barricades et de combats au XIX\u1d49 si\u00e8cle.<\/p>\r\n                  <\/div>\r\n                <\/div>\r\n              <\/div>\r\n            <\/div>\r\n          <\/div>\r\n          <div class=\"h-column h-column-container d-flex h-col-lg-auto h-col-md-auto h-col-auto style-1514-outer style-local-3249-c8-outer\">\r\n            <div data-colibri-id=\"3249-c8\" class=\"d-flex h-flex-basis h-column__inner h-px-lg-2 h-px-md-2 h-px-2 v-inner-lg-2 v-inner-md-2 v-inner-2 style-1514 style-local-3249-c8 position-relative\">\r\n              <!---->\r\n              <!---->\r\n              <div class=\"w-100 h-y-container h-column__content h-column__v-align flex-basis-100 align-self-lg-center align-self-md-center align-self-center\">\r\n                <!---->\r\n                <div data-colibri-id=\"3249-c9\" class=\"h-text h-text-component style-1516 style-local-3249-c9 position-relative h-element\">\r\n                  <!---->\r\n                  <!---->\r\n                  <div class=\"\">\r\n                    <p>La balade se poursuit vers la rue Rambuteau, grande perc\u00e9e hygi\u00e9niste du XIX\u1d49 si\u00e8cle, puis dans le quartier de l\u2019Horloge, o\u00f9 l\u2019horloge automate Le D\u00e9fenseur du Temps met en sc\u00e8ne un guerrier affrontant un crabe, un oiseau et un dragon.\r\n                      \u00c0 deux pas, la sculpture du Grand Assistant annonce d\u00e9j\u00e0 l\u2019univers du Centre Pompidou, immense vaisseau color\u00e9 d\u00e9di\u00e9 \u00e0 l\u2019art moderne et contemporain, longtemps surnomm\u00e9 \u00ab le monstre \u00bb avant de devenir un symbole de Paris.<\/p>\r\n                    <p>Vous traversez ensuite la place Edmond-Michelet puis la rue Saint-Martin jusqu\u2019\u00e0 l\u2019\u00e9glise Saint-Merri, parfois appel\u00e9e \u00ab Notre-Dame-la-Petite \u00bb. Sa fa\u00e7ade gothique flamboyante, ses statues \u00e9tranges \u2013 dont un petit diablotin qui rappelle\r\n                      la l\u00e9gende du Baphomet \u2013 et son histoire m\u00e9connue en font l\u2019un des joyaux secrets de la rive droite.<\/p>\r\n                    <p>Par le presbyt\u00e8re, vous rejoignez la rue de la Verrerie : fa\u00e7ades anciennes, petites boutiques, rues adjacentes pleines de surprises. Au 72, l\u2019ancien bordel de \u00ab Madame Fran\u00e7oise \u00bb, transform\u00e9 en bar \u00e0 chansons o\u00f9 l\u2019on entendait Sergio\r\n                      Valadez, rappelle le Paris populaire et nocturne ; un peu plus loin, le BHV Marais, grand magasin historique fond\u00e9 au XIX\u1d49 si\u00e8cle, incarne le commerce parisien dans toute sa d\u00e9mesure.\r\n                      <br>\r\n                    <\/p>\r\n                  <\/div>\r\n                <\/div>\r\n              <\/div>\r\n            <\/div>\r\n          <\/div>\r\n          <div class=\"h-column h-column-container d-flex h-col-lg-auto h-col-md-auto h-col-auto style-1519-outer style-local-3249-c17-outer\">\r\n            <div data-colibri-id=\"3249-c17\" class=\"d-flex h-flex-basis h-column__inner h-ui-empty-state-container h-px-lg-0 h-px-md-0 h-px-0 v-inner-lg-0 v-inner-md-0 v-inner-0 style-1519 style-local-3249-c17 position-relative\">\r\n              <!---->\r\n              <!---->\r\n              <div class=\"w-100 h-y-container h-column__content h-column__v-align flex-basis-100\">\r\n                <!---->\r\n              <\/div>\r\n            <\/div>\r\n          <\/div>\r\n        <\/div>\r\n      <\/div>\r\n      <div data-colibri-id=\"3249-c18\" class=\"h-row-container gutters-row-lg-2 gutters-row-md-2 gutters-row-0 gutters-row-v-lg-2 gutters-row-v-md-2 gutters-row-v-2 style-1638 style-local-3249-c18 position-relative\">\r\n        <!---->\r\n        <div class=\"h-row justify-content-lg-center justify-content-md-center justify-content-center align-items-lg-stretch align-items-md-stretch align-items-stretch gutters-col-lg-2 gutters-col-md-2 gutters-col-0 gutters-col-v-lg-2 gutters-col-v-md-2 gutters-col-v-2\">\r\n          <!---->\r\n          <div class=\"h-column h-column-container d-flex h-col-lg-auto h-col-md-auto h-col-auto style-1639-outer style-local-3249-c19-outer\">\r\n            <div data-colibri-id=\"3249-c19\" class=\"d-flex h-flex-basis h-column__inner h-px-lg-2 h-px-md-2 h-px-2 v-inner-lg-2 v-inner-md-2 v-inner-2 style-1639 style-local-3249-c19 position-relative\">\r\n              <!---->\r\n              <!---->\r\n              <div class=\"w-100 h-y-container h-column__content h-column__v-align flex-basis-100 align-self-lg-start align-self-md-start align-self-start\">\r\n                <!---->\r\n                <div data-colibri-id=\"3249-c20\" class=\"h-text h-text-component style-1640 style-local-3249-c20 position-relative h-element\">\r\n                  <!---->\r\n                  <!---->\r\n                  <div class=\"\">\r\n                    <p>En continuant sur la rue du Temple, vous remontez le temps jusqu\u2019aux Templiers : tourelle du XVII\u1d49 si\u00e8cle, vestiges de murailles, fa\u00e7ades class\u00e9es, Caf\u00e9 de la Gare install\u00e9 dans une ancienne auberge de diligences et mus\u00e9e d\u2019art et\r\n                      d\u2019histoire du Juda\u00efsme dans l\u2019h\u00f4tel de Saint-Aignan, avec ses collections, ses objets de culte et les archives de l\u2019affaire Dreyfus.<\/p>\r\n                    <p>La promenade s\u2019ach\u00e8ve en douceur au jardin Anne-Frank, nich\u00e9 au fond d\u2019une impasse pr\u00e8s de la rue Beaubourg. Ce jardin intime, plant\u00e9 d\u2019un rejet du marronnier qu\u2019Anne Frank voyait depuis sa cachette \u00e0 Amsterdam, offre une parenth\u00e8se\r\n                      de calme et de m\u00e9moire au milieu de la ville.<\/p>\r\n                  <\/div>\r\n                <\/div>\r\n                <div data-colibri-id=\"3249-c21\" class=\"h-global-transition-all h-heading style-1641 style-local-3249-c21 position-relative h-element\">\r\n                  <!---->\r\n                  <div class=\"h-heading__outer style-1641 style-local-3249-c21\">\r\n                    <!---->\r\n                    <!---->\r\n                    <h1 class=\"\">Pendant cette visite vous :<\/h1>\r\n                  <\/div>\r\n                <\/div>\r\n              <\/div>\r\n            <\/div>\r\n          <\/div>\r\n        <\/div>\r\n      <\/div>\r\n      <div data-colibri-id=\"3249-c22\" class=\"h-row-container gutters-row-lg-2 gutters-row-md-2 gutters-row-0 gutters-row-v-lg-2 gutters-row-v-md-2 gutters-row-v-2 style-1642 style-local-3249-c22 position-relative\">\r\n        <!---->\r\n        <div class=\"h-row justify-content-lg-center justify-content-md-center justify-content-center align-items-lg-stretch align-items-md-stretch align-items-stretch gutters-col-lg-2 gutters-col-md-2 gutters-col-0 gutters-col-v-lg-2 gutters-col-v-md-2 gutters-col-v-2\">\r\n          <!---->\r\n          <div class=\"h-column h-column-container d-flex h-col-lg-auto h-col-md-auto h-col-auto style-1643-outer style-local-3249-c23-outer\">\r\n            <div data-colibri-id=\"3249-c23\" class=\"d-flex h-flex-basis h-column__inner h-px-lg-2 h-px-md-2 h-px-2 v-inner-lg-2 v-inner-md-2 v-inner-2 style-1643 style-local-3249-c23 position-relative\">\r\n              <!---->\r\n              <!---->\r\n              <div class=\"w-100 h-y-container h-column__content h-column__v-align flex-basis-100 align-self-lg-start align-self-md-start align-self-start\">\r\n                <!---->\r\n                <div data-colibri-id=\"3249-c24\" class=\"h-text h-text-component style-1644 style-local-3249-c24 position-relative h-element\">\r\n                  <!---->\r\n                  <!---->\r\n                  <div class=\"\">\r\n                    <ul>\r\n                      <li>explorez \u00e0 pied le quartier Beaubourg \u2013 Marais, entre tour m\u00e9di\u00e9vale, ruelles anciennes, Centre Pompidou et jardin cach\u00e9 ;\r\n                        <br>\r\n                      <\/li>\r\n                      <li>d\u00e9couvrez des anecdotes fortes : complots de Jean Sans Peur, illusions d\u2019optique, architecture controvers\u00e9e, Templiers, th\u00e9\u00e2tre, m\u00e9moire juive et hommage \u00e0 Anne Frank ;\r\n                        <br>\r\n                      <\/li>\r\n                      <li>profitez de spots photo vari\u00e9s entre vieilles pierres, \u0153uvres contemporaines, passages pittoresques et vues sur Beaubourg ;\r\n                        <br>\r\n                      <\/li>\r\n                      <li>vivez une exp\u00e9rience immersive, sensible et rythm\u00e9e, loin des visites \u00ab catalogue \u00bb.\r\n                        <br>\r\n                      <\/li>\r\n                    <\/ul>\r\n                    <p>Plus qu\u2019une visite, c\u2019est une plong\u00e9e dans un Paris vivant, historique et cr\u00e9atif, o\u00f9 chaque coin de rue raconte une autre histoire.\r\n                      <br>\r\n                    <\/p>\r\n                    <p><span style=\"font-weight: 600;\">T\u00e9l\u00e9chargez gratuitement l\u2019application Audio Guide Paris et d\u00e9bloquez cette balade compl\u00e8te entre Beaubourg et le Marais \u2014 un Paris artistique, m\u00e9di\u00e9val et \u00e9mouvant qui ne demande qu\u2019\u00e0 se r\u00e9v\u00e9ler.<\/span><\/p>\r\n                  <\/div>\r\n                <\/div>\r\n                <div data-colibri-id=\"3249-c10\" class=\"h-row-container gutters-row-lg-2 gutters-row-md-2 gutters-row-0 gutters-row-v-lg-2 gutters-row-v-md-2 gutters-row-v-2 style-1520 style-local-3249-c10 position-relative\">\r\n                  <!---->\r\n                  <div class=\"h-row justify-content-lg-center justify-content-md-center justify-content-center align-items-lg-stretch align-items-md-stretch align-items-stretch gutters-col-lg-2 gutters-col-md-2 gutters-col-0 gutters-col-v-lg-2 gutters-col-v-md-2 gutters-col-v-2\">\r\n                    <!---->\r\n                    <div class=\"h-column h-column-container d-flex h-col-lg-auto h-col-md-auto h-col-auto style-1521-outer style-local-3249-c11-outer\">\r\n                      <div data-colibri-id=\"3249-c11\" class=\"d-flex h-flex-basis h-column__inner h-px-lg-2 h-px-md-2 h-px-2 v-inner-lg-2 v-inner-md-2 v-inner-2 style-1521 style-local-3249-c11 position-relative\">\r\n                        <!---->\r\n                        <!---->\r\n                        <div class=\"w-100 h-y-container h-column__content h-column__v-align flex-basis-100 align-self-lg-start align-self-md-start align-self-start\">\r\n                          <!---->\r\n                          <div data-colibri-id=\"3249-c12\" class=\"h-x-container style-1523 style-local-3249-c12 position-relative h-element\">\r\n                            <!---->\r\n                            <div class=\"h-x-container-inner style-dynamic-3249-c12-group style-1523-spacing style-local-3249-c12-spacing\"><span class=\"h-button__outer style-1524-outer style-local-3249-c13-outer d-inline-flex h-element\"><a h-use-smooth-scroll=\"true\" href=\"https:\/\/apps.apple.com\/gr\/app\/audio-guide-paris\/id6471984315\" target=\"_blank\"  data-colibri-id=\"3249-c13\" class=\"d-flex w-100 align-items-center h-button justify-content-lg-center justify-content-md-center justify-content-center style-1524 style-local-3249-c13 position-relative\"><!----><!----> <span>Apple store<\/span><\/a>\r\n                              <\/span>\r\n                            <\/div>\r\n                          <\/div>\r\n                        <\/div>\r\n                      <\/div>\r\n                    <\/div>\r\n                    <div class=\"h-column h-column-container d-flex h-col-lg-auto h-col-md-auto h-col-auto style-1522-outer style-local-3249-c14-outer\">\r\n                      <div data-colibri-id=\"3249-c14\" class=\"d-flex h-flex-basis h-column__inner h-px-lg-2 h-px-md-2 h-px-2 v-inner-lg-2 v-inner-md-2 v-inner-2 style-1522 style-local-3249-c14 position-relative\">\r\n                        <!---->\r\n                        <!---->\r\n                        <div class=\"w-100 h-y-container h-column__content h-column__v-align flex-basis-100 align-self-lg-start align-self-md-start align-self-start\">\r\n                          <!---->\r\n                          <div data-colibri-id=\"3249-c15\" class=\"h-x-container style-1525 style-local-3249-c15 position-relative h-element\">\r\n                            <!---->\r\n                            <div class=\"h-x-container-inner style-dynamic-3249-c15-group style-1525-spacing style-local-3249-c15-spacing\"><span class=\"h-button__outer style-1526-outer style-local-3249-c16-outer d-inline-flex h-element\"><a h-use-smooth-scroll=\"true\" href=\"https:\/\/play.google.com\/store\/apps\/details?id=com.audioguides_paris\" target=\"_blank\"  data-colibri-id=\"3249-c16\" class=\"d-flex w-100 align-items-center h-button justify-content-lg-center justify-content-md-center justify-content-center style-1526 style-local-3249-c16 position-relative\"><!----><!----> <span>google play<\/span><\/a>\r\n                              <\/span>\r\n                            <\/div>\r\n                          <\/div>\r\n                        <\/div>\r\n                      <\/div>\r\n                    <\/div>\r\n                  <\/div>\r\n                <\/div>\r\n              <\/div>\r\n            <\/div>\r\n          <\/div>\r\n        <\/div>\r\n      <\/div>\r\n    <\/div>\r\n  <\/div>\r\n<\/div>","protected":false},"excerpt":{"rendered":"<p>Balade \u00ab Entre m\u00e9dieval et moderne : quartier de Beaubourg \u00bb Et si vous exploriez le c\u0153ur historique de Paris entre Beaubourg et le Marais, l\u00e0 o\u00f9 se croisent architecture m\u00e9di\u00e9vale, art contemporain, th\u00e9\u00e2tre, m\u00e9moire juive et jardins cach\u00e9s ? De la tour Jean Sans Peur au jardin Anne-Frank, en passant par le Centre Pompidou, [&hellip;]<\/p>\n","protected":false},"author":1,"featured_media":0,"parent":0,"menu_order":0,"comment_status":"closed","ping_status":"closed","template":"page-templates\/full-width-page.php","meta":{"footnotes":""},"class_list":["post-3249","page","type-page","status-publish","hentry"],"yoast_head":"<!-- This site is optimized with the Yoast SEO plugin v26.6 - https:\/\/yoast.com\/wordpress\/plugins\/seo\/ -->\n<title>Beaubourg - Audio Guide Paris<\/title>\n<meta name=\"description\" content=\"D\u00e9couvrez Beaubourg \u00e0 Paris avec notre audioguide : Centre Pompidou, fontaine Stravinsky et ruelles cach\u00e9es. Itin\u00e9raire, carte et anecdotes.\" \/>\n<meta name=\"robots\" content=\"index, follow, max-snippet:-1, max-image-preview:large, max-video-preview:-1\" \/>\n<link rel=\"canonical\" href=\"https:\/\/audioguide-paris.com\/index.php\/beaubourg\/\" \/>\n<meta property=\"og:locale\" content=\"fr_FR\" \/>\n<meta property=\"og:type\" content=\"article\" \/>\n<meta property=\"og:title\" content=\"Beaubourg - Audio Guide Paris\" \/>\n<meta property=\"og:description\" content=\"D\u00e9couvrez Beaubourg \u00e0 Paris avec notre audioguide : Centre Pompidou, fontaine Stravinsky et ruelles cach\u00e9es. Itin\u00e9raire, carte et anecdotes.\" \/>\n<meta property=\"og:url\" content=\"https:\/\/audioguide-paris.com\/index.php\/beaubourg\/\" \/>\n<meta property=\"og:site_name\" content=\"Audio Guide Paris\" \/>\n<meta property=\"article:publisher\" content=\"https:\/\/www.facebook.com\/profile.php?id=61558434027122\" \/>\n<meta property=\"article:modified_time\" content=\"2026-02-27T15:31:47+00:00\" \/>\n<meta name=\"twitter:card\" content=\"summary_large_image\" \/>\n<meta name=\"twitter:label1\" content=\"Dur\u00e9e de lecture estim\u00e9e\" \/>\n\t<meta name=\"twitter:data1\" content=\"4 minutes\" \/>\n<script type=\"application\/ld+json\" class=\"yoast-schema-graph\">{\"@context\":\"https:\/\/schema.org\",\"@graph\":[{\"@type\":\"WebPage\",\"@id\":\"https:\/\/audioguide-paris.com\/index.php\/beaubourg\/\",\"url\":\"https:\/\/audioguide-paris.com\/index.php\/beaubourg\/\",\"name\":\"Beaubourg - Audio Guide Paris\",\"isPartOf\":{\"@id\":\"https:\/\/audioguide-paris.com\/#website\"},\"datePublished\":\"2025-12-02T12:28:35+00:00\",\"dateModified\":\"2026-02-27T15:31:47+00:00\",\"description\":\"D\u00e9couvrez Beaubourg \u00e0 Paris avec notre audioguide : Centre Pompidou, fontaine Stravinsky et ruelles cach\u00e9es. Itin\u00e9raire, carte et anecdotes.\",\"breadcrumb\":{\"@id\":\"https:\/\/audioguide-paris.com\/index.php\/beaubourg\/#breadcrumb\"},\"inLanguage\":\"fr-FR\",\"potentialAction\":[{\"@type\":\"ReadAction\",\"target\":[\"https:\/\/audioguide-paris.com\/index.php\/beaubourg\/\"]}]},{\"@type\":\"BreadcrumbList\",\"@id\":\"https:\/\/audioguide-paris.com\/index.php\/beaubourg\/#breadcrumb\",\"itemListElement\":[{\"@type\":\"ListItem\",\"position\":1,\"name\":\"Accueil\",\"item\":\"https:\/\/audioguide-paris.com\/\"},{\"@type\":\"ListItem\",\"position\":2,\"name\":\"Beaubourg\"}]},{\"@type\":\"WebSite\",\"@id\":\"https:\/\/audioguide-paris.com\/#website\",\"url\":\"https:\/\/audioguide-paris.com\/\",\"name\":\"Audio Guide Paris\",\"description\":\"D\u00e9couvrez les tr\u00e9sors de Paris en compagnie d\u2019un expert\",\"publisher\":{\"@id\":\"https:\/\/audioguide-paris.com\/#organization\"},\"potentialAction\":[{\"@type\":\"SearchAction\",\"target\":{\"@type\":\"EntryPoint\",\"urlTemplate\":\"https:\/\/audioguide-paris.com\/?s={search_term_string}\"},\"query-input\":{\"@type\":\"PropertyValueSpecification\",\"valueRequired\":true,\"valueName\":\"search_term_string\"}}],\"inLanguage\":\"fr-FR\"},{\"@type\":\"Organization\",\"@id\":\"https:\/\/audioguide-paris.com\/#organization\",\"name\":\"Audio Guide Paris\",\"url\":\"https:\/\/audioguide-paris.com\/\",\"logo\":{\"@type\":\"ImageObject\",\"inLanguage\":\"fr-FR\",\"@id\":\"https:\/\/audioguide-paris.com\/#\/schema\/logo\/image\/\",\"url\":\"https:\/\/audioguide-paris.com\/wp-content\/uploads\/2024\/04\/cropped-cropped-Logo-transparent.png\",\"contentUrl\":\"https:\/\/audioguide-paris.com\/wp-content\/uploads\/2024\/04\/cropped-cropped-Logo-transparent.png\",\"width\":898,\"height\":898,\"caption\":\"Audio Guide Paris\"},\"image\":{\"@id\":\"https:\/\/audioguide-paris.com\/#\/schema\/logo\/image\/\"},\"sameAs\":[\"https:\/\/www.facebook.com\/profile.php?id=61558434027122\",\"https:\/\/www.instagram.com\/audioguideparis\/\"]}]}<\/script>\n<!-- \/ Yoast SEO plugin. -->","yoast_head_json":{"title":"Beaubourg - Audio Guide Paris","description":"D\u00e9couvrez Beaubourg \u00e0 Paris avec notre audioguide : Centre Pompidou, fontaine Stravinsky et ruelles cach\u00e9es. Itin\u00e9raire, carte et anecdotes.","robots":{"index":"index","follow":"follow","max-snippet":"max-snippet:-1","max-image-preview":"max-image-preview:large","max-video-preview":"max-video-preview:-1"},"canonical":"https:\/\/audioguide-paris.com\/index.php\/beaubourg\/","og_locale":"fr_FR","og_type":"article","og_title":"Beaubourg - Audio Guide Paris","og_description":"D\u00e9couvrez Beaubourg \u00e0 Paris avec notre audioguide : Centre Pompidou, fontaine Stravinsky et ruelles cach\u00e9es. Itin\u00e9raire, carte et anecdotes.","og_url":"https:\/\/audioguide-paris.com\/index.php\/beaubourg\/","og_site_name":"Audio Guide Paris","article_publisher":"https:\/\/www.facebook.com\/profile.php?id=61558434027122","article_modified_time":"2026-02-27T15:31:47+00:00","twitter_card":"summary_large_image","twitter_misc":{"Dur\u00e9e de lecture estim\u00e9e":"4 minutes"},"schema":{"@context":"https:\/\/schema.org","@graph":[{"@type":"WebPage","@id":"https:\/\/audioguide-paris.com\/index.php\/beaubourg\/","url":"https:\/\/audioguide-paris.com\/index.php\/beaubourg\/","name":"Beaubourg - Audio Guide Paris","isPartOf":{"@id":"https:\/\/audioguide-paris.com\/#website"},"datePublished":"2025-12-02T12:28:35+00:00","dateModified":"2026-02-27T15:31:47+00:00","description":"D\u00e9couvrez Beaubourg \u00e0 Paris avec notre audioguide : Centre Pompidou, fontaine Stravinsky et ruelles cach\u00e9es. Itin\u00e9raire, carte et anecdotes.","breadcrumb":{"@id":"https:\/\/audioguide-paris.com\/index.php\/beaubourg\/#breadcrumb"},"inLanguage":"fr-FR","potentialAction":[{"@type":"ReadAction","target":["https:\/\/audioguide-paris.com\/index.php\/beaubourg\/"]}]},{"@type":"BreadcrumbList","@id":"https:\/\/audioguide-paris.com\/index.php\/beaubourg\/#breadcrumb","itemListElement":[{"@type":"ListItem","position":1,"name":"Accueil","item":"https:\/\/audioguide-paris.com\/"},{"@type":"ListItem","position":2,"name":"Beaubourg"}]},{"@type":"WebSite","@id":"https:\/\/audioguide-paris.com\/#website","url":"https:\/\/audioguide-paris.com\/","name":"Audio Guide Paris","description":"D\u00e9couvrez les tr\u00e9sors de Paris en compagnie d\u2019un expert","publisher":{"@id":"https:\/\/audioguide-paris.com\/#organization"},"potentialAction":[{"@type":"SearchAction","target":{"@type":"EntryPoint","urlTemplate":"https:\/\/audioguide-paris.com\/?s={search_term_string}"},"query-input":{"@type":"PropertyValueSpecification","valueRequired":true,"valueName":"search_term_string"}}],"inLanguage":"fr-FR"},{"@type":"Organization","@id":"https:\/\/audioguide-paris.com\/#organization","name":"Audio Guide Paris","url":"https:\/\/audioguide-paris.com\/","logo":{"@type":"ImageObject","inLanguage":"fr-FR","@id":"https:\/\/audioguide-paris.com\/#\/schema\/logo\/image\/","url":"https:\/\/audioguide-paris.com\/wp-content\/uploads\/2024\/04\/cropped-cropped-Logo-transparent.png","contentUrl":"https:\/\/audioguide-paris.com\/wp-content\/uploads\/2024\/04\/cropped-cropped-Logo-transparent.png","width":898,"height":898,"caption":"Audio Guide Paris"},"image":{"@id":"https:\/\/audioguide-paris.com\/#\/schema\/logo\/image\/"},"sameAs":["https:\/\/www.facebook.com\/profile.php?id=61558434027122","https:\/\/www.instagram.com\/audioguideparis\/"]}]}},"_links":{"self":[{"href":"https:\/\/audioguide-paris.com\/index.php\/wp-json\/wp\/v2\/pages\/3249","targetHints":{"allow":["GET"]}}],"collection":[{"href":"https:\/\/audioguide-paris.com\/index.php\/wp-json\/wp\/v2\/pages"}],"about":[{"href":"https:\/\/audioguide-paris.com\/index.php\/wp-json\/wp\/v2\/types\/page"}],"author":[{"embeddable":true,"href":"https:\/\/audioguide-paris.com\/index.php\/wp-json\/wp\/v2\/users\/1"}],"replies":[{"embeddable":true,"href":"https:\/\/audioguide-paris.com\/index.php\/wp-json\/wp\/v2\/comments?post=3249"}],"version-history":[{"count":3,"href":"https:\/\/audioguide-paris.com\/index.php\/wp-json\/wp\/v2\/pages\/3249\/revisions"}],"predecessor-version":[{"id":3576,"href":"https:\/\/audioguide-paris.com\/index.php\/wp-json\/wp\/v2\/pages\/3249\/revisions\/3576"}],"wp:attachment":[{"href":"https:\/\/audioguide-paris.com\/index.php\/wp-json\/wp\/v2\/media?parent=3249"}],"curies":[{"name":"wp","href":"https:\/\/api.w.org\/{rel}","templated":true}]}}