{"id":3271,"date":"2025-12-02T13:59:55","date_gmt":"2025-12-02T12:59:55","guid":{"rendered":"https:\/\/audioguide-paris.com\/?page_id=3271"},"modified":"2026-04-03T10:12:37","modified_gmt":"2026-04-03T08:12:37","slug":"les-halles","status":"publish","type":"page","link":"https:\/\/audioguide-paris.com\/index.php\/les-halles\/","title":{"rendered":"Les Halles"},"content":{"rendered":"<div data-colibri-id=\"3271-c1\" class=\"style-1528 style-local-3271-c1 position-relative\">\r\n  <!---->\r\n  <div data-colibri-component=\"section\" data-colibri-id=\"3271-c2\" id=\"overlappable\" class=\"h-section h-section-global-spacing d-flex align-items-lg-center align-items-md-center align-items-center style-1529 style-local-3271-c2 position-relative\">\r\n    <!---->\r\n    <!---->\r\n    <div class=\"h-section-grid-container h-section-boxed-container\">\r\n      <!---->\r\n      <div data-colibri-id=\"3271-c3\" class=\"h-row-container gutters-row-lg-0 gutters-row-md-0 gutters-row-0 gutters-row-v-lg-0 gutters-row-v-md-0 gutters-row-v-0 style-1530 style-local-3271-c3 position-relative\">\r\n        <!---->\r\n        <div class=\"h-row justify-content-lg-center justify-content-md-center justify-content-center align-items-lg-stretch align-items-md-stretch align-items-stretch gutters-col-lg-0 gutters-col-md-0 gutters-col-0 gutters-col-v-lg-0 gutters-col-v-md-0 gutters-col-v-0\">\r\n          <!---->\r\n          <div class=\"h-column h-column-container d-flex h-col-lg-auto h-col-md-auto h-col-auto style-1531-outer style-local-3271-c4-outer\">\r\n            <div data-colibri-id=\"3271-c4\" class=\"d-flex h-flex-basis h-column__inner h-ui-empty-state-container h-px-lg-0 h-px-md-0 h-px-0 v-inner-lg-0 v-inner-md-0 v-inner-0 style-1531 style-local-3271-c4 position-relative\">\r\n              <!---->\r\n              <!---->\r\n              <div class=\"w-100 h-y-container h-column__content h-column__v-align flex-basis-100\">\r\n                <!---->\r\n              <\/div>\r\n            <\/div>\r\n          <\/div>\r\n          <div class=\"h-column h-column-container d-flex h-col-lg-auto h-col-md-auto h-col-auto style-1532-outer style-local-3271-c5-outer\">\r\n            <div data-colibri-id=\"3271-c5\" class=\"d-flex h-flex-basis h-column__inner h-px-lg-2 h-px-md-2 h-px-2 v-inner-lg-2 v-inner-md-2 v-inner-2 style-1532 style-local-3271-c5 position-relative\">\r\n              <!---->\r\n              <!---->\r\n              <div class=\"w-100 h-y-container h-column__content h-column__v-align flex-basis-100 align-self-lg-center align-self-md-center align-self-center\">\r\n                <!---->\r\n                <div data-colibri-id=\"3271-c6\" class=\"h-global-transition-all h-heading style-1533 style-local-3271-c6 position-relative h-element\">\r\n                  <!---->\r\n                  <div class=\"h-heading__outer style-1533 style-local-3271-c6\">\r\n                    <!---->\r\n                    <!---->\r\n                    <h4 class=\"\">Balade \u00ab Exploration du coeur de Paris : les Halles \u00bb<\/h4>\r\n                  <\/div>\r\n                <\/div>\r\n                <div data-colibri-id=\"3271-c7\" class=\"h-text h-text-component style-1534 style-local-3271-c7 position-relative h-element\">\r\n                  <!---->\r\n                  <!---->\r\n                  <div class=\"\">\r\n                    <p>Et si vous d\u00e9couvriez le vrai c\u0153ur de Paris, l\u00e0 o\u00f9 bat encore le \u00ab ventre de la ville \u00bb ? De la Canop\u00e9e des Halles \u00e0 la rue Montorgueil, du passage du Grand-Cerf \u00e0 la fontaine des Innocents, cette balade \u00e0 pied vous fait traverser\r\n                      huit si\u00e8cles d\u2019histoires de march\u00e9, de crimes, de fant\u00f4mes\u2026 et de gastronomie.<\/p>\r\n                    <p>Votre promenade commence aux Halles, ancien march\u00e9 g\u00e9n\u00e9ral de Paris, install\u00e9 d\u00e8s le Moyen \u00c2ge sur d\u2019anciens mar\u00e9cages. Ici se tenaient les premi\u00e8res halles en bois, un pilori o\u00f9 l\u2019on exposait commer\u00e7ants fraudeurs et blasph\u00e9mateurs,\r\n                      puis les c\u00e9l\u00e8bres pavillons de Baltard, immortalis\u00e9s par Zola dans Le Ventre de Paris. Entre souvenirs du \u00ab trou des Halles \u00bb, nouvelle Canop\u00e9e lumineuse et cin\u00e9ma le plus fr\u00e9quent\u00e9 du monde, vous d\u00e9couvrez comment ce quartier est\r\n                      pass\u00e9 de march\u00e9 populaire \u00e0 centre commercial futuriste.<\/p>\r\n                  <\/div>\r\n                <\/div>\r\n              <\/div>\r\n            <\/div>\r\n          <\/div>\r\n          <div class=\"h-column h-column-container d-flex h-col-lg-auto h-col-md-auto h-col-auto style-1532-outer style-local-3271-c8-outer\">\r\n            <div data-colibri-id=\"3271-c8\" class=\"d-flex h-flex-basis h-column__inner h-px-lg-2 h-px-md-2 h-px-2 v-inner-lg-2 v-inner-md-2 v-inner-2 style-1532 style-local-3271-c8 position-relative\">\r\n              <!---->\r\n              <!---->\r\n              <div class=\"w-100 h-y-container h-column__content h-column__v-align flex-basis-100 align-self-lg-center align-self-md-center align-self-center\">\r\n                <!---->\r\n                <div data-colibri-id=\"3271-c9\" class=\"h-text h-text-component style-1534 style-local-3271-c9 position-relative h-element\">\r\n                  <!---->\r\n                  <!---->\r\n                  <div class=\"\">\r\n                    <p>Puis vous contournez la grande \u00e9glise que l\u2019on devine derri\u00e8re la Canop\u00e9e : Saint-Eustache, g\u00e9ante de pierre au style hybride, gothique \u00e0 l\u2019ext\u00e9rieur, Renaissance \u00e0 l\u2019int\u00e9rieur. Vous y croisez un orgue monumental, des chapelles baroques,\r\n                      la Vierge \u00e0 l\u2019Enfant de Pigalle\u2026 et les souvenirs de Richelieu, Moli\u00e8re, La Fontaine, Colbert ou encore Louis XIV, entre bapt\u00eames, mariages, communions et fun\u00e9railles.<\/p>\r\n                    <p>En quelques pas, vous d\u00e9bouchez sur la rue Montorgueil, village gourmand en plein centre de Paris. Bouchers, fromagers, p\u00e2tissiers, bistrots serr\u00e9s les uns contre les autres\u2026 Ici, Monet a peint la rue en f\u00eate, et les \u00e9crivains du XIX\u1d49\r\n                      si\u00e8cle y pla\u00e7aient auberges et intrigues. Vous passez devant la plus ancienne p\u00e2tisserie Stohrer, fond\u00e9e en 1720 par le p\u00e2tissier de Louis XV, puis devant L\u2019Escargot de Montorgueil et le Rocher de Cancale, tables mythiques fr\u00e9quent\u00e9es\r\n                      par Balzac, Dumas, Proust ou Picasso. Une plaque rappelle aussi l\u2019histoire tragique de Jean Diot et Bruno Lenoir, derniers condamn\u00e9s \u00e0 mort en France pour homosexualit\u00e9.<\/p>\r\n                  <\/div>\r\n                <\/div>\r\n              <\/div>\r\n            <\/div>\r\n          <\/div>\r\n          <div class=\"h-column h-column-container d-flex h-col-lg-auto h-col-md-auto h-col-auto style-1537-outer style-local-3271-c17-outer\">\r\n            <div data-colibri-id=\"3271-c17\" class=\"d-flex h-flex-basis h-column__inner h-ui-empty-state-container h-px-lg-0 h-px-md-0 h-px-0 v-inner-lg-0 v-inner-md-0 v-inner-0 style-1537 style-local-3271-c17 position-relative\">\r\n              <!---->\r\n              <!---->\r\n              <div class=\"w-100 h-y-container h-column__content h-column__v-align flex-basis-100\">\r\n                <!---->\r\n              <\/div>\r\n            <\/div>\r\n          <\/div>\r\n        <\/div>\r\n      <\/div>\r\n      <div data-colibri-id=\"3271-c18\" class=\"h-row-container gutters-row-lg-2 gutters-row-md-2 gutters-row-0 gutters-row-v-lg-2 gutters-row-v-md-2 gutters-row-v-2 style-1633 style-local-3271-c18 position-relative\">\r\n        <!---->\r\n        <div class=\"h-row justify-content-lg-center justify-content-md-center justify-content-center align-items-lg-stretch align-items-md-stretch align-items-stretch gutters-col-lg-2 gutters-col-md-2 gutters-col-0 gutters-col-v-lg-2 gutters-col-v-md-2 gutters-col-v-2\">\r\n          <!---->\r\n          <div class=\"h-column h-column-container d-flex h-col-lg-auto h-col-md-auto h-col-auto style-1634-outer style-local-3271-c19-outer\">\r\n            <div data-colibri-id=\"3271-c19\" class=\"d-flex h-flex-basis h-column__inner h-px-lg-2 h-px-md-2 h-px-2 v-inner-lg-2 v-inner-md-2 v-inner-2 style-1634 style-local-3271-c19 position-relative\">\r\n              <!---->\r\n              <!---->\r\n              <div class=\"w-100 h-y-container h-column__content h-column__v-align flex-basis-100 align-self-lg-start align-self-md-start align-self-start\">\r\n                <!---->\r\n                <div data-colibri-id=\"3271-c20\" class=\"h-text h-text-component style-1635 style-local-3271-c20 position-relative h-element\">\r\n                  <!---->\r\n                  <!---->\r\n                  <div class=\"\">\r\n                    <p>La balade se poursuit vers la rue Saint-Sauveur et la rue Dussoubs, o\u00f9 subsistent des immeubles du XVIII\u1d49 si\u00e8cle b\u00e2tis sur des caves m\u00e9di\u00e9vales, class\u00e9s monuments historiques. Vous y croisez Cyrano de Bergerac en filigrane, Carlo Goldoni\r\n                      \u00e0 l\u2019agonie et, au bout de la rue, l\u2019entr\u00e9e du passage du Grand-Cerf, l\u2019un des plus beaux passages couverts de Paris : verri\u00e8re de 12 m\u00e8tres de haut, ferronneries fines, boutiques d\u2019artisans, bijoutiers et cr\u00e9ateurs.<\/p>\r\n                    <p>En remontant la rue \u00c9tienne-Marcel, vous tombez nez \u00e0 nez avec la tour Jean Sans Peur, ultime tour f\u00e9odale de Paris, construite pour le duc de Bourgogne en plein c\u0153ur de la guerre de Cent Ans. Escalier \u00e0 vis spectaculaire, vestiges\r\n                      de l\u2019enceinte de Philippe Auguste, toilettes m\u00e9di\u00e9vales et complots sanglants : vous marchez sur les traces d\u2019un prince parano\u00efaque, assassin\u00e9 malgr\u00e9 toutes ses pr\u00e9cautions.<\/p>\r\n                    <p>Vous rejoignez ensuite la rue de la Grande-Truanderie, autrefois coupe-gorge de mauvais gar\u00e7ons, aujourd\u2019hui assagie mais toujours charg\u00e9e de l\u00e9gendes criminelles, avant de passer devant Le Pharamond, restaurant du XIX\u1d49 si\u00e8cle class\u00e9\r\n                      monument historique, c\u00e9l\u00e8bre pour ses tripes \u00e0 la mode de Caen.<\/p>\r\n                    <p>Enfin, la promenade s\u2019ach\u00e8ve autour de la fontaine des Innocents et de la place Joachim-du-Bellay, o\u00f9 se trouvait autrefois le gigantesque cimeti\u00e8re des Innocents. Sous vos pieds ont repos\u00e9 pr\u00e8s de deux millions de Parisiens, dont\r\n                      les ossements ont \u00e9t\u00e9 transf\u00e9r\u00e9s aux Catacombes. Vous terminez par la rue de la Ferronnerie, th\u00e9\u00e2tre de l\u2019assassinat d\u2019Henri IV, puis la rue Courtalon, o\u00f9 une affaire de t\u00eates momifi\u00e9es et de jeunes disparus au XVII\u1d49 si\u00e8cle donne\r\n                      au quartier une derni\u00e8re note frissonnante.<\/p>\r\n                  <\/div>\r\n                <\/div>\r\n                <div data-colibri-id=\"3271-c22\" class=\"h-global-transition-all h-heading style-1637 style-local-3271-c22 position-relative h-element\">\r\n                  <!---->\r\n                  <div class=\"h-heading__outer style-1637 style-local-3271-c22\">\r\n                    <!---->\r\n                    <!---->\r\n                    <h1 class=\"\">Pendant cette visite vous :<\/h1>\r\n                  <\/div>\r\n                <\/div>\r\n                <div data-colibri-id=\"3271-c21\" class=\"h-text h-text-component style-1636 style-local-3271-c21 position-relative h-element\">\r\n                  <!---->\r\n                  <!---->\r\n                  <div class=\"\">\r\n                    <ul>\r\n                      <li>explorez \u00e0 pied le quartier des Halles et Montorgueil, du Forum \u00e0 la tour Jean Sans Peur, sans vous presser ;\r\n                        <br>\r\n                      <\/li>\r\n                      <li>d\u00e9couvrez des anecdotes \u00e9tonnantes : pilori du march\u00e9, cimeti\u00e8re satur\u00e9, recluses mur\u00e9es, derni\u00e8res ex\u00e9cutions, assassinats royaux, passage couvert monumental ;\r\n                        <br>\r\n                      <\/li>\r\n                      <li>profitez de spots photo uniques entre Canop\u00e9e, Saint-Eustache, rue Montorgueil, passage du Grand-Cerf et fontaine des Innocents ;\r\n                        <br>\r\n                      <\/li>\r\n                      <li>vivez une exp\u00e9rience immersive, vivante et \u00e9motionnelle, loin des visites \u00ab catalogue \u00bb.\r\n                        <br>\r\n                      <\/li>\r\n                    <\/ul>\r\n                    <p>Plus qu\u2019une visite, c\u2019est une plong\u00e9e dans le vrai \u00ab ventre de Paris \u00bb, entre odeurs de march\u00e9, pierres m\u00e9di\u00e9vales et histoires sombres.\r\n                      <br>\r\n                    <\/p>\r\n                    <p><span style=\"font-weight: 600;\">T\u00e9l\u00e9chargez gratuitement l\u2019application Audio Guide Paris et d\u00e9bloquez cette balade compl\u00e8te dans le quartier des Halles \u2014 un Paris populaire, myst\u00e9rieux et terriblement photog\u00e9nique qui ne demande qu\u2019\u00e0 se r\u00e9v\u00e9ler.<\/span><\/p>\r\n                  <\/div>\r\n                <\/div>\r\n                <div data-colibri-id=\"3271-c10\" class=\"h-row-container gutters-row-lg-2 gutters-row-md-2 gutters-row-0 gutters-row-v-lg-2 gutters-row-v-md-2 gutters-row-v-2 style-1538 style-local-3271-c10 position-relative\">\r\n                  <!---->\r\n                  <div class=\"h-row justify-content-lg-center justify-content-md-center justify-content-center align-items-lg-stretch align-items-md-stretch align-items-stretch gutters-col-lg-2 gutters-col-md-2 gutters-col-0 gutters-col-v-lg-2 gutters-col-v-md-2 gutters-col-v-2\">\r\n                    <!---->\r\n                    <div class=\"h-column h-column-container d-flex h-col-lg-auto h-col-md-auto h-col-auto style-1539-outer style-local-3271-c11-outer\">\r\n                      <div data-colibri-id=\"3271-c11\" class=\"d-flex h-flex-basis h-column__inner h-px-lg-2 h-px-md-2 h-px-2 v-inner-lg-2 v-inner-md-2 v-inner-2 style-1539 style-local-3271-c11 position-relative\">\r\n                        <!---->\r\n                        <!---->\r\n                        <div class=\"w-100 h-y-container h-column__content h-column__v-align flex-basis-100 align-self-lg-start align-self-md-start align-self-start\">\r\n                          <!---->\r\n                          <div data-colibri-id=\"3271-c12\" class=\"h-x-container style-1541 style-local-3271-c12 position-relative h-element\">\r\n                            <!---->\r\n                            <div class=\"h-x-container-inner style-dynamic-3271-c12-group style-1541-spacing style-local-3271-c12-spacing\"><span class=\"h-button__outer style-1542-outer style-local-3271-c13-outer d-inline-flex h-element\"><a h-use-smooth-scroll=\"true\" href=\"https:\/\/apps.apple.com\/gr\/app\/audio-guide-paris\/id6471984315\" target=\"_blank\"  data-colibri-id=\"3271-c13\" class=\"d-flex w-100 align-items-center h-button justify-content-lg-center justify-content-md-center justify-content-center style-1542 style-local-3271-c13 position-relative\"><!----><!----> <span>apple store<\/span><\/a>\r\n                              <\/span>\r\n                            <\/div>\r\n                          <\/div>\r\n                        <\/div>\r\n                      <\/div>\r\n                    <\/div>\r\n                    <div class=\"h-column h-column-container d-flex h-col-lg-auto h-col-md-auto h-col-auto style-1540-outer style-local-3271-c14-outer\">\r\n                      <div data-colibri-id=\"3271-c14\" class=\"d-flex h-flex-basis h-column__inner h-px-lg-2 h-px-md-2 h-px-2 v-inner-lg-2 v-inner-md-2 v-inner-2 style-1540 style-local-3271-c14 position-relative\">\r\n                        <!---->\r\n                        <!---->\r\n                        <div class=\"w-100 h-y-container h-column__content h-column__v-align flex-basis-100 align-self-lg-start align-self-md-start align-self-start\">\r\n                          <!---->\r\n                          <div data-colibri-id=\"3271-c15\" class=\"h-x-container style-1543 style-local-3271-c15 position-relative h-element\">\r\n                            <!---->\r\n                            <div class=\"h-x-container-inner style-dynamic-3271-c15-group style-1543-spacing style-local-3271-c15-spacing\"><span class=\"h-button__outer style-1544-outer style-local-3271-c16-outer d-inline-flex h-element\"><a h-use-smooth-scroll=\"true\" href=\"https:\/\/play.google.com\/store\/apps\/details?id=com.audioguides_paris\" target=\"_blank\"  data-colibri-id=\"3271-c16\" class=\"d-flex w-100 align-items-center h-button justify-content-lg-center justify-content-md-center justify-content-center style-1544 style-local-3271-c16 position-relative\"><!----><!----> <span>google play<\/span><\/a>\r\n                              <\/span>\r\n                            <\/div>\r\n                          <\/div>\r\n                        <\/div>\r\n                      <\/div>\r\n                    <\/div>\r\n                  <\/div>\r\n                <\/div>\r\n              <\/div>\r\n            <\/div>\r\n          <\/div>\r\n        <\/div>\r\n      <\/div>\r\n    <\/div>\r\n  <\/div>\r\n<\/div>","protected":false},"excerpt":{"rendered":"<p>Balade \u00ab Exploration du coeur de Paris : les Halles \u00bb Et si vous d\u00e9couvriez le vrai c\u0153ur de Paris, l\u00e0 o\u00f9 bat encore le \u00ab ventre de la ville \u00bb ? De la Canop\u00e9e des Halles \u00e0 la rue Montorgueil, du passage du Grand-Cerf \u00e0 la fontaine des Innocents, cette balade \u00e0 pied vous [&hellip;]<\/p>\n","protected":false},"author":1,"featured_media":0,"parent":0,"menu_order":0,"comment_status":"closed","ping_status":"closed","template":"page-templates\/full-width-page.php","meta":{"footnotes":""},"class_list":["post-3271","page","type-page","status-publish","hentry"],"yoast_head":"<!-- This site is optimized with the Yoast SEO plugin v26.6 - https:\/\/yoast.com\/wordpress\/plugins\/seo\/ -->\n<title>Les Halles - Audio Guide Paris<\/title>\n<meta name=\"description\" content=\"D\u00e9couvrez Les Halles et Montorgueil avec une balade audioguid\u00e9e \u00e0 Paris. De la Canop\u00e9e \u00e0 Saint-Eustache, du passage du Grand-Cerf \u00e0 la fontaine des Innocents, explorez histoires, crimes et lieux embl\u00e9matiques.\" \/>\n<meta name=\"robots\" content=\"index, follow, max-snippet:-1, max-image-preview:large, max-video-preview:-1\" \/>\n<link rel=\"canonical\" href=\"https:\/\/audioguide-paris.com\/index.php\/les-halles\/\" \/>\n<meta property=\"og:locale\" content=\"fr_FR\" \/>\n<meta property=\"og:type\" content=\"article\" \/>\n<meta property=\"og:title\" content=\"Les Halles - Audio Guide Paris\" \/>\n<meta property=\"og:description\" content=\"D\u00e9couvrez Les Halles et Montorgueil avec une balade audioguid\u00e9e \u00e0 Paris. De la Canop\u00e9e \u00e0 Saint-Eustache, du passage du Grand-Cerf \u00e0 la fontaine des Innocents, explorez histoires, crimes et lieux embl\u00e9matiques.\" \/>\n<meta property=\"og:url\" content=\"https:\/\/audioguide-paris.com\/index.php\/les-halles\/\" \/>\n<meta property=\"og:site_name\" content=\"Audio Guide Paris\" \/>\n<meta property=\"article:publisher\" content=\"https:\/\/www.facebook.com\/profile.php?id=61558434027122\" \/>\n<meta property=\"article:modified_time\" content=\"2026-04-03T08:12:37+00:00\" \/>\n<meta name=\"twitter:card\" content=\"summary_large_image\" \/>\n<meta name=\"twitter:label1\" content=\"Dur\u00e9e de lecture estim\u00e9e\" \/>\n\t<meta name=\"twitter:data1\" content=\"4 minutes\" \/>\n<script type=\"application\/ld+json\" class=\"yoast-schema-graph\">{\"@context\":\"https:\/\/schema.org\",\"@graph\":[{\"@type\":\"WebPage\",\"@id\":\"https:\/\/audioguide-paris.com\/index.php\/les-halles\/\",\"url\":\"https:\/\/audioguide-paris.com\/index.php\/les-halles\/\",\"name\":\"Les Halles - Audio Guide Paris\",\"isPartOf\":{\"@id\":\"https:\/\/audioguide-paris.com\/#website\"},\"datePublished\":\"2025-12-02T12:59:55+00:00\",\"dateModified\":\"2026-04-03T08:12:37+00:00\",\"description\":\"D\u00e9couvrez Les Halles et Montorgueil avec une balade audioguid\u00e9e \u00e0 Paris. De la Canop\u00e9e \u00e0 Saint-Eustache, du passage du Grand-Cerf \u00e0 la fontaine des Innocents, explorez histoires, crimes et lieux embl\u00e9matiques.\",\"breadcrumb\":{\"@id\":\"https:\/\/audioguide-paris.com\/index.php\/les-halles\/#breadcrumb\"},\"inLanguage\":\"fr-FR\",\"potentialAction\":[{\"@type\":\"ReadAction\",\"target\":[\"https:\/\/audioguide-paris.com\/index.php\/les-halles\/\"]}]},{\"@type\":\"BreadcrumbList\",\"@id\":\"https:\/\/audioguide-paris.com\/index.php\/les-halles\/#breadcrumb\",\"itemListElement\":[{\"@type\":\"ListItem\",\"position\":1,\"name\":\"Accueil\",\"item\":\"https:\/\/audioguide-paris.com\/\"},{\"@type\":\"ListItem\",\"position\":2,\"name\":\"Les Halles\"}]},{\"@type\":\"WebSite\",\"@id\":\"https:\/\/audioguide-paris.com\/#website\",\"url\":\"https:\/\/audioguide-paris.com\/\",\"name\":\"Audio Guide Paris\",\"description\":\"D\u00e9couvrez les tr\u00e9sors de Paris en compagnie d\u2019un expert\",\"publisher\":{\"@id\":\"https:\/\/audioguide-paris.com\/#organization\"},\"potentialAction\":[{\"@type\":\"SearchAction\",\"target\":{\"@type\":\"EntryPoint\",\"urlTemplate\":\"https:\/\/audioguide-paris.com\/?s={search_term_string}\"},\"query-input\":{\"@type\":\"PropertyValueSpecification\",\"valueRequired\":true,\"valueName\":\"search_term_string\"}}],\"inLanguage\":\"fr-FR\"},{\"@type\":\"Organization\",\"@id\":\"https:\/\/audioguide-paris.com\/#organization\",\"name\":\"Audio Guide Paris\",\"url\":\"https:\/\/audioguide-paris.com\/\",\"logo\":{\"@type\":\"ImageObject\",\"inLanguage\":\"fr-FR\",\"@id\":\"https:\/\/audioguide-paris.com\/#\/schema\/logo\/image\/\",\"url\":\"https:\/\/audioguide-paris.com\/wp-content\/uploads\/2024\/04\/cropped-cropped-Logo-transparent.png\",\"contentUrl\":\"https:\/\/audioguide-paris.com\/wp-content\/uploads\/2024\/04\/cropped-cropped-Logo-transparent.png\",\"width\":898,\"height\":898,\"caption\":\"Audio Guide Paris\"},\"image\":{\"@id\":\"https:\/\/audioguide-paris.com\/#\/schema\/logo\/image\/\"},\"sameAs\":[\"https:\/\/www.facebook.com\/profile.php?id=61558434027122\",\"https:\/\/www.instagram.com\/audioguideparis\/\"]}]}<\/script>\n<!-- \/ Yoast SEO plugin. -->","yoast_head_json":{"title":"Les Halles - Audio Guide Paris","description":"D\u00e9couvrez Les Halles et Montorgueil avec une balade audioguid\u00e9e \u00e0 Paris. De la Canop\u00e9e \u00e0 Saint-Eustache, du passage du Grand-Cerf \u00e0 la fontaine des Innocents, explorez histoires, crimes et lieux embl\u00e9matiques.","robots":{"index":"index","follow":"follow","max-snippet":"max-snippet:-1","max-image-preview":"max-image-preview:large","max-video-preview":"max-video-preview:-1"},"canonical":"https:\/\/audioguide-paris.com\/index.php\/les-halles\/","og_locale":"fr_FR","og_type":"article","og_title":"Les Halles - Audio Guide Paris","og_description":"D\u00e9couvrez Les Halles et Montorgueil avec une balade audioguid\u00e9e \u00e0 Paris. De la Canop\u00e9e \u00e0 Saint-Eustache, du passage du Grand-Cerf \u00e0 la fontaine des Innocents, explorez histoires, crimes et lieux embl\u00e9matiques.","og_url":"https:\/\/audioguide-paris.com\/index.php\/les-halles\/","og_site_name":"Audio Guide Paris","article_publisher":"https:\/\/www.facebook.com\/profile.php?id=61558434027122","article_modified_time":"2026-04-03T08:12:37+00:00","twitter_card":"summary_large_image","twitter_misc":{"Dur\u00e9e de lecture estim\u00e9e":"4 minutes"},"schema":{"@context":"https:\/\/schema.org","@graph":[{"@type":"WebPage","@id":"https:\/\/audioguide-paris.com\/index.php\/les-halles\/","url":"https:\/\/audioguide-paris.com\/index.php\/les-halles\/","name":"Les Halles - Audio Guide Paris","isPartOf":{"@id":"https:\/\/audioguide-paris.com\/#website"},"datePublished":"2025-12-02T12:59:55+00:00","dateModified":"2026-04-03T08:12:37+00:00","description":"D\u00e9couvrez Les Halles et Montorgueil avec une balade audioguid\u00e9e \u00e0 Paris. De la Canop\u00e9e \u00e0 Saint-Eustache, du passage du Grand-Cerf \u00e0 la fontaine des Innocents, explorez histoires, crimes et lieux embl\u00e9matiques.","breadcrumb":{"@id":"https:\/\/audioguide-paris.com\/index.php\/les-halles\/#breadcrumb"},"inLanguage":"fr-FR","potentialAction":[{"@type":"ReadAction","target":["https:\/\/audioguide-paris.com\/index.php\/les-halles\/"]}]},{"@type":"BreadcrumbList","@id":"https:\/\/audioguide-paris.com\/index.php\/les-halles\/#breadcrumb","itemListElement":[{"@type":"ListItem","position":1,"name":"Accueil","item":"https:\/\/audioguide-paris.com\/"},{"@type":"ListItem","position":2,"name":"Les Halles"}]},{"@type":"WebSite","@id":"https:\/\/audioguide-paris.com\/#website","url":"https:\/\/audioguide-paris.com\/","name":"Audio Guide Paris","description":"D\u00e9couvrez les tr\u00e9sors de Paris en compagnie d\u2019un expert","publisher":{"@id":"https:\/\/audioguide-paris.com\/#organization"},"potentialAction":[{"@type":"SearchAction","target":{"@type":"EntryPoint","urlTemplate":"https:\/\/audioguide-paris.com\/?s={search_term_string}"},"query-input":{"@type":"PropertyValueSpecification","valueRequired":true,"valueName":"search_term_string"}}],"inLanguage":"fr-FR"},{"@type":"Organization","@id":"https:\/\/audioguide-paris.com\/#organization","name":"Audio Guide Paris","url":"https:\/\/audioguide-paris.com\/","logo":{"@type":"ImageObject","inLanguage":"fr-FR","@id":"https:\/\/audioguide-paris.com\/#\/schema\/logo\/image\/","url":"https:\/\/audioguide-paris.com\/wp-content\/uploads\/2024\/04\/cropped-cropped-Logo-transparent.png","contentUrl":"https:\/\/audioguide-paris.com\/wp-content\/uploads\/2024\/04\/cropped-cropped-Logo-transparent.png","width":898,"height":898,"caption":"Audio Guide Paris"},"image":{"@id":"https:\/\/audioguide-paris.com\/#\/schema\/logo\/image\/"},"sameAs":["https:\/\/www.facebook.com\/profile.php?id=61558434027122","https:\/\/www.instagram.com\/audioguideparis\/"]}]}},"_links":{"self":[{"href":"https:\/\/audioguide-paris.com\/index.php\/wp-json\/wp\/v2\/pages\/3271","targetHints":{"allow":["GET"]}}],"collection":[{"href":"https:\/\/audioguide-paris.com\/index.php\/wp-json\/wp\/v2\/pages"}],"about":[{"href":"https:\/\/audioguide-paris.com\/index.php\/wp-json\/wp\/v2\/types\/page"}],"author":[{"embeddable":true,"href":"https:\/\/audioguide-paris.com\/index.php\/wp-json\/wp\/v2\/users\/1"}],"replies":[{"embeddable":true,"href":"https:\/\/audioguide-paris.com\/index.php\/wp-json\/wp\/v2\/comments?post=3271"}],"version-history":[{"count":4,"href":"https:\/\/audioguide-paris.com\/index.php\/wp-json\/wp\/v2\/pages\/3271\/revisions"}],"predecessor-version":[{"id":3569,"href":"https:\/\/audioguide-paris.com\/index.php\/wp-json\/wp\/v2\/pages\/3271\/revisions\/3569"}],"wp:attachment":[{"href":"https:\/\/audioguide-paris.com\/index.php\/wp-json\/wp\/v2\/media?parent=3271"}],"curies":[{"name":"wp","href":"https:\/\/api.w.org\/{rel}","templated":true}]}}