{"id":3294,"date":"2025-12-02T14:09:38","date_gmt":"2025-12-02T13:09:38","guid":{"rendered":"https:\/\/audioguide-paris.com\/?page_id=3294"},"modified":"2026-02-27T16:36:34","modified_gmt":"2026-02-27T15:36:34","slug":"chausse-dantin","status":"publish","type":"page","link":"https:\/\/audioguide-paris.com\/index.php\/chausse-dantin\/","title":{"rendered":"Chauss\u00e9e d\u2019Antin"},"content":{"rendered":"<div data-colibri-id=\"3294-c1\" class=\"style-1547 style-local-3294-c1 position-relative\">\r\n  <!---->\r\n  <div data-colibri-component=\"section\" data-colibri-id=\"3294-c2\" id=\"overlappable\" class=\"h-section h-section-global-spacing d-flex align-items-lg-center align-items-md-center align-items-center style-1548 style-local-3294-c2 position-relative\">\r\n    <!---->\r\n    <!---->\r\n    <div class=\"h-section-grid-container h-section-boxed-container\">\r\n      <!---->\r\n      <div data-colibri-id=\"3294-c3\" class=\"h-row-container gutters-row-lg-0 gutters-row-md-0 gutters-row-0 gutters-row-v-lg-0 gutters-row-v-md-0 gutters-row-v-0 style-1549 style-local-3294-c3 position-relative\">\r\n        <!---->\r\n        <div class=\"h-row justify-content-lg-center justify-content-md-center justify-content-center align-items-lg-stretch align-items-md-stretch align-items-stretch gutters-col-lg-0 gutters-col-md-0 gutters-col-0 gutters-col-v-lg-0 gutters-col-v-md-0 gutters-col-v-0\">\r\n          <!---->\r\n          <div class=\"h-column h-column-container d-flex h-col-lg-auto h-col-md-auto h-col-auto style-1550-outer style-local-3294-c4-outer\">\r\n            <div data-colibri-id=\"3294-c4\" class=\"d-flex h-flex-basis h-column__inner h-ui-empty-state-container h-px-lg-0 h-px-md-0 h-px-0 v-inner-lg-0 v-inner-md-0 v-inner-0 style-1550 style-local-3294-c4 position-relative\">\r\n              <!---->\r\n              <!---->\r\n              <div class=\"w-100 h-y-container h-column__content h-column__v-align flex-basis-100\">\r\n                <!---->\r\n              <\/div>\r\n            <\/div>\r\n          <\/div>\r\n          <div class=\"h-column h-column-container d-flex h-col-lg-auto h-col-md-auto h-col-auto style-1551-outer style-local-3294-c5-outer\">\r\n            <div data-colibri-id=\"3294-c5\" class=\"d-flex h-flex-basis h-column__inner h-px-lg-2 h-px-md-2 h-px-2 v-inner-lg-2 v-inner-md-2 v-inner-2 style-1551 style-local-3294-c5 position-relative\">\r\n              <!---->\r\n              <!---->\r\n              <div class=\"w-100 h-y-container h-column__content h-column__v-align flex-basis-100 align-self-lg-center align-self-md-center align-self-center\">\r\n                <!---->\r\n                <div data-colibri-id=\"3294-c6\" class=\"h-global-transition-all h-heading style-1552 style-local-3294-c6 position-relative h-element\">\r\n                  <!---->\r\n                  <div class=\"h-heading__outer style-1552 style-local-3294-c6\">\r\n                    <!---->\r\n                    <!---->\r\n                    <h4 class=\"\">Balade \u00ab Chauss\u00e9e d\u2019Antin : Paris retrouv\u00e9 \u00bb<\/h4>\r\n                  <\/div>\r\n                <\/div>\r\n                <div data-colibri-id=\"3294-c7\" class=\"h-text h-text-component style-1553 style-local-3294-c7 position-relative h-element\">\r\n                  <!---->\r\n                  <!---->\r\n                  <div class=\"\">\r\n                    <p>Et si vous d\u00e9couvriez le Paris \u00e9l\u00e9gant des th\u00e9\u00e2tres et des grands magasins\u2026 l\u00e0 o\u00f9, autrefois, il n\u2019y avait que boue et mar\u00e9cages ? De l\u2019\u00e9glise de la Madeleine \u00e0 l\u2019Op\u00e9ra Garnier, en passant par l\u2019Olympia, les passages cach\u00e9s et les\r\n                      coupoles des Galeries Lafayette et du Printemps, cette balade vous fait traverser trois si\u00e8cles d\u2019histoires mondaines, de spectacles, de drames et de m\u00e9tamorphoses urbaines.<\/p>\r\n                    <p>Votre promenade commence \u00e0 l\u2019\u00e9glise de la Madeleine, faux temple grec imagin\u00e9 tour \u00e0 tour comme \u00e9glise, gare et temple \u00e0 la Gloire de la Grande Arm\u00e9e. Sous ses colonnes monumentales ont r\u00e9sonn\u00e9 les fun\u00e9railles de Chopin, Coco Chanel,\r\n                      Dalida ou Johnny Hallyday, pendant qu\u2019\u00e0 l\u2019ombre du monument, un discret restaurant solidaire sert depuis plus de 50 ans des repas \u00e0 prix doux.<\/p>\r\n                    <p>Puis vous remontez vers la rue de S\u00e8ze et la rue Caumartin, o\u00f9 les mar\u00e9cages ont laiss\u00e9 place aux h\u00f4tels particuliers, aux jardins suspendus et aux fa\u00e7ades arrondies qui marquaient l\u2019entr\u00e9e d\u2019un nouveau lotissement chic au XVIII\u1d49 si\u00e8cle.\r\n                      Derri\u00e8re les murs bourgeois se cachent affaires criminelles, jardins sur les toits et pages de roman : ici, Mirabeau s\u00e9journe en pleine R\u00e9volution, l\u00e0 Stendhal \u00e9crit La Chartreuse de Parme en un temps record.<\/p>\r\n                  <\/div>\r\n                <\/div>\r\n              <\/div>\r\n            <\/div>\r\n          <\/div>\r\n          <div class=\"h-column h-column-container d-flex h-col-lg-auto h-col-md-auto h-col-auto style-1551-outer style-local-3294-c8-outer\">\r\n            <div data-colibri-id=\"3294-c8\" class=\"d-flex h-flex-basis h-column__inner h-px-lg-2 h-px-md-2 h-px-2 v-inner-lg-2 v-inner-md-2 v-inner-2 style-1551 style-local-3294-c8 position-relative\">\r\n              <!---->\r\n              <!---->\r\n              <div class=\"w-100 h-y-container h-column__content h-column__v-align flex-basis-100 align-self-lg-center align-self-md-center align-self-center\">\r\n                <!---->\r\n                <div data-colibri-id=\"3294-c9\" class=\"h-text h-text-component style-1553 style-local-3294-c9 position-relative h-element\">\r\n                  <!---->\r\n                  <!---->\r\n                  <div class=\"\">\r\n                    <p>La balade vous entra\u00eene ensuite devant la c\u00e9l\u00e8bre marquise rouge de l\u2019Olympia : \u00e0 la place de cette salle mythique s\u2019\u00e9levaient autrefois des montagnes russes ! Avant d\u2019accueillir Piaf, Brel, les Beatles, Hendrix ou Johnny, le lieu\r\n                      faisait hurler de peur les amateurs de sensations fortes. Dans les rues voisines, place \u00c9douard VII, th\u00e9\u00e2tre \u00c9douard VII et Ath\u00e9n\u00e9e-Louis Jouvet composent un v\u00e9ritable quartier du spectacle, o\u00f9 l\u2019on croise l\u2019ombre de Sacha Guitry,\r\n                      Louis Jouvet et des grandes heures du th\u00e9\u00e2tre parisien.<\/p>\r\n                    <p>En quelques pas, vous passez ensuite du monde de la sc\u00e8ne \u00e0 celui du shopping spectaculaire : Galeries Lafayette et Printemps Haussmann, avec leurs coupoles de verre, leurs escaliers monumentaux et leurs vitrines de f\u00eate, racontent\r\n                      l\u2019invention des grands magasins modernes, des soldes, des escalators\u2026 et du chic parisien \u00e0 grande \u00e9chelle.<\/p>\r\n                    <p>La promenade s\u2019ach\u00e8ve entre Op\u00e9ra Garnier \u2013 palais des marbres, dorures et fant\u00f4mes de l\u2019Op\u00e9ra \u2013 et rue de la Victoire, o\u00f9 se croisent souvenirs de Bonaparte, de Jos\u00e9phine et de la Grande Synagogue de la Victoire, haut lieu de l\u2019histoire\r\n                      du juda\u00efsme fran\u00e7ais et de la m\u00e9moire nationale.<\/p>\r\n                  <\/div>\r\n                <\/div>\r\n              <\/div>\r\n            <\/div>\r\n          <\/div>\r\n          <div class=\"h-column h-column-container d-flex h-col-lg-auto h-col-md-auto h-col-auto style-1556-outer style-local-3294-c10-outer\">\r\n            <div data-colibri-id=\"3294-c10\" class=\"d-flex h-flex-basis h-column__inner h-ui-empty-state-container h-px-lg-0 h-px-md-0 h-px-0 v-inner-lg-0 v-inner-md-0 v-inner-0 style-1556 style-local-3294-c10 position-relative\">\r\n              <!---->\r\n              <!---->\r\n              <div class=\"w-100 h-y-container h-column__content h-column__v-align flex-basis-100\">\r\n                <!---->\r\n              <\/div>\r\n            <\/div>\r\n          <\/div>\r\n        <\/div>\r\n      <\/div>\r\n    <\/div>\r\n  <\/div>\r\n  <div data-colibri-component=\"section\" data-colibri-id=\"3294-c11\" id=\"blank\" class=\"h-section h-section-global-spacing d-flex align-items-lg-center align-items-md-center align-items-center style-1621 style-local-3294-c11 position-relative\">\r\n    <!---->\r\n    <!---->\r\n    <div class=\"h-section-grid-container h-section-boxed-container\">\r\n      <!---->\r\n      <div data-colibri-id=\"3294-c12\" class=\"h-row-container gutters-row-lg-2 gutters-row-md-2 gutters-row-0 gutters-row-v-lg-2 gutters-row-v-md-2 gutters-row-v-2 style-1629 style-local-3294-c12 position-relative\">\r\n        <!---->\r\n        <div class=\"h-row justify-content-lg-center justify-content-md-center justify-content-center align-items-lg-stretch align-items-md-stretch align-items-stretch gutters-col-lg-2 gutters-col-md-2 gutters-col-0 gutters-col-v-lg-2 gutters-col-v-md-2 gutters-col-v-2\">\r\n          <!---->\r\n          <div class=\"h-column h-column-container d-flex h-col-lg-auto h-col-md-auto h-col-auto style-1630-outer style-local-3294-c13-outer\">\r\n            <div data-colibri-id=\"3294-c13\" class=\"d-flex h-flex-basis h-column__inner h-px-lg-2 h-px-md-2 h-px-2 v-inner-lg-2 v-inner-md-2 v-inner-2 style-1630 style-local-3294-c13 position-relative\">\r\n              <!---->\r\n              <!---->\r\n              <div class=\"w-100 h-y-container h-column__content h-column__v-align flex-basis-100 align-self-lg-start align-self-md-start align-self-start\">\r\n                <!---->\r\n                <div data-colibri-id=\"3294-c14\" class=\"h-global-transition-all h-heading style-1632 style-local-3294-c14 position-relative h-element\">\r\n                  <!---->\r\n                  <div class=\"h-heading__outer style-1632 style-local-3294-c14\">\r\n                    <!---->\r\n                    <!---->\r\n                    <h1 class=\"\">Pendant cette visite vous :<\/h1>\r\n                  <\/div>\r\n                <\/div>\r\n                <div data-colibri-id=\"3294-c15\" class=\"h-text h-text-component style-1631 style-local-3294-c15 position-relative h-element\">\r\n                  <!---->\r\n                  <!---->\r\n                  <div class=\"\">\r\n                    <ul>\r\n                      <li>explorez \u00e0 pied le quartier Chauss\u00e9e d\u2019Antin \u2013 Op\u00e9ra \u2013 Haussmann, entre Madeleine, Olympia, grands magasins et Op\u00e9ra Garnier ;\r\n                        <br>\r\n                        <br>\r\n                      <\/li>\r\n                      <li>d\u00e9couvrez des anecdotes savoureuses : jardins suspendus, meurtre mondain, montagnes russes, premiers distributeurs de billets, fant\u00f4me de l\u2019Op\u00e9ra\u2026 ;\r\n                        <br>\r\n                        <br>\r\n                      <\/li>\r\n                      <li>profitez de spots photo iconiques : fa\u00e7ades haussmanniennes, coupoles, marquise de l\u2019Olympia, place \u00c9douard VII, Op\u00e9ra Garnier ;\r\n                        <br>\r\n                        <br>\r\n                      <\/li>\r\n                      <li>vivez une exp\u00e9rience immersive, vivante et sensible, loin des visites \u00ab catalogue \u00bb.\r\n                        <br>\r\n                      <\/li>\r\n                    <\/ul>\r\n                    <p>Plus qu\u2019une visite, c\u2019est une plong\u00e9e dans le Paris des spectacles, du commerce et des illusions, o\u00f9 chaque fa\u00e7ade a quelque chose \u00e0 raconter.\r\n                      <br>T\u00e9l\u00e9chargez gratuitement l\u2019application Audio Guide Paris et d\u00e9bloquez cette balade compl\u00e8te dans le quartier de la Chauss\u00e9e d\u2019Antin \u2014 un Paris th\u00e9\u00e2tral, \u00e9l\u00e9gant et plein de secrets qui ne demande qu\u2019\u00e0 se r\u00e9v\u00e9ler.<\/p>\r\n                  <\/div>\r\n                <\/div>\r\n                <div data-colibri-id=\"3294-c16\" class=\"h-row-container gutters-row-lg-2 gutters-row-md-2 gutters-row-0 gutters-row-v-lg-2 gutters-row-v-md-2 gutters-row-v-2 style-1557 style-local-3294-c16 position-relative\">\r\n                  <!---->\r\n                  <div class=\"h-row justify-content-lg-center justify-content-md-center justify-content-center align-items-lg-stretch align-items-md-stretch align-items-stretch gutters-col-lg-2 gutters-col-md-2 gutters-col-0 gutters-col-v-lg-2 gutters-col-v-md-2 gutters-col-v-2\">\r\n                    <!---->\r\n                    <div class=\"h-column h-column-container d-flex h-col-lg-auto h-col-md-auto h-col-auto style-1558-outer style-local-3294-c17-outer\">\r\n                      <div data-colibri-id=\"3294-c17\" class=\"d-flex h-flex-basis h-column__inner h-px-lg-2 h-px-md-2 h-px-2 v-inner-lg-2 v-inner-md-2 v-inner-2 style-1558 style-local-3294-c17 position-relative\">\r\n                        <!---->\r\n                        <!---->\r\n                        <div class=\"w-100 h-y-container h-column__content h-column__v-align flex-basis-100 align-self-lg-start align-self-md-start align-self-start\">\r\n                          <!---->\r\n                          <div data-colibri-id=\"3294-c18\" class=\"h-x-container style-1560 style-local-3294-c18 position-relative h-element\">\r\n                            <!---->\r\n                            <div class=\"h-x-container-inner style-dynamic-3294-c18-group style-1560-spacing style-local-3294-c18-spacing\"><span class=\"h-button__outer style-1561-outer style-local-3294-c19-outer d-inline-flex h-element\"><a h-use-smooth-scroll=\"true\" href=\"https:\/\/apps.apple.com\/gr\/app\/audio-guide-paris\/id6471984315\" target=\"_blank\"  data-colibri-id=\"3294-c19\" class=\"d-flex w-100 align-items-center h-button justify-content-lg-center justify-content-md-center justify-content-center style-1561 style-local-3294-c19 position-relative\"><!----><!----> <span>apple store<\/span><\/a>\r\n                              <\/span>\r\n                            <\/div>\r\n                          <\/div>\r\n                        <\/div>\r\n                      <\/div>\r\n                    <\/div>\r\n                    <div class=\"h-column h-column-container d-flex h-col-lg-auto h-col-md-auto h-col-auto style-1559-outer style-local-3294-c20-outer\">\r\n                      <div data-colibri-id=\"3294-c20\" class=\"d-flex h-flex-basis h-column__inner h-px-lg-2 h-px-md-2 h-px-2 v-inner-lg-2 v-inner-md-2 v-inner-2 style-1559 style-local-3294-c20 position-relative\">\r\n                        <!---->\r\n                        <!---->\r\n                        <div class=\"w-100 h-y-container h-column__content h-column__v-align flex-basis-100 align-self-lg-start align-self-md-start align-self-start\">\r\n                          <!---->\r\n                          <div data-colibri-id=\"3294-c21\" class=\"h-x-container style-1562 style-local-3294-c21 position-relative h-element\">\r\n                            <!---->\r\n                            <div class=\"h-x-container-inner style-dynamic-3294-c21-group style-1562-spacing style-local-3294-c21-spacing\"><span class=\"h-button__outer style-1563-outer style-local-3294-c22-outer d-inline-flex h-element\"><a h-use-smooth-scroll=\"true\" href=\"https:\/\/play.google.com\/store\/apps\/details?id=com.audioguides_paris\" target=\"_blank\"  data-colibri-id=\"3294-c22\" class=\"d-flex w-100 align-items-center h-button justify-content-lg-center justify-content-md-center justify-content-center style-1563 style-local-3294-c22 position-relative\"><!----><!----> <span>google play<\/span><\/a>\r\n                              <\/span>\r\n                            <\/div>\r\n                          <\/div>\r\n                        <\/div>\r\n                      <\/div>\r\n                    <\/div>\r\n                  <\/div>\r\n                <\/div>\r\n              <\/div>\r\n            <\/div>\r\n          <\/div>\r\n        <\/div>\r\n      <\/div>\r\n    <\/div>\r\n  <\/div>\r\n<\/div>","protected":false},"excerpt":{"rendered":"<p>Balade \u00ab Chauss\u00e9e d\u2019Antin : Paris retrouv\u00e9 \u00bb Et si vous d\u00e9couvriez le Paris \u00e9l\u00e9gant des th\u00e9\u00e2tres et des grands magasins\u2026 l\u00e0 o\u00f9, autrefois, il n\u2019y avait que boue et mar\u00e9cages ? De l\u2019\u00e9glise de la Madeleine \u00e0 l\u2019Op\u00e9ra Garnier, en passant par l\u2019Olympia, les passages cach\u00e9s et les coupoles des Galeries Lafayette et du [&hellip;]<\/p>\n","protected":false},"author":1,"featured_media":0,"parent":0,"menu_order":0,"comment_status":"closed","ping_status":"closed","template":"page-templates\/full-width-page.php","meta":{"footnotes":""},"class_list":["post-3294","page","type-page","status-publish","hentry"],"yoast_head":"<!-- This site is optimized with the Yoast SEO plugin v26.6 - https:\/\/yoast.com\/wordpress\/plugins\/seo\/ -->\n<title>Chauss\u00e9e d\u2019Antin - Audio Guide Paris<\/title>\n<meta name=\"description\" content=\"Explore Chauss\u00e9e d\u2019Antin in Paris with our audio guide: Op\u00e9ra district, Grands Boulevards and iconic department stores. Self-guided walk with map.\" \/>\n<meta name=\"robots\" content=\"index, follow, max-snippet:-1, max-image-preview:large, max-video-preview:-1\" \/>\n<link rel=\"canonical\" href=\"https:\/\/audioguide-paris.com\/index.php\/chausse-dantin\/\" \/>\n<meta property=\"og:locale\" content=\"fr_FR\" \/>\n<meta property=\"og:type\" content=\"article\" \/>\n<meta property=\"og:title\" content=\"Chauss\u00e9e d\u2019Antin - Audio Guide Paris\" \/>\n<meta property=\"og:description\" content=\"Explore Chauss\u00e9e d\u2019Antin in Paris with our audio guide: Op\u00e9ra district, Grands Boulevards and iconic department stores. Self-guided walk with map.\" \/>\n<meta property=\"og:url\" content=\"https:\/\/audioguide-paris.com\/index.php\/chausse-dantin\/\" \/>\n<meta property=\"og:site_name\" content=\"Audio Guide Paris\" \/>\n<meta property=\"article:publisher\" content=\"https:\/\/www.facebook.com\/profile.php?id=61558434027122\" \/>\n<meta property=\"article:modified_time\" content=\"2026-02-27T15:36:34+00:00\" \/>\n<meta name=\"twitter:card\" content=\"summary_large_image\" \/>\n<meta name=\"twitter:label1\" content=\"Dur\u00e9e de lecture estim\u00e9e\" \/>\n\t<meta name=\"twitter:data1\" content=\"3 minutes\" \/>\n<script type=\"application\/ld+json\" class=\"yoast-schema-graph\">{\"@context\":\"https:\/\/schema.org\",\"@graph\":[{\"@type\":\"WebPage\",\"@id\":\"https:\/\/audioguide-paris.com\/index.php\/chausse-dantin\/\",\"url\":\"https:\/\/audioguide-paris.com\/index.php\/chausse-dantin\/\",\"name\":\"Chauss\u00e9e d\u2019Antin - Audio Guide Paris\",\"isPartOf\":{\"@id\":\"https:\/\/audioguide-paris.com\/#website\"},\"datePublished\":\"2025-12-02T13:09:38+00:00\",\"dateModified\":\"2026-02-27T15:36:34+00:00\",\"description\":\"Explore Chauss\u00e9e d\u2019Antin in Paris with our audio guide: Op\u00e9ra district, Grands Boulevards and iconic department stores. Self-guided walk with map.\",\"breadcrumb\":{\"@id\":\"https:\/\/audioguide-paris.com\/index.php\/chausse-dantin\/#breadcrumb\"},\"inLanguage\":\"fr-FR\",\"potentialAction\":[{\"@type\":\"ReadAction\",\"target\":[\"https:\/\/audioguide-paris.com\/index.php\/chausse-dantin\/\"]}]},{\"@type\":\"BreadcrumbList\",\"@id\":\"https:\/\/audioguide-paris.com\/index.php\/chausse-dantin\/#breadcrumb\",\"itemListElement\":[{\"@type\":\"ListItem\",\"position\":1,\"name\":\"Accueil\",\"item\":\"https:\/\/audioguide-paris.com\/\"},{\"@type\":\"ListItem\",\"position\":2,\"name\":\"Chauss\u00e9e d'Antin\"}]},{\"@type\":\"WebSite\",\"@id\":\"https:\/\/audioguide-paris.com\/#website\",\"url\":\"https:\/\/audioguide-paris.com\/\",\"name\":\"Audio Guide Paris\",\"description\":\"D\u00e9couvrez les tr\u00e9sors de Paris en compagnie d\u2019un expert\",\"publisher\":{\"@id\":\"https:\/\/audioguide-paris.com\/#organization\"},\"potentialAction\":[{\"@type\":\"SearchAction\",\"target\":{\"@type\":\"EntryPoint\",\"urlTemplate\":\"https:\/\/audioguide-paris.com\/?s={search_term_string}\"},\"query-input\":{\"@type\":\"PropertyValueSpecification\",\"valueRequired\":true,\"valueName\":\"search_term_string\"}}],\"inLanguage\":\"fr-FR\"},{\"@type\":\"Organization\",\"@id\":\"https:\/\/audioguide-paris.com\/#organization\",\"name\":\"Audio Guide Paris\",\"url\":\"https:\/\/audioguide-paris.com\/\",\"logo\":{\"@type\":\"ImageObject\",\"inLanguage\":\"fr-FR\",\"@id\":\"https:\/\/audioguide-paris.com\/#\/schema\/logo\/image\/\",\"url\":\"https:\/\/audioguide-paris.com\/wp-content\/uploads\/2024\/04\/cropped-cropped-Logo-transparent.png\",\"contentUrl\":\"https:\/\/audioguide-paris.com\/wp-content\/uploads\/2024\/04\/cropped-cropped-Logo-transparent.png\",\"width\":898,\"height\":898,\"caption\":\"Audio Guide Paris\"},\"image\":{\"@id\":\"https:\/\/audioguide-paris.com\/#\/schema\/logo\/image\/\"},\"sameAs\":[\"https:\/\/www.facebook.com\/profile.php?id=61558434027122\",\"https:\/\/www.instagram.com\/audioguideparis\/\"]}]}<\/script>\n<!-- \/ Yoast SEO plugin. -->","yoast_head_json":{"title":"Chauss\u00e9e d\u2019Antin - Audio Guide Paris","description":"Explore Chauss\u00e9e d\u2019Antin in Paris with our audio guide: Op\u00e9ra district, Grands Boulevards and iconic department stores. Self-guided walk with map.","robots":{"index":"index","follow":"follow","max-snippet":"max-snippet:-1","max-image-preview":"max-image-preview:large","max-video-preview":"max-video-preview:-1"},"canonical":"https:\/\/audioguide-paris.com\/index.php\/chausse-dantin\/","og_locale":"fr_FR","og_type":"article","og_title":"Chauss\u00e9e d\u2019Antin - Audio Guide Paris","og_description":"Explore Chauss\u00e9e d\u2019Antin in Paris with our audio guide: Op\u00e9ra district, Grands Boulevards and iconic department stores. Self-guided walk with map.","og_url":"https:\/\/audioguide-paris.com\/index.php\/chausse-dantin\/","og_site_name":"Audio Guide Paris","article_publisher":"https:\/\/www.facebook.com\/profile.php?id=61558434027122","article_modified_time":"2026-02-27T15:36:34+00:00","twitter_card":"summary_large_image","twitter_misc":{"Dur\u00e9e de lecture estim\u00e9e":"3 minutes"},"schema":{"@context":"https:\/\/schema.org","@graph":[{"@type":"WebPage","@id":"https:\/\/audioguide-paris.com\/index.php\/chausse-dantin\/","url":"https:\/\/audioguide-paris.com\/index.php\/chausse-dantin\/","name":"Chauss\u00e9e d\u2019Antin - Audio Guide Paris","isPartOf":{"@id":"https:\/\/audioguide-paris.com\/#website"},"datePublished":"2025-12-02T13:09:38+00:00","dateModified":"2026-02-27T15:36:34+00:00","description":"Explore Chauss\u00e9e d\u2019Antin in Paris with our audio guide: Op\u00e9ra district, Grands Boulevards and iconic department stores. Self-guided walk with map.","breadcrumb":{"@id":"https:\/\/audioguide-paris.com\/index.php\/chausse-dantin\/#breadcrumb"},"inLanguage":"fr-FR","potentialAction":[{"@type":"ReadAction","target":["https:\/\/audioguide-paris.com\/index.php\/chausse-dantin\/"]}]},{"@type":"BreadcrumbList","@id":"https:\/\/audioguide-paris.com\/index.php\/chausse-dantin\/#breadcrumb","itemListElement":[{"@type":"ListItem","position":1,"name":"Accueil","item":"https:\/\/audioguide-paris.com\/"},{"@type":"ListItem","position":2,"name":"Chauss\u00e9e d'Antin"}]},{"@type":"WebSite","@id":"https:\/\/audioguide-paris.com\/#website","url":"https:\/\/audioguide-paris.com\/","name":"Audio Guide Paris","description":"D\u00e9couvrez les tr\u00e9sors de Paris en compagnie d\u2019un expert","publisher":{"@id":"https:\/\/audioguide-paris.com\/#organization"},"potentialAction":[{"@type":"SearchAction","target":{"@type":"EntryPoint","urlTemplate":"https:\/\/audioguide-paris.com\/?s={search_term_string}"},"query-input":{"@type":"PropertyValueSpecification","valueRequired":true,"valueName":"search_term_string"}}],"inLanguage":"fr-FR"},{"@type":"Organization","@id":"https:\/\/audioguide-paris.com\/#organization","name":"Audio Guide Paris","url":"https:\/\/audioguide-paris.com\/","logo":{"@type":"ImageObject","inLanguage":"fr-FR","@id":"https:\/\/audioguide-paris.com\/#\/schema\/logo\/image\/","url":"https:\/\/audioguide-paris.com\/wp-content\/uploads\/2024\/04\/cropped-cropped-Logo-transparent.png","contentUrl":"https:\/\/audioguide-paris.com\/wp-content\/uploads\/2024\/04\/cropped-cropped-Logo-transparent.png","width":898,"height":898,"caption":"Audio Guide Paris"},"image":{"@id":"https:\/\/audioguide-paris.com\/#\/schema\/logo\/image\/"},"sameAs":["https:\/\/www.facebook.com\/profile.php?id=61558434027122","https:\/\/www.instagram.com\/audioguideparis\/"]}]}},"_links":{"self":[{"href":"https:\/\/audioguide-paris.com\/index.php\/wp-json\/wp\/v2\/pages\/3294","targetHints":{"allow":["GET"]}}],"collection":[{"href":"https:\/\/audioguide-paris.com\/index.php\/wp-json\/wp\/v2\/pages"}],"about":[{"href":"https:\/\/audioguide-paris.com\/index.php\/wp-json\/wp\/v2\/types\/page"}],"author":[{"embeddable":true,"href":"https:\/\/audioguide-paris.com\/index.php\/wp-json\/wp\/v2\/users\/1"}],"replies":[{"embeddable":true,"href":"https:\/\/audioguide-paris.com\/index.php\/wp-json\/wp\/v2\/comments?post=3294"}],"version-history":[{"count":15,"href":"https:\/\/audioguide-paris.com\/index.php\/wp-json\/wp\/v2\/pages\/3294\/revisions"}],"predecessor-version":[{"id":3555,"href":"https:\/\/audioguide-paris.com\/index.php\/wp-json\/wp\/v2\/pages\/3294\/revisions\/3555"}],"wp:attachment":[{"href":"https:\/\/audioguide-paris.com\/index.php\/wp-json\/wp\/v2\/media?parent=3294"}],"curies":[{"name":"wp","href":"https:\/\/api.w.org\/{rel}","templated":true}]}}