{"id":3318,"date":"2025-12-02T14:34:28","date_gmt":"2025-12-02T13:34:28","guid":{"rendered":"https:\/\/audioguide-paris.com\/?page_id=3318"},"modified":"2026-04-03T10:10:58","modified_gmt":"2026-04-03T08:10:58","slug":"sur-les-traces-des-jeux-olympiques","status":"publish","type":"page","link":"https:\/\/audioguide-paris.com\/index.php\/sur-les-traces-des-jeux-olympiques\/","title":{"rendered":"jo"},"content":{"rendered":"<div data-colibri-id=\"3318-c1\" class=\"style-1565 style-local-3318-c1 position-relative\">\r\n  <!---->\r\n  <div data-colibri-component=\"section\" data-colibri-id=\"3318-c2\" id=\"overlappable\" class=\"h-section h-section-global-spacing d-flex align-items-lg-center align-items-md-center align-items-center style-1566 style-local-3318-c2 position-relative\">\r\n    <!---->\r\n    <!---->\r\n    <div class=\"h-section-grid-container h-section-boxed-container\">\r\n      <!---->\r\n      <div data-colibri-id=\"3318-c3\" class=\"h-row-container gutters-row-lg-0 gutters-row-md-0 gutters-row-0 gutters-row-v-lg-0 gutters-row-v-md-0 gutters-row-v-0 style-1567 style-local-3318-c3 position-relative\">\r\n        <!---->\r\n        <div class=\"h-row justify-content-lg-center justify-content-md-center justify-content-center align-items-lg-stretch align-items-md-stretch align-items-stretch gutters-col-lg-0 gutters-col-md-0 gutters-col-0 gutters-col-v-lg-0 gutters-col-v-md-0 gutters-col-v-0\">\r\n          <!---->\r\n          <div class=\"h-column h-column-container d-flex h-col-lg-auto h-col-md-auto h-col-auto style-1568-outer style-local-3318-c4-outer\">\r\n            <div data-colibri-id=\"3318-c4\" class=\"d-flex h-flex-basis h-column__inner h-ui-empty-state-container h-px-lg-0 h-px-md-0 h-px-0 v-inner-lg-0 v-inner-md-0 v-inner-0 style-1568 style-local-3318-c4 position-relative\">\r\n              <!---->\r\n              <!---->\r\n              <div class=\"w-100 h-y-container h-column__content h-column__v-align flex-basis-100\">\r\n                <!---->\r\n              <\/div>\r\n            <\/div>\r\n          <\/div>\r\n          <div class=\"h-column h-column-container d-flex h-col-lg-auto h-col-md-auto h-col-auto style-1569-outer style-local-3318-c5-outer\">\r\n            <div data-colibri-id=\"3318-c5\" class=\"d-flex h-flex-basis h-column__inner h-px-lg-2 h-px-md-2 h-px-2 v-inner-lg-2 v-inner-md-2 v-inner-2 style-1569 style-local-3318-c5 position-relative\">\r\n              <!---->\r\n              <!---->\r\n              <div class=\"w-100 h-y-container h-column__content h-column__v-align flex-basis-100 align-self-lg-center align-self-md-center align-self-center\">\r\n                <!---->\r\n                <div data-colibri-id=\"3318-c6\" class=\"h-global-transition-all h-heading style-1570 style-local-3318-c6 position-relative h-element\">\r\n                  <!---->\r\n                  <div class=\"h-heading__outer style-1570 style-local-3318-c6\">\r\n                    <!---->\r\n                    <!---->\r\n                    <h4 class=\"\">Balade \u00ab Sur les traces des Jeux Olympiques \u00bb<\/h4>\r\n                  <\/div>\r\n                <\/div>\r\n                <div data-colibri-id=\"3318-c7\" class=\"h-text h-text-component style-1571 style-local-3318-c7 position-relative h-element\">\r\n                  <!---->\r\n                  <!---->\r\n                  <div class=\"\">\r\n                    <p>Et si vous reviviez l\u2019ambiance des Jeux Olympiques de Paris 2024 en quelques pas seulement ? De la place de la Concorde aux Invalides, en longeant la Seine, cette balade \u00e0 pied vous fait d\u00e9couvrir les principaux sites olympiques en\r\n                      plein c\u0153ur de Paris, entre exploits sportifs, grands monuments et histoires insolites.<\/p>\r\n                    <p>Votre promenade commence place de la Concorde, ancienne sc\u00e8ne de la R\u00e9volution devenue terrain de jeu ultra-moderne pour les sports urbains : BMX freestyle, skateboard, breaking et basket 3&#215;3 y ont enflamm\u00e9 les nuits de l\u2019\u00e9t\u00e9 2024.\r\n                      Entre l\u2019ob\u00e9lisque de Louxor, les fontaines et la perspective sur les Champs-\u00c9lys\u00e9es, vous d\u00e9couvrez comment cette place charg\u00e9e d\u2019histoire s\u2019est r\u00e9invent\u00e9e pour accueillir les Jeux Olympiques.<\/p>\r\n                    <p>Puis vous descendez vers les quais des Tuileries pour longer la Seine, d\u00e9cor majestueux des \u00e9preuves de triathlon et de natation marathon. Au fil de l\u2019eau, l\u2019audio vous raconte les grandes crues, les l\u00e9gendes du fleuve, mais aussi\r\n                      les coulisses des Jeux : parcours des athl\u00e8tes, organisation hors norme, Paris transform\u00e9e en stade \u00e0 ciel ouvert, le tout face au Louvre et au jardin des Tuileries.<\/p>\r\n                    <p>La balade vous m\u00e8ne ensuite vers le Grand Palais, \u00e9crin de verre et d\u2019acier qui a accueilli l\u2019escrime et le taekwondo. En traversant le somptueux pont Alexandre III, vous marchez litt\u00e9ralement l\u00e0 o\u00f9 sont pass\u00e9s cyclistes, coureurs\r\n                      et champions, avec vue \u00e0 360\u00b0 sur les coupoles, la tour Eiffel et les rives class\u00e9es au patrimoine mondial de l\u2019UNESCO.<\/p>\r\n                  <\/div>\r\n                <\/div>\r\n              <\/div>\r\n            <\/div>\r\n          <\/div>\r\n          <div class=\"h-column h-column-container d-flex h-col-lg-auto h-col-md-auto h-col-auto style-1569-outer style-local-3318-c8-outer\">\r\n            <div data-colibri-id=\"3318-c8\" class=\"d-flex h-flex-basis h-column__inner h-px-lg-2 h-px-md-2 h-px-2 v-inner-lg-2 v-inner-md-2 v-inner-2 style-1569 style-local-3318-c8 position-relative\">\r\n              <!---->\r\n              <!---->\r\n              <div class=\"w-100 h-y-container h-column__content h-column__v-align flex-basis-100 align-self-lg-center align-self-md-center align-self-center\">\r\n                <!---->\r\n                <div data-colibri-id=\"3318-c9\" class=\"h-text h-text-component style-1571 style-local-3318-c9 position-relative h-element\">\r\n                  <!---->\r\n                  <!---->\r\n                  <div class=\"\">\r\n                    <p>En suivant l\u2019avenue du Mar\u00e9chal-Gallieni, vous rejoignez l\u2019esplanade des Invalides, devenue le terrain de tir \u00e0 l\u2019arc et de para tir \u00e0 l\u2019arc, avec le d\u00f4me dor\u00e9 en toile de fond. La balade s\u2019ach\u00e8ve \u00e0 l\u2019H\u00f4tel des Invalides, palais militaire\r\n                      fond\u00e9 par Louis XIV o\u00f9 repose Napol\u00e9on Ier : un lieu de m\u00e9moire impressionnant qui raconte \u00e0 la fois l\u2019histoire de la France et celle des c\u00e9r\u00e9monies olympiques organis\u00e9es ici.<\/p>\r\n                    <p><span style=\"font-weight: 600;\">Pendant cette visite vous :<\/span><\/p>\r\n                    <ul>\r\n                      <li>explorez \u00e0 pied les principaux sites des Jeux Olympiques de Paris 2024 au c\u0153ur de la ville, \u00e0 votre rythme ;\r\n                        <br>\r\n                      <\/li>\r\n                      <li>d\u00e9couvrez des anecdotes sur les sports urbains, l\u2019escrime, le tir \u00e0 l\u2019arc et les coulisses des JO ;\r\n                        <br>\r\n                      <\/li>\r\n                      <li>profitez de spots photo exceptionnels entre Concorde, Seine, Grand Palais, pont Alexandre III et Invalides ;\r\n                        <br>\r\n                      <\/li>\r\n                      <li>vivez une exp\u00e9rience immersive, vivante et \u00e9motionnelle, loin des visites \u00ab catalogue \u00bb.\r\n                        <br>\r\n                      <\/li>\r\n                    <\/ul>\r\n                    <p>Plus qu\u2019une visite, c\u2019est une fa\u00e7on unique de (re)d\u00e9couvrir Paris \u00e0 travers les Jeux Olympiques. T\u00e9l\u00e9chargez gratuitement l\u2019application Audio Guide Paris et profitez de cette balade gratuite de la place de la Concorde \u00e0 l\u2019H\u00f4tel des\r\n                      Invalides \u2013 un Paris olympique, historique et terriblement photog\u00e9nique qui ne demande qu\u2019\u00e0 se r\u00e9v\u00e9ler.<\/p>\r\n                  <\/div>\r\n                <\/div>\r\n                <div data-colibri-id=\"3318-c10\" class=\"h-row-container gutters-row-lg-2 gutters-row-md-2 gutters-row-0 gutters-row-v-lg-2 gutters-row-v-md-2 gutters-row-v-2 style-1575 style-local-3318-c10 position-relative\">\r\n                  <!---->\r\n                  <div class=\"h-row justify-content-lg-center justify-content-md-center justify-content-center align-items-lg-stretch align-items-md-stretch align-items-stretch gutters-col-lg-2 gutters-col-md-2 gutters-col-0 gutters-col-v-lg-2 gutters-col-v-md-2 gutters-col-v-2\">\r\n                    <!---->\r\n                    <div class=\"h-column h-column-container d-flex h-col-lg-auto h-col-md-auto h-col-auto style-1576-outer style-local-3318-c11-outer\">\r\n                      <div data-colibri-id=\"3318-c11\" class=\"d-flex h-flex-basis h-column__inner h-px-lg-2 h-px-md-2 h-px-2 v-inner-lg-2 v-inner-md-2 v-inner-2 style-1576 style-local-3318-c11 position-relative\">\r\n                        <!---->\r\n                        <!---->\r\n                        <div class=\"w-100 h-y-container h-column__content h-column__v-align flex-basis-100 align-self-lg-start align-self-md-start align-self-start\">\r\n                          <!---->\r\n                          <div data-colibri-id=\"3318-c12\" class=\"h-x-container style-1578 style-local-3318-c12 position-relative h-element\">\r\n                            <!---->\r\n                            <div class=\"h-x-container-inner style-dynamic-3318-c12-group style-1578-spacing style-local-3318-c12-spacing\"><span class=\"h-button__outer style-1579-outer style-local-3318-c13-outer d-inline-flex h-element\"><a h-use-smooth-scroll=\"true\" href=\"https:\/\/apps.apple.com\/gr\/app\/audio-guide-paris\/id6471984315\" target=\"_blank\"  data-colibri-id=\"3318-c13\" class=\"d-flex w-100 align-items-center h-button justify-content-lg-center justify-content-md-center justify-content-center style-1579 style-local-3318-c13 position-relative\"><!----><!----> <span>apple store<\/span><\/a>\r\n                              <\/span>\r\n                            <\/div>\r\n                          <\/div>\r\n                        <\/div>\r\n                      <\/div>\r\n                    <\/div>\r\n                    <div class=\"h-column h-column-container d-flex h-col-lg-auto h-col-md-auto h-col-auto style-1577-outer style-local-3318-c14-outer\">\r\n                      <div data-colibri-id=\"3318-c14\" class=\"d-flex h-flex-basis h-column__inner h-px-lg-2 h-px-md-2 h-px-2 v-inner-lg-2 v-inner-md-2 v-inner-2 style-1577 style-local-3318-c14 position-relative\">\r\n                        <!---->\r\n                        <!---->\r\n                        <div class=\"w-100 h-y-container h-column__content h-column__v-align flex-basis-100 align-self-lg-start align-self-md-start align-self-start\">\r\n                          <!---->\r\n                          <div data-colibri-id=\"3318-c15\" class=\"h-x-container style-1580 style-local-3318-c15 position-relative h-element\">\r\n                            <!---->\r\n                            <div class=\"h-x-container-inner style-dynamic-3318-c15-group style-1580-spacing style-local-3318-c15-spacing\"><span class=\"h-button__outer style-1581-outer style-local-3318-c16-outer d-inline-flex h-element\"><a h-use-smooth-scroll=\"true\" href=\"https:\/\/play.google.com\/store\/apps\/details?id=com.audioguides_paris\" target=\"_blank\"  data-colibri-id=\"3318-c16\" class=\"d-flex w-100 align-items-center h-button justify-content-lg-center justify-content-md-center justify-content-center style-1581 style-local-3318-c16 position-relative\"><!----><!----> <span>google play<\/span><\/a>\r\n                              <\/span>\r\n                            <\/div>\r\n                          <\/div>\r\n                        <\/div>\r\n                      <\/div>\r\n                    <\/div>\r\n                  <\/div>\r\n                <\/div>\r\n              <\/div>\r\n            <\/div>\r\n          <\/div>\r\n          <div class=\"h-column h-column-container d-flex h-col-lg-auto h-col-md-auto h-col-auto style-1574-outer style-local-3318-c17-outer\">\r\n            <div data-colibri-id=\"3318-c17\" class=\"d-flex h-flex-basis h-column__inner h-ui-empty-state-container h-px-lg-0 h-px-md-0 h-px-0 v-inner-lg-0 v-inner-md-0 v-inner-0 style-1574 style-local-3318-c17 position-relative\">\r\n              <!---->\r\n              <!---->\r\n              <div class=\"w-100 h-y-container h-column__content h-column__v-align flex-basis-100\">\r\n                <!---->\r\n              <\/div>\r\n            <\/div>\r\n          <\/div>\r\n        <\/div>\r\n      <\/div>\r\n    <\/div>\r\n  <\/div>\r\n<\/div>","protected":false},"excerpt":{"rendered":"<p>Balade \u00ab Sur les traces des Jeux Olympiques \u00bb Et si vous reviviez l\u2019ambiance des Jeux Olympiques de Paris 2024 en quelques pas seulement ? De la place de la Concorde aux Invalides, en longeant la Seine, cette balade \u00e0 pied vous fait d\u00e9couvrir les principaux sites olympiques en plein c\u0153ur de Paris, entre exploits [&hellip;]<\/p>\n","protected":false},"author":1,"featured_media":0,"parent":0,"menu_order":0,"comment_status":"closed","ping_status":"closed","template":"page-templates\/full-width-page.php","meta":{"footnotes":""},"class_list":["post-3318","page","type-page","status-publish","hentry"],"yoast_head":"<!-- This site is optimized with the Yoast SEO plugin v26.6 - https:\/\/yoast.com\/wordpress\/plugins\/seo\/ -->\n<title>jo - Audio Guide Paris<\/title>\n<meta name=\"description\" content=\"Revivez les Jeux Olympiques de Paris 2024 avec une balade audioguid\u00e9e de la Concorde aux Invalides. D\u00e9couvrez sites olympiques, monuments embl\u00e9matiques et anecdotes au c\u0153ur de Paris.\" \/>\n<meta name=\"robots\" content=\"index, follow, max-snippet:-1, max-image-preview:large, max-video-preview:-1\" \/>\n<link rel=\"canonical\" href=\"https:\/\/audioguide-paris.com\/index.php\/sur-les-traces-des-jeux-olympiques\/\" \/>\n<meta property=\"og:locale\" content=\"fr_FR\" \/>\n<meta property=\"og:type\" content=\"article\" \/>\n<meta property=\"og:title\" content=\"jo - Audio Guide Paris\" \/>\n<meta property=\"og:description\" content=\"Revivez les Jeux Olympiques de Paris 2024 avec une balade audioguid\u00e9e de la Concorde aux Invalides. D\u00e9couvrez sites olympiques, monuments embl\u00e9matiques et anecdotes au c\u0153ur de Paris.\" \/>\n<meta property=\"og:url\" content=\"https:\/\/audioguide-paris.com\/index.php\/sur-les-traces-des-jeux-olympiques\/\" \/>\n<meta property=\"og:site_name\" content=\"Audio Guide Paris\" \/>\n<meta property=\"article:publisher\" content=\"https:\/\/www.facebook.com\/profile.php?id=61558434027122\" \/>\n<meta property=\"article:modified_time\" content=\"2026-04-03T08:10:58+00:00\" \/>\n<meta name=\"twitter:card\" content=\"summary_large_image\" \/>\n<meta name=\"twitter:label1\" content=\"Dur\u00e9e de lecture estim\u00e9e\" \/>\n\t<meta name=\"twitter:data1\" content=\"3 minutes\" \/>\n<script type=\"application\/ld+json\" class=\"yoast-schema-graph\">{\"@context\":\"https:\/\/schema.org\",\"@graph\":[{\"@type\":\"WebPage\",\"@id\":\"https:\/\/audioguide-paris.com\/index.php\/sur-les-traces-des-jeux-olympiques\/\",\"url\":\"https:\/\/audioguide-paris.com\/index.php\/sur-les-traces-des-jeux-olympiques\/\",\"name\":\"jo - Audio Guide Paris\",\"isPartOf\":{\"@id\":\"https:\/\/audioguide-paris.com\/#website\"},\"datePublished\":\"2025-12-02T13:34:28+00:00\",\"dateModified\":\"2026-04-03T08:10:58+00:00\",\"description\":\"Revivez les Jeux Olympiques de Paris 2024 avec une balade audioguid\u00e9e de la Concorde aux Invalides. D\u00e9couvrez sites olympiques, monuments embl\u00e9matiques et anecdotes au c\u0153ur de Paris.\",\"breadcrumb\":{\"@id\":\"https:\/\/audioguide-paris.com\/index.php\/sur-les-traces-des-jeux-olympiques\/#breadcrumb\"},\"inLanguage\":\"fr-FR\",\"potentialAction\":[{\"@type\":\"ReadAction\",\"target\":[\"https:\/\/audioguide-paris.com\/index.php\/sur-les-traces-des-jeux-olympiques\/\"]}]},{\"@type\":\"BreadcrumbList\",\"@id\":\"https:\/\/audioguide-paris.com\/index.php\/sur-les-traces-des-jeux-olympiques\/#breadcrumb\",\"itemListElement\":[{\"@type\":\"ListItem\",\"position\":1,\"name\":\"Accueil\",\"item\":\"https:\/\/audioguide-paris.com\/\"},{\"@type\":\"ListItem\",\"position\":2,\"name\":\"jo\"}]},{\"@type\":\"WebSite\",\"@id\":\"https:\/\/audioguide-paris.com\/#website\",\"url\":\"https:\/\/audioguide-paris.com\/\",\"name\":\"Audio Guide Paris\",\"description\":\"D\u00e9couvrez les tr\u00e9sors de Paris en compagnie d\u2019un expert\",\"publisher\":{\"@id\":\"https:\/\/audioguide-paris.com\/#organization\"},\"potentialAction\":[{\"@type\":\"SearchAction\",\"target\":{\"@type\":\"EntryPoint\",\"urlTemplate\":\"https:\/\/audioguide-paris.com\/?s={search_term_string}\"},\"query-input\":{\"@type\":\"PropertyValueSpecification\",\"valueRequired\":true,\"valueName\":\"search_term_string\"}}],\"inLanguage\":\"fr-FR\"},{\"@type\":\"Organization\",\"@id\":\"https:\/\/audioguide-paris.com\/#organization\",\"name\":\"Audio Guide Paris\",\"url\":\"https:\/\/audioguide-paris.com\/\",\"logo\":{\"@type\":\"ImageObject\",\"inLanguage\":\"fr-FR\",\"@id\":\"https:\/\/audioguide-paris.com\/#\/schema\/logo\/image\/\",\"url\":\"https:\/\/audioguide-paris.com\/wp-content\/uploads\/2024\/04\/cropped-cropped-Logo-transparent.png\",\"contentUrl\":\"https:\/\/audioguide-paris.com\/wp-content\/uploads\/2024\/04\/cropped-cropped-Logo-transparent.png\",\"width\":898,\"height\":898,\"caption\":\"Audio Guide Paris\"},\"image\":{\"@id\":\"https:\/\/audioguide-paris.com\/#\/schema\/logo\/image\/\"},\"sameAs\":[\"https:\/\/www.facebook.com\/profile.php?id=61558434027122\",\"https:\/\/www.instagram.com\/audioguideparis\/\"]}]}<\/script>\n<!-- \/ Yoast SEO plugin. -->","yoast_head_json":{"title":"jo - Audio Guide Paris","description":"Revivez les Jeux Olympiques de Paris 2024 avec une balade audioguid\u00e9e de la Concorde aux Invalides. D\u00e9couvrez sites olympiques, monuments embl\u00e9matiques et anecdotes au c\u0153ur de Paris.","robots":{"index":"index","follow":"follow","max-snippet":"max-snippet:-1","max-image-preview":"max-image-preview:large","max-video-preview":"max-video-preview:-1"},"canonical":"https:\/\/audioguide-paris.com\/index.php\/sur-les-traces-des-jeux-olympiques\/","og_locale":"fr_FR","og_type":"article","og_title":"jo - Audio Guide Paris","og_description":"Revivez les Jeux Olympiques de Paris 2024 avec une balade audioguid\u00e9e de la Concorde aux Invalides. D\u00e9couvrez sites olympiques, monuments embl\u00e9matiques et anecdotes au c\u0153ur de Paris.","og_url":"https:\/\/audioguide-paris.com\/index.php\/sur-les-traces-des-jeux-olympiques\/","og_site_name":"Audio Guide Paris","article_publisher":"https:\/\/www.facebook.com\/profile.php?id=61558434027122","article_modified_time":"2026-04-03T08:10:58+00:00","twitter_card":"summary_large_image","twitter_misc":{"Dur\u00e9e de lecture estim\u00e9e":"3 minutes"},"schema":{"@context":"https:\/\/schema.org","@graph":[{"@type":"WebPage","@id":"https:\/\/audioguide-paris.com\/index.php\/sur-les-traces-des-jeux-olympiques\/","url":"https:\/\/audioguide-paris.com\/index.php\/sur-les-traces-des-jeux-olympiques\/","name":"jo - Audio Guide Paris","isPartOf":{"@id":"https:\/\/audioguide-paris.com\/#website"},"datePublished":"2025-12-02T13:34:28+00:00","dateModified":"2026-04-03T08:10:58+00:00","description":"Revivez les Jeux Olympiques de Paris 2024 avec une balade audioguid\u00e9e de la Concorde aux Invalides. D\u00e9couvrez sites olympiques, monuments embl\u00e9matiques et anecdotes au c\u0153ur de Paris.","breadcrumb":{"@id":"https:\/\/audioguide-paris.com\/index.php\/sur-les-traces-des-jeux-olympiques\/#breadcrumb"},"inLanguage":"fr-FR","potentialAction":[{"@type":"ReadAction","target":["https:\/\/audioguide-paris.com\/index.php\/sur-les-traces-des-jeux-olympiques\/"]}]},{"@type":"BreadcrumbList","@id":"https:\/\/audioguide-paris.com\/index.php\/sur-les-traces-des-jeux-olympiques\/#breadcrumb","itemListElement":[{"@type":"ListItem","position":1,"name":"Accueil","item":"https:\/\/audioguide-paris.com\/"},{"@type":"ListItem","position":2,"name":"jo"}]},{"@type":"WebSite","@id":"https:\/\/audioguide-paris.com\/#website","url":"https:\/\/audioguide-paris.com\/","name":"Audio Guide Paris","description":"D\u00e9couvrez les tr\u00e9sors de Paris en compagnie d\u2019un expert","publisher":{"@id":"https:\/\/audioguide-paris.com\/#organization"},"potentialAction":[{"@type":"SearchAction","target":{"@type":"EntryPoint","urlTemplate":"https:\/\/audioguide-paris.com\/?s={search_term_string}"},"query-input":{"@type":"PropertyValueSpecification","valueRequired":true,"valueName":"search_term_string"}}],"inLanguage":"fr-FR"},{"@type":"Organization","@id":"https:\/\/audioguide-paris.com\/#organization","name":"Audio Guide Paris","url":"https:\/\/audioguide-paris.com\/","logo":{"@type":"ImageObject","inLanguage":"fr-FR","@id":"https:\/\/audioguide-paris.com\/#\/schema\/logo\/image\/","url":"https:\/\/audioguide-paris.com\/wp-content\/uploads\/2024\/04\/cropped-cropped-Logo-transparent.png","contentUrl":"https:\/\/audioguide-paris.com\/wp-content\/uploads\/2024\/04\/cropped-cropped-Logo-transparent.png","width":898,"height":898,"caption":"Audio Guide Paris"},"image":{"@id":"https:\/\/audioguide-paris.com\/#\/schema\/logo\/image\/"},"sameAs":["https:\/\/www.facebook.com\/profile.php?id=61558434027122","https:\/\/www.instagram.com\/audioguideparis\/"]}]}},"_links":{"self":[{"href":"https:\/\/audioguide-paris.com\/index.php\/wp-json\/wp\/v2\/pages\/3318","targetHints":{"allow":["GET"]}}],"collection":[{"href":"https:\/\/audioguide-paris.com\/index.php\/wp-json\/wp\/v2\/pages"}],"about":[{"href":"https:\/\/audioguide-paris.com\/index.php\/wp-json\/wp\/v2\/types\/page"}],"author":[{"embeddable":true,"href":"https:\/\/audioguide-paris.com\/index.php\/wp-json\/wp\/v2\/users\/1"}],"replies":[{"embeddable":true,"href":"https:\/\/audioguide-paris.com\/index.php\/wp-json\/wp\/v2\/comments?post=3318"}],"version-history":[{"count":7,"href":"https:\/\/audioguide-paris.com\/index.php\/wp-json\/wp\/v2\/pages\/3318\/revisions"}],"predecessor-version":[{"id":3527,"href":"https:\/\/audioguide-paris.com\/index.php\/wp-json\/wp\/v2\/pages\/3318\/revisions\/3527"}],"wp:attachment":[{"href":"https:\/\/audioguide-paris.com\/index.php\/wp-json\/wp\/v2\/media?parent=3318"}],"curies":[{"name":"wp","href":"https:\/\/api.w.org\/{rel}","templated":true}]}}