{"id":3342,"date":"2025-12-02T15:00:53","date_gmt":"2025-12-02T14:00:53","guid":{"rendered":"https:\/\/audioguide-paris.com\/?page_id=3342"},"modified":"2026-04-03T10:18:28","modified_gmt":"2026-04-03T08:18:28","slug":"palais-royal","status":"publish","type":"page","link":"https:\/\/audioguide-paris.com\/index.php\/palais-royal\/","title":{"rendered":"Palais Royal"},"content":{"rendered":"<div data-colibri-id=\"3342-c1\" class=\"style-1583 style-local-3342-c1 position-relative\">\r\n  <!---->\r\n  <div data-colibri-component=\"section\" data-colibri-id=\"3342-c2\" id=\"overlappable\" class=\"h-section h-section-global-spacing d-flex align-items-lg-center align-items-md-center align-items-center style-1584 style-local-3342-c2 position-relative\">\r\n    <!---->\r\n    <!---->\r\n    <div class=\"h-section-grid-container h-section-boxed-container\">\r\n      <!---->\r\n      <div data-colibri-id=\"3342-c3\" class=\"h-row-container gutters-row-lg-0 gutters-row-md-0 gutters-row-0 gutters-row-v-lg-0 gutters-row-v-md-0 gutters-row-v-0 style-1585 style-local-3342-c3 position-relative\">\r\n        <!---->\r\n        <div class=\"h-row justify-content-lg-center justify-content-md-center justify-content-center align-items-lg-stretch align-items-md-stretch align-items-stretch gutters-col-lg-0 gutters-col-md-0 gutters-col-0 gutters-col-v-lg-0 gutters-col-v-md-0 gutters-col-v-0\">\r\n          <!---->\r\n          <div class=\"h-column h-column-container d-flex h-col-lg-auto h-col-md-auto h-col-auto style-1586-outer style-local-3342-c4-outer\">\r\n            <div data-colibri-id=\"3342-c4\" class=\"d-flex h-flex-basis h-column__inner h-ui-empty-state-container h-px-lg-0 h-px-md-0 h-px-0 v-inner-lg-0 v-inner-md-0 v-inner-0 style-1586 style-local-3342-c4 position-relative\">\r\n              <!---->\r\n              <!---->\r\n              <div class=\"w-100 h-y-container h-column__content h-column__v-align flex-basis-100\">\r\n                <!---->\r\n              <\/div>\r\n            <\/div>\r\n          <\/div>\r\n          <div class=\"h-column h-column-container d-flex h-col-lg-auto h-col-md-auto h-col-auto style-1587-outer style-local-3342-c5-outer\">\r\n            <div data-colibri-id=\"3342-c5\" class=\"d-flex h-flex-basis h-column__inner h-px-lg-2 h-px-md-2 h-px-2 v-inner-lg-2 v-inner-md-2 v-inner-2 style-1587 style-local-3342-c5 position-relative\">\r\n              <!---->\r\n              <!---->\r\n              <div class=\"w-100 h-y-container h-column__content h-column__v-align flex-basis-100 align-self-lg-center align-self-md-center align-self-center\">\r\n                <!---->\r\n                <div data-colibri-id=\"3342-c6\" class=\"h-global-transition-all h-heading style-1588 style-local-3342-c6 position-relative h-element\">\r\n                  <!---->\r\n                  <div class=\"h-heading__outer style-1588 style-local-3342-c6\">\r\n                    <!---->\r\n                    <!---->\r\n                    <h4 class=\"\">Palais royal : secrets et histoires<\/h4>\r\n                  <\/div>\r\n                <\/div>\r\n                <div data-colibri-id=\"3342-c7\" class=\"h-text h-text-component style-1589 style-local-3342-c7 position-relative h-element\">\r\n                  <!---->\r\n                  <!---->\r\n                  <div class=\"\">\r\n                    <p>Balade \u00ab R\u00eaveries du Palais Royal : un voyage \u00e0 travers les r\u00e9sidences royales \u00bb<\/p>\r\n                    <p>Et si vous d\u00e9couvriez le c\u0153ur royal de Paris en quelques pas seulement ? Depuis le Pont Neuf, plus vieux pont de la ville achev\u00e9 en 1607, jusqu\u2019aux jardins des Tuileries et au Louvre, cette balade \u00e0 pied vous fait traverser quatre\r\n                      si\u00e8cles d\u2019histoire, d\u2019intrigues politiques\u2026 et quelques l\u00e9gendes troublantes.<\/p>\r\n                    <p>Votre balade commence sur le Pont Neuf, premier pont en pierre sans maisons, o\u00f9 d\u00e9filaient jadis charlatans, bouquinistes et marchands ambulants. On y installa les premiers trottoirs de Paris et la fameuse pompe de la Samaritaine qui\r\n                      alimentait le Louvre et les Tuileries.<\/p>\r\n                    <p>Puis vous longerez l\u2019\u00e9glise Saint-Germain-l\u2019Auxerrois, ancienne paroisse des rois de France, avant de remonter la rue de Rivoli et ses arcades napol\u00e9oniennes vers le Palais-Royal.<\/p>\r\n                  <\/div>\r\n                <\/div>\r\n              <\/div>\r\n            <\/div>\r\n          <\/div>\r\n          <div class=\"h-column h-column-container d-flex h-col-lg-auto h-col-md-auto h-col-auto style-1587-outer style-local-3342-c8-outer\">\r\n            <div data-colibri-id=\"3342-c8\" class=\"d-flex h-flex-basis h-column__inner h-px-lg-2 h-px-md-2 h-px-2 v-inner-lg-2 v-inner-md-2 v-inner-2 style-1587 style-local-3342-c8 position-relative\">\r\n              <!---->\r\n              <!---->\r\n              <div class=\"w-100 h-y-container h-column__content h-column__v-align flex-basis-100 align-self-lg-center align-self-md-center align-self-center\">\r\n                <!---->\r\n                <div data-colibri-id=\"3342-c9\" class=\"h-text h-text-component style-1589 style-local-3342-c9 position-relative h-element\">\r\n                  <!---->\r\n                  <!---->\r\n                  <div class=\"\">\r\n                    <p>Au Palais-Royal, construit en 1629 pour le cardinal de Richelieu, vous p\u00e9n\u00e9trerez dans un v\u00e9ritable th\u00e9\u00e2tre \u00e0 ciel ouvert : palais, galeries, jardins, th\u00e9\u00e2tre\u2026 ici ont v\u00e9cu Richelieu, Anne d\u2019Autriche, le jeune Louis XIV et les ducs\r\n                      d\u2019Orl\u00e9ans. Le lieu a surv\u00e9cu aux Frondes, aux r\u00e9volutions, aux pillages et aux incendies, avant d\u2019abriter aujourd\u2019hui le Conseil d\u2019\u00c9tat et le Conseil constitutionnel.<\/p>\r\n                    <p>La balade se poursuit par la place Colette, la Com\u00e9die-Fran\u00e7aise \u2013 la plus ancienne troupe de th\u00e9\u00e2tre de France \u2013 puis le mus\u00e9e des Arts d\u00e9coratifs, avant de d\u00e9boucher sur l\u2019Arc de Triomphe du Carrousel, r\u00e9plique aux 3\/4 de l\u2019arc de\r\n                      Constantin \u00e0 Rome, command\u00e9e par Napol\u00e9on pour c\u00e9l\u00e9brer Austerlitz.<\/p>\r\n                    <p>Enfin, vous traversez le jardin des Tuileries, le plus ancien jardin public de Paris, marqu\u00e9 par les fant\u00f4mes de Catherine de M\u00e9dicis et la l\u00e9gende inqui\u00e9tante de Jean l\u2019\u00c9corcheur\u2026 jusqu\u2019au point d\u2019orgue de la promenade : le mus\u00e9e\r\n                      du Louvre et son histoire de forteresse m\u00e9di\u00e9vale devenue temple mondial de l\u2019art.<\/p>\r\n                  <\/div>\r\n                <\/div>\r\n              <\/div>\r\n            <\/div>\r\n          <\/div>\r\n          <div class=\"h-column h-column-container d-flex h-col-lg-auto h-col-md-auto h-col-auto style-1592-outer style-local-3342-c10-outer\">\r\n            <div data-colibri-id=\"3342-c10\" class=\"d-flex h-flex-basis h-column__inner h-ui-empty-state-container h-px-lg-0 h-px-md-0 h-px-0 v-inner-lg-0 v-inner-md-0 v-inner-0 style-1592 style-local-3342-c10 position-relative\">\r\n              <!---->\r\n              <!---->\r\n              <div class=\"w-100 h-y-container h-column__content h-column__v-align flex-basis-100\">\r\n                <!---->\r\n              <\/div>\r\n            <\/div>\r\n          <\/div>\r\n        <\/div>\r\n      <\/div>\r\n      <div data-colibri-id=\"3342-c11\" class=\"h-row-container gutters-row-lg-2 gutters-row-md-2 gutters-row-0 gutters-row-v-lg-2 gutters-row-v-md-2 gutters-row-v-2 style-1610 style-local-3342-c11 position-relative\">\r\n        <!---->\r\n        <div class=\"h-row justify-content-lg-center justify-content-md-center justify-content-center align-items-lg-stretch align-items-md-stretch align-items-stretch gutters-col-lg-2 gutters-col-md-2 gutters-col-0 gutters-col-v-lg-2 gutters-col-v-md-2 gutters-col-v-2\">\r\n          <!---->\r\n          <div class=\"h-column h-column-container d-flex h-col-lg-auto h-col-md-auto h-col-auto style-1611-outer style-local-3342-c12-outer\">\r\n            <div data-colibri-id=\"3342-c12\" class=\"d-flex h-flex-basis h-column__inner h-px-lg-2 h-px-md-2 h-px-2 v-inner-lg-2 v-inner-md-2 v-inner-2 style-1611 style-local-3342-c12 position-relative\">\r\n              <!---->\r\n              <!---->\r\n              <div class=\"w-100 h-y-container h-column__content h-column__v-align flex-basis-100 align-self-lg-start align-self-md-start align-self-start\">\r\n                <!---->\r\n                <div data-colibri-id=\"3342-c13\" class=\"h-global-transition-all h-heading style-1620 style-local-3342-c13 position-relative h-element\">\r\n                  <!---->\r\n                  <div class=\"h-heading__outer style-1620 style-local-3342-c13\">\r\n                    <!---->\r\n                    <!---->\r\n                    <h1 class=\"\">Pendant cette visite vous :<\/h1>\r\n                  <\/div>\r\n                <\/div>\r\n                <div data-colibri-id=\"3342-c14\" class=\"h-text h-text-component style-1609 style-local-3342-c14 position-relative h-element\">\r\n                  <!---->\r\n                  <!---->\r\n                  <div class=\"\">\r\n                    <ul>\r\n                      <li>explorez \u00e0 pied les lieux embl\u00e9matiques de la monarchie fran\u00e7aise, sans vous presser ;\r\n                        <br>\r\n                      <\/li>\r\n                      <li>d\u00e9couvrez des anecdotes surprenantes (crocodile sous le Pont Neuf, proph\u00e9ties funestes aux reines et \u00e0 Napol\u00e9on, secrets de statues et d\u2019arcades) ;\r\n                        <br>\r\n                      <\/li>\r\n                      <li>profitez des meilleurs spots photo entre Pont Neuf, Palais-Royal, Tuileries et Louvre ;\r\n                        <br>\r\n                      <\/li>\r\n                      <li>vivez une exp\u00e9rience immersive, vivante et \u00e9motionnelle, loin des visites \u00ab catalogue \u00bb.\r\n                        <br>\r\n                      <\/li>\r\n                    <\/ul>\r\n                    <p>Plus qu\u2019une visite, c\u2019est une exp\u00e9rience : immersive, vivante, fluide, \u00e0 votre rythme, quand vous le voulez.<\/p>\r\n                    <p><strong style=\"font-weight: 700;\">T\u00e9l\u00e9chargez gratuitement l\u2019application Audio Guide Paris et d\u00e9bloquez cette balade compl\u00e8te du Pont Neuf au Palais-Royal et aux Tuileries jusqu\u2019au Louvre \u2014 un Paris royal, myst\u00e9rieux et terriblement photog\u00e9nique qui ne demande qu\u2019\u00e0 se r\u00e9v\u00e9ler.<\/strong><\/p>\r\n                  <\/div>\r\n                <\/div>\r\n              <\/div>\r\n            <\/div>\r\n          <\/div>\r\n        <\/div>\r\n      <\/div>\r\n    <\/div>\r\n  <\/div>\r\n  <div data-colibri-component=\"section\" data-colibri-id=\"3342-c15\" id=\"blank-2\" class=\"h-section h-section-global-spacing d-flex align-items-lg-center align-items-md-center align-items-center style-1612 style-local-3342-c15 position-relative\">\r\n    <!---->\r\n    <!---->\r\n    <div class=\"h-section-grid-container h-section-boxed-container\">\r\n      <!---->\r\n      <div data-colibri-id=\"3342-c16\" class=\"h-row-container gutters-row-lg-2 gutters-row-md-2 gutters-row-0 gutters-row-v-lg-2 gutters-row-v-md-2 gutters-row-v-2 style-1613 style-local-3342-c16 position-relative\">\r\n        <!---->\r\n        <div class=\"h-row justify-content-lg-center justify-content-md-center justify-content-center align-items-lg-stretch align-items-md-stretch align-items-stretch gutters-col-lg-2 gutters-col-md-2 gutters-col-0 gutters-col-v-lg-2 gutters-col-v-md-2 gutters-col-v-2\">\r\n          <!---->\r\n          <div class=\"h-column h-column-container d-flex h-col-lg-auto h-col-md-auto h-col-auto style-1614-outer style-local-3342-c17-outer\">\r\n            <div data-colibri-id=\"3342-c17\" class=\"d-flex h-flex-basis h-column__inner h-px-lg-2 h-px-md-2 h-px-2 v-inner-lg-2 v-inner-md-2 v-inner-2 style-1614 style-local-3342-c17 position-relative\">\r\n              <!---->\r\n              <!---->\r\n              <div class=\"w-100 h-y-container h-column__content h-column__v-align flex-basis-100 align-self-lg-start align-self-md-start align-self-start\">\r\n                <!---->\r\n                <div data-colibri-id=\"3342-c18\" class=\"h-x-container style-1596 style-local-3342-c18 position-relative h-element\">\r\n                  <!---->\r\n                  <div class=\"h-x-container-inner style-dynamic-3342-c18-group style-1596-spacing style-local-3342-c18-spacing\"><span class=\"h-button__outer style-1597-outer style-local-3342-c19-outer d-inline-flex h-element\"><a h-use-smooth-scroll=\"true\" href=\"https:\/\/apps.apple.com\/gr\/app\/audio-guide-paris\/id6471984315\" target=\"_blank\"  data-colibri-id=\"3342-c19\" class=\"d-flex w-100 align-items-center h-button justify-content-lg-center justify-content-md-center justify-content-center style-1597 style-local-3342-c19 position-relative\"><!----><!----> <span>apple store<\/span><\/a>\r\n                    <\/span>\r\n                  <\/div>\r\n                <\/div>\r\n              <\/div>\r\n            <\/div>\r\n          <\/div>\r\n          <div class=\"h-column h-column-container d-flex h-col-lg-auto h-col-md-auto h-col-auto style-1615-outer style-local-3342-c20-outer\">\r\n            <div data-colibri-id=\"3342-c20\" class=\"d-flex h-flex-basis h-column__inner h-px-lg-2 h-px-md-2 h-px-2 v-inner-lg-2 v-inner-md-2 v-inner-2 style-1615 style-local-3342-c20 position-relative\">\r\n              <!---->\r\n              <!---->\r\n              <div class=\"w-100 h-y-container h-column__content h-column__v-align flex-basis-100 align-self-lg-start align-self-md-start align-self-start\">\r\n                <!---->\r\n                <div data-colibri-id=\"3342-c21\" class=\"h-x-container style-1598 style-local-3342-c21 position-relative h-element\">\r\n                  <!---->\r\n                  <div class=\"h-x-container-inner style-dynamic-3342-c21-group style-1598-spacing style-local-3342-c21-spacing\"><span class=\"h-button__outer style-1599-outer style-local-3342-c22-outer d-inline-flex h-element\"><a h-use-smooth-scroll=\"true\" href=\"https:\/\/play.google.com\/store\/apps\/details?id=com.audioguides_paris\" target=\"_blank\"  data-colibri-id=\"3342-c22\" class=\"d-flex w-100 align-items-center h-button justify-content-lg-center justify-content-md-center justify-content-center style-1599 style-local-3342-c22 position-relative\"><!----><!----> <span>google play<\/span><\/a>\r\n                    <\/span>\r\n                  <\/div>\r\n                <\/div>\r\n              <\/div>\r\n            <\/div>\r\n          <\/div>\r\n        <\/div>\r\n      <\/div>\r\n    <\/div>\r\n  <\/div>\r\n<\/div>","protected":false},"excerpt":{"rendered":"<p>Palais royal : secrets et histoires Balade \u00ab R\u00eaveries du Palais Royal : un voyage \u00e0 travers les r\u00e9sidences royales \u00bb Et si vous d\u00e9couvriez le c\u0153ur royal de Paris en quelques pas seulement ? Depuis le Pont Neuf, plus vieux pont de la ville achev\u00e9 en 1607, jusqu\u2019aux jardins des Tuileries et au Louvre, [&hellip;]<\/p>\n","protected":false},"author":1,"featured_media":0,"parent":0,"menu_order":0,"comment_status":"closed","ping_status":"closed","template":"page-templates\/full-width-page.php","meta":{"footnotes":""},"class_list":["post-3342","page","type-page","status-publish","hentry"],"yoast_head":"<!-- This site is optimized with the Yoast SEO plugin v26.6 - https:\/\/yoast.com\/wordpress\/plugins\/seo\/ -->\n<title>Palais Royal - Audio Guide Paris<\/title>\n<meta name=\"description\" content=\"D\u00e9couvrez le Palais-Royal, le Pont Neuf, les Tuileries et le Louvre avec une balade audioguid\u00e9e \u00e0 Paris. Secrets royaux, intrigues, l\u00e9gendes et histoire au c\u0153ur de la capitale.\" \/>\n<meta name=\"robots\" content=\"index, follow, max-snippet:-1, max-image-preview:large, max-video-preview:-1\" \/>\n<link rel=\"canonical\" href=\"https:\/\/audioguide-paris.com\/index.php\/palais-royal\/\" \/>\n<meta property=\"og:locale\" content=\"fr_FR\" \/>\n<meta property=\"og:type\" content=\"article\" \/>\n<meta property=\"og:title\" content=\"Palais Royal - Audio Guide Paris\" \/>\n<meta property=\"og:description\" content=\"D\u00e9couvrez le Palais-Royal, le Pont Neuf, les Tuileries et le Louvre avec une balade audioguid\u00e9e \u00e0 Paris. Secrets royaux, intrigues, l\u00e9gendes et histoire au c\u0153ur de la capitale.\" \/>\n<meta property=\"og:url\" content=\"https:\/\/audioguide-paris.com\/index.php\/palais-royal\/\" \/>\n<meta property=\"og:site_name\" content=\"Audio Guide Paris\" \/>\n<meta property=\"article:publisher\" content=\"https:\/\/www.facebook.com\/profile.php?id=61558434027122\" \/>\n<meta property=\"article:modified_time\" content=\"2026-04-03T08:18:28+00:00\" \/>\n<meta name=\"twitter:card\" content=\"summary_large_image\" \/>\n<meta name=\"twitter:label1\" content=\"Dur\u00e9e de lecture estim\u00e9e\" \/>\n\t<meta name=\"twitter:data1\" content=\"3 minutes\" \/>\n<script type=\"application\/ld+json\" class=\"yoast-schema-graph\">{\"@context\":\"https:\/\/schema.org\",\"@graph\":[{\"@type\":\"WebPage\",\"@id\":\"https:\/\/audioguide-paris.com\/index.php\/palais-royal\/\",\"url\":\"https:\/\/audioguide-paris.com\/index.php\/palais-royal\/\",\"name\":\"Palais Royal - Audio Guide Paris\",\"isPartOf\":{\"@id\":\"https:\/\/audioguide-paris.com\/#website\"},\"datePublished\":\"2025-12-02T14:00:53+00:00\",\"dateModified\":\"2026-04-03T08:18:28+00:00\",\"description\":\"D\u00e9couvrez le Palais-Royal, le Pont Neuf, les Tuileries et le Louvre avec une balade audioguid\u00e9e \u00e0 Paris. Secrets royaux, intrigues, l\u00e9gendes et histoire au c\u0153ur de la capitale.\",\"breadcrumb\":{\"@id\":\"https:\/\/audioguide-paris.com\/index.php\/palais-royal\/#breadcrumb\"},\"inLanguage\":\"fr-FR\",\"potentialAction\":[{\"@type\":\"ReadAction\",\"target\":[\"https:\/\/audioguide-paris.com\/index.php\/palais-royal\/\"]}]},{\"@type\":\"BreadcrumbList\",\"@id\":\"https:\/\/audioguide-paris.com\/index.php\/palais-royal\/#breadcrumb\",\"itemListElement\":[{\"@type\":\"ListItem\",\"position\":1,\"name\":\"Accueil\",\"item\":\"https:\/\/audioguide-paris.com\/\"},{\"@type\":\"ListItem\",\"position\":2,\"name\":\"Palais Royal\"}]},{\"@type\":\"WebSite\",\"@id\":\"https:\/\/audioguide-paris.com\/#website\",\"url\":\"https:\/\/audioguide-paris.com\/\",\"name\":\"Audio Guide Paris\",\"description\":\"D\u00e9couvrez les tr\u00e9sors de Paris en compagnie d\u2019un expert\",\"publisher\":{\"@id\":\"https:\/\/audioguide-paris.com\/#organization\"},\"potentialAction\":[{\"@type\":\"SearchAction\",\"target\":{\"@type\":\"EntryPoint\",\"urlTemplate\":\"https:\/\/audioguide-paris.com\/?s={search_term_string}\"},\"query-input\":{\"@type\":\"PropertyValueSpecification\",\"valueRequired\":true,\"valueName\":\"search_term_string\"}}],\"inLanguage\":\"fr-FR\"},{\"@type\":\"Organization\",\"@id\":\"https:\/\/audioguide-paris.com\/#organization\",\"name\":\"Audio Guide Paris\",\"url\":\"https:\/\/audioguide-paris.com\/\",\"logo\":{\"@type\":\"ImageObject\",\"inLanguage\":\"fr-FR\",\"@id\":\"https:\/\/audioguide-paris.com\/#\/schema\/logo\/image\/\",\"url\":\"https:\/\/audioguide-paris.com\/wp-content\/uploads\/2024\/04\/cropped-cropped-Logo-transparent.png\",\"contentUrl\":\"https:\/\/audioguide-paris.com\/wp-content\/uploads\/2024\/04\/cropped-cropped-Logo-transparent.png\",\"width\":898,\"height\":898,\"caption\":\"Audio Guide Paris\"},\"image\":{\"@id\":\"https:\/\/audioguide-paris.com\/#\/schema\/logo\/image\/\"},\"sameAs\":[\"https:\/\/www.facebook.com\/profile.php?id=61558434027122\",\"https:\/\/www.instagram.com\/audioguideparis\/\"]}]}<\/script>\n<!-- \/ Yoast SEO plugin. -->","yoast_head_json":{"title":"Palais Royal - Audio Guide Paris","description":"D\u00e9couvrez le Palais-Royal, le Pont Neuf, les Tuileries et le Louvre avec une balade audioguid\u00e9e \u00e0 Paris. Secrets royaux, intrigues, l\u00e9gendes et histoire au c\u0153ur de la capitale.","robots":{"index":"index","follow":"follow","max-snippet":"max-snippet:-1","max-image-preview":"max-image-preview:large","max-video-preview":"max-video-preview:-1"},"canonical":"https:\/\/audioguide-paris.com\/index.php\/palais-royal\/","og_locale":"fr_FR","og_type":"article","og_title":"Palais Royal - Audio Guide Paris","og_description":"D\u00e9couvrez le Palais-Royal, le Pont Neuf, les Tuileries et le Louvre avec une balade audioguid\u00e9e \u00e0 Paris. Secrets royaux, intrigues, l\u00e9gendes et histoire au c\u0153ur de la capitale.","og_url":"https:\/\/audioguide-paris.com\/index.php\/palais-royal\/","og_site_name":"Audio Guide Paris","article_publisher":"https:\/\/www.facebook.com\/profile.php?id=61558434027122","article_modified_time":"2026-04-03T08:18:28+00:00","twitter_card":"summary_large_image","twitter_misc":{"Dur\u00e9e de lecture estim\u00e9e":"3 minutes"},"schema":{"@context":"https:\/\/schema.org","@graph":[{"@type":"WebPage","@id":"https:\/\/audioguide-paris.com\/index.php\/palais-royal\/","url":"https:\/\/audioguide-paris.com\/index.php\/palais-royal\/","name":"Palais Royal - Audio Guide Paris","isPartOf":{"@id":"https:\/\/audioguide-paris.com\/#website"},"datePublished":"2025-12-02T14:00:53+00:00","dateModified":"2026-04-03T08:18:28+00:00","description":"D\u00e9couvrez le Palais-Royal, le Pont Neuf, les Tuileries et le Louvre avec une balade audioguid\u00e9e \u00e0 Paris. Secrets royaux, intrigues, l\u00e9gendes et histoire au c\u0153ur de la capitale.","breadcrumb":{"@id":"https:\/\/audioguide-paris.com\/index.php\/palais-royal\/#breadcrumb"},"inLanguage":"fr-FR","potentialAction":[{"@type":"ReadAction","target":["https:\/\/audioguide-paris.com\/index.php\/palais-royal\/"]}]},{"@type":"BreadcrumbList","@id":"https:\/\/audioguide-paris.com\/index.php\/palais-royal\/#breadcrumb","itemListElement":[{"@type":"ListItem","position":1,"name":"Accueil","item":"https:\/\/audioguide-paris.com\/"},{"@type":"ListItem","position":2,"name":"Palais Royal"}]},{"@type":"WebSite","@id":"https:\/\/audioguide-paris.com\/#website","url":"https:\/\/audioguide-paris.com\/","name":"Audio Guide Paris","description":"D\u00e9couvrez les tr\u00e9sors de Paris en compagnie d\u2019un expert","publisher":{"@id":"https:\/\/audioguide-paris.com\/#organization"},"potentialAction":[{"@type":"SearchAction","target":{"@type":"EntryPoint","urlTemplate":"https:\/\/audioguide-paris.com\/?s={search_term_string}"},"query-input":{"@type":"PropertyValueSpecification","valueRequired":true,"valueName":"search_term_string"}}],"inLanguage":"fr-FR"},{"@type":"Organization","@id":"https:\/\/audioguide-paris.com\/#organization","name":"Audio Guide Paris","url":"https:\/\/audioguide-paris.com\/","logo":{"@type":"ImageObject","inLanguage":"fr-FR","@id":"https:\/\/audioguide-paris.com\/#\/schema\/logo\/image\/","url":"https:\/\/audioguide-paris.com\/wp-content\/uploads\/2024\/04\/cropped-cropped-Logo-transparent.png","contentUrl":"https:\/\/audioguide-paris.com\/wp-content\/uploads\/2024\/04\/cropped-cropped-Logo-transparent.png","width":898,"height":898,"caption":"Audio Guide Paris"},"image":{"@id":"https:\/\/audioguide-paris.com\/#\/schema\/logo\/image\/"},"sameAs":["https:\/\/www.facebook.com\/profile.php?id=61558434027122","https:\/\/www.instagram.com\/audioguideparis\/"]}]}},"_links":{"self":[{"href":"https:\/\/audioguide-paris.com\/index.php\/wp-json\/wp\/v2\/pages\/3342","targetHints":{"allow":["GET"]}}],"collection":[{"href":"https:\/\/audioguide-paris.com\/index.php\/wp-json\/wp\/v2\/pages"}],"about":[{"href":"https:\/\/audioguide-paris.com\/index.php\/wp-json\/wp\/v2\/types\/page"}],"author":[{"embeddable":true,"href":"https:\/\/audioguide-paris.com\/index.php\/wp-json\/wp\/v2\/users\/1"}],"replies":[{"embeddable":true,"href":"https:\/\/audioguide-paris.com\/index.php\/wp-json\/wp\/v2\/comments?post=3342"}],"version-history":[{"count":7,"href":"https:\/\/audioguide-paris.com\/index.php\/wp-json\/wp\/v2\/pages\/3342\/revisions"}],"predecessor-version":[{"id":3691,"href":"https:\/\/audioguide-paris.com\/index.php\/wp-json\/wp\/v2\/pages\/3342\/revisions\/3691"}],"wp:attachment":[{"href":"https:\/\/audioguide-paris.com\/index.php\/wp-json\/wp\/v2\/media?parent=3342"}],"curies":[{"name":"wp","href":"https:\/\/api.w.org\/{rel}","templated":true}]}}