{"id":3716,"date":"2025-12-15T14:28:47","date_gmt":"2025-12-15T13:28:47","guid":{"rendered":"https:\/\/audioguide-paris.com\/?page_id=3716"},"modified":"2026-02-27T16:34:53","modified_gmt":"2026-02-27T15:34:53","slug":"chaussee-dantin","status":"publish","type":"page","link":"https:\/\/audioguide-paris.com\/index.php\/en\/chaussee-dantin\/","title":{"rendered":"Chauss\u00e9e d&rsquo;Antin"},"content":{"rendered":"<div data-colibri-id=\"3716-c1\" class=\"style-1735 style-local-3716-c1 position-relative\">\r\n  <!---->\r\n  <div data-colibri-component=\"section\" data-colibri-id=\"3716-c2\" id=\"overlappable\" class=\"h-section h-section-global-spacing d-flex align-items-lg-center align-items-md-center align-items-center style-1736 style-local-3716-c2 position-relative\">\r\n    <!---->\r\n    <!---->\r\n    <div class=\"h-section-grid-container h-section-boxed-container\">\r\n      <!---->\r\n      <div data-colibri-id=\"3716-c3\" class=\"h-row-container gutters-row-lg-0 gutters-row-md-0 gutters-row-0 gutters-row-v-lg-0 gutters-row-v-md-0 gutters-row-v-0 style-1737 style-local-3716-c3 position-relative\">\r\n        <!---->\r\n        <div class=\"h-row justify-content-lg-center justify-content-md-center justify-content-center align-items-lg-stretch align-items-md-stretch align-items-stretch gutters-col-lg-0 gutters-col-md-0 gutters-col-0 gutters-col-v-lg-0 gutters-col-v-md-0 gutters-col-v-0\">\r\n          <!---->\r\n          <div class=\"h-column h-column-container d-flex h-col-lg-auto h-col-md-auto h-col-auto style-1738-outer style-local-3716-c4-outer\">\r\n            <div data-colibri-id=\"3716-c4\" class=\"d-flex h-flex-basis h-column__inner h-ui-empty-state-container h-px-lg-0 h-px-md-0 h-px-0 v-inner-lg-0 v-inner-md-0 v-inner-0 style-1738 style-local-3716-c4 position-relative\">\r\n              <!---->\r\n              <!---->\r\n              <div class=\"w-100 h-y-container h-column__content h-column__v-align flex-basis-100\">\r\n                <!---->\r\n              <\/div>\r\n            <\/div>\r\n          <\/div>\r\n          <div class=\"h-column h-column-container d-flex h-col-lg-auto h-col-md-auto h-col-auto style-1739-outer style-local-3716-c5-outer\">\r\n            <div data-colibri-id=\"3716-c5\" class=\"d-flex h-flex-basis h-column__inner h-px-lg-2 h-px-md-2 h-px-2 v-inner-lg-2 v-inner-md-2 v-inner-2 style-1739 style-local-3716-c5 position-relative\">\r\n              <!---->\r\n              <!---->\r\n              <div class=\"w-100 h-y-container h-column__content h-column__v-align flex-basis-100 align-self-lg-center align-self-md-center align-self-center\">\r\n                <!---->\r\n                <div data-colibri-id=\"3716-c6\" class=\"h-global-transition-all h-heading style-1740 style-local-3716-c6 position-relative h-element\">\r\n                  <!---->\r\n                  <div class=\"h-heading__outer style-1740 style-local-3716-c6\">\r\n                    <!---->\r\n                    <!---->\r\n                    <h4 class=\"\">Walk: \u201cChauss\u00e9e d\u2019Antin: Rediscovering Paris\u201d<\/h4>\r\n                  <\/div>\r\n                <\/div>\r\n                <div data-colibri-id=\"3716-c7\" class=\"h-text h-text-component style-1741 style-local-3716-c7 position-relative h-element\">\r\n                  <!---->\r\n                  <!---->\r\n                  <div class=\"\">\r\n                    <p><span style=\"font-weight: 400;\">What if you could explore the elegant Paris of theaters and grand department stores\u2026 in a neighborhood that was once nothing but mud and marshland? From the Madeleine Church to the Op\u00e9ra Garnier, passing through the Olympia, hidden passages, and the glass domes of Galeries Lafayette and Printemps, this walk takes you through three centuries of high society, shows, scandals, and urban transformations.<\/span><\/p>\r\n                    <p><span style=\"font-weight: 400;\">Your walk begins at the Church of La Madeleine, a false Greek temple imagined at different points as a church, a train station, and a temple to the Glory of the Grande Arm\u00e9e. Beneath its monumental columns echoed the funerals of Chopin, Coco Chanel, Dalida, and Johnny Hallyday, while in its shadow a discreet solidarity restaurant has been serving affordable meals for more than 50 years.<\/span><\/p>\r\n                    <p><span style=\"font-weight: 400;\">You then head up Rue de S\u00e8ze and Rue Caumartin, where marshland once gave way to private mansions, hanging gardens, and curved fa\u00e7ades marking the entrance to a chic new 18th-century development. Behind these bourgeois walls hide criminal affairs, rooftop gardens, and pages of literature: Mirabeau stayed here during the Revolution, and Stendhal wrote The Charterhouse of Parma in record time just steps away.<\/span><\/p>\r\n                  <\/div>\r\n                <\/div>\r\n              <\/div>\r\n            <\/div>\r\n          <\/div>\r\n          <div class=\"h-column h-column-container d-flex h-col-lg-auto h-col-md-auto h-col-auto style-1739-outer style-local-3716-c10-outer\">\r\n            <div data-colibri-id=\"3716-c10\" class=\"d-flex h-flex-basis h-column__inner h-px-lg-2 h-px-md-2 h-px-2 v-inner-lg-2 v-inner-md-2 v-inner-2 style-1739 style-local-3716-c10 position-relative\">\r\n              <!---->\r\n              <!---->\r\n              <div class=\"w-100 h-y-container h-column__content h-column__v-align flex-basis-100 align-self-lg-center align-self-md-center align-self-center\">\r\n                <!---->\r\n                <div data-colibri-id=\"3716-c12\" class=\"h-text h-text-component style-1741 style-local-3716-c12 position-relative h-element\">\r\n                  <!---->\r\n                  <!---->\r\n                  <div class=\"\">\r\n                    <p><span style=\"font-weight: 400;\">The walk then leads you in front of the famous red marquee of the Olympia: long before this legendary music hall, the site hosted\u2026 roller coasters! Before welcoming Piaf, Brel, the Beatles, Hendrix, or Johnny, the place thrilled adrenaline lovers with terrifying rides. In the surrounding streets\u2014Place \u00c9douard VII, the Th\u00e9\u00e2tre \u00c9douard VII, and the Ath\u00e9n\u00e9e-Louis Jouvet\u2014you\u2019ll find a true theater district, haunted by the spirits of Sacha Guitry, Louis Jouvet, and the golden age of Parisian drama.<\/span><\/p>\r\n                    <p><span style=\"font-weight: 400;\">A few steps later, you shift from the world of performance to that of spectacular shopping: Galeries Lafayette and Printemps Haussmann, with their glass domes, monumental staircases, and festive windows, tell the story of the invention of modern department stores, seasonal sales, escalators\u2026 and large-scale Parisian chic.<\/span><\/p>\r\n                    <p><span style=\"font-weight: 400;\">The walk ends between the Op\u00e9ra Garnier\u2014a palace of marble, gilding, and legendary opera ghosts\u2014and Rue de la Victoire, where the memories of Bonaparte, Jos\u00e9phine, and the Grande Synagogue of La Victoire converge, a major landmark of French Judaism and national heritage.<\/span><\/p>\r\n                  <\/div>\r\n                <\/div>\r\n                <div data-colibri-id=\"3716-c16\" class=\"h-text h-text-component style-1745 style-local-3716-c16 position-relative h-element\">\r\n                  <!---->\r\n                  <!---->\r\n                  <div class=\"\">\r\n                    <p>Lorem ipsum dolor sit amet, at mei dolore tritani repudiandae. In his nemore temporibus consequuntur, vim ad prima vivendum consetetur. Viderer feugiat at pro, mea aperiam<\/p>\r\n                  <\/div>\r\n                <\/div>\r\n              <\/div>\r\n            <\/div>\r\n          <\/div>\r\n          <div class=\"h-column h-column-container d-flex h-col-lg-auto h-col-md-auto h-col-auto style-1744-outer style-local-3716-c15-outer\">\r\n            <div data-colibri-id=\"3716-c15\" class=\"d-flex h-flex-basis h-column__inner h-ui-empty-state-container h-px-lg-0 h-px-md-0 h-px-0 v-inner-lg-0 v-inner-md-0 v-inner-0 style-1744 style-local-3716-c15 position-relative\">\r\n              <!---->\r\n              <!---->\r\n              <div class=\"w-100 h-y-container h-column__content h-column__v-align flex-basis-100\">\r\n                <!---->\r\n              <\/div>\r\n            <\/div>\r\n          <\/div>\r\n        <\/div>\r\n      <\/div>\r\n      <div data-colibri-id=\"3716-c17\" class=\"h-row-container gutters-row-lg-2 gutters-row-md-2 gutters-row-0 gutters-row-v-lg-2 gutters-row-v-md-2 gutters-row-v-2 style-1746 style-local-3716-c17 position-relative\">\r\n        <!---->\r\n        <div class=\"h-row justify-content-lg-center justify-content-md-center justify-content-center align-items-lg-stretch align-items-md-stretch align-items-stretch gutters-col-lg-2 gutters-col-md-2 gutters-col-0 gutters-col-v-lg-2 gutters-col-v-md-2 gutters-col-v-2\">\r\n          <!---->\r\n          <div class=\"h-column h-column-container d-flex h-col-lg-auto h-col-md-auto h-col-auto style-1747-outer style-local-3716-c18-outer\">\r\n            <div data-colibri-id=\"3716-c18\" class=\"d-flex h-flex-basis h-column__inner h-px-lg-2 h-px-md-2 h-px-2 v-inner-lg-2 v-inner-md-2 v-inner-2 style-1747 style-local-3716-c18 position-relative\">\r\n              <!---->\r\n              <!---->\r\n              <div class=\"w-100 h-y-container h-column__content h-column__v-align flex-basis-100 align-self-lg-start align-self-md-start align-self-start\">\r\n                <!---->\r\n                <div data-colibri-id=\"3716-c19\" class=\"h-global-transition-all h-heading style-1748 style-local-3716-c19 position-relative h-element\">\r\n                  <!---->\r\n                  <div class=\"h-heading__outer style-1748 style-local-3716-c19\">\r\n                    <!---->\r\n                    <!---->\r\n                    <h4 class=\"\">During this visit you will:<\/h4>\r\n                  <\/div>\r\n                <\/div>\r\n              <\/div>\r\n            <\/div>\r\n          <\/div>\r\n        <\/div>\r\n      <\/div>\r\n      <div data-colibri-id=\"3716-c20\" class=\"h-row-container gutters-row-lg-2 gutters-row-md-2 gutters-row-0 gutters-row-v-lg-2 gutters-row-v-md-2 gutters-row-v-2 style-1749 style-local-3716-c20 position-relative\">\r\n        <!---->\r\n        <div class=\"h-row justify-content-lg-center justify-content-md-center justify-content-center align-items-lg-stretch align-items-md-stretch align-items-stretch gutters-col-lg-2 gutters-col-md-2 gutters-col-0 gutters-col-v-lg-2 gutters-col-v-md-2 gutters-col-v-2\">\r\n          <!---->\r\n          <div class=\"h-column h-column-container d-flex h-col-lg-auto h-col-md-auto h-col-auto style-1750-outer style-local-3716-c21-outer\">\r\n            <div data-colibri-id=\"3716-c21\" class=\"d-flex h-flex-basis h-column__inner h-px-lg-2 h-px-md-2 h-px-2 v-inner-lg-2 v-inner-md-2 v-inner-2 style-1750 style-local-3716-c21 position-relative\">\r\n              <!---->\r\n              <!---->\r\n              <div class=\"w-100 h-y-container h-column__content h-column__v-align flex-basis-100 align-self-lg-start align-self-md-start align-self-start\">\r\n                <!---->\r\n                <div data-colibri-id=\"3716-c22\" class=\"h-text h-text-component style-1751 style-local-3716-c22 position-relative h-element\">\r\n                  <!---->\r\n                  <!---->\r\n                  <div class=\"\">\r\n                    <p>&nbsp;&nbsp;&nbsp;&nbsp;<span style=\"font-weight: 400;\">\u2022 explore on foot the Chauss\u00e9e d\u2019Antin \u2013 Op\u00e9ra \u2013 Haussmann district, from Madeleine to Olympia, the grand department stores, and the Op\u00e9ra Garnier;<span class=\"ql-cursor\">\ufeff<\/span><\/span>\r\n                    <\/p>\r\n                    <p><span style=\"font-weight: 400;\">&nbsp;&nbsp;&nbsp;&nbsp;\u2022 discover delightful anecdotes: hanging gardens, high-society murder, early roller coasters, the first ATMs, the Phantom of the Opera\u2026;<\/span><\/p>\r\n                    <p><span style=\"font-weight: 400;\">&nbsp;&nbsp;&nbsp;&nbsp;\u2022 enjoy iconic photo spots: Haussmann fa\u00e7ades, domes, the Olympia marquee, Place \u00c9douard VII, the Op\u00e9ra Garnier;<\/span><\/p>\r\n                    <p><span style=\"font-weight: 400;\">&nbsp;&nbsp;&nbsp;&nbsp;\u2022 experience an immersive, lively, and sensitive visit\u2014far from the typical \u201cchecklist\u201d tours.<\/span><\/p>\r\n                    <p><span style=\"font-weight: 400;\">More than just a visit, it\u2019s a dive into the Paris of entertainment, commerce, and illusions, where every fa\u00e7ade has a story to tell.<\/span><\/p>\r\n                    <p><span style=\"font-weight: 400;\">Download the Audio Guide Paris app for free and unlock this full walk through the Chauss\u00e9e d\u2019Antin district\u2014a theatrical, elegant, and secret-filled Paris just waiting to be revealed.<\/span><\/p>\r\n                    <p>\r\n                      <br>\r\n                    <\/p>\r\n                  <\/div>\r\n                <\/div>\r\n                <div data-colibri-id=\"3716-c23\" class=\"h-row-container gutters-row-lg-2 gutters-row-md-2 gutters-row-0 gutters-row-v-lg-2 gutters-row-v-md-2 gutters-row-v-2 style-1752 style-local-3716-c23 position-relative\">\r\n                  <!---->\r\n                  <div class=\"h-row justify-content-lg-center justify-content-md-center justify-content-center align-items-lg-stretch align-items-md-stretch align-items-stretch gutters-col-lg-2 gutters-col-md-2 gutters-col-0 gutters-col-v-lg-2 gutters-col-v-md-2 gutters-col-v-2\">\r\n                    <!---->\r\n                    <div class=\"h-column h-column-container d-flex h-col-lg-auto h-col-md-auto h-col-auto style-1753-outer style-local-3716-c24-outer\">\r\n                      <div data-colibri-id=\"3716-c24\" class=\"d-flex h-flex-basis h-column__inner h-px-lg-2 h-px-md-2 h-px-2 v-inner-lg-2 v-inner-md-2 v-inner-2 style-1753 style-local-3716-c24 position-relative\">\r\n                        <!---->\r\n                        <!---->\r\n                        <div class=\"w-100 h-y-container h-column__content h-column__v-align flex-basis-100 align-self-lg-start align-self-md-start align-self-start\">\r\n                          <!---->\r\n                          <div data-colibri-id=\"3716-c26\" class=\"h-x-container style-1755 style-local-3716-c26 position-relative h-element\">\r\n                            <!---->\r\n                            <div class=\"h-x-container-inner style-dynamic-3716-c26-group style-1755-spacing style-local-3716-c26-spacing\"><span class=\"h-button__outer style-1756-outer style-local-3716-c27-outer d-inline-flex h-element\"><a h-use-smooth-scroll=\"true\" href=\"https:\/\/apps.apple.com\/gr\/app\/audio-guide-paris\/id6471984315\" target=\"_blank\"  data-colibri-id=\"3716-c27\" class=\"d-flex w-100 align-items-center h-button justify-content-lg-center justify-content-md-center justify-content-center style-1756 style-local-3716-c27 position-relative\"><!----><!----> <span>apple store <\/span><\/a>\r\n                              <\/span>\r\n                            <\/div>\r\n                          <\/div>\r\n                        <\/div>\r\n                      <\/div>\r\n                    <\/div>\r\n                    <div class=\"h-column h-column-container d-flex h-col-lg-auto h-col-md-auto h-col-auto style-1754-outer style-local-3716-c25-outer\">\r\n                      <div data-colibri-id=\"3716-c25\" class=\"d-flex h-flex-basis h-column__inner h-px-lg-2 h-px-md-2 h-px-2 v-inner-lg-2 v-inner-md-2 v-inner-2 style-1754 style-local-3716-c25 position-relative\">\r\n                        <!---->\r\n                        <!---->\r\n                        <div class=\"w-100 h-y-container h-column__content h-column__v-align flex-basis-100 align-self-lg-start align-self-md-start align-self-start\">\r\n                          <!---->\r\n                          <div data-colibri-id=\"3716-c28\" class=\"h-x-container style-1757 style-local-3716-c28 position-relative h-element\">\r\n                            <!---->\r\n                            <div class=\"h-x-container-inner style-dynamic-3716-c28-group style-1757-spacing style-local-3716-c28-spacing\"><span class=\"h-button__outer style-1758-outer style-local-3716-c29-outer d-inline-flex h-element\"><a h-use-smooth-scroll=\"true\" href=\"https:\/\/play.google.com\/store\/apps\/details?id=com.audioguides_paris\" target=\"_blank\"  data-colibri-id=\"3716-c29\" class=\"d-flex w-100 align-items-center h-button justify-content-lg-center justify-content-md-center justify-content-center style-1758 style-local-3716-c29 position-relative\"><!----><!----> <span>google play<\/span><\/a>\r\n                              <\/span>\r\n                            <\/div>\r\n                          <\/div>\r\n                        <\/div>\r\n                      <\/div>\r\n                    <\/div>\r\n                  <\/div>\r\n                <\/div>\r\n              <\/div>\r\n            <\/div>\r\n          <\/div>\r\n        <\/div>\r\n      <\/div>\r\n    <\/div>\r\n  <\/div>\r\n<\/div>","protected":false},"excerpt":{"rendered":"<p>Walk: \u201cChauss\u00e9e d\u2019Antin: Rediscovering Paris\u201d What if you could explore the elegant Paris of theaters and grand department stores\u2026 in a neighborhood that was once nothing but mud and marshland? From the Madeleine Church to the Op\u00e9ra Garnier, passing through the Olympia, hidden passages, and the glass domes of Galeries Lafayette and Printemps, this walk [&hellip;]<\/p>\n","protected":false},"author":1,"featured_media":0,"parent":0,"menu_order":0,"comment_status":"closed","ping_status":"closed","template":"page-templates\/full-width-page.php","meta":{"footnotes":""},"class_list":["post-3716","page","type-page","status-publish","hentry"],"yoast_head":"<!-- This site is optimized with the Yoast SEO plugin v26.6 - https:\/\/yoast.com\/wordpress\/plugins\/seo\/ -->\n<title>Chauss\u00e9e d&#039;Antin - Audio Guide Paris<\/title>\n<meta name=\"description\" content=\"Explore Chauss\u00e9e d\u2019Antin in Paris with our audio guide: Op\u00e9ra area, Grands Boulevards and iconic department stores. Self-guided walk with map.\" \/>\n<meta name=\"robots\" content=\"index, follow, max-snippet:-1, max-image-preview:large, max-video-preview:-1\" \/>\n<link rel=\"canonical\" href=\"https:\/\/audioguide-paris.com\/index.php\/en\/chaussee-dantin\/\" \/>\n<meta property=\"og:locale\" content=\"fr_FR\" \/>\n<meta property=\"og:type\" content=\"article\" \/>\n<meta property=\"og:title\" content=\"Chauss\u00e9e d&#039;Antin - Audio Guide Paris\" \/>\n<meta property=\"og:description\" content=\"Explore Chauss\u00e9e d\u2019Antin in Paris with our audio guide: Op\u00e9ra area, Grands Boulevards and iconic department stores. Self-guided walk with map.\" \/>\n<meta property=\"og:url\" content=\"https:\/\/audioguide-paris.com\/index.php\/en\/chaussee-dantin\/\" \/>\n<meta property=\"og:site_name\" content=\"Audio Guide Paris\" \/>\n<meta property=\"article:publisher\" content=\"https:\/\/www.facebook.com\/profile.php?id=61558434027122\" \/>\n<meta property=\"article:modified_time\" content=\"2026-02-27T15:34:53+00:00\" \/>\n<meta name=\"twitter:card\" content=\"summary_large_image\" \/>\n<meta name=\"twitter:label1\" content=\"Dur\u00e9e de lecture estim\u00e9e\" \/>\n\t<meta name=\"twitter:data1\" content=\"3 minutes\" \/>\n<script type=\"application\/ld+json\" class=\"yoast-schema-graph\">{\"@context\":\"https:\/\/schema.org\",\"@graph\":[{\"@type\":\"WebPage\",\"@id\":\"https:\/\/audioguide-paris.com\/index.php\/en\/chaussee-dantin\/\",\"url\":\"https:\/\/audioguide-paris.com\/index.php\/en\/chaussee-dantin\/\",\"name\":\"Chauss\u00e9e d'Antin - Audio Guide Paris\",\"isPartOf\":{\"@id\":\"https:\/\/audioguide-paris.com\/#website\"},\"datePublished\":\"2025-12-15T13:28:47+00:00\",\"dateModified\":\"2026-02-27T15:34:53+00:00\",\"description\":\"Explore Chauss\u00e9e d\u2019Antin in Paris with our audio guide: Op\u00e9ra area, Grands Boulevards and iconic department stores. Self-guided walk with map.\",\"breadcrumb\":{\"@id\":\"https:\/\/audioguide-paris.com\/index.php\/en\/chaussee-dantin\/#breadcrumb\"},\"inLanguage\":\"fr-FR\",\"potentialAction\":[{\"@type\":\"ReadAction\",\"target\":[\"https:\/\/audioguide-paris.com\/index.php\/en\/chaussee-dantin\/\"]}]},{\"@type\":\"BreadcrumbList\",\"@id\":\"https:\/\/audioguide-paris.com\/index.php\/en\/chaussee-dantin\/#breadcrumb\",\"itemListElement\":[{\"@type\":\"ListItem\",\"position\":1,\"name\":\"Accueil\",\"item\":\"https:\/\/audioguide-paris.com\/\"},{\"@type\":\"ListItem\",\"position\":2,\"name\":\"Chauss\u00e9e d'Antin\"}]},{\"@type\":\"WebSite\",\"@id\":\"https:\/\/audioguide-paris.com\/#website\",\"url\":\"https:\/\/audioguide-paris.com\/\",\"name\":\"Audio Guide Paris\",\"description\":\"D\u00e9couvrez les tr\u00e9sors de Paris en compagnie d\u2019un expert\",\"publisher\":{\"@id\":\"https:\/\/audioguide-paris.com\/#organization\"},\"potentialAction\":[{\"@type\":\"SearchAction\",\"target\":{\"@type\":\"EntryPoint\",\"urlTemplate\":\"https:\/\/audioguide-paris.com\/?s={search_term_string}\"},\"query-input\":{\"@type\":\"PropertyValueSpecification\",\"valueRequired\":true,\"valueName\":\"search_term_string\"}}],\"inLanguage\":\"fr-FR\"},{\"@type\":\"Organization\",\"@id\":\"https:\/\/audioguide-paris.com\/#organization\",\"name\":\"Audio Guide Paris\",\"url\":\"https:\/\/audioguide-paris.com\/\",\"logo\":{\"@type\":\"ImageObject\",\"inLanguage\":\"fr-FR\",\"@id\":\"https:\/\/audioguide-paris.com\/#\/schema\/logo\/image\/\",\"url\":\"https:\/\/audioguide-paris.com\/wp-content\/uploads\/2024\/04\/cropped-cropped-Logo-transparent.png\",\"contentUrl\":\"https:\/\/audioguide-paris.com\/wp-content\/uploads\/2024\/04\/cropped-cropped-Logo-transparent.png\",\"width\":898,\"height\":898,\"caption\":\"Audio Guide Paris\"},\"image\":{\"@id\":\"https:\/\/audioguide-paris.com\/#\/schema\/logo\/image\/\"},\"sameAs\":[\"https:\/\/www.facebook.com\/profile.php?id=61558434027122\",\"https:\/\/www.instagram.com\/audioguideparis\/\"]}]}<\/script>\n<!-- \/ Yoast SEO plugin. -->","yoast_head_json":{"title":"Chauss\u00e9e d'Antin - Audio Guide Paris","description":"Explore Chauss\u00e9e d\u2019Antin in Paris with our audio guide: Op\u00e9ra area, Grands Boulevards and iconic department stores. Self-guided walk with map.","robots":{"index":"index","follow":"follow","max-snippet":"max-snippet:-1","max-image-preview":"max-image-preview:large","max-video-preview":"max-video-preview:-1"},"canonical":"https:\/\/audioguide-paris.com\/index.php\/en\/chaussee-dantin\/","og_locale":"fr_FR","og_type":"article","og_title":"Chauss\u00e9e d'Antin - Audio Guide Paris","og_description":"Explore Chauss\u00e9e d\u2019Antin in Paris with our audio guide: Op\u00e9ra area, Grands Boulevards and iconic department stores. Self-guided walk with map.","og_url":"https:\/\/audioguide-paris.com\/index.php\/en\/chaussee-dantin\/","og_site_name":"Audio Guide Paris","article_publisher":"https:\/\/www.facebook.com\/profile.php?id=61558434027122","article_modified_time":"2026-02-27T15:34:53+00:00","twitter_card":"summary_large_image","twitter_misc":{"Dur\u00e9e de lecture estim\u00e9e":"3 minutes"},"schema":{"@context":"https:\/\/schema.org","@graph":[{"@type":"WebPage","@id":"https:\/\/audioguide-paris.com\/index.php\/en\/chaussee-dantin\/","url":"https:\/\/audioguide-paris.com\/index.php\/en\/chaussee-dantin\/","name":"Chauss\u00e9e d'Antin - Audio Guide Paris","isPartOf":{"@id":"https:\/\/audioguide-paris.com\/#website"},"datePublished":"2025-12-15T13:28:47+00:00","dateModified":"2026-02-27T15:34:53+00:00","description":"Explore Chauss\u00e9e d\u2019Antin in Paris with our audio guide: Op\u00e9ra area, Grands Boulevards and iconic department stores. Self-guided walk with map.","breadcrumb":{"@id":"https:\/\/audioguide-paris.com\/index.php\/en\/chaussee-dantin\/#breadcrumb"},"inLanguage":"fr-FR","potentialAction":[{"@type":"ReadAction","target":["https:\/\/audioguide-paris.com\/index.php\/en\/chaussee-dantin\/"]}]},{"@type":"BreadcrumbList","@id":"https:\/\/audioguide-paris.com\/index.php\/en\/chaussee-dantin\/#breadcrumb","itemListElement":[{"@type":"ListItem","position":1,"name":"Accueil","item":"https:\/\/audioguide-paris.com\/"},{"@type":"ListItem","position":2,"name":"Chauss\u00e9e d'Antin"}]},{"@type":"WebSite","@id":"https:\/\/audioguide-paris.com\/#website","url":"https:\/\/audioguide-paris.com\/","name":"Audio Guide Paris","description":"D\u00e9couvrez les tr\u00e9sors de Paris en compagnie d\u2019un expert","publisher":{"@id":"https:\/\/audioguide-paris.com\/#organization"},"potentialAction":[{"@type":"SearchAction","target":{"@type":"EntryPoint","urlTemplate":"https:\/\/audioguide-paris.com\/?s={search_term_string}"},"query-input":{"@type":"PropertyValueSpecification","valueRequired":true,"valueName":"search_term_string"}}],"inLanguage":"fr-FR"},{"@type":"Organization","@id":"https:\/\/audioguide-paris.com\/#organization","name":"Audio Guide Paris","url":"https:\/\/audioguide-paris.com\/","logo":{"@type":"ImageObject","inLanguage":"fr-FR","@id":"https:\/\/audioguide-paris.com\/#\/schema\/logo\/image\/","url":"https:\/\/audioguide-paris.com\/wp-content\/uploads\/2024\/04\/cropped-cropped-Logo-transparent.png","contentUrl":"https:\/\/audioguide-paris.com\/wp-content\/uploads\/2024\/04\/cropped-cropped-Logo-transparent.png","width":898,"height":898,"caption":"Audio Guide Paris"},"image":{"@id":"https:\/\/audioguide-paris.com\/#\/schema\/logo\/image\/"},"sameAs":["https:\/\/www.facebook.com\/profile.php?id=61558434027122","https:\/\/www.instagram.com\/audioguideparis\/"]}]}},"_links":{"self":[{"href":"https:\/\/audioguide-paris.com\/index.php\/wp-json\/wp\/v2\/pages\/3716","targetHints":{"allow":["GET"]}}],"collection":[{"href":"https:\/\/audioguide-paris.com\/index.php\/wp-json\/wp\/v2\/pages"}],"about":[{"href":"https:\/\/audioguide-paris.com\/index.php\/wp-json\/wp\/v2\/types\/page"}],"author":[{"embeddable":true,"href":"https:\/\/audioguide-paris.com\/index.php\/wp-json\/wp\/v2\/users\/1"}],"replies":[{"embeddable":true,"href":"https:\/\/audioguide-paris.com\/index.php\/wp-json\/wp\/v2\/comments?post=3716"}],"version-history":[{"count":2,"href":"https:\/\/audioguide-paris.com\/index.php\/wp-json\/wp\/v2\/pages\/3716\/revisions"}],"predecessor-version":[{"id":3721,"href":"https:\/\/audioguide-paris.com\/index.php\/wp-json\/wp\/v2\/pages\/3716\/revisions\/3721"}],"wp:attachment":[{"href":"https:\/\/audioguide-paris.com\/index.php\/wp-json\/wp\/v2\/media?parent=3716"}],"curies":[{"name":"wp","href":"https:\/\/api.w.org\/{rel}","templated":true}]}}