{"id":3800,"date":"2025-12-15T16:33:52","date_gmt":"2025-12-15T15:33:52","guid":{"rendered":"https:\/\/audioguide-paris.com\/?page_id=3800"},"modified":"2026-04-03T10:22:00","modified_gmt":"2026-04-03T08:22:00","slug":"plaine-monceau-2","status":"publish","type":"page","link":"https:\/\/audioguide-paris.com\/index.php\/en\/plaine-monceau-2\/","title":{"rendered":"Plaine Monceau"},"content":{"rendered":"<div data-colibri-id=\"3800-c1\" class=\"style-1863 style-local-3800-c1 position-relative\">\r\n  <!---->\r\n  <div data-colibri-component=\"section\" data-colibri-id=\"3800-c2\" id=\"overlappable\" class=\"h-section h-section-global-spacing d-flex align-items-lg-center align-items-md-center align-items-center style-1864 style-local-3800-c2 position-relative\">\r\n    <!---->\r\n    <!---->\r\n    <div class=\"h-section-grid-container h-section-boxed-container\">\r\n      <!---->\r\n      <div data-colibri-id=\"3800-c3\" class=\"h-row-container gutters-row-lg-0 gutters-row-md-0 gutters-row-0 gutters-row-v-lg-0 gutters-row-v-md-0 gutters-row-v-0 style-1865 style-local-3800-c3 position-relative\">\r\n        <!---->\r\n        <div class=\"h-row justify-content-lg-center justify-content-md-center justify-content-center align-items-lg-stretch align-items-md-stretch align-items-stretch gutters-col-lg-0 gutters-col-md-0 gutters-col-0 gutters-col-v-lg-0 gutters-col-v-md-0 gutters-col-v-0\">\r\n          <!---->\r\n          <div class=\"h-column h-column-container d-flex h-col-lg-auto h-col-md-auto h-col-auto style-1866-outer style-local-3800-c4-outer\">\r\n            <div data-colibri-id=\"3800-c4\" class=\"d-flex h-flex-basis h-column__inner h-ui-empty-state-container h-px-lg-0 h-px-md-0 h-px-0 v-inner-lg-0 v-inner-md-0 v-inner-0 style-1866 style-local-3800-c4 position-relative\">\r\n              <!---->\r\n              <!---->\r\n              <div class=\"w-100 h-y-container h-column__content h-column__v-align flex-basis-100\">\r\n                <!---->\r\n              <\/div>\r\n            <\/div>\r\n          <\/div>\r\n          <div class=\"h-column h-column-container d-flex h-col-lg-auto h-col-md-auto h-col-auto style-1867-outer style-local-3800-c5-outer\">\r\n            <div data-colibri-id=\"3800-c5\" class=\"d-flex h-flex-basis h-column__inner h-px-lg-2 h-px-md-2 h-px-2 v-inner-lg-2 v-inner-md-2 v-inner-2 style-1867 style-local-3800-c5 position-relative\">\r\n              <!---->\r\n              <!---->\r\n              <div class=\"w-100 h-y-container h-column__content h-column__v-align flex-basis-100 align-self-lg-center align-self-md-center align-self-center\">\r\n                <!---->\r\n                <div data-colibri-id=\"3800-c6\" class=\"h-global-transition-all h-heading style-1868 style-local-3800-c6 position-relative h-element\">\r\n                  <!---->\r\n                  <div class=\"h-heading__outer style-1868 style-local-3800-c6\">\r\n                    <!---->\r\n                    <!---->\r\n                    <h4 class=\"\">Walk: \u201cSecrets of the Plaine-Monceau District\u201d<\/h4>\r\n                  <\/div>\r\n                <\/div>\r\n                <div data-colibri-id=\"3800-c7\" class=\"h-text h-text-component style-1869 style-local-3800-c7 position-relative h-element\">\r\n                  <!---->\r\n                  <!---->\r\n                  <div class=\"\">\r\n                    <p>What if you stepped away from the classic Parisian icons to explore a chic neighborhood\u2026 where Belle \u00c9poque fortunes, Resistance fighters, forgotten heroines, secret bank passages, and 18th-century chocolates all intertwine? Between\r\n                      Plaine-Monceau and the Batignolles, in the 17th arrondissement, this walk leads you through an elegant Paris on the surface\u2014one shaped underneath by stories of war, slavery, science, and literature.<\/p>\r\n                    <p>As you wander, you\u2019ll discover why a square was named \u201cIsrael\u201d a century after its creation, how an ocean-liner-style building hides memories of the Second World War, and in which private mansion a simple meeting between Paul Reynaud\r\n                      and a certain Charles de Gaulle quite literally changed the fate of France.<\/p>\r\n                    <p>Further on, a calm-looking church reveals the rapid birth of a bourgeois district and the dreams of a saint who wanted to make faith accessible to all. Along an avenue lined with grand townhouses, you\u2019ll learn what connects a scientist\r\n                      obsessed with seawater, a painter fascinated by redheads, a brilliant composer, and a consulate that carries an entire Caribbean history within its walls.<\/p>\r\n                  <\/div>\r\n                <\/div>\r\n              <\/div>\r\n            <\/div>\r\n          <\/div>\r\n          <div class=\"h-column h-column-container d-flex h-col-lg-auto h-col-md-auto h-col-auto style-1867-outer style-local-3800-c10-outer\">\r\n            <div data-colibri-id=\"3800-c10\" class=\"d-flex h-flex-basis h-column__inner h-px-lg-2 h-px-md-2 h-px-2 v-inner-lg-2 v-inner-md-2 v-inner-2 style-1867 style-local-3800-c10 position-relative\">\r\n              <!---->\r\n              <!---->\r\n              <div class=\"w-100 h-y-container h-column__content h-column__v-align flex-basis-100 align-self-lg-center align-self-md-center align-self-center\">\r\n                <!---->\r\n                <div data-colibri-id=\"3800-c12\" class=\"h-text h-text-component style-1869 style-local-3800-c12 position-relative h-element\">\r\n                  <!---->\r\n                  <!---->\r\n                  <div class=\"\">\r\n                    <p>At the heart of Place du G\u00e9n\u00e9ral-Catroux, an extraordinary trio of monuments pays tribute to three Dumas: the general born enslaved who became a hero of the Revolution, the author of The Three Musketeers, and his son, writer of La\r\n                      Dame aux cam\u00e9lias. Nearby, a recent garden dedicated to Solitude\u2014a Guadeloupean freedom fighter executed just after giving birth\u2014upends the district\u2019s polished image and inscribes the memory of slavery and anticolonial struggles\r\n                      into its landscape.<\/p>\r\n                    <p>The walk then leads you to a flawless Haussmannian boulevard, where a statue of Sarah Bernhardt recalls the legendary actress who \u201ccried on command\u201d in the name of science. You continue toward a former banking palace transformed into\r\n                      the Cit\u00e9 de l\u2019\u00c9conomie\u2014inside which a real secret passage leading to the vault room was uncovered.<\/p>\r\n                    <p>To end the journey, you slip into a village-like atmosphere around Place and Rue de L\u00e9vis: a lively market, old fa\u00e7ades, and a chocolate and confectionery shop open since the 18th century, selling sweet treats already enjoyed during\r\n                      the reign of Louis XV.<\/p>\r\n                  <\/div>\r\n                <\/div>\r\n              <\/div>\r\n            <\/div>\r\n          <\/div>\r\n          <div class=\"h-column h-column-container d-flex h-col-lg-auto h-col-md-auto h-col-auto style-1872-outer style-local-3800-c15-outer\">\r\n            <div data-colibri-id=\"3800-c15\" class=\"d-flex h-flex-basis h-column__inner h-ui-empty-state-container h-px-lg-0 h-px-md-0 h-px-0 v-inner-lg-0 v-inner-md-0 v-inner-0 style-1872 style-local-3800-c15 position-relative\">\r\n              <!---->\r\n              <!---->\r\n              <div class=\"w-100 h-y-container h-column__content h-column__v-align flex-basis-100\">\r\n                <!---->\r\n              <\/div>\r\n            <\/div>\r\n          <\/div>\r\n        <\/div>\r\n      <\/div>\r\n      <div data-colibri-id=\"3800-c16\" class=\"h-row-container gutters-row-lg-2 gutters-row-md-2 gutters-row-0 gutters-row-v-lg-2 gutters-row-v-md-2 gutters-row-v-2 style-1873 style-local-3800-c16 position-relative\">\r\n        <!---->\r\n        <div class=\"h-row justify-content-lg-center justify-content-md-center justify-content-center align-items-lg-stretch align-items-md-stretch align-items-stretch gutters-col-lg-2 gutters-col-md-2 gutters-col-0 gutters-col-v-lg-2 gutters-col-v-md-2 gutters-col-v-2\">\r\n          <!---->\r\n          <div class=\"h-column h-column-container d-flex h-col-lg-auto h-col-md-auto h-col-auto style-1874-outer style-local-3800-c17-outer\">\r\n            <div data-colibri-id=\"3800-c17\" class=\"d-flex h-flex-basis h-column__inner h-px-lg-2 h-px-md-2 h-px-2 v-inner-lg-2 v-inner-md-2 v-inner-2 style-1874 style-local-3800-c17 position-relative\">\r\n              <!---->\r\n              <!---->\r\n              <div class=\"w-100 h-y-container h-column__content h-column__v-align flex-basis-100 align-self-lg-start align-self-md-start align-self-start\">\r\n                <!---->\r\n                <div data-colibri-id=\"3800-c18\" class=\"h-global-transition-all h-heading style-1875 style-local-3800-c18 position-relative h-element\">\r\n                  <!---->\r\n                  <div class=\"h-heading__outer style-1875 style-local-3800-c18\">\r\n                    <!---->\r\n                    <!---->\r\n                    <h3 class=\"\">During this visit, you will:<\/h3>\r\n                  <\/div>\r\n                <\/div>\r\n                <div data-colibri-id=\"3800-c19\" class=\"h-text h-text-component style-1876 style-local-3800-c19 position-relative h-element\">\r\n                  <!---->\r\n                  <!---->\r\n                  <div class=\"\">\r\n                    <ul>\r\n                      <li>explore the Plaine-Monceau district on foot, from Place d\u2019Isra\u00ebl and Avenue de Villiers to Place du G\u00e9n\u00e9ral-Catroux and the bustling Batignolles streets;\r\n                        <br>\r\n                        <br>\r\n                      <\/li>\r\n                      <li>discover fascinating, little-known stories: a decisive political meeting, the Black general nicknamed the \u201cBlack Devil,\u201d a heroine of the fight against slavery, a legendary actress, a visionary scientist, and the painter \u201cof redheads\u201d;\r\n                        <br>\r\n                        <br>\r\n                      <\/li>\r\n                      <li>enjoy elegant photo spots: ocean-liner-style buildings, grand townhouses, monumental statues, the Solitude Garden, the former bank fa\u00e7ade, and the lively Rue de L\u00e9vis market;\r\n                        <br>\r\n                        <br>\r\n                      <\/li>\r\n                      <li>experience an immersive, sensitive, and surprising walk\u2014far from typical checklist-style tours.\r\n                        <br>\r\n                        <br>\r\n                      <\/li>\r\n                    <\/ul>\r\n                    <p>More than a visit, this is a journey into a seemingly bourgeois Paris, shaped by stories of rebellion, courage, and sweet indulgence.<\/p>\r\n                    <p><span style=\"font-weight: 600;\">Download the Audio Guide Paris app for free and unlock the complete walk through the Plaine-Monceau district\u2014a refined, secret, and deeply vibrant Paris waiting to be revealed.<\/span><\/p>\r\n                    <p>\r\n                      <br>\r\n                    <\/p>\r\n                  <\/div>\r\n                <\/div>\r\n                <div data-colibri-id=\"3800-c20\" class=\"h-row-container gutters-row-lg-2 gutters-row-md-2 gutters-row-0 gutters-row-v-lg-2 gutters-row-v-md-2 gutters-row-v-2 style-1877 style-local-3800-c20 position-relative\">\r\n                  <!---->\r\n                  <div class=\"h-row justify-content-lg-center justify-content-md-center justify-content-center align-items-lg-stretch align-items-md-stretch align-items-stretch gutters-col-lg-2 gutters-col-md-2 gutters-col-0 gutters-col-v-lg-2 gutters-col-v-md-2 gutters-col-v-2\">\r\n                    <!---->\r\n                    <div class=\"h-column h-column-container d-flex h-col-lg-auto h-col-md-auto h-col-auto style-1878-outer style-local-3800-c21-outer\">\r\n                      <div data-colibri-id=\"3800-c21\" class=\"d-flex h-flex-basis h-column__inner h-px-lg-2 h-px-md-2 h-px-2 v-inner-lg-2 v-inner-md-2 v-inner-2 style-1878 style-local-3800-c21 position-relative\">\r\n                        <!---->\r\n                        <!---->\r\n                        <div class=\"w-100 h-y-container h-column__content h-column__v-align flex-basis-100 align-self-lg-start align-self-md-start align-self-start\">\r\n                          <!---->\r\n                          <div data-colibri-id=\"3800-c23\" class=\"h-x-container style-1880 style-local-3800-c23 position-relative h-element\">\r\n                            <!---->\r\n                            <div class=\"h-x-container-inner style-dynamic-3800-c23-group style-1880-spacing style-local-3800-c23-spacing\"><span class=\"h-button__outer style-1881-outer style-local-3800-c24-outer d-inline-flex h-element\"><a h-use-smooth-scroll=\"true\" href=\"https:\/\/apps.apple.com\/gr\/app\/audio-guide-paris\/id6471984315\" target=\"_blank\"  data-colibri-id=\"3800-c24\" class=\"d-flex w-100 align-items-center h-button justify-content-lg-center justify-content-md-center justify-content-center style-1881 style-local-3800-c24 position-relative\"><!----><!----> <span>apple store <\/span><\/a>\r\n                              <\/span>\r\n                            <\/div>\r\n                          <\/div>\r\n                        <\/div>\r\n                      <\/div>\r\n                    <\/div>\r\n                    <div class=\"h-column h-column-container d-flex h-col-lg-auto h-col-md-auto h-col-auto style-1879-outer style-local-3800-c22-outer\">\r\n                      <div data-colibri-id=\"3800-c22\" class=\"d-flex h-flex-basis h-column__inner h-px-lg-2 h-px-md-2 h-px-2 v-inner-lg-2 v-inner-md-2 v-inner-2 style-1879 style-local-3800-c22 position-relative\">\r\n                        <!---->\r\n                        <!---->\r\n                        <div class=\"w-100 h-y-container h-column__content h-column__v-align flex-basis-100 align-self-lg-start align-self-md-start align-self-start\">\r\n                          <!---->\r\n                          <div data-colibri-id=\"3800-c25\" class=\"h-x-container style-1882 style-local-3800-c25 position-relative h-element\">\r\n                            <!---->\r\n                            <div class=\"h-x-container-inner style-dynamic-3800-c25-group style-1882-spacing style-local-3800-c25-spacing\"><span class=\"h-button__outer style-1883-outer style-local-3800-c26-outer d-inline-flex h-element\"><a h-use-smooth-scroll=\"true\" href=\"https:\/\/play.google.com\/store\/apps\/details?id=com.audioguides_paris\" target=\"_blank\"  data-colibri-id=\"3800-c26\" class=\"d-flex w-100 align-items-center h-button justify-content-lg-center justify-content-md-center justify-content-center style-1883 style-local-3800-c26 position-relative\"><!----><!----> <span>google play <\/span><\/a>\r\n                              <\/span>\r\n                            <\/div>\r\n                          <\/div>\r\n                        <\/div>\r\n                      <\/div>\r\n                    <\/div>\r\n                  <\/div>\r\n                <\/div>\r\n              <\/div>\r\n            <\/div>\r\n          <\/div>\r\n        <\/div>\r\n      <\/div>\r\n    <\/div>\r\n  <\/div>\r\n<\/div>","protected":false},"excerpt":{"rendered":"<p>Walk: \u201cSecrets of the Plaine-Monceau District\u201d What if you stepped away from the classic Parisian icons to explore a chic neighborhood\u2026 where Belle \u00c9poque fortunes, Resistance fighters, forgotten heroines, secret bank passages, and 18th-century chocolates all intertwine? Between Plaine-Monceau and the Batignolles, in the 17th arrondissement, this walk leads you through an elegant Paris on [&hellip;]<\/p>\n","protected":false},"author":1,"featured_media":0,"parent":0,"menu_order":0,"comment_status":"closed","ping_status":"closed","template":"page-templates\/full-width-page.php","meta":{"footnotes":""},"class_list":["post-3800","page","type-page","status-publish","hentry"],"yoast_head":"<!-- This site is optimized with the Yoast SEO plugin v26.6 - https:\/\/yoast.com\/wordpress\/plugins\/seo\/ -->\n<title>Plaine Monceau - Audio Guide Paris<\/title>\n<meta name=\"description\" content=\"Explore Plaine Monceau on a walking tour in Paris. Discover elegant streets, hidden architecture, rich history and Belle \u00c9poque charm in one of the city\u2019s most refined neighborhoods.\" \/>\n<meta name=\"robots\" content=\"index, follow, max-snippet:-1, max-image-preview:large, max-video-preview:-1\" \/>\n<link rel=\"canonical\" href=\"https:\/\/audioguide-paris.com\/index.php\/en\/plaine-monceau-2\/\" \/>\n<meta property=\"og:locale\" content=\"fr_FR\" \/>\n<meta property=\"og:type\" content=\"article\" \/>\n<meta property=\"og:title\" content=\"Plaine Monceau - Audio Guide Paris\" \/>\n<meta property=\"og:description\" content=\"Explore Plaine Monceau on a walking tour in Paris. Discover elegant streets, hidden architecture, rich history and Belle \u00c9poque charm in one of the city\u2019s most refined neighborhoods.\" \/>\n<meta property=\"og:url\" content=\"https:\/\/audioguide-paris.com\/index.php\/en\/plaine-monceau-2\/\" \/>\n<meta property=\"og:site_name\" content=\"Audio Guide Paris\" \/>\n<meta property=\"article:publisher\" content=\"https:\/\/www.facebook.com\/profile.php?id=61558434027122\" \/>\n<meta property=\"article:modified_time\" content=\"2026-04-03T08:22:00+00:00\" \/>\n<meta name=\"twitter:card\" content=\"summary_large_image\" \/>\n<meta name=\"twitter:label1\" content=\"Dur\u00e9e de lecture estim\u00e9e\" \/>\n\t<meta name=\"twitter:data1\" content=\"3 minutes\" \/>\n<script type=\"application\/ld+json\" class=\"yoast-schema-graph\">{\"@context\":\"https:\/\/schema.org\",\"@graph\":[{\"@type\":\"WebPage\",\"@id\":\"https:\/\/audioguide-paris.com\/index.php\/en\/plaine-monceau-2\/\",\"url\":\"https:\/\/audioguide-paris.com\/index.php\/en\/plaine-monceau-2\/\",\"name\":\"Plaine Monceau - Audio Guide Paris\",\"isPartOf\":{\"@id\":\"https:\/\/audioguide-paris.com\/#website\"},\"datePublished\":\"2025-12-15T15:33:52+00:00\",\"dateModified\":\"2026-04-03T08:22:00+00:00\",\"description\":\"Explore Plaine Monceau on a walking tour in Paris. Discover elegant streets, hidden architecture, rich history and Belle \u00c9poque charm in one of the city\u2019s most refined neighborhoods.\",\"breadcrumb\":{\"@id\":\"https:\/\/audioguide-paris.com\/index.php\/en\/plaine-monceau-2\/#breadcrumb\"},\"inLanguage\":\"fr-FR\",\"potentialAction\":[{\"@type\":\"ReadAction\",\"target\":[\"https:\/\/audioguide-paris.com\/index.php\/en\/plaine-monceau-2\/\"]}]},{\"@type\":\"BreadcrumbList\",\"@id\":\"https:\/\/audioguide-paris.com\/index.php\/en\/plaine-monceau-2\/#breadcrumb\",\"itemListElement\":[{\"@type\":\"ListItem\",\"position\":1,\"name\":\"Accueil\",\"item\":\"https:\/\/audioguide-paris.com\/\"},{\"@type\":\"ListItem\",\"position\":2,\"name\":\"Plaine Monceau\"}]},{\"@type\":\"WebSite\",\"@id\":\"https:\/\/audioguide-paris.com\/#website\",\"url\":\"https:\/\/audioguide-paris.com\/\",\"name\":\"Audio Guide Paris\",\"description\":\"D\u00e9couvrez les tr\u00e9sors de Paris en compagnie d\u2019un expert\",\"publisher\":{\"@id\":\"https:\/\/audioguide-paris.com\/#organization\"},\"potentialAction\":[{\"@type\":\"SearchAction\",\"target\":{\"@type\":\"EntryPoint\",\"urlTemplate\":\"https:\/\/audioguide-paris.com\/?s={search_term_string}\"},\"query-input\":{\"@type\":\"PropertyValueSpecification\",\"valueRequired\":true,\"valueName\":\"search_term_string\"}}],\"inLanguage\":\"fr-FR\"},{\"@type\":\"Organization\",\"@id\":\"https:\/\/audioguide-paris.com\/#organization\",\"name\":\"Audio Guide Paris\",\"url\":\"https:\/\/audioguide-paris.com\/\",\"logo\":{\"@type\":\"ImageObject\",\"inLanguage\":\"fr-FR\",\"@id\":\"https:\/\/audioguide-paris.com\/#\/schema\/logo\/image\/\",\"url\":\"https:\/\/audioguide-paris.com\/wp-content\/uploads\/2024\/04\/cropped-cropped-Logo-transparent.png\",\"contentUrl\":\"https:\/\/audioguide-paris.com\/wp-content\/uploads\/2024\/04\/cropped-cropped-Logo-transparent.png\",\"width\":898,\"height\":898,\"caption\":\"Audio Guide Paris\"},\"image\":{\"@id\":\"https:\/\/audioguide-paris.com\/#\/schema\/logo\/image\/\"},\"sameAs\":[\"https:\/\/www.facebook.com\/profile.php?id=61558434027122\",\"https:\/\/www.instagram.com\/audioguideparis\/\"]}]}<\/script>\n<!-- \/ Yoast SEO plugin. -->","yoast_head_json":{"title":"Plaine Monceau - Audio Guide Paris","description":"Explore Plaine Monceau on a walking tour in Paris. Discover elegant streets, hidden architecture, rich history and Belle \u00c9poque charm in one of the city\u2019s most refined neighborhoods.","robots":{"index":"index","follow":"follow","max-snippet":"max-snippet:-1","max-image-preview":"max-image-preview:large","max-video-preview":"max-video-preview:-1"},"canonical":"https:\/\/audioguide-paris.com\/index.php\/en\/plaine-monceau-2\/","og_locale":"fr_FR","og_type":"article","og_title":"Plaine Monceau - Audio Guide Paris","og_description":"Explore Plaine Monceau on a walking tour in Paris. Discover elegant streets, hidden architecture, rich history and Belle \u00c9poque charm in one of the city\u2019s most refined neighborhoods.","og_url":"https:\/\/audioguide-paris.com\/index.php\/en\/plaine-monceau-2\/","og_site_name":"Audio Guide Paris","article_publisher":"https:\/\/www.facebook.com\/profile.php?id=61558434027122","article_modified_time":"2026-04-03T08:22:00+00:00","twitter_card":"summary_large_image","twitter_misc":{"Dur\u00e9e de lecture estim\u00e9e":"3 minutes"},"schema":{"@context":"https:\/\/schema.org","@graph":[{"@type":"WebPage","@id":"https:\/\/audioguide-paris.com\/index.php\/en\/plaine-monceau-2\/","url":"https:\/\/audioguide-paris.com\/index.php\/en\/plaine-monceau-2\/","name":"Plaine Monceau - Audio Guide Paris","isPartOf":{"@id":"https:\/\/audioguide-paris.com\/#website"},"datePublished":"2025-12-15T15:33:52+00:00","dateModified":"2026-04-03T08:22:00+00:00","description":"Explore Plaine Monceau on a walking tour in Paris. Discover elegant streets, hidden architecture, rich history and Belle \u00c9poque charm in one of the city\u2019s most refined neighborhoods.","breadcrumb":{"@id":"https:\/\/audioguide-paris.com\/index.php\/en\/plaine-monceau-2\/#breadcrumb"},"inLanguage":"fr-FR","potentialAction":[{"@type":"ReadAction","target":["https:\/\/audioguide-paris.com\/index.php\/en\/plaine-monceau-2\/"]}]},{"@type":"BreadcrumbList","@id":"https:\/\/audioguide-paris.com\/index.php\/en\/plaine-monceau-2\/#breadcrumb","itemListElement":[{"@type":"ListItem","position":1,"name":"Accueil","item":"https:\/\/audioguide-paris.com\/"},{"@type":"ListItem","position":2,"name":"Plaine Monceau"}]},{"@type":"WebSite","@id":"https:\/\/audioguide-paris.com\/#website","url":"https:\/\/audioguide-paris.com\/","name":"Audio Guide Paris","description":"D\u00e9couvrez les tr\u00e9sors de Paris en compagnie d\u2019un expert","publisher":{"@id":"https:\/\/audioguide-paris.com\/#organization"},"potentialAction":[{"@type":"SearchAction","target":{"@type":"EntryPoint","urlTemplate":"https:\/\/audioguide-paris.com\/?s={search_term_string}"},"query-input":{"@type":"PropertyValueSpecification","valueRequired":true,"valueName":"search_term_string"}}],"inLanguage":"fr-FR"},{"@type":"Organization","@id":"https:\/\/audioguide-paris.com\/#organization","name":"Audio Guide Paris","url":"https:\/\/audioguide-paris.com\/","logo":{"@type":"ImageObject","inLanguage":"fr-FR","@id":"https:\/\/audioguide-paris.com\/#\/schema\/logo\/image\/","url":"https:\/\/audioguide-paris.com\/wp-content\/uploads\/2024\/04\/cropped-cropped-Logo-transparent.png","contentUrl":"https:\/\/audioguide-paris.com\/wp-content\/uploads\/2024\/04\/cropped-cropped-Logo-transparent.png","width":898,"height":898,"caption":"Audio Guide Paris"},"image":{"@id":"https:\/\/audioguide-paris.com\/#\/schema\/logo\/image\/"},"sameAs":["https:\/\/www.facebook.com\/profile.php?id=61558434027122","https:\/\/www.instagram.com\/audioguideparis\/"]}]}},"_links":{"self":[{"href":"https:\/\/audioguide-paris.com\/index.php\/wp-json\/wp\/v2\/pages\/3800","targetHints":{"allow":["GET"]}}],"collection":[{"href":"https:\/\/audioguide-paris.com\/index.php\/wp-json\/wp\/v2\/pages"}],"about":[{"href":"https:\/\/audioguide-paris.com\/index.php\/wp-json\/wp\/v2\/types\/page"}],"author":[{"embeddable":true,"href":"https:\/\/audioguide-paris.com\/index.php\/wp-json\/wp\/v2\/users\/1"}],"replies":[{"embeddable":true,"href":"https:\/\/audioguide-paris.com\/index.php\/wp-json\/wp\/v2\/comments?post=3800"}],"version-history":[{"count":2,"href":"https:\/\/audioguide-paris.com\/index.php\/wp-json\/wp\/v2\/pages\/3800\/revisions"}],"predecessor-version":[{"id":3804,"href":"https:\/\/audioguide-paris.com\/index.php\/wp-json\/wp\/v2\/pages\/3800\/revisions\/3804"}],"wp:attachment":[{"href":"https:\/\/audioguide-paris.com\/index.php\/wp-json\/wp\/v2\/media?parent=3800"}],"curies":[{"name":"wp","href":"https:\/\/api.w.org\/{rel}","templated":true}]}}