{"id":3850,"date":"2025-12-16T12:24:44","date_gmt":"2025-12-16T11:24:44","guid":{"rendered":"https:\/\/audioguide-paris.com\/?page_id=3850"},"modified":"2026-03-18T11:11:45","modified_gmt":"2026-03-18T10:11:45","slug":"ile-de-la-cite-2","status":"publish","type":"page","link":"https:\/\/audioguide-paris.com\/index.php\/en\/ile-de-la-cite-2\/","title":{"rendered":"Ile de la Cit\u00e9"},"content":{"rendered":"<div data-colibri-id=\"3850-c1\" class=\"style-1934 style-local-3850-c1 position-relative\">\r\n  <!---->\r\n  <div data-colibri-component=\"section\" data-colibri-id=\"3850-c2\" id=\"overlappable\" class=\"h-section h-section-global-spacing d-flex align-items-lg-center align-items-md-center align-items-center style-1935 style-local-3850-c2 position-relative\">\r\n    <!---->\r\n    <!---->\r\n    <div class=\"h-section-grid-container h-section-boxed-container\">\r\n      <!---->\r\n      <div data-colibri-id=\"3850-c3\" class=\"h-row-container gutters-row-lg-0 gutters-row-md-0 gutters-row-0 gutters-row-v-lg-0 gutters-row-v-md-0 gutters-row-v-0 style-1936 style-local-3850-c3 position-relative\">\r\n        <!---->\r\n        <div class=\"h-row justify-content-lg-center justify-content-md-center justify-content-center align-items-lg-stretch align-items-md-stretch align-items-stretch gutters-col-lg-0 gutters-col-md-0 gutters-col-0 gutters-col-v-lg-0 gutters-col-v-md-0 gutters-col-v-0\">\r\n          <!---->\r\n          <div class=\"h-column h-column-container d-flex h-col-lg-auto h-col-md-auto h-col-auto style-1937-outer style-local-3850-c4-outer\">\r\n            <div data-colibri-id=\"3850-c4\" class=\"d-flex h-flex-basis h-column__inner h-ui-empty-state-container h-px-lg-0 h-px-md-0 h-px-0 v-inner-lg-0 v-inner-md-0 v-inner-0 style-1937 style-local-3850-c4 position-relative\">\r\n              <!---->\r\n              <!---->\r\n              <div class=\"w-100 h-y-container h-column__content h-column__v-align flex-basis-100\">\r\n                <!---->\r\n              <\/div>\r\n            <\/div>\r\n          <\/div>\r\n          <div class=\"h-column h-column-container d-flex h-col-lg-auto h-col-md-auto h-col-auto style-1938-outer style-local-3850-c5-outer\">\r\n            <div data-colibri-id=\"3850-c5\" class=\"d-flex h-flex-basis h-column__inner h-px-lg-2 h-px-md-2 h-px-2 v-inner-lg-2 v-inner-md-2 v-inner-2 style-1938 style-local-3850-c5 position-relative\">\r\n              <!---->\r\n              <!---->\r\n              <div class=\"w-100 h-y-container h-column__content h-column__v-align flex-basis-100 align-self-lg-center align-self-md-center align-self-center\">\r\n                <!---->\r\n                <div data-colibri-id=\"3850-c6\" class=\"h-global-transition-all h-heading style-1939 style-local-3850-c6 position-relative h-element\">\r\n                  <!---->\r\n                  <div class=\"h-heading__outer style-1939 style-local-3850-c6\">\r\n                    <!---->\r\n                    <!---->\r\n                    <h4 class=\"\">Walk: \u201cCrimes, Miracles &amp; Legends of \u00cele de la Cit\u00e9\u201d<\/h4>\r\n                  <\/div>\r\n                <\/div>\r\n                <div data-colibri-id=\"3850-c7\" class=\"h-text h-text-component style-1940 style-local-3850-c7 position-relative h-element\">\r\n                  <!---->\r\n                  <!---->\r\n                  <div class=\"\">\r\n                    <p>What if you discovered the secret heart of Paris, where it all began: royal palaces, relentless justice, medieval hospitals, vanished alleyways\u2026 but also sordid crimes, miraculous love-struck doves, and literary ghosts? From Notre-Dame\r\n                      to the Palais de Justice, passing through Rue Chanoinesse, H\u00f4tel-Dieu, and the flower market, this walking tour takes you behind the scenes of \u00cele de la Cit\u00e9, far beyond simple postcards.<\/p>\r\n                    <p>You start at the foot of Notre-Dame and uncover what is never seen from the square: the former cloister forbidden to women, the canons\u2019 houses, medieval streets now swallowed by history, and the discreet mortuary that once held Jim\r\n                      Morrison\u2019s body. Discover how the cathedral almost changed its face, why some details on the fa\u00e7ade are false \u201cMiddle Ages,\u201d and what the 2024 reopening truly revealed.<\/p>\r\n                    <p>In just a few steps, you move from grand organs to great pens: Du Bellay, Racine, Bichat, as well as modern journalists and writers who lived in these stone houses. Learn where Racine wrote his tragedies, which visionary doctor gave\r\n                      his name to a part of the human body, and how a dark tale of a barber and a baker accused of serving human pies to all of Paris later inspired the legend of Sweeney Todd.<\/p>\r\n                  <\/div>\r\n                <\/div>\r\n              <\/div>\r\n            <\/div>\r\n          <\/div>\r\n          <div class=\"h-column h-column-container d-flex h-col-lg-auto h-col-md-auto h-col-auto style-1938-outer style-local-3850-c10-outer\">\r\n            <div data-colibri-id=\"3850-c10\" class=\"d-flex h-flex-basis h-column__inner h-px-lg-2 h-px-md-2 h-px-2 v-inner-lg-2 v-inner-md-2 v-inner-2 style-1938 style-local-3850-c10 position-relative\">\r\n              <!---->\r\n              <!---->\r\n              <div class=\"w-100 h-y-container h-column__content h-column__v-align flex-basis-100 align-self-lg-center align-self-md-center align-self-center\">\r\n                <!---->\r\n                <div data-colibri-id=\"3850-c12\" class=\"h-text h-text-component style-1940 style-local-3850-c12 position-relative h-element\">\r\n                  <!---->\r\n                  <!---->\r\n                  <div class=\"\">\r\n                    <p>The tour continues to H\u00f4tel-Dieu and the quays: Paris\u2019s oldest hospital, vaulted passages where corpses were stolen at night for dissections, brigands lurking in the \u201ccagnards,\u201d and boatmen who one day fished up\u2026 a severed head. On\r\n                      Quai de la Corse, follow the chilling investigation of a family crime. Nearby, the flower market \u2013 Queen Elizabeth II \u2013 blends the scents of plants, Napoleonic memories, and a royal visit that changed its name.<\/p>\r\n                    <p>Along the way, discover how two police prefects, Louis L\u00e9pine and C\u00e9lestin Hennion, invented modern policing from this island: the Brigades du Tigre, first aid, pedestrian crossings, rescue dogs\u2026 The alley bearing their name became\r\n                      the stage for robberies, major criminal cases, and the beginnings of forensic science.<\/p>\r\n                    <p>The finale takes place at the Palais de Justice: former royal palace, French Revolution, Revolutionary Tribunal, Conciergerie, Sainte-Chapelle\u2026 Learn how this place went from royal residence to judicial machine, why certain doors meant\r\n                      condemnation, and what remains of the medieval palace behind the neoclassical fa\u00e7ades.<\/p>\r\n                  <\/div>\r\n                <\/div>\r\n              <\/div>\r\n            <\/div>\r\n          <\/div>\r\n          <div class=\"h-column h-column-container d-flex h-col-lg-auto h-col-md-auto h-col-auto style-1943-outer style-local-3850-c15-outer\">\r\n            <div data-colibri-id=\"3850-c15\" class=\"d-flex h-flex-basis h-column__inner h-ui-empty-state-container h-px-lg-0 h-px-md-0 h-px-0 v-inner-lg-0 v-inner-md-0 v-inner-0 style-1943 style-local-3850-c15 position-relative\">\r\n              <!---->\r\n              <!---->\r\n              <div class=\"w-100 h-y-container h-column__content h-column__v-align flex-basis-100\">\r\n                <!---->\r\n              <\/div>\r\n            <\/div>\r\n          <\/div>\r\n        <\/div>\r\n      <\/div>\r\n      <div data-colibri-id=\"3850-c16\" class=\"h-row-container gutters-row-lg-2 gutters-row-md-2 gutters-row-0 gutters-row-v-lg-2 gutters-row-v-md-2 gutters-row-v-2 style-1944 style-local-3850-c16 position-relative\">\r\n        <!---->\r\n        <div class=\"h-row justify-content-lg-center justify-content-md-center justify-content-center align-items-lg-stretch align-items-md-stretch align-items-stretch gutters-col-lg-2 gutters-col-md-2 gutters-col-0 gutters-col-v-lg-2 gutters-col-v-md-2 gutters-col-v-2\">\r\n          <!---->\r\n          <div class=\"h-column h-column-container d-flex h-col-lg-auto h-col-md-auto h-col-auto style-1945-outer style-local-3850-c17-outer\">\r\n            <div data-colibri-id=\"3850-c17\" class=\"d-flex h-flex-basis h-column__inner h-px-lg-2 h-px-md-2 h-px-2 v-inner-lg-2 v-inner-md-2 v-inner-2 style-1945 style-local-3850-c17 position-relative\">\r\n              <!---->\r\n              <!---->\r\n              <div class=\"w-100 h-y-container h-column__content h-column__v-align flex-basis-100 align-self-lg-start align-self-md-start align-self-start\">\r\n                <!---->\r\n                <div data-colibri-id=\"3850-c18\" class=\"h-global-transition-all h-heading style-1946 style-local-3850-c18 position-relative h-element\">\r\n                  <!---->\r\n                  <div class=\"h-heading__outer style-1946 style-local-3850-c18\">\r\n                    <!---->\r\n                    <!---->\r\n                    <h3 class=\"\">During this visit, you will:<\/h3>\r\n                  <\/div>\r\n                <\/div>\r\n                <div data-colibri-id=\"3850-c19\" class=\"h-text h-text-component style-1947 style-local-3850-c19 position-relative h-element\">\r\n                  <!---->\r\n                  <!---->\r\n                  <div class=\"\">\r\n                    <ul>\r\n                      <li>explore \u00cele de la Cit\u00e9 on foot, Paris\u2019s historic heart, from Notre-Dame, H\u00f4tel-Dieu, the quays, and flower market to the Palais de Justice;\r\n                        <br>\r\n                        <br>\r\n                      <\/li>\r\n                      <li>uncover incredible stories: the barber and baker case, corpse thefts, family crimes, miraculous doves, the birth of modern policing;\r\n                        <br>\r\n                        <br>\r\n                      <\/li>\r\n                      <li>learn to read hidden details: traces of ancient walls, vanished streets, writers\u2019 homes, nearly invisible plaques that change the meaning of the places;\r\n                        <br>\r\n                        <br>\r\n                      <\/li>\r\n                      <li>enjoy unique photo spots: Notre-Dame square, cobbled alleyways, flower market, Seine quays, and silhouettes of the Palais de Justice towers.\r\n                        <br>\r\n                        <br>\r\n                      <\/li>\r\n                    <\/ul>\r\n                    <p>More than a tour, it\u2019s a real historical crime novel in the open air, best experienced with headphones in the middle of the Seine.<\/p>\r\n                    <p><span style=\"font-weight: 400;\">Download the Audio Guide Paris app for free and unlock the complete walking tour \u201cCrimes, Miracles &amp; Legends of \u00cele de la Cit\u00e9\u201d \u2014 a medieval, macabre, and romantic Paris, whose most incredible stories are revealed only to those who listen.<\/span><\/p>\r\n                    <p>\r\n                      <br>\r\n                    <\/p>\r\n                  <\/div>\r\n                <\/div>\r\n              <\/div>\r\n            <\/div>\r\n          <\/div>\r\n        <\/div>\r\n      <\/div>\r\n      <div data-colibri-id=\"3850-c20\" class=\"h-row-container gutters-row-lg-2 gutters-row-md-2 gutters-row-0 gutters-row-v-lg-2 gutters-row-v-md-2 gutters-row-v-2 style-1948 style-local-3850-c20 position-relative\">\r\n        <!---->\r\n        <div class=\"h-row justify-content-lg-center justify-content-md-center justify-content-center align-items-lg-stretch align-items-md-stretch align-items-stretch gutters-col-lg-2 gutters-col-md-2 gutters-col-0 gutters-col-v-lg-2 gutters-col-v-md-2 gutters-col-v-2\">\r\n          <!---->\r\n          <div class=\"h-column h-column-container d-flex h-col-lg-auto h-col-md-auto h-col-auto style-1949-outer style-local-3850-c21-outer\">\r\n            <div data-colibri-id=\"3850-c21\" class=\"d-flex h-flex-basis h-column__inner h-px-lg-2 h-px-md-2 h-px-2 v-inner-lg-2 v-inner-md-2 v-inner-2 style-1949 style-local-3850-c21 position-relative\">\r\n              <!---->\r\n              <!---->\r\n              <div class=\"w-100 h-y-container h-column__content h-column__v-align flex-basis-100 align-self-lg-start align-self-md-start align-self-start\">\r\n                <!---->\r\n                <div data-colibri-id=\"3850-c23\" class=\"h-x-container style-1951 style-local-3850-c23 position-relative h-element\">\r\n                  <!---->\r\n                  <div class=\"h-x-container-inner style-dynamic-3850-c23-group style-1951-spacing style-local-3850-c23-spacing\"><span class=\"h-button__outer style-1952-outer style-local-3850-c24-outer d-inline-flex h-element\"><a h-use-smooth-scroll=\"true\" href=\"https:\/\/apps.apple.com\/gr\/app\/audio-guide-paris\/id6471984315\" target=\"_blank\"  data-colibri-id=\"3850-c24\" class=\"d-flex w-100 align-items-center h-button justify-content-lg-center justify-content-md-center justify-content-center style-1952 style-local-3850-c24 position-relative\"><!----><!----> <span>apple store<\/span><\/a>\r\n                    <\/span>\r\n                  <\/div>\r\n                <\/div>\r\n              <\/div>\r\n            <\/div>\r\n          <\/div>\r\n          <div class=\"h-column h-column-container d-flex h-col-lg-auto h-col-md-auto h-col-auto style-1950-outer style-local-3850-c22-outer\">\r\n            <div data-colibri-id=\"3850-c22\" class=\"d-flex h-flex-basis h-column__inner h-px-lg-2 h-px-md-2 h-px-2 v-inner-lg-2 v-inner-md-2 v-inner-2 style-1950 style-local-3850-c22 position-relative\">\r\n              <!---->\r\n              <!---->\r\n              <div class=\"w-100 h-y-container h-column__content h-column__v-align flex-basis-100 align-self-lg-start align-self-md-start align-self-start\">\r\n                <!---->\r\n                <div data-colibri-id=\"3850-c25\" class=\"h-x-container style-1953 style-local-3850-c25 position-relative h-element\">\r\n                  <!---->\r\n                  <div class=\"h-x-container-inner style-dynamic-3850-c25-group style-1953-spacing style-local-3850-c25-spacing\"><span class=\"h-button__outer style-1954-outer style-local-3850-c26-outer d-inline-flex h-element\"><a h-use-smooth-scroll=\"true\" href=\"https:\/\/play.google.com\/store\/apps\/details?id=com.audioguides_paris\" target=\"_blank\"  data-colibri-id=\"3850-c26\" class=\"d-flex w-100 align-items-center h-button justify-content-lg-center justify-content-md-center justify-content-center style-1954 style-local-3850-c26 position-relative\"><!----><!----> <span>google play<\/span><\/a>\r\n                    <\/span>\r\n                  <\/div>\r\n                <\/div>\r\n              <\/div>\r\n            <\/div>\r\n          <\/div>\r\n        <\/div>\r\n      <\/div>\r\n    <\/div>\r\n  <\/div>\r\n<\/div>","protected":false},"excerpt":{"rendered":"<p>Walk: \u201cCrimes, Miracles &amp; Legends of \u00cele de la Cit\u00e9\u201d What if you discovered the secret heart of Paris, where it all began: royal palaces, relentless justice, medieval hospitals, vanished alleyways\u2026 but also sordid crimes, miraculous love-struck doves, and literary ghosts? From Notre-Dame to the Palais de Justice, passing through Rue Chanoinesse, H\u00f4tel-Dieu, and the [&hellip;]<\/p>\n","protected":false},"author":1,"featured_media":0,"parent":0,"menu_order":0,"comment_status":"closed","ping_status":"closed","template":"page-templates\/full-width-page.php","meta":{"footnotes":""},"class_list":["post-3850","page","type-page","status-publish","hentry"],"yoast_head":"<!-- This site is optimized with the Yoast SEO plugin v26.6 - https:\/\/yoast.com\/wordpress\/plugins\/seo\/ -->\n<title>Ile de la Cit\u00e9 - Audio Guide Paris<\/title>\n<meta name=\"description\" content=\"Explore \u00cele de la Cit\u00e9 with our English audio guide. Follow a self-guided walking tour to discover Notre-Dame, Sainte-Chapelle, and the stories of historic Paris.\" \/>\n<meta name=\"robots\" content=\"index, follow, max-snippet:-1, max-image-preview:large, max-video-preview:-1\" \/>\n<link rel=\"canonical\" href=\"https:\/\/audioguide-paris.com\/index.php\/en\/ile-de-la-cite-2\/\" \/>\n<meta property=\"og:locale\" content=\"fr_FR\" \/>\n<meta property=\"og:type\" content=\"article\" \/>\n<meta property=\"og:title\" content=\"Ile de la Cit\u00e9 - Audio Guide Paris\" \/>\n<meta property=\"og:description\" content=\"Explore \u00cele de la Cit\u00e9 with our English audio guide. Follow a self-guided walking tour to discover Notre-Dame, Sainte-Chapelle, and the stories of historic Paris.\" \/>\n<meta property=\"og:url\" content=\"https:\/\/audioguide-paris.com\/index.php\/en\/ile-de-la-cite-2\/\" \/>\n<meta property=\"og:site_name\" content=\"Audio Guide Paris\" \/>\n<meta property=\"article:publisher\" content=\"https:\/\/www.facebook.com\/profile.php?id=61558434027122\" \/>\n<meta property=\"article:modified_time\" content=\"2026-03-18T10:11:45+00:00\" \/>\n<meta name=\"twitter:card\" content=\"summary_large_image\" \/>\n<meta name=\"twitter:label1\" content=\"Dur\u00e9e de lecture estim\u00e9e\" \/>\n\t<meta name=\"twitter:data1\" content=\"3 minutes\" \/>\n<script type=\"application\/ld+json\" class=\"yoast-schema-graph\">{\"@context\":\"https:\/\/schema.org\",\"@graph\":[{\"@type\":\"WebPage\",\"@id\":\"https:\/\/audioguide-paris.com\/index.php\/en\/ile-de-la-cite-2\/\",\"url\":\"https:\/\/audioguide-paris.com\/index.php\/en\/ile-de-la-cite-2\/\",\"name\":\"Ile de la Cit\u00e9 - Audio Guide Paris\",\"isPartOf\":{\"@id\":\"https:\/\/audioguide-paris.com\/#website\"},\"datePublished\":\"2025-12-16T11:24:44+00:00\",\"dateModified\":\"2026-03-18T10:11:45+00:00\",\"description\":\"Explore \u00cele de la Cit\u00e9 with our English audio guide. Follow a self-guided walking tour to discover Notre-Dame, Sainte-Chapelle, and the stories of historic Paris.\",\"breadcrumb\":{\"@id\":\"https:\/\/audioguide-paris.com\/index.php\/en\/ile-de-la-cite-2\/#breadcrumb\"},\"inLanguage\":\"fr-FR\",\"potentialAction\":[{\"@type\":\"ReadAction\",\"target\":[\"https:\/\/audioguide-paris.com\/index.php\/en\/ile-de-la-cite-2\/\"]}]},{\"@type\":\"BreadcrumbList\",\"@id\":\"https:\/\/audioguide-paris.com\/index.php\/en\/ile-de-la-cite-2\/#breadcrumb\",\"itemListElement\":[{\"@type\":\"ListItem\",\"position\":1,\"name\":\"Accueil\",\"item\":\"https:\/\/audioguide-paris.com\/\"},{\"@type\":\"ListItem\",\"position\":2,\"name\":\"Ile de la Cit\u00e9\"}]},{\"@type\":\"WebSite\",\"@id\":\"https:\/\/audioguide-paris.com\/#website\",\"url\":\"https:\/\/audioguide-paris.com\/\",\"name\":\"Audio Guide Paris\",\"description\":\"D\u00e9couvrez les tr\u00e9sors de Paris en compagnie d\u2019un expert\",\"publisher\":{\"@id\":\"https:\/\/audioguide-paris.com\/#organization\"},\"potentialAction\":[{\"@type\":\"SearchAction\",\"target\":{\"@type\":\"EntryPoint\",\"urlTemplate\":\"https:\/\/audioguide-paris.com\/?s={search_term_string}\"},\"query-input\":{\"@type\":\"PropertyValueSpecification\",\"valueRequired\":true,\"valueName\":\"search_term_string\"}}],\"inLanguage\":\"fr-FR\"},{\"@type\":\"Organization\",\"@id\":\"https:\/\/audioguide-paris.com\/#organization\",\"name\":\"Audio Guide Paris\",\"url\":\"https:\/\/audioguide-paris.com\/\",\"logo\":{\"@type\":\"ImageObject\",\"inLanguage\":\"fr-FR\",\"@id\":\"https:\/\/audioguide-paris.com\/#\/schema\/logo\/image\/\",\"url\":\"https:\/\/audioguide-paris.com\/wp-content\/uploads\/2024\/04\/cropped-cropped-Logo-transparent.png\",\"contentUrl\":\"https:\/\/audioguide-paris.com\/wp-content\/uploads\/2024\/04\/cropped-cropped-Logo-transparent.png\",\"width\":898,\"height\":898,\"caption\":\"Audio Guide Paris\"},\"image\":{\"@id\":\"https:\/\/audioguide-paris.com\/#\/schema\/logo\/image\/\"},\"sameAs\":[\"https:\/\/www.facebook.com\/profile.php?id=61558434027122\",\"https:\/\/www.instagram.com\/audioguideparis\/\"]}]}<\/script>\n<!-- \/ Yoast SEO plugin. -->","yoast_head_json":{"title":"Ile de la Cit\u00e9 - Audio Guide Paris","description":"Explore \u00cele de la Cit\u00e9 with our English audio guide. Follow a self-guided walking tour to discover Notre-Dame, Sainte-Chapelle, and the stories of historic Paris.","robots":{"index":"index","follow":"follow","max-snippet":"max-snippet:-1","max-image-preview":"max-image-preview:large","max-video-preview":"max-video-preview:-1"},"canonical":"https:\/\/audioguide-paris.com\/index.php\/en\/ile-de-la-cite-2\/","og_locale":"fr_FR","og_type":"article","og_title":"Ile de la Cit\u00e9 - Audio Guide Paris","og_description":"Explore \u00cele de la Cit\u00e9 with our English audio guide. Follow a self-guided walking tour to discover Notre-Dame, Sainte-Chapelle, and the stories of historic Paris.","og_url":"https:\/\/audioguide-paris.com\/index.php\/en\/ile-de-la-cite-2\/","og_site_name":"Audio Guide Paris","article_publisher":"https:\/\/www.facebook.com\/profile.php?id=61558434027122","article_modified_time":"2026-03-18T10:11:45+00:00","twitter_card":"summary_large_image","twitter_misc":{"Dur\u00e9e de lecture estim\u00e9e":"3 minutes"},"schema":{"@context":"https:\/\/schema.org","@graph":[{"@type":"WebPage","@id":"https:\/\/audioguide-paris.com\/index.php\/en\/ile-de-la-cite-2\/","url":"https:\/\/audioguide-paris.com\/index.php\/en\/ile-de-la-cite-2\/","name":"Ile de la Cit\u00e9 - Audio Guide Paris","isPartOf":{"@id":"https:\/\/audioguide-paris.com\/#website"},"datePublished":"2025-12-16T11:24:44+00:00","dateModified":"2026-03-18T10:11:45+00:00","description":"Explore \u00cele de la Cit\u00e9 with our English audio guide. Follow a self-guided walking tour to discover Notre-Dame, Sainte-Chapelle, and the stories of historic Paris.","breadcrumb":{"@id":"https:\/\/audioguide-paris.com\/index.php\/en\/ile-de-la-cite-2\/#breadcrumb"},"inLanguage":"fr-FR","potentialAction":[{"@type":"ReadAction","target":["https:\/\/audioguide-paris.com\/index.php\/en\/ile-de-la-cite-2\/"]}]},{"@type":"BreadcrumbList","@id":"https:\/\/audioguide-paris.com\/index.php\/en\/ile-de-la-cite-2\/#breadcrumb","itemListElement":[{"@type":"ListItem","position":1,"name":"Accueil","item":"https:\/\/audioguide-paris.com\/"},{"@type":"ListItem","position":2,"name":"Ile de la Cit\u00e9"}]},{"@type":"WebSite","@id":"https:\/\/audioguide-paris.com\/#website","url":"https:\/\/audioguide-paris.com\/","name":"Audio Guide Paris","description":"D\u00e9couvrez les tr\u00e9sors de Paris en compagnie d\u2019un expert","publisher":{"@id":"https:\/\/audioguide-paris.com\/#organization"},"potentialAction":[{"@type":"SearchAction","target":{"@type":"EntryPoint","urlTemplate":"https:\/\/audioguide-paris.com\/?s={search_term_string}"},"query-input":{"@type":"PropertyValueSpecification","valueRequired":true,"valueName":"search_term_string"}}],"inLanguage":"fr-FR"},{"@type":"Organization","@id":"https:\/\/audioguide-paris.com\/#organization","name":"Audio Guide Paris","url":"https:\/\/audioguide-paris.com\/","logo":{"@type":"ImageObject","inLanguage":"fr-FR","@id":"https:\/\/audioguide-paris.com\/#\/schema\/logo\/image\/","url":"https:\/\/audioguide-paris.com\/wp-content\/uploads\/2024\/04\/cropped-cropped-Logo-transparent.png","contentUrl":"https:\/\/audioguide-paris.com\/wp-content\/uploads\/2024\/04\/cropped-cropped-Logo-transparent.png","width":898,"height":898,"caption":"Audio Guide Paris"},"image":{"@id":"https:\/\/audioguide-paris.com\/#\/schema\/logo\/image\/"},"sameAs":["https:\/\/www.facebook.com\/profile.php?id=61558434027122","https:\/\/www.instagram.com\/audioguideparis\/"]}]}},"_links":{"self":[{"href":"https:\/\/audioguide-paris.com\/index.php\/wp-json\/wp\/v2\/pages\/3850","targetHints":{"allow":["GET"]}}],"collection":[{"href":"https:\/\/audioguide-paris.com\/index.php\/wp-json\/wp\/v2\/pages"}],"about":[{"href":"https:\/\/audioguide-paris.com\/index.php\/wp-json\/wp\/v2\/types\/page"}],"author":[{"embeddable":true,"href":"https:\/\/audioguide-paris.com\/index.php\/wp-json\/wp\/v2\/users\/1"}],"replies":[{"embeddable":true,"href":"https:\/\/audioguide-paris.com\/index.php\/wp-json\/wp\/v2\/comments?post=3850"}],"version-history":[{"count":2,"href":"https:\/\/audioguide-paris.com\/index.php\/wp-json\/wp\/v2\/pages\/3850\/revisions"}],"predecessor-version":[{"id":3854,"href":"https:\/\/audioguide-paris.com\/index.php\/wp-json\/wp\/v2\/pages\/3850\/revisions\/3854"}],"wp:attachment":[{"href":"https:\/\/audioguide-paris.com\/index.php\/wp-json\/wp\/v2\/media?parent=3850"}],"curies":[{"name":"wp","href":"https:\/\/api.w.org\/{rel}","templated":true}]}}