{"id":3866,"date":"2025-12-16T12:41:48","date_gmt":"2025-12-16T11:41:48","guid":{"rendered":"https:\/\/audioguide-paris.com\/?page_id=3866"},"modified":"2026-02-27T16:43:10","modified_gmt":"2026-02-27T15:43:10","slug":"europe","status":"publish","type":"page","link":"https:\/\/audioguide-paris.com\/index.php\/en\/europe\/","title":{"rendered":"Europe"},"content":{"rendered":"<div data-colibri-id=\"3866-c1\" class=\"style-1956 style-local-3866-c1 position-relative\">\r\n  <!---->\r\n  <div data-colibri-component=\"section\" data-colibri-id=\"3866-c2\" id=\"overlappable\" class=\"h-section h-section-global-spacing d-flex align-items-lg-center align-items-md-center align-items-center style-1957 style-local-3866-c2 position-relative\">\r\n    <!---->\r\n    <!---->\r\n    <div class=\"h-section-grid-container h-section-boxed-container\">\r\n      <!---->\r\n      <div data-colibri-id=\"3866-c3\" class=\"h-row-container gutters-row-lg-0 gutters-row-md-0 gutters-row-0 gutters-row-v-lg-0 gutters-row-v-md-0 gutters-row-v-0 style-1958 style-local-3866-c3 position-relative\">\r\n        <!---->\r\n        <div class=\"h-row justify-content-lg-center justify-content-md-center justify-content-center align-items-lg-stretch align-items-md-stretch align-items-stretch gutters-col-lg-0 gutters-col-md-0 gutters-col-0 gutters-col-v-lg-0 gutters-col-v-md-0 gutters-col-v-0\">\r\n          <!---->\r\n          <div class=\"h-column h-column-container d-flex h-col-lg-auto h-col-md-auto h-col-auto style-1959-outer style-local-3866-c4-outer\">\r\n            <div data-colibri-id=\"3866-c4\" class=\"d-flex h-flex-basis h-column__inner h-ui-empty-state-container h-px-lg-0 h-px-md-0 h-px-0 v-inner-lg-0 v-inner-md-0 v-inner-0 style-1959 style-local-3866-c4 position-relative\">\r\n              <!---->\r\n              <!---->\r\n              <div class=\"w-100 h-y-container h-column__content h-column__v-align flex-basis-100\">\r\n                <!---->\r\n              <\/div>\r\n            <\/div>\r\n          <\/div>\r\n          <div class=\"h-column h-column-container d-flex h-col-lg-auto h-col-md-auto h-col-auto style-1960-outer style-local-3866-c5-outer\">\r\n            <div data-colibri-id=\"3866-c5\" class=\"d-flex h-flex-basis h-column__inner h-px-lg-2 h-px-md-2 h-px-2 v-inner-lg-2 v-inner-md-2 v-inner-2 style-1960 style-local-3866-c5 position-relative\">\r\n              <!---->\r\n              <!---->\r\n              <div class=\"w-100 h-y-container h-column__content h-column__v-align flex-basis-100 align-self-lg-center align-self-md-center align-self-center\">\r\n                <!---->\r\n                <div data-colibri-id=\"3866-c6\" class=\"h-global-transition-all h-heading style-1961 style-local-3866-c6 position-relative h-element\">\r\n                  <!---->\r\n                  <div class=\"h-heading__outer style-1961 style-local-3866-c6\">\r\n                    <!---->\r\n                    <!---->\r\n                    <h4 class=\"\">Walk: \u201cEurope \u2013 Monceau: Scandals, Artists &amp; Hidden Memories\u201d<\/h4>\r\n                  <\/div>\r\n                <\/div>\r\n                <div data-colibri-id=\"3866-c7\" class=\"h-text h-text-component style-1962 style-local-3866-c7 position-relative h-element\">\r\n                  <!---->\r\n                  <!---->\r\n                  <div class=\"\">\r\n                    <p>What if behind the stately fa\u00e7ades of the 8th arrondissement lay one of Paris\u2019s most romantic neighborhoods? Between Gare Saint-Lazare, Place de l\u2019Europe, Rue de Londres, and Parc Monceau, this walking tour takes you through a very\r\n                      chic Haussmannian setting\u2026 where you encounter brothels, forgotten slums, resistance fighters, movie stars, bloody crimes, and political utopias.<\/p>\r\n                    <p>You first discover the world of trains and cinema: Gare Saint-Lazare immortalized by Monet, giant suitcase and clock sculptures, sets from La B\u00eate Humaine and Un homme et une femme, the birth of Fouquet\u2019s in a discreet bar, and a Belle\r\n                      \u00c9poque brasserie, classified as a historic monument, that secretly served during the Occupation. On Place Trinit\u00e9 \u2013 d\u2019Estienne d\u2019Orves, you pass from the first martyrs of the Resistance to the guitars of Johnny Hallyday, Eddy Mitchell,\r\n                      and Jacques Dutronc, hanging out there before fame.<\/p>\r\n                  <\/div>\r\n                <\/div>\r\n              <\/div>\r\n            <\/div>\r\n          <\/div>\r\n          <div class=\"h-column h-column-container d-flex h-col-lg-auto h-col-md-auto h-col-auto style-1960-outer style-local-3866-c10-outer\">\r\n            <div data-colibri-id=\"3866-c10\" class=\"d-flex h-flex-basis h-column__inner h-px-lg-2 h-px-md-2 h-px-2 v-inner-lg-2 v-inner-md-2 v-inner-2 style-1960 style-local-3866-c10 position-relative\">\r\n              <!---->\r\n              <!---->\r\n              <div class=\"w-100 h-y-container h-column__content h-column__v-align flex-basis-100 align-self-lg-center align-self-md-center align-self-center\">\r\n                <!---->\r\n                <div data-colibri-id=\"3866-c12\" class=\"h-text h-text-component style-1962 style-local-3866-c12 position-relative h-element\">\r\n                  <!---->\r\n                  <!---->\r\n                  <div class=\"\">\r\n                    <p>Around Place de l\u2019Europe \u2013 Simone Veil, you walk through an open-air city map: streets named London, Vienna, Constantinople, Edinburgh\u2026 where Monet and Debussy once lived. Further along, Rue du Rocher takes you back to Roman pilgrims,\r\n                      a cemetery of guillotined victims, and \u201cLittle Poland,\u201d a forgotten slum beneath the chic veneer. Rue de la Bienfaisance spans extremes: a revolutionary school for young girls, the roundup of 63 Jewish children, and a bourgeois crime\r\n                      in a grand h\u00f4tel particulier.<\/p>\r\n                    <p>Avenue de Messine then aligns scandals and cinema: Alain Delon\u2019s apartment, his romance with Romy Schneider, the unsolved Markovic murder, the filming of Le Samoura\u00ef, and the former Cin\u00e9math\u00e8que where Truffaut, Godard, and Chabrol\r\n                      learned to love cinema. On Rue de Monceau, you encounter an antisemitic institute during the Occupation, Louis de Fun\u00e8s\u2019 building, and the moving Nissim de Camondo Museum, an 18th-century palace frozen in time by a family decimated\r\n                      by the Shoah.<\/p>\r\n                    <p>The tour ends in Parc Monceau, a garden of tales and ghosts: wild experiments by the nobility, the first parachute jump in history, executions during the Commune, before it became one of Paris\u2019s most elegant parks. The audio guide\r\n                      shows you where to look to spot the pyramid, ruined columns, invisible plaques\u2026 and all the stories you would miss on a simple stroll.<\/p>\r\n                  <\/div>\r\n                <\/div>\r\n              <\/div>\r\n            <\/div>\r\n          <\/div>\r\n          <div class=\"h-column h-column-container d-flex h-col-lg-auto h-col-md-auto h-col-auto style-1965-outer style-local-3866-c15-outer\">\r\n            <div data-colibri-id=\"3866-c15\" class=\"d-flex h-flex-basis h-column__inner h-ui-empty-state-container h-px-lg-0 h-px-md-0 h-px-0 v-inner-lg-0 v-inner-md-0 v-inner-0 style-1965 style-local-3866-c15 position-relative\">\r\n              <!---->\r\n              <!---->\r\n              <div class=\"w-100 h-y-container h-column__content h-column__v-align flex-basis-100\">\r\n                <!---->\r\n              <\/div>\r\n            <\/div>\r\n          <\/div>\r\n        <\/div>\r\n      <\/div>\r\n      <div data-colibri-id=\"3866-c16\" class=\"h-row-container gutters-row-lg-2 gutters-row-md-2 gutters-row-0 gutters-row-v-lg-2 gutters-row-v-md-2 gutters-row-v-2 style-1966 style-local-3866-c16 position-relative\">\r\n        <!---->\r\n        <div class=\"h-row justify-content-lg-center justify-content-md-center justify-content-center align-items-lg-stretch align-items-md-stretch align-items-stretch gutters-col-lg-2 gutters-col-md-2 gutters-col-0 gutters-col-v-lg-2 gutters-col-v-md-2 gutters-col-v-2\">\r\n          <!---->\r\n          <div class=\"h-column h-column-container d-flex h-col-lg-auto h-col-md-auto h-col-auto style-1967-outer style-local-3866-c17-outer\">\r\n            <div data-colibri-id=\"3866-c17\" class=\"d-flex h-flex-basis h-column__inner h-px-lg-2 h-px-md-2 h-px-2 v-inner-lg-2 v-inner-md-2 v-inner-2 style-1967 style-local-3866-c17 position-relative\">\r\n              <!---->\r\n              <!---->\r\n              <div class=\"w-100 h-y-container h-column__content h-column__v-align flex-basis-100 align-self-lg-start align-self-md-start align-self-start\">\r\n                <!---->\r\n                <div data-colibri-id=\"3866-c18\" class=\"h-global-transition-all h-heading style-1968 style-local-3866-c18 position-relative h-element\">\r\n                  <!---->\r\n                  <div class=\"h-heading__outer style-1968 style-local-3866-c18\">\r\n                    <!---->\r\n                    <!---->\r\n                    <h3 class=\"\">During this visit, you will:<\/h3>\r\n                  <\/div>\r\n                <\/div>\r\n              <\/div>\r\n            <\/div>\r\n          <\/div>\r\n        <\/div>\r\n      <\/div>\r\n      <div data-colibri-id=\"3866-c19\" class=\"h-row-container gutters-row-lg-2 gutters-row-md-2 gutters-row-0 gutters-row-v-lg-2 gutters-row-v-md-2 gutters-row-v-2 style-1969 style-local-3866-c19 position-relative\">\r\n        <!---->\r\n        <div class=\"h-row justify-content-lg-center justify-content-md-center justify-content-center align-items-lg-stretch align-items-md-stretch align-items-stretch gutters-col-lg-2 gutters-col-md-2 gutters-col-0 gutters-col-v-lg-2 gutters-col-v-md-2 gutters-col-v-2\">\r\n          <!---->\r\n          <div class=\"h-column h-column-container d-flex h-col-lg-auto h-col-md-auto h-col-auto style-1970-outer style-local-3866-c20-outer\">\r\n            <div data-colibri-id=\"3866-c20\" class=\"d-flex h-flex-basis h-column__inner h-px-lg-2 h-px-md-2 h-px-2 v-inner-lg-2 v-inner-md-2 v-inner-2 style-1970 style-local-3866-c20 position-relative\">\r\n              <!---->\r\n              <!---->\r\n              <div class=\"w-100 h-y-container h-column__content h-column__v-align flex-basis-100 align-self-lg-start align-self-md-start align-self-start\">\r\n                <!---->\r\n                <div data-colibri-id=\"3866-c21\" class=\"h-text h-text-component style-1971 style-local-3866-c21 position-relative h-element\">\r\n                  <!---->\r\n                  <!---->\r\n                  <div class=\"\">\r\n                    <ul>\r\n                      <li>explore the Europe and Monceau neighborhood on foot, from Saint-Lazare to Parc Monceau, passing through Place de l\u2019Europe, Trinit\u00e9, and chic avenues;\r\n                        <br>\r\n                        <br>\r\n                      <\/li>\r\n                      <li>discover compelling stories: Casque d\u2019Or and the Apaches, young ye-ye musicians, Simone Veil, Resistance martyrs, roundups, bourgeois crimes, the Markovic scandal, the Camondo family, experimental parachute jumps, and the Bloody\r\n                        Week;\r\n                        <br>\r\n                        <br>\r\n                      <\/li>\r\n                      <li>enjoy elegant and unusual photo spots: station glass roofs, Art Nouveau fa\u00e7ades, star-shaped intersections, sloped streets, grand townhouses, and the romantic paths of Parc Monceau;\r\n                        <br>\r\n                        <br>\r\n                      <\/li>\r\n                      <li>live an immersive, lively, and emotional experience, far from \u201ccatalogue\u201d tours.\r\n                        <br>\r\n                        <br>\r\n                      <\/li>\r\n                    <\/ul>\r\n                    <p>More than a visit, it\u2019s an open-air investigation through a luxurious Paris on the surface, layered with stories of courage, tragedy, and creativity.<\/p>\r\n                    <p><span style=\"font-weight: 400;\">Download the Audio Guide Paris app for free and unlock the complete \u201cEurope \u2013 Monceau\u201d tour \u2014 a refined, secret, and irresistibly intriguing Paris, truly revealed only with headphones\u2026 and a bit of curiosity.<\/span><\/p>\r\n                    <p>\r\n                      <br>\r\n                    <\/p>\r\n                  <\/div>\r\n                <\/div>\r\n              <\/div>\r\n            <\/div>\r\n          <\/div>\r\n        <\/div>\r\n      <\/div>\r\n      <div data-colibri-id=\"3866-c22\" class=\"h-row-container gutters-row-lg-2 gutters-row-md-2 gutters-row-0 gutters-row-v-lg-2 gutters-row-v-md-2 gutters-row-v-2 style-1972 style-local-3866-c22 position-relative\">\r\n        <!---->\r\n        <div class=\"h-row justify-content-lg-center justify-content-md-center justify-content-center align-items-lg-stretch align-items-md-stretch align-items-stretch gutters-col-lg-2 gutters-col-md-2 gutters-col-0 gutters-col-v-lg-2 gutters-col-v-md-2 gutters-col-v-2\">\r\n          <!---->\r\n          <div class=\"h-column h-column-container d-flex h-col-lg-auto h-col-md-auto h-col-auto style-1973-outer style-local-3866-c23-outer\">\r\n            <div data-colibri-id=\"3866-c23\" class=\"d-flex h-flex-basis h-column__inner h-px-lg-2 h-px-md-2 h-px-2 v-inner-lg-2 v-inner-md-2 v-inner-2 style-1973 style-local-3866-c23 position-relative\">\r\n              <!---->\r\n              <!---->\r\n              <div class=\"w-100 h-y-container h-column__content h-column__v-align flex-basis-100 align-self-lg-start align-self-md-start align-self-start\">\r\n                <!---->\r\n                <div data-colibri-id=\"3866-c25\" class=\"h-x-container style-1975 style-local-3866-c25 position-relative h-element\">\r\n                  <!---->\r\n                  <div class=\"h-x-container-inner style-dynamic-3866-c25-group style-1975-spacing style-local-3866-c25-spacing\"><span class=\"h-button__outer style-1976-outer style-local-3866-c26-outer d-inline-flex h-element\"><a h-use-smooth-scroll=\"true\" href=\"https:\/\/apps.apple.com\/gr\/app\/audio-guide-paris\/id6471984315\" target=\"_blank\"  data-colibri-id=\"3866-c26\" class=\"d-flex w-100 align-items-center h-button justify-content-lg-center justify-content-md-center justify-content-center style-1976 style-local-3866-c26 position-relative\"><!----><!----> <span>apple store<\/span><\/a>\r\n                    <\/span>\r\n                  <\/div>\r\n                <\/div>\r\n              <\/div>\r\n            <\/div>\r\n          <\/div>\r\n          <div class=\"h-column h-column-container d-flex h-col-lg-auto h-col-md-auto h-col-auto style-1974-outer style-local-3866-c24-outer\">\r\n            <div data-colibri-id=\"3866-c24\" class=\"d-flex h-flex-basis h-column__inner h-px-lg-2 h-px-md-2 h-px-2 v-inner-lg-2 v-inner-md-2 v-inner-2 style-1974 style-local-3866-c24 position-relative\">\r\n              <!---->\r\n              <!---->\r\n              <div class=\"w-100 h-y-container h-column__content h-column__v-align flex-basis-100 align-self-lg-start align-self-md-start align-self-start\">\r\n                <!---->\r\n                <div data-colibri-id=\"3866-c27\" class=\"h-x-container style-1977 style-local-3866-c27 position-relative h-element\">\r\n                  <!---->\r\n                  <div class=\"h-x-container-inner style-dynamic-3866-c27-group style-1977-spacing style-local-3866-c27-spacing\"><span class=\"h-button__outer style-1978-outer style-local-3866-c28-outer d-inline-flex h-element\"><a h-use-smooth-scroll=\"true\" href=\"https:\/\/play.google.com\/store\/apps\/details?id=com.audioguides_paris\" target=\"_blank\"  data-colibri-id=\"3866-c28\" class=\"d-flex w-100 align-items-center h-button justify-content-lg-center justify-content-md-center justify-content-center style-1978 style-local-3866-c28 position-relative\"><!----><!----> <span>google play<\/span><\/a>\r\n                    <\/span>\r\n                  <\/div>\r\n                <\/div>\r\n              <\/div>\r\n            <\/div>\r\n          <\/div>\r\n        <\/div>\r\n      <\/div>\r\n    <\/div>\r\n  <\/div>\r\n<\/div>","protected":false},"excerpt":{"rendered":"<p>Walk: \u201cEurope \u2013 Monceau: Scandals, Artists &amp; Hidden Memories\u201d What if behind the stately fa\u00e7ades of the 8th arrondissement lay one of Paris\u2019s most romantic neighborhoods? Between Gare Saint-Lazare, Place de l\u2019Europe, Rue de Londres, and Parc Monceau, this walking tour takes you through a very chic Haussmannian setting\u2026 where you encounter brothels, forgotten slums, [&hellip;]<\/p>\n","protected":false},"author":1,"featured_media":0,"parent":0,"menu_order":0,"comment_status":"closed","ping_status":"closed","template":"page-templates\/full-width-page.php","meta":{"footnotes":""},"class_list":["post-3866","page","type-page","status-publish","hentry"],"yoast_head":"<!-- This site is optimized with the Yoast SEO plugin v26.6 - https:\/\/yoast.com\/wordpress\/plugins\/seo\/ -->\n<title>Europe - Audio Guide Paris<\/title>\n<meta name=\"description\" content=\"Explore Paris\u2019s Quartier de l\u2019Europe with our audio guide: Saint-Lazare area, Pont de l\u2019Europe and Haussmann-era streets. Self-guided walk with map.\" \/>\n<meta name=\"robots\" content=\"index, follow, max-snippet:-1, max-image-preview:large, max-video-preview:-1\" \/>\n<link rel=\"canonical\" href=\"https:\/\/audioguide-paris.com\/index.php\/en\/europe\/\" \/>\n<meta property=\"og:locale\" content=\"fr_FR\" \/>\n<meta property=\"og:type\" content=\"article\" \/>\n<meta property=\"og:title\" content=\"Europe - Audio Guide Paris\" \/>\n<meta property=\"og:description\" content=\"Explore Paris\u2019s Quartier de l\u2019Europe with our audio guide: Saint-Lazare area, Pont de l\u2019Europe and Haussmann-era streets. Self-guided walk with map.\" \/>\n<meta property=\"og:url\" content=\"https:\/\/audioguide-paris.com\/index.php\/en\/europe\/\" \/>\n<meta property=\"og:site_name\" content=\"Audio Guide Paris\" \/>\n<meta property=\"article:publisher\" content=\"https:\/\/www.facebook.com\/profile.php?id=61558434027122\" \/>\n<meta property=\"article:modified_time\" content=\"2026-02-27T15:43:10+00:00\" \/>\n<meta name=\"twitter:card\" content=\"summary_large_image\" \/>\n<meta name=\"twitter:label1\" content=\"Dur\u00e9e de lecture estim\u00e9e\" \/>\n\t<meta name=\"twitter:data1\" content=\"3 minutes\" \/>\n<script type=\"application\/ld+json\" class=\"yoast-schema-graph\">{\"@context\":\"https:\/\/schema.org\",\"@graph\":[{\"@type\":\"WebPage\",\"@id\":\"https:\/\/audioguide-paris.com\/index.php\/en\/europe\/\",\"url\":\"https:\/\/audioguide-paris.com\/index.php\/en\/europe\/\",\"name\":\"Europe - Audio Guide Paris\",\"isPartOf\":{\"@id\":\"https:\/\/audioguide-paris.com\/#website\"},\"datePublished\":\"2025-12-16T11:41:48+00:00\",\"dateModified\":\"2026-02-27T15:43:10+00:00\",\"description\":\"Explore Paris\u2019s Quartier de l\u2019Europe with our audio guide: Saint-Lazare area, Pont de l\u2019Europe and Haussmann-era streets. Self-guided walk with map.\",\"breadcrumb\":{\"@id\":\"https:\/\/audioguide-paris.com\/index.php\/en\/europe\/#breadcrumb\"},\"inLanguage\":\"fr-FR\",\"potentialAction\":[{\"@type\":\"ReadAction\",\"target\":[\"https:\/\/audioguide-paris.com\/index.php\/en\/europe\/\"]}]},{\"@type\":\"BreadcrumbList\",\"@id\":\"https:\/\/audioguide-paris.com\/index.php\/en\/europe\/#breadcrumb\",\"itemListElement\":[{\"@type\":\"ListItem\",\"position\":1,\"name\":\"Accueil\",\"item\":\"https:\/\/audioguide-paris.com\/\"},{\"@type\":\"ListItem\",\"position\":2,\"name\":\"europe\"}]},{\"@type\":\"WebSite\",\"@id\":\"https:\/\/audioguide-paris.com\/#website\",\"url\":\"https:\/\/audioguide-paris.com\/\",\"name\":\"Audio Guide Paris\",\"description\":\"D\u00e9couvrez les tr\u00e9sors de Paris en compagnie d\u2019un expert\",\"publisher\":{\"@id\":\"https:\/\/audioguide-paris.com\/#organization\"},\"potentialAction\":[{\"@type\":\"SearchAction\",\"target\":{\"@type\":\"EntryPoint\",\"urlTemplate\":\"https:\/\/audioguide-paris.com\/?s={search_term_string}\"},\"query-input\":{\"@type\":\"PropertyValueSpecification\",\"valueRequired\":true,\"valueName\":\"search_term_string\"}}],\"inLanguage\":\"fr-FR\"},{\"@type\":\"Organization\",\"@id\":\"https:\/\/audioguide-paris.com\/#organization\",\"name\":\"Audio Guide Paris\",\"url\":\"https:\/\/audioguide-paris.com\/\",\"logo\":{\"@type\":\"ImageObject\",\"inLanguage\":\"fr-FR\",\"@id\":\"https:\/\/audioguide-paris.com\/#\/schema\/logo\/image\/\",\"url\":\"https:\/\/audioguide-paris.com\/wp-content\/uploads\/2024\/04\/cropped-cropped-Logo-transparent.png\",\"contentUrl\":\"https:\/\/audioguide-paris.com\/wp-content\/uploads\/2024\/04\/cropped-cropped-Logo-transparent.png\",\"width\":898,\"height\":898,\"caption\":\"Audio Guide Paris\"},\"image\":{\"@id\":\"https:\/\/audioguide-paris.com\/#\/schema\/logo\/image\/\"},\"sameAs\":[\"https:\/\/www.facebook.com\/profile.php?id=61558434027122\",\"https:\/\/www.instagram.com\/audioguideparis\/\"]}]}<\/script>\n<!-- \/ Yoast SEO plugin. -->","yoast_head_json":{"title":"Europe - Audio Guide Paris","description":"Explore Paris\u2019s Quartier de l\u2019Europe with our audio guide: Saint-Lazare area, Pont de l\u2019Europe and Haussmann-era streets. Self-guided walk with map.","robots":{"index":"index","follow":"follow","max-snippet":"max-snippet:-1","max-image-preview":"max-image-preview:large","max-video-preview":"max-video-preview:-1"},"canonical":"https:\/\/audioguide-paris.com\/index.php\/en\/europe\/","og_locale":"fr_FR","og_type":"article","og_title":"Europe - Audio Guide Paris","og_description":"Explore Paris\u2019s Quartier de l\u2019Europe with our audio guide: Saint-Lazare area, Pont de l\u2019Europe and Haussmann-era streets. Self-guided walk with map.","og_url":"https:\/\/audioguide-paris.com\/index.php\/en\/europe\/","og_site_name":"Audio Guide Paris","article_publisher":"https:\/\/www.facebook.com\/profile.php?id=61558434027122","article_modified_time":"2026-02-27T15:43:10+00:00","twitter_card":"summary_large_image","twitter_misc":{"Dur\u00e9e de lecture estim\u00e9e":"3 minutes"},"schema":{"@context":"https:\/\/schema.org","@graph":[{"@type":"WebPage","@id":"https:\/\/audioguide-paris.com\/index.php\/en\/europe\/","url":"https:\/\/audioguide-paris.com\/index.php\/en\/europe\/","name":"Europe - Audio Guide Paris","isPartOf":{"@id":"https:\/\/audioguide-paris.com\/#website"},"datePublished":"2025-12-16T11:41:48+00:00","dateModified":"2026-02-27T15:43:10+00:00","description":"Explore Paris\u2019s Quartier de l\u2019Europe with our audio guide: Saint-Lazare area, Pont de l\u2019Europe and Haussmann-era streets. Self-guided walk with map.","breadcrumb":{"@id":"https:\/\/audioguide-paris.com\/index.php\/en\/europe\/#breadcrumb"},"inLanguage":"fr-FR","potentialAction":[{"@type":"ReadAction","target":["https:\/\/audioguide-paris.com\/index.php\/en\/europe\/"]}]},{"@type":"BreadcrumbList","@id":"https:\/\/audioguide-paris.com\/index.php\/en\/europe\/#breadcrumb","itemListElement":[{"@type":"ListItem","position":1,"name":"Accueil","item":"https:\/\/audioguide-paris.com\/"},{"@type":"ListItem","position":2,"name":"europe"}]},{"@type":"WebSite","@id":"https:\/\/audioguide-paris.com\/#website","url":"https:\/\/audioguide-paris.com\/","name":"Audio Guide Paris","description":"D\u00e9couvrez les tr\u00e9sors de Paris en compagnie d\u2019un expert","publisher":{"@id":"https:\/\/audioguide-paris.com\/#organization"},"potentialAction":[{"@type":"SearchAction","target":{"@type":"EntryPoint","urlTemplate":"https:\/\/audioguide-paris.com\/?s={search_term_string}"},"query-input":{"@type":"PropertyValueSpecification","valueRequired":true,"valueName":"search_term_string"}}],"inLanguage":"fr-FR"},{"@type":"Organization","@id":"https:\/\/audioguide-paris.com\/#organization","name":"Audio Guide Paris","url":"https:\/\/audioguide-paris.com\/","logo":{"@type":"ImageObject","inLanguage":"fr-FR","@id":"https:\/\/audioguide-paris.com\/#\/schema\/logo\/image\/","url":"https:\/\/audioguide-paris.com\/wp-content\/uploads\/2024\/04\/cropped-cropped-Logo-transparent.png","contentUrl":"https:\/\/audioguide-paris.com\/wp-content\/uploads\/2024\/04\/cropped-cropped-Logo-transparent.png","width":898,"height":898,"caption":"Audio Guide Paris"},"image":{"@id":"https:\/\/audioguide-paris.com\/#\/schema\/logo\/image\/"},"sameAs":["https:\/\/www.facebook.com\/profile.php?id=61558434027122","https:\/\/www.instagram.com\/audioguideparis\/"]}]}},"_links":{"self":[{"href":"https:\/\/audioguide-paris.com\/index.php\/wp-json\/wp\/v2\/pages\/3866","targetHints":{"allow":["GET"]}}],"collection":[{"href":"https:\/\/audioguide-paris.com\/index.php\/wp-json\/wp\/v2\/pages"}],"about":[{"href":"https:\/\/audioguide-paris.com\/index.php\/wp-json\/wp\/v2\/types\/page"}],"author":[{"embeddable":true,"href":"https:\/\/audioguide-paris.com\/index.php\/wp-json\/wp\/v2\/users\/1"}],"replies":[{"embeddable":true,"href":"https:\/\/audioguide-paris.com\/index.php\/wp-json\/wp\/v2\/comments?post=3866"}],"version-history":[{"count":2,"href":"https:\/\/audioguide-paris.com\/index.php\/wp-json\/wp\/v2\/pages\/3866\/revisions"}],"predecessor-version":[{"id":3870,"href":"https:\/\/audioguide-paris.com\/index.php\/wp-json\/wp\/v2\/pages\/3866\/revisions\/3870"}],"wp:attachment":[{"href":"https:\/\/audioguide-paris.com\/index.php\/wp-json\/wp\/v2\/media?parent=3866"}],"curies":[{"name":"wp","href":"https:\/\/api.w.org\/{rel}","templated":true}]}}