{"id":3898,"date":"2025-12-16T13:11:03","date_gmt":"2025-12-16T12:11:03","guid":{"rendered":"https:\/\/audioguide-paris.com\/?page_id=3898"},"modified":"2026-04-03T10:26:57","modified_gmt":"2026-04-03T08:26:57","slug":"saint-germain-des-pres-2","status":"publish","type":"page","link":"https:\/\/audioguide-paris.com\/index.php\/en\/saint-germain-des-pres-2\/","title":{"rendered":"Saint Germain des pr\u00e8s"},"content":{"rendered":"<div data-colibri-id=\"3898-c1\" class=\"style-2004 style-local-3898-c1 position-relative\">\r\n  <!---->\r\n  <div data-colibri-component=\"section\" data-colibri-id=\"3898-c2\" id=\"overlappable\" class=\"h-section h-section-global-spacing d-flex align-items-lg-center align-items-md-center align-items-center style-2005 style-local-3898-c2 position-relative\">\r\n    <!---->\r\n    <!---->\r\n    <div class=\"h-section-grid-container h-section-boxed-container\">\r\n      <!---->\r\n      <div data-colibri-id=\"3898-c3\" class=\"h-row-container gutters-row-lg-0 gutters-row-md-0 gutters-row-0 gutters-row-v-lg-0 gutters-row-v-md-0 gutters-row-v-0 style-2006 style-local-3898-c3 position-relative\">\r\n        <!---->\r\n        <div class=\"h-row justify-content-lg-center justify-content-md-center justify-content-center align-items-lg-stretch align-items-md-stretch align-items-stretch gutters-col-lg-0 gutters-col-md-0 gutters-col-0 gutters-col-v-lg-0 gutters-col-v-md-0 gutters-col-v-0\">\r\n          <!---->\r\n          <div class=\"h-column h-column-container d-flex h-col-lg-auto h-col-md-auto h-col-auto style-2007-outer style-local-3898-c4-outer\">\r\n            <div data-colibri-id=\"3898-c4\" class=\"d-flex h-flex-basis h-column__inner h-ui-empty-state-container h-px-lg-0 h-px-md-0 h-px-0 v-inner-lg-0 v-inner-md-0 v-inner-0 style-2007 style-local-3898-c4 position-relative\">\r\n              <!---->\r\n              <!---->\r\n              <div class=\"w-100 h-y-container h-column__content h-column__v-align flex-basis-100\">\r\n                <!---->\r\n              <\/div>\r\n            <\/div>\r\n          <\/div>\r\n          <div class=\"h-column h-column-container d-flex h-col-lg-auto h-col-md-auto h-col-auto style-2008-outer style-local-3898-c5-outer\">\r\n            <div data-colibri-id=\"3898-c5\" class=\"d-flex h-flex-basis h-column__inner h-px-lg-2 h-px-md-2 h-px-2 v-inner-lg-2 v-inner-md-2 v-inner-2 style-2008 style-local-3898-c5 position-relative\">\r\n              <!---->\r\n              <!---->\r\n              <div class=\"w-100 h-y-container h-column__content h-column__v-align flex-basis-100 align-self-lg-center align-self-md-center align-self-center\">\r\n                <!---->\r\n                <div data-colibri-id=\"3898-c6\" class=\"h-global-transition-all h-heading style-2009 style-local-3898-c6 position-relative h-element\">\r\n                  <!---->\r\n                  <div class=\"h-heading__outer style-2009 style-local-3898-c6\">\r\n                    <!---->\r\n                    <!---->\r\n                    <h4 class=\"\">Walk: \u201cThe Secrets of Saint-Germain-des-Pr\u00e9s\u201d<\/h4>\r\n                  <\/div>\r\n                <\/div>\r\n                <div data-colibri-id=\"3898-c7\" class=\"h-text h-text-component style-2010 style-local-3898-c7 position-relative h-element\">\r\n                  <!---->\r\n                  <!---->\r\n                  <div class=\"\">\r\n                    <p>What if you left behind the clich\u00e9s of the Left Bank to dive into the real Saint-Germain, the one of plots, duels, writers\u2019 caf\u00e9s\u2026 and even the first tests of the guillotine? From the Fontaine Saint-Michel to the church of Saint-Germain-des-Pr\u00e9s,\r\n                      this walking tour takes you to the heart of a neighborhood where every terrace, cobbled courtyard, and fa\u00e7ade has something (very) surprising to reveal.<\/p>\r\n                    <p>Do you know where Paris\u2019s very first \u201czoo\u201d was located in the Middle Ages? Where the guillotine was first tested on straw bundles, then on live sheep? In which caf\u00e9 the very first real \u201ccoffee\u201d was served, a drink once considered almost\r\n                      suspicious\u2026 before becoming the official fuel of philosophers? The audio guide takes you from the Cour du Commerce Saint-Andr\u00e9 to the Procope, uncovering the bloody, funny, or brilliant stories that the fa\u00e7ades hint at but never\r\n                      explain.<\/p>\r\n                  <\/div>\r\n                <\/div>\r\n              <\/div>\r\n            <\/div>\r\n          <\/div>\r\n          <div class=\"h-column h-column-container d-flex h-col-lg-auto h-col-md-auto h-col-auto style-2008-outer style-local-3898-c10-outer\">\r\n            <div data-colibri-id=\"3898-c10\" class=\"d-flex h-flex-basis h-column__inner h-px-lg-2 h-px-md-2 h-px-2 v-inner-lg-2 v-inner-md-2 v-inner-2 style-2008 style-local-3898-c10 position-relative\">\r\n              <!---->\r\n              <!---->\r\n              <div class=\"w-100 h-y-container h-column__content h-column__v-align flex-basis-100 align-self-lg-center align-self-md-center align-self-center\">\r\n                <!---->\r\n                <div data-colibri-id=\"3898-c12\" class=\"h-text h-text-component style-2010 style-local-3898-c12 position-relative h-element\">\r\n                  <!---->\r\n                  <!---->\r\n                  <div class=\"\">\r\n                    <p>Next, you head toward the Seine: historic streets, the H\u00f4tel de la Monnaie, Condorcet statue, Institut de France, Pont des Arts\u2026 Behind this postcard-like scenery lie debates about slavery, dreams of a universal encyclopedia, love\r\n                      locks threatening to collapse a bridge, and the \u201cImmortals\u201d deciding the fate of the French language. You\u2019ll be shown where to look to spot details you would never notice on your own.<\/p>\r\n                    <p>Then the route becomes more intimate: Rue des Saints-P\u00e8res, duels at Pr\u00e9-aux-Clercs, Belmondo\u2019s mansion, Maison Gainsbourg turned into a pilgrimage site, Square Taras Shevchenko and Saint-Volodymyr Cathedral, anchoring Ukrainian history\r\n                      in the heart of Paris. The finale brings you back to the legendary Deux Magots and Caf\u00e9 de Flore, the church of Saint-Germain-des-Pr\u00e9s, and the statue of Diderot: existentialists, resistance fighters, philosophers, and novelists\r\n                      suddenly intersecting in the same landscape.<\/p>\r\n                    <p>\r\n                      <br>\r\n                    <\/p>\r\n                  <\/div>\r\n                <\/div>\r\n              <\/div>\r\n            <\/div>\r\n          <\/div>\r\n          <div class=\"h-column h-column-container d-flex h-col-lg-auto h-col-md-auto h-col-auto style-2013-outer style-local-3898-c15-outer\">\r\n            <div data-colibri-id=\"3898-c15\" class=\"d-flex h-flex-basis h-column__inner h-ui-empty-state-container h-px-lg-0 h-px-md-0 h-px-0 v-inner-lg-0 v-inner-md-0 v-inner-0 style-2013 style-local-3898-c15 position-relative\">\r\n              <!---->\r\n              <!---->\r\n              <div class=\"w-100 h-y-container h-column__content h-column__v-align flex-basis-100\">\r\n                <!---->\r\n              <\/div>\r\n            <\/div>\r\n          <\/div>\r\n        <\/div>\r\n      <\/div>\r\n      <div data-colibri-id=\"3898-c16\" class=\"h-row-container gutters-row-lg-2 gutters-row-md-2 gutters-row-0 gutters-row-v-lg-2 gutters-row-v-md-2 gutters-row-v-2 style-2014 style-local-3898-c16 position-relative\">\r\n        <!---->\r\n        <div class=\"h-row justify-content-lg-center justify-content-md-center justify-content-center align-items-lg-stretch align-items-md-stretch align-items-stretch gutters-col-lg-2 gutters-col-md-2 gutters-col-0 gutters-col-v-lg-2 gutters-col-v-md-2 gutters-col-v-2\">\r\n          <!---->\r\n          <div class=\"h-column h-column-container d-flex h-col-lg-auto h-col-md-auto h-col-auto style-2015-outer style-local-3898-c17-outer\">\r\n            <div data-colibri-id=\"3898-c17\" class=\"d-flex h-flex-basis h-column__inner h-px-lg-2 h-px-md-2 h-px-2 v-inner-lg-2 v-inner-md-2 v-inner-2 style-2015 style-local-3898-c17 position-relative\">\r\n              <!---->\r\n              <!---->\r\n              <div class=\"w-100 h-y-container h-column__content h-column__v-align flex-basis-100 align-self-lg-start align-self-md-start align-self-start\">\r\n                <!---->\r\n                <div data-colibri-id=\"3898-c18\" class=\"h-global-transition-all h-heading style-2016 style-local-3898-c18 position-relative h-element\">\r\n                  <!---->\r\n                  <div class=\"h-heading__outer style-2016 style-local-3898-c18\">\r\n                    <!---->\r\n                    <!---->\r\n                    <h3 class=\"\">During this visit, you will:<\/h3>\r\n                  <\/div>\r\n                <\/div>\r\n              <\/div>\r\n            <\/div>\r\n          <\/div>\r\n        <\/div>\r\n      <\/div>\r\n      <div data-colibri-id=\"3898-c19\" class=\"h-row-container gutters-row-lg-2 gutters-row-md-2 gutters-row-0 gutters-row-v-lg-2 gutters-row-v-md-2 gutters-row-v-2 style-2017 style-local-3898-c19 position-relative\">\r\n        <!---->\r\n        <div class=\"h-row justify-content-lg-center justify-content-md-center justify-content-center align-items-lg-stretch align-items-md-stretch align-items-stretch gutters-col-lg-2 gutters-col-md-2 gutters-col-0 gutters-col-v-lg-2 gutters-col-v-md-2 gutters-col-v-2\">\r\n          <!---->\r\n          <div class=\"h-column h-column-container d-flex h-col-lg-auto h-col-md-auto h-col-auto style-2018-outer style-local-3898-c20-outer\">\r\n            <div data-colibri-id=\"3898-c20\" class=\"d-flex h-flex-basis h-column__inner h-px-lg-2 h-px-md-2 h-px-2 v-inner-lg-2 v-inner-md-2 v-inner-2 style-2018 style-local-3898-c20 position-relative\">\r\n              <!---->\r\n              <!---->\r\n              <div class=\"w-100 h-y-container h-column__content h-column__v-align flex-basis-100 align-self-lg-start align-self-md-start align-self-start\">\r\n                <!---->\r\n                <div data-colibri-id=\"3898-c21\" class=\"h-text h-text-component style-2019 style-local-3898-c21 position-relative h-element\">\r\n                  <!---->\r\n                  <!---->\r\n                  <div class=\"\">\r\n                    <ul>\r\n                      <li>explore Saint-Germain-des-Pr\u00e9s on foot, from Fontaine Saint-Michel to Boulevard Saint-Germain and the church of Saint-Germain;\r\n                        <br>\r\n                        <br>\r\n                      <\/li>\r\n                      <li>discover unexpected anecdotes: first guillotine tests, the birth of Parisian coffee, famous duels, the Immortals of the French Academy, resistance caf\u00e9s, Maison Gainsbourg, and Ukrainian memory at the heart of Paris;\r\n                        <br>\r\n                        <br>\r\n                      <\/li>\r\n                      <li>enjoy iconic photo spots: Pont des Arts, Seine quays, cobbled courtyards, legendary caf\u00e9 fa\u00e7ades, and Saint-Germain-des-Pr\u00e9s church;\r\n                        <br>\r\n                        <br>\r\n                      <\/li>\r\n                      <li>experience an immersive, lively tour full of revelations, far from \u201ccatalog\u201d visits that barely scratch the surface.\r\n                        <br>\r\n                        <br>\r\n                      <\/li>\r\n                    <\/ul>\r\n                    <p>More than just a walk, it\u2019s a journey into the soul of the Left Bank: caf\u00e9s, ideas, revolutions, and songs intertwined.<\/p>\r\n                    <p><span style=\"font-weight: 400;\">Download the Audio Guide Paris app for free and unlock the full Secrets of Saint-Germain-des-Pr\u00e9s walking tour \u2014 the perfect way to discover this iconic neighborhood differently\u2026 and never see these caf\u00e9s and streets the same way again.<\/span><\/p>\r\n                  <\/div>\r\n                <\/div>\r\n              <\/div>\r\n            <\/div>\r\n          <\/div>\r\n        <\/div>\r\n      <\/div>\r\n      <div data-colibri-id=\"3898-c22\" class=\"h-row-container gutters-row-lg-2 gutters-row-md-2 gutters-row-0 gutters-row-v-lg-2 gutters-row-v-md-2 gutters-row-v-2 style-2020 style-local-3898-c22 position-relative\">\r\n        <!---->\r\n        <div class=\"h-row justify-content-lg-center justify-content-md-center justify-content-center align-items-lg-stretch align-items-md-stretch align-items-stretch gutters-col-lg-2 gutters-col-md-2 gutters-col-0 gutters-col-v-lg-2 gutters-col-v-md-2 gutters-col-v-2\">\r\n          <!---->\r\n          <div class=\"h-column h-column-container d-flex h-col-lg-auto h-col-md-auto h-col-auto style-2021-outer style-local-3898-c23-outer\">\r\n            <div data-colibri-id=\"3898-c23\" class=\"d-flex h-flex-basis h-column__inner h-px-lg-2 h-px-md-2 h-px-2 v-inner-lg-2 v-inner-md-2 v-inner-2 style-2021 style-local-3898-c23 position-relative\">\r\n              <!---->\r\n              <!---->\r\n              <div class=\"w-100 h-y-container h-column__content h-column__v-align flex-basis-100 align-self-lg-start align-self-md-start align-self-start\">\r\n                <!---->\r\n                <div data-colibri-id=\"3898-c25\" class=\"h-x-container style-2023 style-local-3898-c25 position-relative h-element\">\r\n                  <!---->\r\n                  <div class=\"h-x-container-inner style-dynamic-3898-c25-group style-2023-spacing style-local-3898-c25-spacing\"><span class=\"h-button__outer style-2024-outer style-local-3898-c26-outer d-inline-flex h-element\"><a h-use-smooth-scroll=\"true\" href=\"https:\/\/apps.apple.com\/gr\/app\/audio-guide-paris\/id6471984315\" target=\"_blank\"  data-colibri-id=\"3898-c26\" class=\"d-flex w-100 align-items-center h-button justify-content-lg-center justify-content-md-center justify-content-center style-2024 style-local-3898-c26 position-relative\"><!----><!----> <span>apple store<\/span><\/a>\r\n                    <\/span>\r\n                  <\/div>\r\n                <\/div>\r\n              <\/div>\r\n            <\/div>\r\n          <\/div>\r\n          <div class=\"h-column h-column-container d-flex h-col-lg-auto h-col-md-auto h-col-auto style-2022-outer style-local-3898-c24-outer\">\r\n            <div data-colibri-id=\"3898-c24\" class=\"d-flex h-flex-basis h-column__inner h-px-lg-2 h-px-md-2 h-px-2 v-inner-lg-2 v-inner-md-2 v-inner-2 style-2022 style-local-3898-c24 position-relative\">\r\n              <!---->\r\n              <!---->\r\n              <div class=\"w-100 h-y-container h-column__content h-column__v-align flex-basis-100 align-self-lg-start align-self-md-start align-self-start\">\r\n                <!---->\r\n                <div data-colibri-id=\"3898-c27\" class=\"h-x-container style-2025 style-local-3898-c27 position-relative h-element\">\r\n                  <!---->\r\n                  <div class=\"h-x-container-inner style-dynamic-3898-c27-group style-2025-spacing style-local-3898-c27-spacing\"><span class=\"h-button__outer style-2026-outer style-local-3898-c28-outer d-inline-flex h-element\"><a h-use-smooth-scroll=\"true\" href=\"https:\/\/play.google.com\/store\/apps\/details?id=com.audioguides_paris\" target=\"_blank\"  data-colibri-id=\"3898-c28\" class=\"d-flex w-100 align-items-center h-button justify-content-lg-center justify-content-md-center justify-content-center style-2026 style-local-3898-c28 position-relative\"><!----><!----> <span>google play<\/span><\/a>\r\n                    <\/span>\r\n                  <\/div>\r\n                <\/div>\r\n              <\/div>\r\n            <\/div>\r\n          <\/div>\r\n        <\/div>\r\n      <\/div>\r\n    <\/div>\r\n  <\/div>\r\n<\/div>","protected":false},"excerpt":{"rendered":"<p>Walk: \u201cThe Secrets of Saint-Germain-des-Pr\u00e9s\u201d What if you left behind the clich\u00e9s of the Left Bank to dive into the real Saint-Germain, the one of plots, duels, writers\u2019 caf\u00e9s\u2026 and even the first tests of the guillotine? From the Fontaine Saint-Michel to the church of Saint-Germain-des-Pr\u00e9s, this walking tour takes you to the heart of [&hellip;]<\/p>\n","protected":false},"author":1,"featured_media":0,"parent":0,"menu_order":0,"comment_status":"closed","ping_status":"closed","template":"page-templates\/full-width-page.php","meta":{"footnotes":""},"class_list":["post-3898","page","type-page","status-publish","hentry"],"yoast_head":"<!-- This site is optimized with the Yoast SEO plugin v26.6 - https:\/\/yoast.com\/wordpress\/plugins\/seo\/ -->\n<title>Saint Germain des pr\u00e8s - Audio Guide Paris<\/title>\n<meta name=\"description\" content=\"Explore Saint-Germain-des-Pr\u00e9s on a walking tour in Paris, from Fontaine Saint-Michel to Saint-Germain church. Discover writers\u2019 caf\u00e9s, hidden courtyards, duels, revolutions and Left Bank secrets.\" \/>\n<meta name=\"robots\" content=\"index, follow, max-snippet:-1, max-image-preview:large, max-video-preview:-1\" \/>\n<link rel=\"canonical\" href=\"https:\/\/audioguide-paris.com\/index.php\/en\/saint-germain-des-pres-2\/\" \/>\n<meta property=\"og:locale\" content=\"fr_FR\" \/>\n<meta property=\"og:type\" content=\"article\" \/>\n<meta property=\"og:title\" content=\"Saint Germain des pr\u00e8s - Audio Guide Paris\" \/>\n<meta property=\"og:description\" content=\"Explore Saint-Germain-des-Pr\u00e9s on a walking tour in Paris, from Fontaine Saint-Michel to Saint-Germain church. Discover writers\u2019 caf\u00e9s, hidden courtyards, duels, revolutions and Left Bank secrets.\" \/>\n<meta property=\"og:url\" content=\"https:\/\/audioguide-paris.com\/index.php\/en\/saint-germain-des-pres-2\/\" \/>\n<meta property=\"og:site_name\" content=\"Audio Guide Paris\" \/>\n<meta property=\"article:publisher\" content=\"https:\/\/www.facebook.com\/profile.php?id=61558434027122\" \/>\n<meta property=\"article:modified_time\" content=\"2026-04-03T08:26:57+00:00\" \/>\n<meta name=\"twitter:card\" content=\"summary_large_image\" \/>\n<meta name=\"twitter:label1\" content=\"Dur\u00e9e de lecture estim\u00e9e\" \/>\n\t<meta name=\"twitter:data1\" content=\"3 minutes\" \/>\n<script type=\"application\/ld+json\" class=\"yoast-schema-graph\">{\"@context\":\"https:\/\/schema.org\",\"@graph\":[{\"@type\":\"WebPage\",\"@id\":\"https:\/\/audioguide-paris.com\/index.php\/en\/saint-germain-des-pres-2\/\",\"url\":\"https:\/\/audioguide-paris.com\/index.php\/en\/saint-germain-des-pres-2\/\",\"name\":\"Saint Germain des pr\u00e8s - Audio Guide Paris\",\"isPartOf\":{\"@id\":\"https:\/\/audioguide-paris.com\/#website\"},\"datePublished\":\"2025-12-16T12:11:03+00:00\",\"dateModified\":\"2026-04-03T08:26:57+00:00\",\"description\":\"Explore Saint-Germain-des-Pr\u00e9s on a walking tour in Paris, from Fontaine Saint-Michel to Saint-Germain church. Discover writers\u2019 caf\u00e9s, hidden courtyards, duels, revolutions and Left Bank secrets.\",\"breadcrumb\":{\"@id\":\"https:\/\/audioguide-paris.com\/index.php\/en\/saint-germain-des-pres-2\/#breadcrumb\"},\"inLanguage\":\"fr-FR\",\"potentialAction\":[{\"@type\":\"ReadAction\",\"target\":[\"https:\/\/audioguide-paris.com\/index.php\/en\/saint-germain-des-pres-2\/\"]}]},{\"@type\":\"BreadcrumbList\",\"@id\":\"https:\/\/audioguide-paris.com\/index.php\/en\/saint-germain-des-pres-2\/#breadcrumb\",\"itemListElement\":[{\"@type\":\"ListItem\",\"position\":1,\"name\":\"Accueil\",\"item\":\"https:\/\/audioguide-paris.com\/\"},{\"@type\":\"ListItem\",\"position\":2,\"name\":\"Saint Germain des pr\u00e8s\"}]},{\"@type\":\"WebSite\",\"@id\":\"https:\/\/audioguide-paris.com\/#website\",\"url\":\"https:\/\/audioguide-paris.com\/\",\"name\":\"Audio Guide Paris\",\"description\":\"D\u00e9couvrez les tr\u00e9sors de Paris en compagnie d\u2019un expert\",\"publisher\":{\"@id\":\"https:\/\/audioguide-paris.com\/#organization\"},\"potentialAction\":[{\"@type\":\"SearchAction\",\"target\":{\"@type\":\"EntryPoint\",\"urlTemplate\":\"https:\/\/audioguide-paris.com\/?s={search_term_string}\"},\"query-input\":{\"@type\":\"PropertyValueSpecification\",\"valueRequired\":true,\"valueName\":\"search_term_string\"}}],\"inLanguage\":\"fr-FR\"},{\"@type\":\"Organization\",\"@id\":\"https:\/\/audioguide-paris.com\/#organization\",\"name\":\"Audio Guide Paris\",\"url\":\"https:\/\/audioguide-paris.com\/\",\"logo\":{\"@type\":\"ImageObject\",\"inLanguage\":\"fr-FR\",\"@id\":\"https:\/\/audioguide-paris.com\/#\/schema\/logo\/image\/\",\"url\":\"https:\/\/audioguide-paris.com\/wp-content\/uploads\/2024\/04\/cropped-cropped-Logo-transparent.png\",\"contentUrl\":\"https:\/\/audioguide-paris.com\/wp-content\/uploads\/2024\/04\/cropped-cropped-Logo-transparent.png\",\"width\":898,\"height\":898,\"caption\":\"Audio Guide Paris\"},\"image\":{\"@id\":\"https:\/\/audioguide-paris.com\/#\/schema\/logo\/image\/\"},\"sameAs\":[\"https:\/\/www.facebook.com\/profile.php?id=61558434027122\",\"https:\/\/www.instagram.com\/audioguideparis\/\"]}]}<\/script>\n<!-- \/ Yoast SEO plugin. -->","yoast_head_json":{"title":"Saint Germain des pr\u00e8s - Audio Guide Paris","description":"Explore Saint-Germain-des-Pr\u00e9s on a walking tour in Paris, from Fontaine Saint-Michel to Saint-Germain church. Discover writers\u2019 caf\u00e9s, hidden courtyards, duels, revolutions and Left Bank secrets.","robots":{"index":"index","follow":"follow","max-snippet":"max-snippet:-1","max-image-preview":"max-image-preview:large","max-video-preview":"max-video-preview:-1"},"canonical":"https:\/\/audioguide-paris.com\/index.php\/en\/saint-germain-des-pres-2\/","og_locale":"fr_FR","og_type":"article","og_title":"Saint Germain des pr\u00e8s - Audio Guide Paris","og_description":"Explore Saint-Germain-des-Pr\u00e9s on a walking tour in Paris, from Fontaine Saint-Michel to Saint-Germain church. Discover writers\u2019 caf\u00e9s, hidden courtyards, duels, revolutions and Left Bank secrets.","og_url":"https:\/\/audioguide-paris.com\/index.php\/en\/saint-germain-des-pres-2\/","og_site_name":"Audio Guide Paris","article_publisher":"https:\/\/www.facebook.com\/profile.php?id=61558434027122","article_modified_time":"2026-04-03T08:26:57+00:00","twitter_card":"summary_large_image","twitter_misc":{"Dur\u00e9e de lecture estim\u00e9e":"3 minutes"},"schema":{"@context":"https:\/\/schema.org","@graph":[{"@type":"WebPage","@id":"https:\/\/audioguide-paris.com\/index.php\/en\/saint-germain-des-pres-2\/","url":"https:\/\/audioguide-paris.com\/index.php\/en\/saint-germain-des-pres-2\/","name":"Saint Germain des pr\u00e8s - Audio Guide Paris","isPartOf":{"@id":"https:\/\/audioguide-paris.com\/#website"},"datePublished":"2025-12-16T12:11:03+00:00","dateModified":"2026-04-03T08:26:57+00:00","description":"Explore Saint-Germain-des-Pr\u00e9s on a walking tour in Paris, from Fontaine Saint-Michel to Saint-Germain church. Discover writers\u2019 caf\u00e9s, hidden courtyards, duels, revolutions and Left Bank secrets.","breadcrumb":{"@id":"https:\/\/audioguide-paris.com\/index.php\/en\/saint-germain-des-pres-2\/#breadcrumb"},"inLanguage":"fr-FR","potentialAction":[{"@type":"ReadAction","target":["https:\/\/audioguide-paris.com\/index.php\/en\/saint-germain-des-pres-2\/"]}]},{"@type":"BreadcrumbList","@id":"https:\/\/audioguide-paris.com\/index.php\/en\/saint-germain-des-pres-2\/#breadcrumb","itemListElement":[{"@type":"ListItem","position":1,"name":"Accueil","item":"https:\/\/audioguide-paris.com\/"},{"@type":"ListItem","position":2,"name":"Saint Germain des pr\u00e8s"}]},{"@type":"WebSite","@id":"https:\/\/audioguide-paris.com\/#website","url":"https:\/\/audioguide-paris.com\/","name":"Audio Guide Paris","description":"D\u00e9couvrez les tr\u00e9sors de Paris en compagnie d\u2019un expert","publisher":{"@id":"https:\/\/audioguide-paris.com\/#organization"},"potentialAction":[{"@type":"SearchAction","target":{"@type":"EntryPoint","urlTemplate":"https:\/\/audioguide-paris.com\/?s={search_term_string}"},"query-input":{"@type":"PropertyValueSpecification","valueRequired":true,"valueName":"search_term_string"}}],"inLanguage":"fr-FR"},{"@type":"Organization","@id":"https:\/\/audioguide-paris.com\/#organization","name":"Audio Guide Paris","url":"https:\/\/audioguide-paris.com\/","logo":{"@type":"ImageObject","inLanguage":"fr-FR","@id":"https:\/\/audioguide-paris.com\/#\/schema\/logo\/image\/","url":"https:\/\/audioguide-paris.com\/wp-content\/uploads\/2024\/04\/cropped-cropped-Logo-transparent.png","contentUrl":"https:\/\/audioguide-paris.com\/wp-content\/uploads\/2024\/04\/cropped-cropped-Logo-transparent.png","width":898,"height":898,"caption":"Audio Guide Paris"},"image":{"@id":"https:\/\/audioguide-paris.com\/#\/schema\/logo\/image\/"},"sameAs":["https:\/\/www.facebook.com\/profile.php?id=61558434027122","https:\/\/www.instagram.com\/audioguideparis\/"]}]}},"_links":{"self":[{"href":"https:\/\/audioguide-paris.com\/index.php\/wp-json\/wp\/v2\/pages\/3898","targetHints":{"allow":["GET"]}}],"collection":[{"href":"https:\/\/audioguide-paris.com\/index.php\/wp-json\/wp\/v2\/pages"}],"about":[{"href":"https:\/\/audioguide-paris.com\/index.php\/wp-json\/wp\/v2\/types\/page"}],"author":[{"embeddable":true,"href":"https:\/\/audioguide-paris.com\/index.php\/wp-json\/wp\/v2\/users\/1"}],"replies":[{"embeddable":true,"href":"https:\/\/audioguide-paris.com\/index.php\/wp-json\/wp\/v2\/comments?post=3898"}],"version-history":[{"count":3,"href":"https:\/\/audioguide-paris.com\/index.php\/wp-json\/wp\/v2\/pages\/3898\/revisions"}],"predecessor-version":[{"id":3903,"href":"https:\/\/audioguide-paris.com\/index.php\/wp-json\/wp\/v2\/pages\/3898\/revisions\/3903"}],"wp:attachment":[{"href":"https:\/\/audioguide-paris.com\/index.php\/wp-json\/wp\/v2\/media?parent=3898"}],"curies":[{"name":"wp","href":"https:\/\/api.w.org\/{rel}","templated":true}]}}