{"id":3932,"date":"2025-12-16T13:41:29","date_gmt":"2025-12-16T12:41:29","guid":{"rendered":"https:\/\/audioguide-paris.com\/?page_id=3932"},"modified":"2026-04-03T10:14:51","modified_gmt":"2026-04-03T08:14:51","slug":"madeleine","status":"publish","type":"page","link":"https:\/\/audioguide-paris.com\/index.php\/en\/madeleine\/","title":{"rendered":"Madeleine"},"content":{"rendered":"<div data-colibri-id=\"3932-c1\" class=\"style-2052 style-local-3932-c1 position-relative\">\r\n  <!---->\r\n  <div data-colibri-component=\"section\" data-colibri-id=\"3932-c2\" id=\"overlappable\" class=\"h-section h-section-global-spacing d-flex align-items-lg-center align-items-md-center align-items-center style-2053 style-local-3932-c2 position-relative\">\r\n    <!---->\r\n    <!---->\r\n    <div class=\"h-section-grid-container h-section-boxed-container\">\r\n      <!---->\r\n      <div data-colibri-id=\"3932-c3\" class=\"h-row-container gutters-row-lg-0 gutters-row-md-0 gutters-row-0 gutters-row-v-lg-0 gutters-row-v-md-0 gutters-row-v-0 style-2054 style-local-3932-c3 position-relative\">\r\n        <!---->\r\n        <div class=\"h-row justify-content-lg-center justify-content-md-center justify-content-center align-items-lg-stretch align-items-md-stretch align-items-stretch gutters-col-lg-0 gutters-col-md-0 gutters-col-0 gutters-col-v-lg-0 gutters-col-v-md-0 gutters-col-v-0\">\r\n          <!---->\r\n          <div class=\"h-column h-column-container d-flex h-col-lg-auto h-col-md-auto h-col-auto style-2055-outer style-local-3932-c4-outer\">\r\n            <div data-colibri-id=\"3932-c4\" class=\"d-flex h-flex-basis h-column__inner h-ui-empty-state-container h-px-lg-0 h-px-md-0 h-px-0 v-inner-lg-0 v-inner-md-0 v-inner-0 style-2055 style-local-3932-c4 position-relative\">\r\n              <!---->\r\n              <!---->\r\n              <div class=\"w-100 h-y-container h-column__content h-column__v-align flex-basis-100\">\r\n                <!---->\r\n              <\/div>\r\n            <\/div>\r\n          <\/div>\r\n          <div class=\"h-column h-column-container d-flex h-col-lg-auto h-col-md-auto h-col-auto style-2056-outer style-local-3932-c5-outer\">\r\n            <div data-colibri-id=\"3932-c5\" class=\"d-flex h-flex-basis h-column__inner h-px-lg-2 h-px-md-2 h-px-2 v-inner-lg-2 v-inner-md-2 v-inner-2 style-2056 style-local-3932-c5 position-relative\">\r\n              <!---->\r\n              <!---->\r\n              <div class=\"w-100 h-y-container h-column__content h-column__v-align flex-basis-100 align-self-lg-center align-self-md-center align-self-center\">\r\n                <!---->\r\n                <div data-colibri-id=\"3932-c6\" class=\"h-global-transition-all h-heading style-2057 style-local-3932-c6 position-relative h-element\">\r\n                  <!---->\r\n                  <div class=\"h-heading__outer style-2057 style-local-3932-c6\">\r\n                    <!---->\r\n                    <!---->\r\n                    <h4 class=\"\">Walk: \u201cBehind the Scenes of La Madeleine, Place de la Concorde &amp; the \u00c9lys\u00e9e\u201d<\/h4>\r\n                  <\/div>\r\n                <\/div>\r\n                <div data-colibri-id=\"3932-c7\" class=\"h-text h-text-component style-2058 style-local-3932-c7 position-relative h-element\">\r\n                  <!---->\r\n                  <!---->\r\n                  <div class=\"\">\r\n                    <p>What if the Madeleine district was more than just luxury shop windows, Ladur\u00e9e macarons, and five-star hotels? Between the monumental church, Place de la Concorde, Rue du Faubourg Saint-Honor\u00e9, and the \u00c9lys\u00e9e Palace, this walking tour\r\n                      takes you to the heart of French power, major revolutions\u2026 and some completely improbable stories playing out behind the Haussmannian fa\u00e7ades.<\/p>\r\n                    <p>You\u2019ll discover how a simple chic square almost became the starting point of a coup d\u2019\u00e9tat: General Boulanger, supported by a crowd ready to march on the \u00c9lys\u00e9e\u2026 who instead preferred to order lunch at Place de la Madeleine. You\u2019ll\r\n                      also learn why the Church of La Madeleine looks like a pagan temple celebrating Napoleon\u2019s victories, how it later became a \u201csimple\u201d church again, and what now hides beneath its columns: a discreet restaurant offering solidarity\r\n                      meals at symbolic prices.<\/p>\r\n                    <p>\r\n                      <br>\r\n                    <\/p>\r\n                  <\/div>\r\n                <\/div>\r\n              <\/div>\r\n            <\/div>\r\n          <\/div>\r\n          <div class=\"h-column h-column-container d-flex h-col-lg-auto h-col-md-auto h-col-auto style-2056-outer style-local-3932-c10-outer\">\r\n            <div data-colibri-id=\"3932-c10\" class=\"d-flex h-flex-basis h-column__inner h-px-lg-2 h-px-md-2 h-px-2 v-inner-lg-2 v-inner-md-2 v-inner-2 style-2056 style-local-3932-c10 position-relative\">\r\n              <!---->\r\n              <!---->\r\n              <div class=\"w-100 h-y-container h-column__content h-column__v-align flex-basis-100 align-self-lg-center align-self-md-center align-self-center\">\r\n                <!---->\r\n                <div data-colibri-id=\"3932-c12\" class=\"h-text h-text-component style-2058 style-local-3932-c12 position-relative h-element\">\r\n                  <!---->\r\n                  <!---->\r\n                  <div class=\"\">\r\n                    <p>In just a few streets, the tour takes you from the sweetness of the first Ladur\u00e9e macarons to the sultry nights of Maxim\u2019s: courtesans upstairs, legendary clients, Proust watching it all, Birkin and Gainsbourg on their first date\u2026\r\n                      The audio guide also reveals what was signed at 1 Rue Royale between Benjamin Franklin and French diplomacy, and how this Parisian sidewalk corner changed the destiny of the United States.<\/p>\r\n                    <p>At Place de la Concorde, postcards suddenly take on another dimension: guillotine, the Reign of Terror, executions of Louis XVI, Olympe de Gouges, and Robespierre; then the Luxor Obelisk arrives, thanks to a technical feat, its baboons\r\n                      \u201ccensored\u201d along the way for being too\u2026 anatomically explicit. You\u2019ll learn the hidden history of the H\u00f4tel de Crillon: peace treaties, heads of state on the balcony, and the 1998 French World Cup celebrations above a cheering crowd.<\/p>\r\n                    <p>Then comes the Faubourg Saint-Honor\u00e9 and the beating heart of power: the American and British embassies, secret mansions, the \u00c9lys\u00e9e Palace where Madame de Pompadour, Napoleon, and presidents of the Fifth Republic crossed paths\u2026 up\r\n                      to the peculiar king cake, without a bean or crown, shared each year to prevent the president from becoming king, even jokingly.<\/p>\r\n                  <\/div>\r\n                <\/div>\r\n              <\/div>\r\n            <\/div>\r\n          <\/div>\r\n          <div class=\"h-column h-column-container d-flex h-col-lg-auto h-col-md-auto h-col-auto style-2061-outer style-local-3932-c15-outer\">\r\n            <div data-colibri-id=\"3932-c15\" class=\"d-flex h-flex-basis h-column__inner h-ui-empty-state-container h-px-lg-0 h-px-md-0 h-px-0 v-inner-lg-0 v-inner-md-0 v-inner-0 style-2061 style-local-3932-c15 position-relative\">\r\n              <!---->\r\n              <!---->\r\n              <div class=\"w-100 h-y-container h-column__content h-column__v-align flex-basis-100\">\r\n                <!---->\r\n              <\/div>\r\n            <\/div>\r\n          <\/div>\r\n        <\/div>\r\n      <\/div>\r\n      <div data-colibri-id=\"3932-c16\" class=\"h-row-container gutters-row-lg-2 gutters-row-md-2 gutters-row-0 gutters-row-v-lg-2 gutters-row-v-md-2 gutters-row-v-2 style-2062 style-local-3932-c16 position-relative\">\r\n        <!---->\r\n        <div class=\"h-row justify-content-lg-center justify-content-md-center justify-content-center align-items-lg-stretch align-items-md-stretch align-items-stretch gutters-col-lg-2 gutters-col-md-2 gutters-col-0 gutters-col-v-lg-2 gutters-col-v-md-2 gutters-col-v-2\">\r\n          <!---->\r\n          <div class=\"h-column h-column-container d-flex h-col-lg-auto h-col-md-auto h-col-auto style-2063-outer style-local-3932-c17-outer\">\r\n            <div data-colibri-id=\"3932-c17\" class=\"d-flex h-flex-basis h-column__inner h-px-lg-2 h-px-md-2 h-px-2 v-inner-lg-2 v-inner-md-2 v-inner-2 style-2063 style-local-3932-c17 position-relative\">\r\n              <!---->\r\n              <!---->\r\n              <div class=\"w-100 h-y-container h-column__content h-column__v-align flex-basis-100 align-self-lg-start align-self-md-start align-self-start\">\r\n                <!---->\r\n                <div data-colibri-id=\"3932-c18\" class=\"h-global-transition-all h-heading style-2064 style-local-3932-c18 position-relative h-element\">\r\n                  <!---->\r\n                  <div class=\"h-heading__outer style-2064 style-local-3932-c18\">\r\n                    <!---->\r\n                    <!---->\r\n                    <h3 class=\"\">During this visit, you will:<\/h3>\r\n                  <\/div>\r\n                <\/div>\r\n              <\/div>\r\n            <\/div>\r\n          <\/div>\r\n        <\/div>\r\n      <\/div>\r\n      <div data-colibri-id=\"3932-c19\" class=\"h-row-container gutters-row-lg-2 gutters-row-md-2 gutters-row-0 gutters-row-v-lg-2 gutters-row-v-md-2 gutters-row-v-2 style-2065 style-local-3932-c19 position-relative\">\r\n        <!---->\r\n        <div class=\"h-row justify-content-lg-center justify-content-md-center justify-content-center align-items-lg-stretch align-items-md-stretch align-items-stretch gutters-col-lg-2 gutters-col-md-2 gutters-col-0 gutters-col-v-lg-2 gutters-col-v-md-2 gutters-col-v-2\">\r\n          <!---->\r\n          <div class=\"h-column h-column-container d-flex h-col-lg-auto h-col-md-auto h-col-auto style-2066-outer style-local-3932-c20-outer\">\r\n            <div data-colibri-id=\"3932-c20\" class=\"d-flex h-flex-basis h-column__inner h-px-lg-2 h-px-md-2 h-px-2 v-inner-lg-2 v-inner-md-2 v-inner-2 style-2066 style-local-3932-c20 position-relative\">\r\n              <!---->\r\n              <!---->\r\n              <div class=\"w-100 h-y-container h-column__content h-column__v-align flex-basis-100 align-self-lg-start align-self-md-start align-self-start\">\r\n                <!---->\r\n                <div data-colibri-id=\"3932-c21\" class=\"h-text h-text-component style-2067 style-local-3932-c21 position-relative h-element\">\r\n                  <!---->\r\n                  <!---->\r\n                  <div class=\"\">\r\n                    <p>\r\n                      <br>\r\n                    <\/p>\r\n                    <ul>\r\n                      <li>discover surprising anecdotes: a foiled coup over lunch, a Napoleonic temple turned church, a founding treaty with Benjamin Franklin, guillotine and \u201ccensored\u201d obelisk, behind-the-scenes at Maxim\u2019s, and the \u00c9lys\u00e9e\u2019s beanless king\r\n                        cake;\r\n                        <br>\r\n                        <br>\r\n                      <\/li>\r\n                      <li>enjoy iconic photo spots: the Madeleine fa\u00e7ade, elegant shop windows, Luxor Obelisk, Concorde fountains, private mansions, and perspectives toward the \u00c9lys\u00e9e;\r\n                        <br>\r\n                        <br>\r\n                      <\/li>\r\n                      <li>experience an immersive, elegant tour full of revelations, far from \u201ccatalog\u201d visits that merely name monuments without telling their stories.<\/li>\r\n                    <\/ul>\r\n                    <p>More than a chic stroll, it\u2019s a dive into Paris of power, pleasure, and historical turning points\u2014where every address has a secret to share.<\/p>\r\n                    <p><span style=\"font-weight: 400;\">Download the Audio Guide Paris app for free and unlock the full walking tour of the Madeleine district \u2014 perfect for seeing Place de la Concorde, Rue du Faubourg Saint-Honor\u00e9, and the \u00c9lys\u00e9e differently\u2026 and taking home stories that others won\u2019t know.explore the Madeleine district on foot, from the church to Place de la Concorde, then along Rue du Faubourg Saint-Honor\u00e9 to the gates of the \u00c9lys\u00e9e;<\/span><\/p>\r\n                    <p>\r\n                      <br>\r\n                    <\/p>\r\n                    <p>\r\n                      <br>\r\n                    <\/p>\r\n                  <\/div>\r\n                <\/div>\r\n              <\/div>\r\n            <\/div>\r\n          <\/div>\r\n        <\/div>\r\n      <\/div>\r\n      <div data-colibri-id=\"3932-c22\" class=\"h-row-container gutters-row-lg-2 gutters-row-md-2 gutters-row-0 gutters-row-v-lg-2 gutters-row-v-md-2 gutters-row-v-2 style-2068 style-local-3932-c22 position-relative\">\r\n        <!---->\r\n        <div class=\"h-row justify-content-lg-center justify-content-md-center justify-content-center align-items-lg-stretch align-items-md-stretch align-items-stretch gutters-col-lg-2 gutters-col-md-2 gutters-col-0 gutters-col-v-lg-2 gutters-col-v-md-2 gutters-col-v-2\">\r\n          <!---->\r\n          <div class=\"h-column h-column-container d-flex h-col-lg-auto h-col-md-auto h-col-auto style-2069-outer style-local-3932-c23-outer\">\r\n            <div data-colibri-id=\"3932-c23\" class=\"d-flex h-flex-basis h-column__inner h-px-lg-2 h-px-md-2 h-px-2 v-inner-lg-2 v-inner-md-2 v-inner-2 style-2069 style-local-3932-c23 position-relative\">\r\n              <!---->\r\n              <!---->\r\n              <div class=\"w-100 h-y-container h-column__content h-column__v-align flex-basis-100 align-self-lg-start align-self-md-start align-self-start\">\r\n                <!---->\r\n                <div data-colibri-id=\"3932-c25\" class=\"h-x-container style-2071 style-local-3932-c25 position-relative h-element\">\r\n                  <!---->\r\n                  <div class=\"h-x-container-inner style-dynamic-3932-c25-group style-2071-spacing style-local-3932-c25-spacing\"><span class=\"h-button__outer style-2072-outer style-local-3932-c26-outer d-inline-flex h-element\"><a h-use-smooth-scroll=\"true\" href=\"https:\/\/apps.apple.com\/gr\/app\/audio-guide-paris\/id6471984315\" target=\"_blank\"  data-colibri-id=\"3932-c26\" class=\"d-flex w-100 align-items-center h-button justify-content-lg-center justify-content-md-center justify-content-center style-2072 style-local-3932-c26 position-relative\"><!----><!----> <span>apple store<\/span><\/a>\r\n                    <\/span>\r\n                  <\/div>\r\n                <\/div>\r\n              <\/div>\r\n            <\/div>\r\n          <\/div>\r\n          <div class=\"h-column h-column-container d-flex h-col-lg-auto h-col-md-auto h-col-auto style-2070-outer style-local-3932-c24-outer\">\r\n            <div data-colibri-id=\"3932-c24\" class=\"d-flex h-flex-basis h-column__inner h-px-lg-2 h-px-md-2 h-px-2 v-inner-lg-2 v-inner-md-2 v-inner-2 style-2070 style-local-3932-c24 position-relative\">\r\n              <!---->\r\n              <!---->\r\n              <div class=\"w-100 h-y-container h-column__content h-column__v-align flex-basis-100 align-self-lg-start align-self-md-start align-self-start\">\r\n                <!---->\r\n                <div data-colibri-id=\"3932-c27\" class=\"h-x-container style-2073 style-local-3932-c27 position-relative h-element\">\r\n                  <!---->\r\n                  <div class=\"h-x-container-inner style-dynamic-3932-c27-group style-2073-spacing style-local-3932-c27-spacing\"><span class=\"h-button__outer style-2074-outer style-local-3932-c28-outer d-inline-flex h-element\"><a h-use-smooth-scroll=\"true\" href=\"https:\/\/play.google.com\/store\/apps\/details?id=com.audioguides_paris\" target=\"_blank\"  data-colibri-id=\"3932-c28\" class=\"d-flex w-100 align-items-center h-button justify-content-lg-center justify-content-md-center justify-content-center style-2074 style-local-3932-c28 position-relative\"><!----><!----> <span>google store<\/span><\/a>\r\n                    <\/span>\r\n                  <\/div>\r\n                <\/div>\r\n              <\/div>\r\n            <\/div>\r\n          <\/div>\r\n        <\/div>\r\n      <\/div>\r\n    <\/div>\r\n  <\/div>\r\n<\/div>","protected":false},"excerpt":{"rendered":"<p>Walk: \u201cBehind the Scenes of La Madeleine, Place de la Concorde &amp; the \u00c9lys\u00e9e\u201d What if the Madeleine district was more than just luxury shop windows, Ladur\u00e9e macarons, and five-star hotels? Between the monumental church, Place de la Concorde, Rue du Faubourg Saint-Honor\u00e9, and the \u00c9lys\u00e9e Palace, this walking tour takes you to the heart [&hellip;]<\/p>\n","protected":false},"author":1,"featured_media":0,"parent":0,"menu_order":0,"comment_status":"closed","ping_status":"closed","template":"page-templates\/full-width-page.php","meta":{"footnotes":""},"class_list":["post-3932","page","type-page","status-publish","hentry"],"yoast_head":"<!-- This site is optimized with the Yoast SEO plugin v26.6 - https:\/\/yoast.com\/wordpress\/plugins\/seo\/ -->\n<title>Madeleine - Audio Guide Paris<\/title>\n<meta name=\"description\" content=\"Explore Madeleine, Place de la Concorde and the \u00c9lys\u00e9e on a Paris walking tour. Discover French power, Revolution stories, hidden addresses and iconic landmarks with Audio Guide Paris.\" \/>\n<meta name=\"robots\" content=\"index, follow, max-snippet:-1, max-image-preview:large, max-video-preview:-1\" \/>\n<link rel=\"canonical\" href=\"https:\/\/audioguide-paris.com\/index.php\/en\/madeleine\/\" \/>\n<meta property=\"og:locale\" content=\"fr_FR\" \/>\n<meta property=\"og:type\" content=\"article\" \/>\n<meta property=\"og:title\" content=\"Madeleine - Audio Guide Paris\" \/>\n<meta property=\"og:description\" content=\"Explore Madeleine, Place de la Concorde and the \u00c9lys\u00e9e on a Paris walking tour. Discover French power, Revolution stories, hidden addresses and iconic landmarks with Audio Guide Paris.\" \/>\n<meta property=\"og:url\" content=\"https:\/\/audioguide-paris.com\/index.php\/en\/madeleine\/\" \/>\n<meta property=\"og:site_name\" content=\"Audio Guide Paris\" \/>\n<meta property=\"article:publisher\" content=\"https:\/\/www.facebook.com\/profile.php?id=61558434027122\" \/>\n<meta property=\"article:modified_time\" content=\"2026-04-03T08:14:51+00:00\" \/>\n<meta name=\"twitter:card\" content=\"summary_large_image\" \/>\n<meta name=\"twitter:label1\" content=\"Dur\u00e9e de lecture estim\u00e9e\" \/>\n\t<meta name=\"twitter:data1\" content=\"3 minutes\" \/>\n<script type=\"application\/ld+json\" class=\"yoast-schema-graph\">{\"@context\":\"https:\/\/schema.org\",\"@graph\":[{\"@type\":\"WebPage\",\"@id\":\"https:\/\/audioguide-paris.com\/index.php\/en\/madeleine\/\",\"url\":\"https:\/\/audioguide-paris.com\/index.php\/en\/madeleine\/\",\"name\":\"Madeleine - Audio Guide Paris\",\"isPartOf\":{\"@id\":\"https:\/\/audioguide-paris.com\/#website\"},\"datePublished\":\"2025-12-16T12:41:29+00:00\",\"dateModified\":\"2026-04-03T08:14:51+00:00\",\"description\":\"Explore Madeleine, Place de la Concorde and the \u00c9lys\u00e9e on a Paris walking tour. Discover French power, Revolution stories, hidden addresses and iconic landmarks with Audio Guide Paris.\",\"breadcrumb\":{\"@id\":\"https:\/\/audioguide-paris.com\/index.php\/en\/madeleine\/#breadcrumb\"},\"inLanguage\":\"fr-FR\",\"potentialAction\":[{\"@type\":\"ReadAction\",\"target\":[\"https:\/\/audioguide-paris.com\/index.php\/en\/madeleine\/\"]}]},{\"@type\":\"BreadcrumbList\",\"@id\":\"https:\/\/audioguide-paris.com\/index.php\/en\/madeleine\/#breadcrumb\",\"itemListElement\":[{\"@type\":\"ListItem\",\"position\":1,\"name\":\"Accueil\",\"item\":\"https:\/\/audioguide-paris.com\/\"},{\"@type\":\"ListItem\",\"position\":2,\"name\":\"Madeleine\"}]},{\"@type\":\"WebSite\",\"@id\":\"https:\/\/audioguide-paris.com\/#website\",\"url\":\"https:\/\/audioguide-paris.com\/\",\"name\":\"Audio Guide Paris\",\"description\":\"D\u00e9couvrez les tr\u00e9sors de Paris en compagnie d\u2019un expert\",\"publisher\":{\"@id\":\"https:\/\/audioguide-paris.com\/#organization\"},\"potentialAction\":[{\"@type\":\"SearchAction\",\"target\":{\"@type\":\"EntryPoint\",\"urlTemplate\":\"https:\/\/audioguide-paris.com\/?s={search_term_string}\"},\"query-input\":{\"@type\":\"PropertyValueSpecification\",\"valueRequired\":true,\"valueName\":\"search_term_string\"}}],\"inLanguage\":\"fr-FR\"},{\"@type\":\"Organization\",\"@id\":\"https:\/\/audioguide-paris.com\/#organization\",\"name\":\"Audio Guide Paris\",\"url\":\"https:\/\/audioguide-paris.com\/\",\"logo\":{\"@type\":\"ImageObject\",\"inLanguage\":\"fr-FR\",\"@id\":\"https:\/\/audioguide-paris.com\/#\/schema\/logo\/image\/\",\"url\":\"https:\/\/audioguide-paris.com\/wp-content\/uploads\/2024\/04\/cropped-cropped-Logo-transparent.png\",\"contentUrl\":\"https:\/\/audioguide-paris.com\/wp-content\/uploads\/2024\/04\/cropped-cropped-Logo-transparent.png\",\"width\":898,\"height\":898,\"caption\":\"Audio Guide Paris\"},\"image\":{\"@id\":\"https:\/\/audioguide-paris.com\/#\/schema\/logo\/image\/\"},\"sameAs\":[\"https:\/\/www.facebook.com\/profile.php?id=61558434027122\",\"https:\/\/www.instagram.com\/audioguideparis\/\"]}]}<\/script>\n<!-- \/ Yoast SEO plugin. -->","yoast_head_json":{"title":"Madeleine - Audio Guide Paris","description":"Explore Madeleine, Place de la Concorde and the \u00c9lys\u00e9e on a Paris walking tour. Discover French power, Revolution stories, hidden addresses and iconic landmarks with Audio Guide Paris.","robots":{"index":"index","follow":"follow","max-snippet":"max-snippet:-1","max-image-preview":"max-image-preview:large","max-video-preview":"max-video-preview:-1"},"canonical":"https:\/\/audioguide-paris.com\/index.php\/en\/madeleine\/","og_locale":"fr_FR","og_type":"article","og_title":"Madeleine - Audio Guide Paris","og_description":"Explore Madeleine, Place de la Concorde and the \u00c9lys\u00e9e on a Paris walking tour. Discover French power, Revolution stories, hidden addresses and iconic landmarks with Audio Guide Paris.","og_url":"https:\/\/audioguide-paris.com\/index.php\/en\/madeleine\/","og_site_name":"Audio Guide Paris","article_publisher":"https:\/\/www.facebook.com\/profile.php?id=61558434027122","article_modified_time":"2026-04-03T08:14:51+00:00","twitter_card":"summary_large_image","twitter_misc":{"Dur\u00e9e de lecture estim\u00e9e":"3 minutes"},"schema":{"@context":"https:\/\/schema.org","@graph":[{"@type":"WebPage","@id":"https:\/\/audioguide-paris.com\/index.php\/en\/madeleine\/","url":"https:\/\/audioguide-paris.com\/index.php\/en\/madeleine\/","name":"Madeleine - Audio Guide Paris","isPartOf":{"@id":"https:\/\/audioguide-paris.com\/#website"},"datePublished":"2025-12-16T12:41:29+00:00","dateModified":"2026-04-03T08:14:51+00:00","description":"Explore Madeleine, Place de la Concorde and the \u00c9lys\u00e9e on a Paris walking tour. Discover French power, Revolution stories, hidden addresses and iconic landmarks with Audio Guide Paris.","breadcrumb":{"@id":"https:\/\/audioguide-paris.com\/index.php\/en\/madeleine\/#breadcrumb"},"inLanguage":"fr-FR","potentialAction":[{"@type":"ReadAction","target":["https:\/\/audioguide-paris.com\/index.php\/en\/madeleine\/"]}]},{"@type":"BreadcrumbList","@id":"https:\/\/audioguide-paris.com\/index.php\/en\/madeleine\/#breadcrumb","itemListElement":[{"@type":"ListItem","position":1,"name":"Accueil","item":"https:\/\/audioguide-paris.com\/"},{"@type":"ListItem","position":2,"name":"Madeleine"}]},{"@type":"WebSite","@id":"https:\/\/audioguide-paris.com\/#website","url":"https:\/\/audioguide-paris.com\/","name":"Audio Guide Paris","description":"D\u00e9couvrez les tr\u00e9sors de Paris en compagnie d\u2019un expert","publisher":{"@id":"https:\/\/audioguide-paris.com\/#organization"},"potentialAction":[{"@type":"SearchAction","target":{"@type":"EntryPoint","urlTemplate":"https:\/\/audioguide-paris.com\/?s={search_term_string}"},"query-input":{"@type":"PropertyValueSpecification","valueRequired":true,"valueName":"search_term_string"}}],"inLanguage":"fr-FR"},{"@type":"Organization","@id":"https:\/\/audioguide-paris.com\/#organization","name":"Audio Guide Paris","url":"https:\/\/audioguide-paris.com\/","logo":{"@type":"ImageObject","inLanguage":"fr-FR","@id":"https:\/\/audioguide-paris.com\/#\/schema\/logo\/image\/","url":"https:\/\/audioguide-paris.com\/wp-content\/uploads\/2024\/04\/cropped-cropped-Logo-transparent.png","contentUrl":"https:\/\/audioguide-paris.com\/wp-content\/uploads\/2024\/04\/cropped-cropped-Logo-transparent.png","width":898,"height":898,"caption":"Audio Guide Paris"},"image":{"@id":"https:\/\/audioguide-paris.com\/#\/schema\/logo\/image\/"},"sameAs":["https:\/\/www.facebook.com\/profile.php?id=61558434027122","https:\/\/www.instagram.com\/audioguideparis\/"]}]}},"_links":{"self":[{"href":"https:\/\/audioguide-paris.com\/index.php\/wp-json\/wp\/v2\/pages\/3932","targetHints":{"allow":["GET"]}}],"collection":[{"href":"https:\/\/audioguide-paris.com\/index.php\/wp-json\/wp\/v2\/pages"}],"about":[{"href":"https:\/\/audioguide-paris.com\/index.php\/wp-json\/wp\/v2\/types\/page"}],"author":[{"embeddable":true,"href":"https:\/\/audioguide-paris.com\/index.php\/wp-json\/wp\/v2\/users\/1"}],"replies":[{"embeddable":true,"href":"https:\/\/audioguide-paris.com\/index.php\/wp-json\/wp\/v2\/comments?post=3932"}],"version-history":[{"count":2,"href":"https:\/\/audioguide-paris.com\/index.php\/wp-json\/wp\/v2\/pages\/3932\/revisions"}],"predecessor-version":[{"id":3936,"href":"https:\/\/audioguide-paris.com\/index.php\/wp-json\/wp\/v2\/pages\/3932\/revisions\/3936"}],"wp:attachment":[{"href":"https:\/\/audioguide-paris.com\/index.php\/wp-json\/wp\/v2\/media?parent=3932"}],"curies":[{"name":"wp","href":"https:\/\/api.w.org\/{rel}","templated":true}]}}