{"id":3948,"date":"2025-12-16T13:53:00","date_gmt":"2025-12-16T12:53:00","guid":{"rendered":"https:\/\/audioguide-paris.com\/?page_id=3948"},"modified":"2026-04-03T10:07:05","modified_gmt":"2026-04-03T08:07:05","slug":"jardin-des-plantes-2","status":"publish","type":"page","link":"https:\/\/audioguide-paris.com\/index.php\/en\/jardin-des-plantes-2\/","title":{"rendered":"Jardin des plantes"},"content":{"rendered":"<div data-colibri-id=\"3948-c1\" class=\"style-2076 style-local-3948-c1 position-relative\">\r\n  <!---->\r\n  <div data-colibri-component=\"section\" data-colibri-id=\"3948-c2\" id=\"overlappable\" class=\"h-section h-section-global-spacing d-flex align-items-lg-center align-items-md-center align-items-center style-2077 style-local-3948-c2 position-relative\">\r\n    <!---->\r\n    <!---->\r\n    <div class=\"h-section-grid-container h-section-boxed-container\">\r\n      <!---->\r\n      <div data-colibri-id=\"3948-c3\" class=\"h-row-container gutters-row-lg-0 gutters-row-md-0 gutters-row-0 gutters-row-v-lg-0 gutters-row-v-md-0 gutters-row-v-0 style-2078 style-local-3948-c3 position-relative\">\r\n        <!---->\r\n        <div class=\"h-row justify-content-lg-center justify-content-md-center justify-content-center align-items-lg-stretch align-items-md-stretch align-items-stretch gutters-col-lg-0 gutters-col-md-0 gutters-col-0 gutters-col-v-lg-0 gutters-col-v-md-0 gutters-col-v-0\">\r\n          <!---->\r\n          <div class=\"h-column h-column-container d-flex h-col-lg-auto h-col-md-auto h-col-auto style-2079-outer style-local-3948-c4-outer\">\r\n            <div data-colibri-id=\"3948-c4\" class=\"d-flex h-flex-basis h-column__inner h-ui-empty-state-container h-px-lg-0 h-px-md-0 h-px-0 v-inner-lg-0 v-inner-md-0 v-inner-0 style-2079 style-local-3948-c4 position-relative\">\r\n              <!---->\r\n              <!---->\r\n              <div class=\"w-100 h-y-container h-column__content h-column__v-align flex-basis-100\">\r\n                <!---->\r\n              <\/div>\r\n            <\/div>\r\n          <\/div>\r\n          <div class=\"h-column h-column-container d-flex h-col-lg-auto h-col-md-auto h-col-auto style-2080-outer style-local-3948-c5-outer\">\r\n            <div data-colibri-id=\"3948-c5\" class=\"d-flex h-flex-basis h-column__inner h-px-lg-2 h-px-md-2 h-px-2 v-inner-lg-2 v-inner-md-2 v-inner-2 style-2080 style-local-3948-c5 position-relative\">\r\n              <!---->\r\n              <!---->\r\n              <div class=\"w-100 h-y-container h-column__content h-column__v-align flex-basis-100 align-self-lg-center align-self-md-center align-self-center\">\r\n                <!---->\r\n                <div data-colibri-id=\"3948-c6\" class=\"h-global-transition-all h-heading style-2081 style-local-3948-c6 position-relative h-element\">\r\n                  <!---->\r\n                  <div class=\"h-heading__outer style-2081 style-local-3948-c6\">\r\n                    <!---->\r\n                    <!---->\r\n                    <h4 class=\"\">Walk \u201cThe Secrets of the Jardin des Plantes &amp; Rue Mouffetard\u201d<\/h4>\r\n                  <\/div>\r\n                <\/div>\r\n                <div data-colibri-id=\"3948-c7\" class=\"h-text h-text-component style-2082 style-local-3948-c7 position-relative h-element\">\r\n                  <!---->\r\n                  <!---->\r\n                  <div class=\"\">\r\n                    <p>What if, starting from a simple train station, you could travel through two thousand years of strange stories, hidden treasures, miracles\u2026 and frankly suspicious smells? From Austerlitz Station to Saint-M\u00e9dard Church, passing through\r\n                      the Jardin des Plantes, the Grand Mosque, the Ar\u00e8nes de Lut\u00e8ce, and Rue Mouffetard, this walk takes you along a continuous thread through the 5th arrondissement\u2014no loops or unnecessary detours, just a rich collection of secrets.<\/p>\r\n                    <p>Which scientific garden hides the world\u2019s largest sapphire, a cedar almost \u201cstolen\u201d from Lebanon, and a zoo right in the heart of Paris? How did the Grand Mosque save lives during World War II, far beyond its tea room and pastries?\r\n                      And why did the Ar\u00e8nes de Lut\u00e8ce, where gladiators and wild beasts once fought, disappear for over 1,500 years before being accidentally rediscovered beneath a bus depot?<\/p>\r\n                  <\/div>\r\n                <\/div>\r\n              <\/div>\r\n            <\/div>\r\n          <\/div>\r\n          <div class=\"h-column h-column-container d-flex h-col-lg-auto h-col-md-auto h-col-auto style-2080-outer style-local-3948-c10-outer\">\r\n            <div data-colibri-id=\"3948-c10\" class=\"d-flex h-flex-basis h-column__inner h-px-lg-2 h-px-md-2 h-px-2 v-inner-lg-2 v-inner-md-2 v-inner-2 style-2080 style-local-3948-c10 position-relative\">\r\n              <!---->\r\n              <!---->\r\n              <div class=\"w-100 h-y-container h-column__content h-column__v-align flex-basis-100 align-self-lg-center align-self-md-center align-self-center\">\r\n                <!---->\r\n                <div data-colibri-id=\"3948-c12\" class=\"h-text h-text-component style-2082 style-local-3948-c12 position-relative h-element\">\r\n                  <!---->\r\n                  <!---->\r\n                  <div class=\"\">\r\n                    <p>Further along, the route leads you to a neighborhood where street plaques honor mathematicians, poets, and philosophers: Monge, Pascal, Descartes, Benjamin Fondane\u2026 You\u2019ll learn why Fondane refused to be saved without his sister, what\r\n                      a menacing mascaron was meant to protect, and what \u201cI think, therefore I am\u201d truly means when standing in front of the house where it was written.<\/p>\r\n                    <p>The walk ends amidst the bustle of Place de la Contrescarpe, Rue Mouffetard, and Saint-M\u00e9dard Church: the mysterious origin of the name \u201cMouffetard\u201d (Roman hill or foul odors?), a treasure of over 3,300 gold coins found in a wall by\r\n                      workers, poet cabarets, the Marquis de Sade\u2019s bachelor pad, barricades from Les Mis\u00e9rables\u2026 and the famous \u201cconvulsions\u201d at Saint-M\u00e9dard Cemetery, where entire crowds went into trance in the 18th century.<\/p>\r\n                  <\/div>\r\n                <\/div>\r\n              <\/div>\r\n            <\/div>\r\n          <\/div>\r\n          <div class=\"h-column h-column-container d-flex h-col-lg-auto h-col-md-auto h-col-auto style-2085-outer style-local-3948-c15-outer\">\r\n            <div data-colibri-id=\"3948-c15\" class=\"d-flex h-flex-basis h-column__inner h-ui-empty-state-container h-px-lg-0 h-px-md-0 h-px-0 v-inner-lg-0 v-inner-md-0 v-inner-0 style-2085 style-local-3948-c15 position-relative\">\r\n              <!---->\r\n              <!---->\r\n              <div class=\"w-100 h-y-container h-column__content h-column__v-align flex-basis-100\">\r\n                <!---->\r\n              <\/div>\r\n            <\/div>\r\n          <\/div>\r\n        <\/div>\r\n      <\/div>\r\n      <div data-colibri-id=\"3948-c16\" class=\"h-row-container gutters-row-lg-2 gutters-row-md-2 gutters-row-0 gutters-row-v-lg-2 gutters-row-v-md-2 gutters-row-v-2 style-2086 style-local-3948-c16 position-relative\">\r\n        <!---->\r\n        <div class=\"h-row justify-content-lg-center justify-content-md-center justify-content-center align-items-lg-stretch align-items-md-stretch align-items-stretch gutters-col-lg-2 gutters-col-md-2 gutters-col-0 gutters-col-v-lg-2 gutters-col-v-md-2 gutters-col-v-2\">\r\n          <!---->\r\n          <div class=\"h-column h-column-container d-flex h-col-lg-auto h-col-md-auto h-col-auto style-2087-outer style-local-3948-c17-outer\">\r\n            <div data-colibri-id=\"3948-c17\" class=\"d-flex h-flex-basis h-column__inner h-px-lg-2 h-px-md-2 h-px-2 v-inner-lg-2 v-inner-md-2 v-inner-2 style-2087 style-local-3948-c17 position-relative\">\r\n              <!---->\r\n              <!---->\r\n              <div class=\"w-100 h-y-container h-column__content h-column__v-align flex-basis-100 align-self-lg-start align-self-md-start align-self-start\">\r\n                <!---->\r\n                <div data-colibri-id=\"3948-c18\" class=\"h-global-transition-all h-heading style-2088 style-local-3948-c18 position-relative h-element\">\r\n                  <!---->\r\n                  <div class=\"h-heading__outer style-2088 style-local-3948-c18\">\r\n                    <!---->\r\n                    <!---->\r\n                    <h3 class=\"\">During this visit, you will:<\/h3>\r\n                  <\/div>\r\n                <\/div>\r\n              <\/div>\r\n            <\/div>\r\n          <\/div>\r\n        <\/div>\r\n      <\/div>\r\n      <div data-colibri-id=\"3948-c19\" class=\"h-row-container gutters-row-lg-2 gutters-row-md-2 gutters-row-0 gutters-row-v-lg-2 gutters-row-v-md-2 gutters-row-v-2 style-2089 style-local-3948-c19 position-relative\">\r\n        <!---->\r\n        <div class=\"h-row justify-content-lg-center justify-content-md-center justify-content-center align-items-lg-stretch align-items-md-stretch align-items-stretch gutters-col-lg-2 gutters-col-md-2 gutters-col-0 gutters-col-v-lg-2 gutters-col-v-md-2 gutters-col-v-2\">\r\n          <!---->\r\n          <div class=\"h-column h-column-container d-flex h-col-lg-auto h-col-md-auto h-col-auto style-2090-outer style-local-3948-c20-outer\">\r\n            <div data-colibri-id=\"3948-c20\" class=\"d-flex h-flex-basis h-column__inner h-px-lg-2 h-px-md-2 h-px-2 v-inner-lg-2 v-inner-md-2 v-inner-2 style-2090 style-local-3948-c20 position-relative\">\r\n              <!---->\r\n              <!---->\r\n              <div class=\"w-100 h-y-container h-column__content h-column__v-align flex-basis-100 align-self-lg-start align-self-md-start align-self-start\">\r\n                <!---->\r\n                <div data-colibri-id=\"3948-c21\" class=\"h-text h-text-component style-2091 style-local-3948-c21 position-relative h-element\">\r\n                  <!---->\r\n                  <!---->\r\n                  <div class=\"\">\r\n                    <ul>\r\n                      <li>Explore on foot the Jardin des Plantes area, from Austerlitz Station to Saint-M\u00e9dard Church, passing through the Garden, the Mosque, the Ar\u00e8nes, Rue Monge, and Rue Mouffetard;\r\n                        <br>\r\n                        <br>\r\n                      <\/li>\r\n                      <li>Discover incredible stories: a royal sapphire stolen and recovered, the mosque as a refuge, a lost ancient amphitheater, gold treasure hidden in a wall, writers and philosophers gathered in just a few cobbled streets;\r\n                        <br>\r\n                        <br>\r\n                      <\/li>\r\n                      <li>Learn to spot details often overlooked: decorated facades, discreet plaques, mascarons, ancient remnants, old shop signs, and traces of the vanished Bi\u00e8vre river;\r\n                        <br>\r\n                        <br>\r\n                      <\/li>\r\n                      <li>Enjoy iconic photo spots: the Jardin des Plantes alleys, Mosque patios, Ar\u00e8nes seating, Rue Rollin staircases, Place de la Contrescarpe, and Rue Mouffetard market.\r\n                        <br>\r\n                        <br>\r\n                      <\/li>\r\n                    <\/ul>\r\n                    <p>More than just a walk, it\u2019s a guided journey through a \u201cOld Paris\u201d full of life, science, faith, literature, and legends.<\/p>\r\n                    <p><span style=\"font-weight: 400;\">Download the Audio Guide Paris app for free and unlock this complete walk in the Jardin des Plantes area\u2014perfect for those who want to cross the 5th arrondissement in one go\u2026 while collecting treasures, mysteries, and unforgettable stories along the way.<\/span><\/p>\r\n                  <\/div>\r\n                <\/div>\r\n              <\/div>\r\n            <\/div>\r\n          <\/div>\r\n        <\/div>\r\n      <\/div>\r\n      <div data-colibri-id=\"3948-c22\" class=\"h-row-container gutters-row-lg-2 gutters-row-md-2 gutters-row-0 gutters-row-v-lg-2 gutters-row-v-md-2 gutters-row-v-2 style-2092 style-local-3948-c22 position-relative\">\r\n        <!---->\r\n        <div class=\"h-row justify-content-lg-center justify-content-md-center justify-content-center align-items-lg-stretch align-items-md-stretch align-items-stretch gutters-col-lg-2 gutters-col-md-2 gutters-col-0 gutters-col-v-lg-2 gutters-col-v-md-2 gutters-col-v-2\">\r\n          <!---->\r\n          <div class=\"h-column h-column-container d-flex h-col-lg-auto h-col-md-auto h-col-auto style-2093-outer style-local-3948-c23-outer\">\r\n            <div data-colibri-id=\"3948-c23\" class=\"d-flex h-flex-basis h-column__inner h-px-lg-2 h-px-md-2 h-px-2 v-inner-lg-2 v-inner-md-2 v-inner-2 style-2093 style-local-3948-c23 position-relative\">\r\n              <!---->\r\n              <!---->\r\n              <div class=\"w-100 h-y-container h-column__content h-column__v-align flex-basis-100 align-self-lg-start align-self-md-start align-self-start\">\r\n                <!---->\r\n                <div data-colibri-id=\"3948-c25\" class=\"h-x-container style-2095 style-local-3948-c25 position-relative h-element\">\r\n                  <!---->\r\n                  <div class=\"h-x-container-inner style-dynamic-3948-c25-group style-2095-spacing style-local-3948-c25-spacing\"><span class=\"h-button__outer style-2096-outer style-local-3948-c26-outer d-inline-flex h-element\"><a h-use-smooth-scroll=\"true\" href=\"https:\/\/apps.apple.com\/gr\/app\/audio-guide-paris\/id6471984315\" target=\"_blank\"  data-colibri-id=\"3948-c26\" class=\"d-flex w-100 align-items-center h-button justify-content-lg-center justify-content-md-center justify-content-center style-2096 style-local-3948-c26 position-relative\"><!----><!----> <span>apple store<\/span><\/a>\r\n                    <\/span>\r\n                  <\/div>\r\n                <\/div>\r\n              <\/div>\r\n            <\/div>\r\n          <\/div>\r\n          <div class=\"h-column h-column-container d-flex h-col-lg-auto h-col-md-auto h-col-auto style-2094-outer style-local-3948-c24-outer\">\r\n            <div data-colibri-id=\"3948-c24\" class=\"d-flex h-flex-basis h-column__inner h-px-lg-2 h-px-md-2 h-px-2 v-inner-lg-2 v-inner-md-2 v-inner-2 style-2094 style-local-3948-c24 position-relative\">\r\n              <!---->\r\n              <!---->\r\n              <div class=\"w-100 h-y-container h-column__content h-column__v-align flex-basis-100 align-self-lg-start align-self-md-start align-self-start\">\r\n                <!---->\r\n                <div data-colibri-id=\"3948-c27\" class=\"h-x-container style-2097 style-local-3948-c27 position-relative h-element\">\r\n                  <!---->\r\n                  <div class=\"h-x-container-inner style-dynamic-3948-c27-group style-2097-spacing style-local-3948-c27-spacing\"><span class=\"h-button__outer style-2098-outer style-local-3948-c28-outer d-inline-flex h-element\"><a h-use-smooth-scroll=\"true\" href=\"https:\/\/play.google.com\/store\/apps\/details?id=com.audioguides_paris\" target=\"_blank\"  data-colibri-id=\"3948-c28\" class=\"d-flex w-100 align-items-center h-button justify-content-lg-center justify-content-md-center justify-content-center style-2098 style-local-3948-c28 position-relative\"><!----><!----> <span>google play<\/span><\/a>\r\n                    <\/span>\r\n                  <\/div>\r\n                <\/div>\r\n              <\/div>\r\n            <\/div>\r\n          <\/div>\r\n        <\/div>\r\n      <\/div>\r\n    <\/div>\r\n  <\/div>\r\n<\/div>","protected":false},"excerpt":{"rendered":"<p>Walk \u201cThe Secrets of the Jardin des Plantes &amp; Rue Mouffetard\u201d What if, starting from a simple train station, you could travel through two thousand years of strange stories, hidden treasures, miracles\u2026 and frankly suspicious smells? From Austerlitz Station to Saint-M\u00e9dard Church, passing through the Jardin des Plantes, the Grand Mosque, the Ar\u00e8nes de Lut\u00e8ce, [&hellip;]<\/p>\n","protected":false},"author":1,"featured_media":0,"parent":0,"menu_order":0,"comment_status":"closed","ping_status":"closed","template":"page-templates\/full-width-page.php","meta":{"footnotes":""},"class_list":["post-3948","page","type-page","status-publish","hentry"],"yoast_head":"<!-- This site is optimized with the Yoast SEO plugin v26.6 - https:\/\/yoast.com\/wordpress\/plugins\/seo\/ -->\n<title>Jardin des plantes - Audio Guide Paris<\/title>\n<meta name=\"description\" content=\"Explore the Jardin des Plantes, Rue Mouffetard, the Grand Mosque and Ar\u00e8nes de Lut\u00e8ce with an audio guide in Paris. Discover hidden stories, legends and iconic spots in the 5th arrondissement.\" \/>\n<meta name=\"robots\" content=\"index, follow, max-snippet:-1, max-image-preview:large, max-video-preview:-1\" \/>\n<link rel=\"canonical\" href=\"https:\/\/audioguide-paris.com\/index.php\/en\/jardin-des-plantes-2\/\" \/>\n<meta property=\"og:locale\" content=\"fr_FR\" \/>\n<meta property=\"og:type\" content=\"article\" \/>\n<meta property=\"og:title\" content=\"Jardin des plantes - Audio Guide Paris\" \/>\n<meta property=\"og:description\" content=\"Explore the Jardin des Plantes, Rue Mouffetard, the Grand Mosque and Ar\u00e8nes de Lut\u00e8ce with an audio guide in Paris. Discover hidden stories, legends and iconic spots in the 5th arrondissement.\" \/>\n<meta property=\"og:url\" content=\"https:\/\/audioguide-paris.com\/index.php\/en\/jardin-des-plantes-2\/\" \/>\n<meta property=\"og:site_name\" content=\"Audio Guide Paris\" \/>\n<meta property=\"article:publisher\" content=\"https:\/\/www.facebook.com\/profile.php?id=61558434027122\" \/>\n<meta property=\"article:modified_time\" content=\"2026-04-03T08:07:05+00:00\" \/>\n<meta name=\"twitter:card\" content=\"summary_large_image\" \/>\n<meta name=\"twitter:label1\" content=\"Dur\u00e9e de lecture estim\u00e9e\" \/>\n\t<meta name=\"twitter:data1\" content=\"3 minutes\" \/>\n<script type=\"application\/ld+json\" class=\"yoast-schema-graph\">{\"@context\":\"https:\/\/schema.org\",\"@graph\":[{\"@type\":\"WebPage\",\"@id\":\"https:\/\/audioguide-paris.com\/index.php\/en\/jardin-des-plantes-2\/\",\"url\":\"https:\/\/audioguide-paris.com\/index.php\/en\/jardin-des-plantes-2\/\",\"name\":\"Jardin des plantes - Audio Guide Paris\",\"isPartOf\":{\"@id\":\"https:\/\/audioguide-paris.com\/#website\"},\"datePublished\":\"2025-12-16T12:53:00+00:00\",\"dateModified\":\"2026-04-03T08:07:05+00:00\",\"description\":\"Explore the Jardin des Plantes, Rue Mouffetard, the Grand Mosque and Ar\u00e8nes de Lut\u00e8ce with an audio guide in Paris. Discover hidden stories, legends and iconic spots in the 5th arrondissement.\",\"breadcrumb\":{\"@id\":\"https:\/\/audioguide-paris.com\/index.php\/en\/jardin-des-plantes-2\/#breadcrumb\"},\"inLanguage\":\"fr-FR\",\"potentialAction\":[{\"@type\":\"ReadAction\",\"target\":[\"https:\/\/audioguide-paris.com\/index.php\/en\/jardin-des-plantes-2\/\"]}]},{\"@type\":\"BreadcrumbList\",\"@id\":\"https:\/\/audioguide-paris.com\/index.php\/en\/jardin-des-plantes-2\/#breadcrumb\",\"itemListElement\":[{\"@type\":\"ListItem\",\"position\":1,\"name\":\"Accueil\",\"item\":\"https:\/\/audioguide-paris.com\/\"},{\"@type\":\"ListItem\",\"position\":2,\"name\":\"Jardin des plantes\"}]},{\"@type\":\"WebSite\",\"@id\":\"https:\/\/audioguide-paris.com\/#website\",\"url\":\"https:\/\/audioguide-paris.com\/\",\"name\":\"Audio Guide Paris\",\"description\":\"D\u00e9couvrez les tr\u00e9sors de Paris en compagnie d\u2019un expert\",\"publisher\":{\"@id\":\"https:\/\/audioguide-paris.com\/#organization\"},\"potentialAction\":[{\"@type\":\"SearchAction\",\"target\":{\"@type\":\"EntryPoint\",\"urlTemplate\":\"https:\/\/audioguide-paris.com\/?s={search_term_string}\"},\"query-input\":{\"@type\":\"PropertyValueSpecification\",\"valueRequired\":true,\"valueName\":\"search_term_string\"}}],\"inLanguage\":\"fr-FR\"},{\"@type\":\"Organization\",\"@id\":\"https:\/\/audioguide-paris.com\/#organization\",\"name\":\"Audio Guide Paris\",\"url\":\"https:\/\/audioguide-paris.com\/\",\"logo\":{\"@type\":\"ImageObject\",\"inLanguage\":\"fr-FR\",\"@id\":\"https:\/\/audioguide-paris.com\/#\/schema\/logo\/image\/\",\"url\":\"https:\/\/audioguide-paris.com\/wp-content\/uploads\/2024\/04\/cropped-cropped-Logo-transparent.png\",\"contentUrl\":\"https:\/\/audioguide-paris.com\/wp-content\/uploads\/2024\/04\/cropped-cropped-Logo-transparent.png\",\"width\":898,\"height\":898,\"caption\":\"Audio Guide Paris\"},\"image\":{\"@id\":\"https:\/\/audioguide-paris.com\/#\/schema\/logo\/image\/\"},\"sameAs\":[\"https:\/\/www.facebook.com\/profile.php?id=61558434027122\",\"https:\/\/www.instagram.com\/audioguideparis\/\"]}]}<\/script>\n<!-- \/ Yoast SEO plugin. -->","yoast_head_json":{"title":"Jardin des plantes - Audio Guide Paris","description":"Explore the Jardin des Plantes, Rue Mouffetard, the Grand Mosque and Ar\u00e8nes de Lut\u00e8ce with an audio guide in Paris. Discover hidden stories, legends and iconic spots in the 5th arrondissement.","robots":{"index":"index","follow":"follow","max-snippet":"max-snippet:-1","max-image-preview":"max-image-preview:large","max-video-preview":"max-video-preview:-1"},"canonical":"https:\/\/audioguide-paris.com\/index.php\/en\/jardin-des-plantes-2\/","og_locale":"fr_FR","og_type":"article","og_title":"Jardin des plantes - Audio Guide Paris","og_description":"Explore the Jardin des Plantes, Rue Mouffetard, the Grand Mosque and Ar\u00e8nes de Lut\u00e8ce with an audio guide in Paris. Discover hidden stories, legends and iconic spots in the 5th arrondissement.","og_url":"https:\/\/audioguide-paris.com\/index.php\/en\/jardin-des-plantes-2\/","og_site_name":"Audio Guide Paris","article_publisher":"https:\/\/www.facebook.com\/profile.php?id=61558434027122","article_modified_time":"2026-04-03T08:07:05+00:00","twitter_card":"summary_large_image","twitter_misc":{"Dur\u00e9e de lecture estim\u00e9e":"3 minutes"},"schema":{"@context":"https:\/\/schema.org","@graph":[{"@type":"WebPage","@id":"https:\/\/audioguide-paris.com\/index.php\/en\/jardin-des-plantes-2\/","url":"https:\/\/audioguide-paris.com\/index.php\/en\/jardin-des-plantes-2\/","name":"Jardin des plantes - Audio Guide Paris","isPartOf":{"@id":"https:\/\/audioguide-paris.com\/#website"},"datePublished":"2025-12-16T12:53:00+00:00","dateModified":"2026-04-03T08:07:05+00:00","description":"Explore the Jardin des Plantes, Rue Mouffetard, the Grand Mosque and Ar\u00e8nes de Lut\u00e8ce with an audio guide in Paris. Discover hidden stories, legends and iconic spots in the 5th arrondissement.","breadcrumb":{"@id":"https:\/\/audioguide-paris.com\/index.php\/en\/jardin-des-plantes-2\/#breadcrumb"},"inLanguage":"fr-FR","potentialAction":[{"@type":"ReadAction","target":["https:\/\/audioguide-paris.com\/index.php\/en\/jardin-des-plantes-2\/"]}]},{"@type":"BreadcrumbList","@id":"https:\/\/audioguide-paris.com\/index.php\/en\/jardin-des-plantes-2\/#breadcrumb","itemListElement":[{"@type":"ListItem","position":1,"name":"Accueil","item":"https:\/\/audioguide-paris.com\/"},{"@type":"ListItem","position":2,"name":"Jardin des plantes"}]},{"@type":"WebSite","@id":"https:\/\/audioguide-paris.com\/#website","url":"https:\/\/audioguide-paris.com\/","name":"Audio Guide Paris","description":"D\u00e9couvrez les tr\u00e9sors de Paris en compagnie d\u2019un expert","publisher":{"@id":"https:\/\/audioguide-paris.com\/#organization"},"potentialAction":[{"@type":"SearchAction","target":{"@type":"EntryPoint","urlTemplate":"https:\/\/audioguide-paris.com\/?s={search_term_string}"},"query-input":{"@type":"PropertyValueSpecification","valueRequired":true,"valueName":"search_term_string"}}],"inLanguage":"fr-FR"},{"@type":"Organization","@id":"https:\/\/audioguide-paris.com\/#organization","name":"Audio Guide Paris","url":"https:\/\/audioguide-paris.com\/","logo":{"@type":"ImageObject","inLanguage":"fr-FR","@id":"https:\/\/audioguide-paris.com\/#\/schema\/logo\/image\/","url":"https:\/\/audioguide-paris.com\/wp-content\/uploads\/2024\/04\/cropped-cropped-Logo-transparent.png","contentUrl":"https:\/\/audioguide-paris.com\/wp-content\/uploads\/2024\/04\/cropped-cropped-Logo-transparent.png","width":898,"height":898,"caption":"Audio Guide Paris"},"image":{"@id":"https:\/\/audioguide-paris.com\/#\/schema\/logo\/image\/"},"sameAs":["https:\/\/www.facebook.com\/profile.php?id=61558434027122","https:\/\/www.instagram.com\/audioguideparis\/"]}]}},"_links":{"self":[{"href":"https:\/\/audioguide-paris.com\/index.php\/wp-json\/wp\/v2\/pages\/3948","targetHints":{"allow":["GET"]}}],"collection":[{"href":"https:\/\/audioguide-paris.com\/index.php\/wp-json\/wp\/v2\/pages"}],"about":[{"href":"https:\/\/audioguide-paris.com\/index.php\/wp-json\/wp\/v2\/types\/page"}],"author":[{"embeddable":true,"href":"https:\/\/audioguide-paris.com\/index.php\/wp-json\/wp\/v2\/users\/1"}],"replies":[{"embeddable":true,"href":"https:\/\/audioguide-paris.com\/index.php\/wp-json\/wp\/v2\/comments?post=3948"}],"version-history":[{"count":2,"href":"https:\/\/audioguide-paris.com\/index.php\/wp-json\/wp\/v2\/pages\/3948\/revisions"}],"predecessor-version":[{"id":3952,"href":"https:\/\/audioguide-paris.com\/index.php\/wp-json\/wp\/v2\/pages\/3948\/revisions\/3952"}],"wp:attachment":[{"href":"https:\/\/audioguide-paris.com\/index.php\/wp-json\/wp\/v2\/media?parent=3948"}],"curies":[{"name":"wp","href":"https:\/\/api.w.org\/{rel}","templated":true}]}}