{"id":3998,"date":"2025-12-16T14:26:06","date_gmt":"2025-12-16T13:26:06","guid":{"rendered":"https:\/\/audioguide-paris.com\/?page_id=3998"},"modified":"2026-03-18T11:33:05","modified_gmt":"2026-03-18T10:33:05","slug":"ile-st-louis-2","status":"publish","type":"page","link":"https:\/\/audioguide-paris.com\/index.php\/en\/ile-st-louis-2\/","title":{"rendered":"Ile St Louis"},"content":{"rendered":"<div data-colibri-id=\"3998-c1\" class=\"style-2149 style-local-3998-c1 position-relative\">\r\n  <!---->\r\n  <div data-colibri-component=\"section\" data-colibri-id=\"3998-c2\" id=\"overlappable\" class=\"h-section h-section-global-spacing d-flex align-items-lg-center align-items-md-center align-items-center style-2150 style-local-3998-c2 position-relative\">\r\n    <!---->\r\n    <!---->\r\n    <div class=\"h-section-grid-container h-section-boxed-container\">\r\n      <!---->\r\n      <div data-colibri-id=\"3998-c3\" class=\"h-row-container gutters-row-lg-0 gutters-row-md-0 gutters-row-0 gutters-row-v-lg-0 gutters-row-v-md-0 gutters-row-v-0 style-2151 style-local-3998-c3 position-relative\">\r\n        <!---->\r\n        <div class=\"h-row justify-content-lg-center justify-content-md-center justify-content-center align-items-lg-stretch align-items-md-stretch align-items-stretch gutters-col-lg-0 gutters-col-md-0 gutters-col-0 gutters-col-v-lg-0 gutters-col-v-md-0 gutters-col-v-0\">\r\n          <!---->\r\n          <div class=\"h-column h-column-container d-flex h-col-lg-auto h-col-md-auto h-col-auto style-2152-outer style-local-3998-c4-outer\">\r\n            <div data-colibri-id=\"3998-c4\" class=\"d-flex h-flex-basis h-column__inner h-ui-empty-state-container h-px-lg-0 h-px-md-0 h-px-0 v-inner-lg-0 v-inner-md-0 v-inner-0 style-2152 style-local-3998-c4 position-relative\">\r\n              <!---->\r\n              <!---->\r\n              <div class=\"w-100 h-y-container h-column__content h-column__v-align flex-basis-100\">\r\n                <!---->\r\n              <\/div>\r\n            <\/div>\r\n          <\/div>\r\n          <div class=\"h-column h-column-container d-flex h-col-lg-auto h-col-md-auto h-col-auto style-2153-outer style-local-3998-c5-outer\">\r\n            <div data-colibri-id=\"3998-c5\" class=\"d-flex h-flex-basis h-column__inner h-px-lg-2 h-px-md-2 h-px-2 v-inner-lg-2 v-inner-md-2 v-inner-2 style-2153 style-local-3998-c5 position-relative\">\r\n              <!---->\r\n              <!---->\r\n              <div class=\"w-100 h-y-container h-column__content h-column__v-align flex-basis-100 align-self-lg-center align-self-md-center align-self-center\">\r\n                <!---->\r\n                <div data-colibri-id=\"3998-c6\" class=\"h-global-transition-all h-heading style-2154 style-local-3998-c6 position-relative h-element\">\r\n                  <!---->\r\n                  <div class=\"h-heading__outer style-2154 style-local-3998-c6\">\r\n                    <!---->\r\n                    <!---->\r\n                    <h4 class=\"\">Walk: \u201c\u00cele Saint-Louis: Hidden Palaces and Artificial Paradises\u201d<\/h4>\r\n                  <\/div>\r\n                <\/div>\r\n                <div data-colibri-id=\"3998-c7\" class=\"h-text h-text-component style-2155 style-local-3998-c7 position-relative h-element\">\r\n                  <!---->\r\n                  <!---->\r\n                  <div class=\"\">\r\n                    <p>What if you left the crowds of Notre-Dame behind to cross the bridge\u2026 and step into another time? Once nicknamed the \u201cIsland of Palaces,\u201d \u00cele Saint-Louis lines up 17th-century townhouses, quiet streets, and unchanged shops, while hiding\r\n                      behind its fa\u00e7ades deadly floods, decadent parties, hashish experiments, and political dramas.<\/p>\r\n                    <p>Along the walk, you\u2019ll discover why this small island honors Saint Louis, who came here to pray on the former \u201cCows\u2019 Island,\u201d and how its layout froze the Ancien R\u00e9gime society in stone: the quays for parliamentarians and nobility,\r\n                      the inner streets for artisans, merchants, and workers. The audio guide teaches you to read this social hierarchy in the architecture, street signs, and even quay names.<\/p>\r\n                    <p>Travel back in time on the Pont Marie, once lined with houses, where a 1658 flood tore away arches, fa\u00e7ades, and inhabitants overnight. Further along, behind a discreet fa\u00e7ade, the H\u00f4tel de Lauzun is revealed: incredible ceilings,\r\n                      hidden gilding, and above all the famous \u201cClub des Haschischins,\u201d where Gautier, Delacroix, Dumas, Flaubert, and Baudelaire experimented with artificial paradises before putting them on paper. Learn what really happened at these\r\n                      unusual dinners and what Baudelaire kept\u2014or didn\u2019t.<\/p>\r\n                  <\/div>\r\n                <\/div>\r\n              <\/div>\r\n            <\/div>\r\n          <\/div>\r\n          <div class=\"h-column h-column-container d-flex h-col-lg-auto h-col-md-auto h-col-auto style-2153-outer style-local-3998-c10-outer\">\r\n            <div data-colibri-id=\"3998-c10\" class=\"d-flex h-flex-basis h-column__inner h-px-lg-2 h-px-md-2 h-px-2 v-inner-lg-2 v-inner-md-2 v-inner-2 style-2153 style-local-3998-c10 position-relative\">\r\n              <!---->\r\n              <!---->\r\n              <div class=\"w-100 h-y-container h-column__content h-column__v-align flex-basis-100 align-self-lg-center align-self-md-center align-self-center\">\r\n                <!---->\r\n                <div data-colibri-id=\"3998-c12\" class=\"h-text h-text-component style-2155 style-local-3998-c12 position-relative h-element\">\r\n                  <!---->\r\n                  <!---->\r\n                  <div class=\"\">\r\n                    <p>Other townhouses include H\u00f4tel Lambert, Louis Le Vau\u2019s masterpiece passed from the Lamberts to the Rothschilds before being bought by Xavier Niel; H\u00f4tel Hesselin, demolished by Helena Rubinstein to build a massive mansion where Georges\r\n                      Pompidou would spend his final days; H\u00f4tel Chenizot, adorned with chimeras, satyrs, shells above the door, and a hidden sundial in the courtyard. You\u2019ll learn to spot details invisible if you simply stroll across the island for ice\r\n                      cream.<\/p>\r\n                    <p>At the heart of the island, Saint-Louis-en-l\u2019\u00cele Church, baroque and luminous, presents another series of mysteries: why was the church rooster lost in 2008 and never found? Who commissioned this church, and how did the neighborhood\r\n                      manage to impose its patron saint? And then there are the island\u2019s little delights: preserved shopfronts, wooden toys, the historic 17th-century restaurant \u201cAux Anysetiers du Roy,\u201d Berthillon ice cream, and legendary perfumes attracting\r\n                      gourmands from all over the world.<\/p>\r\n                    <p>The walk ends on the Quai de Bourbon: Camille Claudel\u2019s apartment, the nearly destroyed statue of Saint Nicholas by an overzealous revolutionary, Rue le Regrattier where Baudelaire lived with Jeanne Duval, his \u201cBlack Venus,\u201d and Place\r\n                      Louis Aragon, perched above the Seine with a view of \u00cele de la Cit\u00e9. Crossing the island via Pont Saint-Louis, the only link to \u00cele de la Cit\u00e9, you encounter a living theater of street musicians, dancers, and quick-sketch portraits\u2026\r\n                      with the apse of Notre-Dame as the backdrop.<\/p>\r\n                  <\/div>\r\n                <\/div>\r\n              <\/div>\r\n            <\/div>\r\n          <\/div>\r\n          <div class=\"h-column h-column-container d-flex h-col-lg-auto h-col-md-auto h-col-auto style-2158-outer style-local-3998-c15-outer\">\r\n            <div data-colibri-id=\"3998-c15\" class=\"d-flex h-flex-basis h-column__inner h-ui-empty-state-container h-px-lg-0 h-px-md-0 h-px-0 v-inner-lg-0 v-inner-md-0 v-inner-0 style-2158 style-local-3998-c15 position-relative\">\r\n              <!---->\r\n              <!---->\r\n              <div class=\"w-100 h-y-container h-column__content h-column__v-align flex-basis-100\">\r\n                <!---->\r\n              <\/div>\r\n            <\/div>\r\n          <\/div>\r\n        <\/div>\r\n      <\/div>\r\n      <div data-colibri-id=\"3998-c16\" class=\"h-row-container gutters-row-lg-2 gutters-row-md-2 gutters-row-0 gutters-row-v-lg-2 gutters-row-v-md-2 gutters-row-v-2 style-2159 style-local-3998-c16 position-relative\">\r\n        <!---->\r\n        <div class=\"h-row justify-content-lg-center justify-content-md-center justify-content-center align-items-lg-stretch align-items-md-stretch align-items-stretch gutters-col-lg-2 gutters-col-md-2 gutters-col-0 gutters-col-v-lg-2 gutters-col-v-md-2 gutters-col-v-2\">\r\n          <!---->\r\n          <div class=\"h-column h-column-container d-flex h-col-lg-auto h-col-md-auto h-col-auto style-2160-outer style-local-3998-c17-outer\">\r\n            <div data-colibri-id=\"3998-c17\" class=\"d-flex h-flex-basis h-column__inner h-px-lg-2 h-px-md-2 h-px-2 v-inner-lg-2 v-inner-md-2 v-inner-2 style-2160 style-local-3998-c17 position-relative\">\r\n              <!---->\r\n              <!---->\r\n              <div class=\"w-100 h-y-container h-column__content h-column__v-align flex-basis-100 align-self-lg-start align-self-md-start align-self-start\">\r\n                <!---->\r\n                <div data-colibri-id=\"3998-c18\" class=\"h-global-transition-all h-heading style-2161 style-local-3998-c18 position-relative h-element\">\r\n                  <!---->\r\n                  <div class=\"h-heading__outer style-2161 style-local-3998-c18\">\r\n                    <!---->\r\n                    <!---->\r\n                    <h3 class=\"\">During this visit, you will:<\/h3>\r\n                  <\/div>\r\n                <\/div>\r\n              <\/div>\r\n            <\/div>\r\n          <\/div>\r\n        <\/div>\r\n      <\/div>\r\n      <div data-colibri-id=\"3998-c19\" class=\"h-row-container gutters-row-lg-2 gutters-row-md-2 gutters-row-0 gutters-row-v-lg-2 gutters-row-v-md-2 gutters-row-v-2 style-2162 style-local-3998-c19 position-relative\">\r\n        <!---->\r\n        <div class=\"h-row justify-content-lg-center justify-content-md-center justify-content-center align-items-lg-stretch align-items-md-stretch align-items-stretch gutters-col-lg-2 gutters-col-md-2 gutters-col-0 gutters-col-v-lg-2 gutters-col-v-md-2 gutters-col-v-2\">\r\n          <!---->\r\n          <div class=\"h-column h-column-container d-flex h-col-lg-auto h-col-md-auto h-col-auto style-2163-outer style-local-3998-c20-outer\">\r\n            <div data-colibri-id=\"3998-c20\" class=\"d-flex h-flex-basis h-column__inner h-px-lg-2 h-px-md-2 h-px-2 v-inner-lg-2 v-inner-md-2 v-inner-2 style-2163 style-local-3998-c20 position-relative\">\r\n              <!---->\r\n              <!---->\r\n              <div class=\"w-100 h-y-container h-column__content h-column__v-align flex-basis-100 align-self-lg-start align-self-md-start align-self-start\">\r\n                <!---->\r\n                <div data-colibri-id=\"3998-c21\" class=\"h-text h-text-component style-2164 style-local-3998-c21 position-relative h-element\">\r\n                  <!---->\r\n                  <!---->\r\n                  <div class=\"\">\r\n                    <ul>\r\n                      <li>explore \u00cele Saint-Louis on foot, from Pont Marie to Pont Saint-Louis, including quays, townhouses, and shopping streets;\r\n                        <br>\r\n                        <br>\r\n                      <\/li>\r\n                      <li>discover astonishing anecdotes: collapsed bridge, Club des Haschischins, lost church rooster, high-society soir\u00e9es, a president\u2019s last breath, hidden lives of Baudelaire and Camille Claudel;\r\n                        <br>\r\n                        <br>\r\n                      <\/li>\r\n                      <li>learn to spot details invisible at first glance: hierarchical fa\u00e7ades, sculptures, sundials, mutilated statues, plaques telling another story of Paris;\r\n                        <br>\r\n                        <br>\r\n                      <\/li>\r\n                      <li>enjoy stunning photo spots: quays at sunset, Seine perspectives, cobbled courtyards, old shops, panoramic views from Place Louis Aragon and Pont Saint-Louis.\r\n                        <br>\r\n                        <br>\r\n                      <\/li>\r\n                    <\/ul>\r\n                    <p>More than a charming stroll, it\u2019s a gentle investigation into an island frozen in the 17th century\u2026 where every door might hide a poet, a legend, or a scandal.<\/p>\r\n                    <p><span style=\"font-weight: 400;\">Download the Audio Guide Paris app for free and enjoy the full \u201c\u00cele Saint-Louis: Hidden Palaces and Artificial Paradises\u201d walking tour \u2014 perfect for (re)discovering this Parisian gem, with all the stories passersby will never hear.<\/span><\/p>\r\n                  <\/div>\r\n                <\/div>\r\n              <\/div>\r\n            <\/div>\r\n          <\/div>\r\n        <\/div>\r\n      <\/div>\r\n      <div data-colibri-id=\"3998-c22\" class=\"h-row-container gutters-row-lg-2 gutters-row-md-2 gutters-row-0 gutters-row-v-lg-2 gutters-row-v-md-2 gutters-row-v-2 style-2165 style-local-3998-c22 position-relative\">\r\n        <!---->\r\n        <div class=\"h-row justify-content-lg-center justify-content-md-center justify-content-center align-items-lg-stretch align-items-md-stretch align-items-stretch gutters-col-lg-2 gutters-col-md-2 gutters-col-0 gutters-col-v-lg-2 gutters-col-v-md-2 gutters-col-v-2\">\r\n          <!---->\r\n          <div class=\"h-column h-column-container d-flex h-col-lg-auto h-col-md-auto h-col-auto style-2166-outer style-local-3998-c23-outer\">\r\n            <div data-colibri-id=\"3998-c23\" class=\"d-flex h-flex-basis h-column__inner h-px-lg-2 h-px-md-2 h-px-2 v-inner-lg-2 v-inner-md-2 v-inner-2 style-2166 style-local-3998-c23 position-relative\">\r\n              <!---->\r\n              <!---->\r\n              <div class=\"w-100 h-y-container h-column__content h-column__v-align flex-basis-100 align-self-lg-start align-self-md-start align-self-start\">\r\n                <!---->\r\n                <div data-colibri-id=\"3998-c25\" class=\"h-x-container style-2168 style-local-3998-c25 position-relative h-element\">\r\n                  <!---->\r\n                  <div class=\"h-x-container-inner style-dynamic-3998-c25-group style-2168-spacing style-local-3998-c25-spacing\"><span class=\"h-button__outer style-2169-outer style-local-3998-c26-outer d-inline-flex h-element\"><a h-use-smooth-scroll=\"true\" href=\"https:\/\/apps.apple.com\/gr\/app\/audio-guide-paris\/id6471984315\" target=\"_blank\"  data-colibri-id=\"3998-c26\" class=\"d-flex w-100 align-items-center h-button justify-content-lg-center justify-content-md-center justify-content-center style-2169 style-local-3998-c26 position-relative\"><!----><!----> <span>apple store<\/span><\/a>\r\n                    <\/span>\r\n                  <\/div>\r\n                <\/div>\r\n              <\/div>\r\n            <\/div>\r\n          <\/div>\r\n          <div class=\"h-column h-column-container d-flex h-col-lg-auto h-col-md-auto h-col-auto style-2167-outer style-local-3998-c24-outer\">\r\n            <div data-colibri-id=\"3998-c24\" class=\"d-flex h-flex-basis h-column__inner h-px-lg-2 h-px-md-2 h-px-2 v-inner-lg-2 v-inner-md-2 v-inner-2 style-2167 style-local-3998-c24 position-relative\">\r\n              <!---->\r\n              <!---->\r\n              <div class=\"w-100 h-y-container h-column__content h-column__v-align flex-basis-100 align-self-lg-start align-self-md-start align-self-start\">\r\n                <!---->\r\n                <div data-colibri-id=\"3998-c27\" class=\"h-x-container style-2170 style-local-3998-c27 position-relative h-element\">\r\n                  <!---->\r\n                  <div class=\"h-x-container-inner style-dynamic-3998-c27-group style-2170-spacing style-local-3998-c27-spacing\"><span class=\"h-button__outer style-2171-outer style-local-3998-c28-outer d-inline-flex h-element\"><a h-use-smooth-scroll=\"true\" href=\"https:\/\/play.google.com\/store\/apps\/details?id=com.audioguides_paris\" target=\"_blank\"  data-colibri-id=\"3998-c28\" class=\"d-flex w-100 align-items-center h-button justify-content-lg-center justify-content-md-center justify-content-center style-2171 style-local-3998-c28 position-relative\"><!----><!----> <span>google play<\/span><\/a>\r\n                    <\/span>\r\n                  <\/div>\r\n                <\/div>\r\n              <\/div>\r\n            <\/div>\r\n          <\/div>\r\n        <\/div>\r\n      <\/div>\r\n    <\/div>\r\n  <\/div>\r\n<\/div>","protected":false},"excerpt":{"rendered":"<p>Walk: \u201c\u00cele Saint-Louis: Hidden Palaces and Artificial Paradises\u201d What if you left the crowds of Notre-Dame behind to cross the bridge\u2026 and step into another time? Once nicknamed the \u201cIsland of Palaces,\u201d \u00cele Saint-Louis lines up 17th-century townhouses, quiet streets, and unchanged shops, while hiding behind its fa\u00e7ades deadly floods, decadent parties, hashish experiments, and [&hellip;]<\/p>\n","protected":false},"author":1,"featured_media":0,"parent":0,"menu_order":0,"comment_status":"closed","ping_status":"closed","template":"page-templates\/full-width-page.php","meta":{"footnotes":""},"class_list":["post-3998","page","type-page","status-publish","hentry"],"yoast_head":"<!-- This site is optimized with the Yoast SEO plugin v26.6 - https:\/\/yoast.com\/wordpress\/plugins\/seo\/ -->\n<title>Ile St Louis - Audio Guide Paris<\/title>\n<meta name=\"description\" content=\"Explore \u00cele Saint-Louis with an English audio guide and discover its elegant streets, historic buildings, and the timeless charm of central Paris.\" \/>\n<meta name=\"robots\" content=\"index, follow, max-snippet:-1, max-image-preview:large, max-video-preview:-1\" \/>\n<link rel=\"canonical\" href=\"https:\/\/audioguide-paris.com\/index.php\/en\/ile-st-louis-2\/\" \/>\n<meta property=\"og:locale\" content=\"fr_FR\" \/>\n<meta property=\"og:type\" content=\"article\" \/>\n<meta property=\"og:title\" content=\"Ile St Louis - Audio Guide Paris\" \/>\n<meta property=\"og:description\" content=\"Explore \u00cele Saint-Louis with an English audio guide and discover its elegant streets, historic buildings, and the timeless charm of central Paris.\" \/>\n<meta property=\"og:url\" content=\"https:\/\/audioguide-paris.com\/index.php\/en\/ile-st-louis-2\/\" \/>\n<meta property=\"og:site_name\" content=\"Audio Guide Paris\" \/>\n<meta property=\"article:publisher\" content=\"https:\/\/www.facebook.com\/profile.php?id=61558434027122\" \/>\n<meta property=\"article:modified_time\" content=\"2026-03-18T10:33:05+00:00\" \/>\n<meta name=\"twitter:card\" content=\"summary_large_image\" \/>\n<meta name=\"twitter:label1\" content=\"Dur\u00e9e de lecture estim\u00e9e\" \/>\n\t<meta name=\"twitter:data1\" content=\"4 minutes\" \/>\n<script type=\"application\/ld+json\" class=\"yoast-schema-graph\">{\"@context\":\"https:\/\/schema.org\",\"@graph\":[{\"@type\":\"WebPage\",\"@id\":\"https:\/\/audioguide-paris.com\/index.php\/en\/ile-st-louis-2\/\",\"url\":\"https:\/\/audioguide-paris.com\/index.php\/en\/ile-st-louis-2\/\",\"name\":\"Ile St Louis - Audio Guide Paris\",\"isPartOf\":{\"@id\":\"https:\/\/audioguide-paris.com\/#website\"},\"datePublished\":\"2025-12-16T13:26:06+00:00\",\"dateModified\":\"2026-03-18T10:33:05+00:00\",\"description\":\"Explore \u00cele Saint-Louis with an English audio guide and discover its elegant streets, historic buildings, and the timeless charm of central Paris.\",\"breadcrumb\":{\"@id\":\"https:\/\/audioguide-paris.com\/index.php\/en\/ile-st-louis-2\/#breadcrumb\"},\"inLanguage\":\"fr-FR\",\"potentialAction\":[{\"@type\":\"ReadAction\",\"target\":[\"https:\/\/audioguide-paris.com\/index.php\/en\/ile-st-louis-2\/\"]}]},{\"@type\":\"BreadcrumbList\",\"@id\":\"https:\/\/audioguide-paris.com\/index.php\/en\/ile-st-louis-2\/#breadcrumb\",\"itemListElement\":[{\"@type\":\"ListItem\",\"position\":1,\"name\":\"Accueil\",\"item\":\"https:\/\/audioguide-paris.com\/\"},{\"@type\":\"ListItem\",\"position\":2,\"name\":\"Ile St Louis\"}]},{\"@type\":\"WebSite\",\"@id\":\"https:\/\/audioguide-paris.com\/#website\",\"url\":\"https:\/\/audioguide-paris.com\/\",\"name\":\"Audio Guide Paris\",\"description\":\"D\u00e9couvrez les tr\u00e9sors de Paris en compagnie d\u2019un expert\",\"publisher\":{\"@id\":\"https:\/\/audioguide-paris.com\/#organization\"},\"potentialAction\":[{\"@type\":\"SearchAction\",\"target\":{\"@type\":\"EntryPoint\",\"urlTemplate\":\"https:\/\/audioguide-paris.com\/?s={search_term_string}\"},\"query-input\":{\"@type\":\"PropertyValueSpecification\",\"valueRequired\":true,\"valueName\":\"search_term_string\"}}],\"inLanguage\":\"fr-FR\"},{\"@type\":\"Organization\",\"@id\":\"https:\/\/audioguide-paris.com\/#organization\",\"name\":\"Audio Guide Paris\",\"url\":\"https:\/\/audioguide-paris.com\/\",\"logo\":{\"@type\":\"ImageObject\",\"inLanguage\":\"fr-FR\",\"@id\":\"https:\/\/audioguide-paris.com\/#\/schema\/logo\/image\/\",\"url\":\"https:\/\/audioguide-paris.com\/wp-content\/uploads\/2024\/04\/cropped-cropped-Logo-transparent.png\",\"contentUrl\":\"https:\/\/audioguide-paris.com\/wp-content\/uploads\/2024\/04\/cropped-cropped-Logo-transparent.png\",\"width\":898,\"height\":898,\"caption\":\"Audio Guide Paris\"},\"image\":{\"@id\":\"https:\/\/audioguide-paris.com\/#\/schema\/logo\/image\/\"},\"sameAs\":[\"https:\/\/www.facebook.com\/profile.php?id=61558434027122\",\"https:\/\/www.instagram.com\/audioguideparis\/\"]}]}<\/script>\n<!-- \/ Yoast SEO plugin. -->","yoast_head_json":{"title":"Ile St Louis - Audio Guide Paris","description":"Explore \u00cele Saint-Louis with an English audio guide and discover its elegant streets, historic buildings, and the timeless charm of central Paris.","robots":{"index":"index","follow":"follow","max-snippet":"max-snippet:-1","max-image-preview":"max-image-preview:large","max-video-preview":"max-video-preview:-1"},"canonical":"https:\/\/audioguide-paris.com\/index.php\/en\/ile-st-louis-2\/","og_locale":"fr_FR","og_type":"article","og_title":"Ile St Louis - Audio Guide Paris","og_description":"Explore \u00cele Saint-Louis with an English audio guide and discover its elegant streets, historic buildings, and the timeless charm of central Paris.","og_url":"https:\/\/audioguide-paris.com\/index.php\/en\/ile-st-louis-2\/","og_site_name":"Audio Guide Paris","article_publisher":"https:\/\/www.facebook.com\/profile.php?id=61558434027122","article_modified_time":"2026-03-18T10:33:05+00:00","twitter_card":"summary_large_image","twitter_misc":{"Dur\u00e9e de lecture estim\u00e9e":"4 minutes"},"schema":{"@context":"https:\/\/schema.org","@graph":[{"@type":"WebPage","@id":"https:\/\/audioguide-paris.com\/index.php\/en\/ile-st-louis-2\/","url":"https:\/\/audioguide-paris.com\/index.php\/en\/ile-st-louis-2\/","name":"Ile St Louis - Audio Guide Paris","isPartOf":{"@id":"https:\/\/audioguide-paris.com\/#website"},"datePublished":"2025-12-16T13:26:06+00:00","dateModified":"2026-03-18T10:33:05+00:00","description":"Explore \u00cele Saint-Louis with an English audio guide and discover its elegant streets, historic buildings, and the timeless charm of central Paris.","breadcrumb":{"@id":"https:\/\/audioguide-paris.com\/index.php\/en\/ile-st-louis-2\/#breadcrumb"},"inLanguage":"fr-FR","potentialAction":[{"@type":"ReadAction","target":["https:\/\/audioguide-paris.com\/index.php\/en\/ile-st-louis-2\/"]}]},{"@type":"BreadcrumbList","@id":"https:\/\/audioguide-paris.com\/index.php\/en\/ile-st-louis-2\/#breadcrumb","itemListElement":[{"@type":"ListItem","position":1,"name":"Accueil","item":"https:\/\/audioguide-paris.com\/"},{"@type":"ListItem","position":2,"name":"Ile St Louis"}]},{"@type":"WebSite","@id":"https:\/\/audioguide-paris.com\/#website","url":"https:\/\/audioguide-paris.com\/","name":"Audio Guide Paris","description":"D\u00e9couvrez les tr\u00e9sors de Paris en compagnie d\u2019un expert","publisher":{"@id":"https:\/\/audioguide-paris.com\/#organization"},"potentialAction":[{"@type":"SearchAction","target":{"@type":"EntryPoint","urlTemplate":"https:\/\/audioguide-paris.com\/?s={search_term_string}"},"query-input":{"@type":"PropertyValueSpecification","valueRequired":true,"valueName":"search_term_string"}}],"inLanguage":"fr-FR"},{"@type":"Organization","@id":"https:\/\/audioguide-paris.com\/#organization","name":"Audio Guide Paris","url":"https:\/\/audioguide-paris.com\/","logo":{"@type":"ImageObject","inLanguage":"fr-FR","@id":"https:\/\/audioguide-paris.com\/#\/schema\/logo\/image\/","url":"https:\/\/audioguide-paris.com\/wp-content\/uploads\/2024\/04\/cropped-cropped-Logo-transparent.png","contentUrl":"https:\/\/audioguide-paris.com\/wp-content\/uploads\/2024\/04\/cropped-cropped-Logo-transparent.png","width":898,"height":898,"caption":"Audio Guide Paris"},"image":{"@id":"https:\/\/audioguide-paris.com\/#\/schema\/logo\/image\/"},"sameAs":["https:\/\/www.facebook.com\/profile.php?id=61558434027122","https:\/\/www.instagram.com\/audioguideparis\/"]}]}},"_links":{"self":[{"href":"https:\/\/audioguide-paris.com\/index.php\/wp-json\/wp\/v2\/pages\/3998","targetHints":{"allow":["GET"]}}],"collection":[{"href":"https:\/\/audioguide-paris.com\/index.php\/wp-json\/wp\/v2\/pages"}],"about":[{"href":"https:\/\/audioguide-paris.com\/index.php\/wp-json\/wp\/v2\/types\/page"}],"author":[{"embeddable":true,"href":"https:\/\/audioguide-paris.com\/index.php\/wp-json\/wp\/v2\/users\/1"}],"replies":[{"embeddable":true,"href":"https:\/\/audioguide-paris.com\/index.php\/wp-json\/wp\/v2\/comments?post=3998"}],"version-history":[{"count":2,"href":"https:\/\/audioguide-paris.com\/index.php\/wp-json\/wp\/v2\/pages\/3998\/revisions"}],"predecessor-version":[{"id":4002,"href":"https:\/\/audioguide-paris.com\/index.php\/wp-json\/wp\/v2\/pages\/3998\/revisions\/4002"}],"wp:attachment":[{"href":"https:\/\/audioguide-paris.com\/index.php\/wp-json\/wp\/v2\/media?parent=3998"}],"curies":[{"name":"wp","href":"https:\/\/api.w.org\/{rel}","templated":true}]}}