{"id":4014,"date":"2025-12-16T14:39:11","date_gmt":"2025-12-16T13:39:11","guid":{"rendered":"https:\/\/audioguide-paris.com\/?page_id=4014"},"modified":"2026-04-03T10:25:32","modified_gmt":"2026-04-03T08:25:32","slug":"quartier-latin-2","status":"publish","type":"page","link":"https:\/\/audioguide-paris.com\/index.php\/en\/quartier-latin-2\/","title":{"rendered":"Quartier Latin"},"content":{"rendered":"<div data-colibri-id=\"4014-c1\" class=\"style-2172 style-local-4014-c1 position-relative\">\r\n  <!---->\r\n  <div data-colibri-component=\"section\" data-colibri-id=\"4014-c2\" id=\"overlappable\" class=\"h-section h-section-global-spacing d-flex align-items-lg-center align-items-md-center align-items-center style-2173 style-local-4014-c2 position-relative\">\r\n    <!---->\r\n    <!---->\r\n    <div class=\"h-section-grid-container h-section-boxed-container\">\r\n      <!---->\r\n      <div data-colibri-id=\"4014-c3\" class=\"h-row-container gutters-row-lg-0 gutters-row-md-0 gutters-row-0 gutters-row-v-lg-0 gutters-row-v-md-0 gutters-row-v-0 style-2174 style-local-4014-c3 position-relative\">\r\n        <!---->\r\n        <div class=\"h-row justify-content-lg-center justify-content-md-center justify-content-center align-items-lg-stretch align-items-md-stretch align-items-stretch gutters-col-lg-0 gutters-col-md-0 gutters-col-0 gutters-col-v-lg-0 gutters-col-v-md-0 gutters-col-v-0\">\r\n          <!---->\r\n          <div class=\"h-column h-column-container d-flex h-col-lg-auto h-col-md-auto h-col-auto style-2175-outer style-local-4014-c4-outer\">\r\n            <div data-colibri-id=\"4014-c4\" class=\"d-flex h-flex-basis h-column__inner h-ui-empty-state-container h-px-lg-0 h-px-md-0 h-px-0 v-inner-lg-0 v-inner-md-0 v-inner-0 style-2175 style-local-4014-c4 position-relative\">\r\n              <!---->\r\n              <!---->\r\n              <div class=\"w-100 h-y-container h-column__content h-column__v-align flex-basis-100\">\r\n                <!---->\r\n              <\/div>\r\n            <\/div>\r\n          <\/div>\r\n          <div class=\"h-column h-column-container d-flex h-col-lg-auto h-col-md-auto h-col-auto style-2176-outer style-local-4014-c5-outer\">\r\n            <div data-colibri-id=\"4014-c5\" class=\"d-flex h-flex-basis h-column__inner h-px-lg-2 h-px-md-2 h-px-2 v-inner-lg-2 v-inner-md-2 v-inner-2 style-2176 style-local-4014-c5 position-relative\">\r\n              <!---->\r\n              <!---->\r\n              <div class=\"w-100 h-y-container h-column__content h-column__v-align flex-basis-100 align-self-lg-center align-self-md-center align-self-center\">\r\n                <!---->\r\n                <div data-colibri-id=\"4014-c6\" class=\"h-global-transition-all h-heading style-2177 style-local-4014-c6 position-relative h-element\">\r\n                  <!---->\r\n                  <div class=\"h-heading__outer style-2177 style-local-4014-c6\">\r\n                    <!---->\r\n                    <!---->\r\n                    <h4 class=\"\">Walk: \u201cLatin Quarter: From Luxembourg Gardens to the Panth\u00e9on\u201d<\/h4>\r\n                  <\/div>\r\n                <\/div>\r\n                <div data-colibri-id=\"4014-c7\" class=\"h-text h-text-component style-2178 style-local-4014-c7 position-relative h-element\">\r\n                  <!---->\r\n                  <!---->\r\n                  <div class=\"\">\r\n                    <p>What if you explored the intellectual heart of Paris by following the trail of students, philosophers, and poets\u2026 rather than the usual tourist terraces? From the Luxembourg Gardens to the Panth\u00e9on, passing by the Sorbonne, Saint-\u00c9tienne-du-Mont,\r\n                      and the Coll\u00e8ge de France, this walk immerses you in a Latin Quarter full of knowledge, protest, and delightfully unexpected stories.<\/p>\r\n                    <p>Why is this neighborhood called the \u201cLatin Quarter\u201d when there\u2019s no spectacular Roman ruin to see? What were students really doing in the amphitheater of Richelieu, deliberately designed to be\u2026 uncomfortable? And how did a simple square\r\n                      in front of the Sorbonne become a global symbol of student protest, from May \u201968 to 21st-century demonstrations? The audio guide reveals the behind-the-scenes of a quarter where the verb \u201cto debate\u201d is almost a religion.<\/p>\r\n                  <\/div>\r\n                <\/div>\r\n              <\/div>\r\n            <\/div>\r\n          <\/div>\r\n          <div class=\"h-column h-column-container d-flex h-col-lg-auto h-col-md-auto h-col-auto style-2176-outer style-local-4014-c10-outer\">\r\n            <div data-colibri-id=\"4014-c10\" class=\"d-flex h-flex-basis h-column__inner h-px-lg-2 h-px-md-2 h-px-2 v-inner-lg-2 v-inner-md-2 v-inner-2 style-2176 style-local-4014-c10 position-relative\">\r\n              <!---->\r\n              <!---->\r\n              <div class=\"w-100 h-y-container h-column__content h-column__v-align flex-basis-100 align-self-lg-center align-self-md-center align-self-center\">\r\n                <!---->\r\n                <div data-colibri-id=\"4014-c12\" class=\"h-text h-text-component style-2178 style-local-4014-c12 position-relative h-element\">\r\n                  <!---->\r\n                  <!---->\r\n                  <div class=\"\">\r\n                    <p>Moving on, you pass from quiet gardens to great destinies: Rimbaud leaving a discreet plaque behind, Sartre and Pr\u00e9vert sneaking off to the Panth\u00e9on cinema, Louis XV miraculously saved from a deadly illness\u2014which gave birth\u2026 to the\r\n                      Panth\u00e9on. You\u2019ll discover how a church dedicated to Saint Genevieve was transformed into a secular temple for great men and women, and why the fa\u00e7ade of the Sainte-Genevi\u00e8ve Library lists hundreds of author names like a massive title\r\n                      page engraved in stone.<\/p>\r\n                    <p>The route then brings you to guiding figures: Montaigne, whose foot is touched for exam success, Ronsard, Dante, Claude Bernard\u2026 all gathered around the Coll\u00e8ge de France, a unique place where courses are free, open to all, and grant\r\n                      no diploma. At Square Samuel-Paty, the walk takes on a more contemporary dimension, telling how the history of freedom of expression continues here, among humanist statues and the memory of a murdered teacher. Nearby, a bronze Roman\r\n                      she-wolf reminds visitors that Paris and Rome officially \u201cchose\u201d each other as sister cities\u2026 with a motto that says a lot.<\/p>\r\n                  <\/div>\r\n                <\/div>\r\n              <\/div>\r\n            <\/div>\r\n          <\/div>\r\n          <div class=\"h-column h-column-container d-flex h-col-lg-auto h-col-md-auto h-col-auto style-2181-outer style-local-4014-c15-outer\">\r\n            <div data-colibri-id=\"4014-c15\" class=\"d-flex h-flex-basis h-column__inner h-ui-empty-state-container h-px-lg-0 h-px-md-0 h-px-0 v-inner-lg-0 v-inner-md-0 v-inner-0 style-2181 style-local-4014-c15 position-relative\">\r\n              <!---->\r\n              <!---->\r\n              <div class=\"w-100 h-y-container h-column__content h-column__v-align flex-basis-100\">\r\n                <!---->\r\n              <\/div>\r\n            <\/div>\r\n          <\/div>\r\n        <\/div>\r\n      <\/div>\r\n      <div data-colibri-id=\"4014-c16\" class=\"h-row-container gutters-row-lg-2 gutters-row-md-2 gutters-row-0 gutters-row-v-lg-2 gutters-row-v-md-2 gutters-row-v-2 style-2182 style-local-4014-c16 position-relative\">\r\n        <!---->\r\n        <div class=\"h-row justify-content-lg-center justify-content-md-center justify-content-center align-items-lg-stretch align-items-md-stretch align-items-stretch gutters-col-lg-2 gutters-col-md-2 gutters-col-0 gutters-col-v-lg-2 gutters-col-v-md-2 gutters-col-v-2\">\r\n          <!---->\r\n          <div class=\"h-column h-column-container d-flex h-col-lg-auto h-col-md-auto h-col-auto style-2183-outer style-local-4014-c17-outer\">\r\n            <div data-colibri-id=\"4014-c17\" class=\"d-flex h-flex-basis h-column__inner h-px-lg-2 h-px-md-2 h-px-2 v-inner-lg-2 v-inner-md-2 v-inner-2 style-2183 style-local-4014-c17 position-relative\">\r\n              <!---->\r\n              <!---->\r\n              <div class=\"w-100 h-y-container h-column__content h-column__v-align flex-basis-100 align-self-lg-start align-self-md-start align-self-start\">\r\n                <!---->\r\n                <div data-colibri-id=\"4014-c18\" class=\"h-global-transition-all h-heading style-2184 style-local-4014-c18 position-relative h-element\">\r\n                  <!---->\r\n                  <div class=\"h-heading__outer style-2184 style-local-4014-c18\">\r\n                    <!---->\r\n                    <!---->\r\n                    <h3 class=\"\">During this visit, you will:<\/h3>\r\n                  <\/div>\r\n                <\/div>\r\n                <div data-colibri-id=\"4014-c22\" class=\"h-text h-text-component style-2188 style-local-4014-c22 position-relative h-element\">\r\n                  <!---->\r\n                  <!---->\r\n                  <div class=\"\">\r\n                    <ul>\r\n                      <li>explore the Latin Quarter on foot, from Luxembourg Gardens to the Panth\u00e9on, passing by the Sorbonne, Saint-\u00c9tienne-du-Mont, and the Coll\u00e8ge de France;\r\n                        <br>\r\n                        <br>\r\n                      <\/li>\r\n                      <li>discover surprising anecdotes: amphitheater designed to prevent napping, poet-arms dealer, pioneering cinema for original-language films, royal miracle that led to the Panth\u00e9on, student traditions around Montaigne\u2019s statue;\r\n                        <br>\r\n                        <br>\r\n                      <\/li>\r\n                      <li>learn to spot details never seen: engraved names on the Sainte-Genevi\u00e8ve Library fa\u00e7ade, literary plaques, humanist symbols, hidden statues in squares;\r\n                        <br>\r\n                        <br>\r\n                      <\/li>\r\n                      <li>enjoy typical photo spots: Luxembourg pathways, Sorbonne square, Panth\u00e9on forecourt, Montagne-Sainte-Genevi\u00e8ve stairs, statues, and iconic fa\u00e7ades of Parisian knowledge.\r\n                        <br>\r\n                        <br>\r\n                      <\/li>\r\n                    <\/ul>\r\n                    <p>More than a stroll past \u201cmajor monuments,\u201d this is an immersion into the brain of Paris: a place where students, rebels, professors, poets, and scholars have crossed paths for centuries.<\/p>\r\n                    <p><span style=\"font-weight: 400;\">Download the Audio Guide Paris app for free and unlock the full Latin Quarter walking tour \u2014 perfect for experiencing this legendary district from the inside, with all the stories that classical guides never take the time to tell.<\/span><\/p>\r\n                  <\/div>\r\n                <\/div>\r\n              <\/div>\r\n            <\/div>\r\n          <\/div>\r\n        <\/div>\r\n      <\/div>\r\n      <div data-colibri-id=\"4014-c23\" class=\"h-row-container gutters-row-lg-2 gutters-row-md-2 gutters-row-0 gutters-row-v-lg-2 gutters-row-v-md-2 gutters-row-v-2 style-2189 style-local-4014-c23 position-relative\">\r\n        <!---->\r\n        <div class=\"h-row justify-content-lg-center justify-content-md-center justify-content-center align-items-lg-stretch align-items-md-stretch align-items-stretch gutters-col-lg-2 gutters-col-md-2 gutters-col-0 gutters-col-v-lg-2 gutters-col-v-md-2 gutters-col-v-2\">\r\n          <!---->\r\n          <div class=\"h-column h-column-container d-flex h-col-lg-auto h-col-md-auto h-col-auto style-2190-outer style-local-4014-c24-outer\">\r\n            <div data-colibri-id=\"4014-c24\" class=\"d-flex h-flex-basis h-column__inner h-px-lg-2 h-px-md-2 h-px-2 v-inner-lg-2 v-inner-md-2 v-inner-2 style-2190 style-local-4014-c24 position-relative\">\r\n              <!---->\r\n              <!---->\r\n              <div class=\"w-100 h-y-container h-column__content h-column__v-align flex-basis-100 align-self-lg-start align-self-md-start align-self-start\">\r\n                <!---->\r\n                <div data-colibri-id=\"4014-c26\" class=\"h-x-container style-2192 style-local-4014-c26 position-relative h-element\">\r\n                  <!---->\r\n                  <div class=\"h-x-container-inner style-dynamic-4014-c26-group style-2192-spacing style-local-4014-c26-spacing\"><span class=\"h-button__outer style-2193-outer style-local-4014-c27-outer d-inline-flex h-element\"><a h-use-smooth-scroll=\"true\" href=\"https:\/\/apps.apple.com\/gr\/app\/audio-guide-paris\/id6471984315\" target=\"_blank\"  data-colibri-id=\"4014-c27\" class=\"d-flex w-100 align-items-center h-button justify-content-lg-center justify-content-md-center justify-content-center style-2193 style-local-4014-c27 position-relative\"><!----><!----> <span>apple store<\/span><\/a>\r\n                    <\/span>\r\n                  <\/div>\r\n                <\/div>\r\n              <\/div>\r\n            <\/div>\r\n          <\/div>\r\n          <div class=\"h-column h-column-container d-flex h-col-lg-auto h-col-md-auto h-col-auto style-2191-outer style-local-4014-c25-outer\">\r\n            <div data-colibri-id=\"4014-c25\" class=\"d-flex h-flex-basis h-column__inner h-px-lg-2 h-px-md-2 h-px-2 v-inner-lg-2 v-inner-md-2 v-inner-2 style-2191 style-local-4014-c25 position-relative\">\r\n              <!---->\r\n              <!---->\r\n              <div class=\"w-100 h-y-container h-column__content h-column__v-align flex-basis-100 align-self-lg-start align-self-md-start align-self-start\">\r\n                <!---->\r\n                <div data-colibri-id=\"4014-c28\" class=\"h-x-container style-2194 style-local-4014-c28 position-relative h-element\">\r\n                  <!---->\r\n                  <div class=\"h-x-container-inner style-dynamic-4014-c28-group style-2194-spacing style-local-4014-c28-spacing\"><span class=\"h-button__outer style-2195-outer style-local-4014-c29-outer d-inline-flex h-element\"><a h-use-smooth-scroll=\"true\" href=\"https:\/\/play.google.com\/store\/apps\/details?id=com.audioguides_paris\" target=\"_blank\"  data-colibri-id=\"4014-c29\" class=\"d-flex w-100 align-items-center h-button justify-content-lg-center justify-content-md-center justify-content-center style-2195 style-local-4014-c29 position-relative\"><!----><!----> <span>google play<\/span><\/a>\r\n                    <\/span>\r\n                  <\/div>\r\n                <\/div>\r\n              <\/div>\r\n            <\/div>\r\n          <\/div>\r\n        <\/div>\r\n      <\/div>\r\n    <\/div>\r\n  <\/div>\r\n<\/div>","protected":false},"excerpt":{"rendered":"<p>Walk: \u201cLatin Quarter: From Luxembourg Gardens to the Panth\u00e9on\u201d What if you explored the intellectual heart of Paris by following the trail of students, philosophers, and poets\u2026 rather than the usual tourist terraces? From the Luxembourg Gardens to the Panth\u00e9on, passing by the Sorbonne, Saint-\u00c9tienne-du-Mont, and the Coll\u00e8ge de France, this walk immerses you in [&hellip;]<\/p>\n","protected":false},"author":1,"featured_media":0,"parent":0,"menu_order":0,"comment_status":"closed","ping_status":"closed","template":"page-templates\/full-width-page.php","meta":{"footnotes":""},"class_list":["post-4014","page","type-page","status-publish","hentry"],"yoast_head":"<!-- This site is optimized with the Yoast SEO plugin v26.6 - https:\/\/yoast.com\/wordpress\/plugins\/seo\/ -->\n<title>Quartier Latin - Audio Guide Paris<\/title>\n<meta name=\"description\" content=\"Explore the Latin Quarter on a walking tour in Paris, from Luxembourg Gardens to the Panth\u00e9on. Discover the Sorbonne, student history, hidden stories and the intellectual soul of the city.\" \/>\n<meta name=\"robots\" content=\"index, follow, max-snippet:-1, max-image-preview:large, max-video-preview:-1\" \/>\n<link rel=\"canonical\" href=\"https:\/\/audioguide-paris.com\/index.php\/en\/quartier-latin-2\/\" \/>\n<meta property=\"og:locale\" content=\"fr_FR\" \/>\n<meta property=\"og:type\" content=\"article\" \/>\n<meta property=\"og:title\" content=\"Quartier Latin - Audio Guide Paris\" \/>\n<meta property=\"og:description\" content=\"Explore the Latin Quarter on a walking tour in Paris, from Luxembourg Gardens to the Panth\u00e9on. Discover the Sorbonne, student history, hidden stories and the intellectual soul of the city.\" \/>\n<meta property=\"og:url\" content=\"https:\/\/audioguide-paris.com\/index.php\/en\/quartier-latin-2\/\" \/>\n<meta property=\"og:site_name\" content=\"Audio Guide Paris\" \/>\n<meta property=\"article:publisher\" content=\"https:\/\/www.facebook.com\/profile.php?id=61558434027122\" \/>\n<meta property=\"article:modified_time\" content=\"2026-04-03T08:25:32+00:00\" \/>\n<meta name=\"twitter:card\" content=\"summary_large_image\" \/>\n<meta name=\"twitter:label1\" content=\"Dur\u00e9e de lecture estim\u00e9e\" \/>\n\t<meta name=\"twitter:data1\" content=\"3 minutes\" \/>\n<script type=\"application\/ld+json\" class=\"yoast-schema-graph\">{\"@context\":\"https:\/\/schema.org\",\"@graph\":[{\"@type\":\"WebPage\",\"@id\":\"https:\/\/audioguide-paris.com\/index.php\/en\/quartier-latin-2\/\",\"url\":\"https:\/\/audioguide-paris.com\/index.php\/en\/quartier-latin-2\/\",\"name\":\"Quartier Latin - Audio Guide Paris\",\"isPartOf\":{\"@id\":\"https:\/\/audioguide-paris.com\/#website\"},\"datePublished\":\"2025-12-16T13:39:11+00:00\",\"dateModified\":\"2026-04-03T08:25:32+00:00\",\"description\":\"Explore the Latin Quarter on a walking tour in Paris, from Luxembourg Gardens to the Panth\u00e9on. Discover the Sorbonne, student history, hidden stories and the intellectual soul of the city.\",\"breadcrumb\":{\"@id\":\"https:\/\/audioguide-paris.com\/index.php\/en\/quartier-latin-2\/#breadcrumb\"},\"inLanguage\":\"fr-FR\",\"potentialAction\":[{\"@type\":\"ReadAction\",\"target\":[\"https:\/\/audioguide-paris.com\/index.php\/en\/quartier-latin-2\/\"]}]},{\"@type\":\"BreadcrumbList\",\"@id\":\"https:\/\/audioguide-paris.com\/index.php\/en\/quartier-latin-2\/#breadcrumb\",\"itemListElement\":[{\"@type\":\"ListItem\",\"position\":1,\"name\":\"Accueil\",\"item\":\"https:\/\/audioguide-paris.com\/\"},{\"@type\":\"ListItem\",\"position\":2,\"name\":\"Quartier Latin\"}]},{\"@type\":\"WebSite\",\"@id\":\"https:\/\/audioguide-paris.com\/#website\",\"url\":\"https:\/\/audioguide-paris.com\/\",\"name\":\"Audio Guide Paris\",\"description\":\"D\u00e9couvrez les tr\u00e9sors de Paris en compagnie d\u2019un expert\",\"publisher\":{\"@id\":\"https:\/\/audioguide-paris.com\/#organization\"},\"potentialAction\":[{\"@type\":\"SearchAction\",\"target\":{\"@type\":\"EntryPoint\",\"urlTemplate\":\"https:\/\/audioguide-paris.com\/?s={search_term_string}\"},\"query-input\":{\"@type\":\"PropertyValueSpecification\",\"valueRequired\":true,\"valueName\":\"search_term_string\"}}],\"inLanguage\":\"fr-FR\"},{\"@type\":\"Organization\",\"@id\":\"https:\/\/audioguide-paris.com\/#organization\",\"name\":\"Audio Guide Paris\",\"url\":\"https:\/\/audioguide-paris.com\/\",\"logo\":{\"@type\":\"ImageObject\",\"inLanguage\":\"fr-FR\",\"@id\":\"https:\/\/audioguide-paris.com\/#\/schema\/logo\/image\/\",\"url\":\"https:\/\/audioguide-paris.com\/wp-content\/uploads\/2024\/04\/cropped-cropped-Logo-transparent.png\",\"contentUrl\":\"https:\/\/audioguide-paris.com\/wp-content\/uploads\/2024\/04\/cropped-cropped-Logo-transparent.png\",\"width\":898,\"height\":898,\"caption\":\"Audio Guide Paris\"},\"image\":{\"@id\":\"https:\/\/audioguide-paris.com\/#\/schema\/logo\/image\/\"},\"sameAs\":[\"https:\/\/www.facebook.com\/profile.php?id=61558434027122\",\"https:\/\/www.instagram.com\/audioguideparis\/\"]}]}<\/script>\n<!-- \/ Yoast SEO plugin. -->","yoast_head_json":{"title":"Quartier Latin - Audio Guide Paris","description":"Explore the Latin Quarter on a walking tour in Paris, from Luxembourg Gardens to the Panth\u00e9on. Discover the Sorbonne, student history, hidden stories and the intellectual soul of the city.","robots":{"index":"index","follow":"follow","max-snippet":"max-snippet:-1","max-image-preview":"max-image-preview:large","max-video-preview":"max-video-preview:-1"},"canonical":"https:\/\/audioguide-paris.com\/index.php\/en\/quartier-latin-2\/","og_locale":"fr_FR","og_type":"article","og_title":"Quartier Latin - Audio Guide Paris","og_description":"Explore the Latin Quarter on a walking tour in Paris, from Luxembourg Gardens to the Panth\u00e9on. Discover the Sorbonne, student history, hidden stories and the intellectual soul of the city.","og_url":"https:\/\/audioguide-paris.com\/index.php\/en\/quartier-latin-2\/","og_site_name":"Audio Guide Paris","article_publisher":"https:\/\/www.facebook.com\/profile.php?id=61558434027122","article_modified_time":"2026-04-03T08:25:32+00:00","twitter_card":"summary_large_image","twitter_misc":{"Dur\u00e9e de lecture estim\u00e9e":"3 minutes"},"schema":{"@context":"https:\/\/schema.org","@graph":[{"@type":"WebPage","@id":"https:\/\/audioguide-paris.com\/index.php\/en\/quartier-latin-2\/","url":"https:\/\/audioguide-paris.com\/index.php\/en\/quartier-latin-2\/","name":"Quartier Latin - Audio Guide Paris","isPartOf":{"@id":"https:\/\/audioguide-paris.com\/#website"},"datePublished":"2025-12-16T13:39:11+00:00","dateModified":"2026-04-03T08:25:32+00:00","description":"Explore the Latin Quarter on a walking tour in Paris, from Luxembourg Gardens to the Panth\u00e9on. Discover the Sorbonne, student history, hidden stories and the intellectual soul of the city.","breadcrumb":{"@id":"https:\/\/audioguide-paris.com\/index.php\/en\/quartier-latin-2\/#breadcrumb"},"inLanguage":"fr-FR","potentialAction":[{"@type":"ReadAction","target":["https:\/\/audioguide-paris.com\/index.php\/en\/quartier-latin-2\/"]}]},{"@type":"BreadcrumbList","@id":"https:\/\/audioguide-paris.com\/index.php\/en\/quartier-latin-2\/#breadcrumb","itemListElement":[{"@type":"ListItem","position":1,"name":"Accueil","item":"https:\/\/audioguide-paris.com\/"},{"@type":"ListItem","position":2,"name":"Quartier Latin"}]},{"@type":"WebSite","@id":"https:\/\/audioguide-paris.com\/#website","url":"https:\/\/audioguide-paris.com\/","name":"Audio Guide Paris","description":"D\u00e9couvrez les tr\u00e9sors de Paris en compagnie d\u2019un expert","publisher":{"@id":"https:\/\/audioguide-paris.com\/#organization"},"potentialAction":[{"@type":"SearchAction","target":{"@type":"EntryPoint","urlTemplate":"https:\/\/audioguide-paris.com\/?s={search_term_string}"},"query-input":{"@type":"PropertyValueSpecification","valueRequired":true,"valueName":"search_term_string"}}],"inLanguage":"fr-FR"},{"@type":"Organization","@id":"https:\/\/audioguide-paris.com\/#organization","name":"Audio Guide Paris","url":"https:\/\/audioguide-paris.com\/","logo":{"@type":"ImageObject","inLanguage":"fr-FR","@id":"https:\/\/audioguide-paris.com\/#\/schema\/logo\/image\/","url":"https:\/\/audioguide-paris.com\/wp-content\/uploads\/2024\/04\/cropped-cropped-Logo-transparent.png","contentUrl":"https:\/\/audioguide-paris.com\/wp-content\/uploads\/2024\/04\/cropped-cropped-Logo-transparent.png","width":898,"height":898,"caption":"Audio Guide Paris"},"image":{"@id":"https:\/\/audioguide-paris.com\/#\/schema\/logo\/image\/"},"sameAs":["https:\/\/www.facebook.com\/profile.php?id=61558434027122","https:\/\/www.instagram.com\/audioguideparis\/"]}]}},"_links":{"self":[{"href":"https:\/\/audioguide-paris.com\/index.php\/wp-json\/wp\/v2\/pages\/4014","targetHints":{"allow":["GET"]}}],"collection":[{"href":"https:\/\/audioguide-paris.com\/index.php\/wp-json\/wp\/v2\/pages"}],"about":[{"href":"https:\/\/audioguide-paris.com\/index.php\/wp-json\/wp\/v2\/types\/page"}],"author":[{"embeddable":true,"href":"https:\/\/audioguide-paris.com\/index.php\/wp-json\/wp\/v2\/users\/1"}],"replies":[{"embeddable":true,"href":"https:\/\/audioguide-paris.com\/index.php\/wp-json\/wp\/v2\/comments?post=4014"}],"version-history":[{"count":2,"href":"https:\/\/audioguide-paris.com\/index.php\/wp-json\/wp\/v2\/pages\/4014\/revisions"}],"predecessor-version":[{"id":4018,"href":"https:\/\/audioguide-paris.com\/index.php\/wp-json\/wp\/v2\/pages\/4014\/revisions\/4018"}],"wp:attachment":[{"href":"https:\/\/audioguide-paris.com\/index.php\/wp-json\/wp\/v2\/media?parent=4014"}],"curies":[{"name":"wp","href":"https:\/\/api.w.org\/{rel}","templated":true}]}}